{"id":8869,"date":"2018-06-17T09:30:41","date_gmt":"2018-06-17T07:30:41","guid":{"rendered":"http:\/\/www.camporan.com\/pack-nv200-estructura-de-cama-colchon-plegable\/"},"modified":"2026-04-16T10:18:24","modified_gmt":"2026-04-16T08:18:24","slug":"pack-nv200-giroletto-materasso-pieghevole","status":"publish","type":"product","link":"https:\/\/camporan.com\/it\/prodotto\/pack-nv200-giroletto-materasso-pieghevole\/","title":{"rendered":"Kit camper Nissan NV200: struttura letto + materasso pieghevole"},"content":{"rendered":"<h2>CON QUALI VERSIONI DEL NISSAN NV200 \u00c8 COMPATIBILE QUESTO KIT CAMPER?<\/h2>\n<p>Nissan NV200 \/ Nissan NV200 Evalia \/ Nissan Evalia con Aria.<\/p>\n<h2>CARATTERISTICHE PRINCIPALI:<\/h2>\n<p>Kit camper Nissan NV200 con cama polivalente dise\u00f1ada para camperizar este modelo en concreto.<\/p>\n<p>Leggero e facile da trasportare, riporre, montare e smontare.<br \/>\n\u00c8 possibile utilizzare l&#8217;intero spazio del bagagliaio, poich\u00e9 il cassone \u00e8 rinforzato per sfruttare al meglio lo spazio tra i passaruota, senza supporti intermedi.<\/p>\n<h2>CARATTERISTICHE TECNICHE:<\/h2>\n<h3>Materiali:<\/h3>\n<ul>\n<li>Il materiale di base \u00e8 compensato di betulla da 12 mm (bordo marino), rivestito con resina marrone, liscio su un lato e antiscivolo sull&#8217;altro.<\/li>\n<li>Bordi arrotondati e sigillati nella zona del bagagliaio e con feltro adesivo nelle zone di contatto con la carrozzeria.<\/li>\n<li>\u00c8 adatto ai modelli con 5 o 7 posti e con aria condizionata posteriore, ma in questi casi deve essere indicato al momento dell&#8217;ordine.<\/li>\n<\/ul>\n<h3>Preparazione:<\/h3>\n<ul>\n<li>Il primo giorno di montaggio, la base del letto deve essere regolata con 4\/6 pezzi per adattarsi alla larghezza interna del furgone, utilizzando le parti e le viti fornite. Queste viti non dovranno pi\u00f9 essere toccate.<br \/>\nNel caso di Evalia con climatizzatore retrofit, \u00e8 necessario indicarlo al momento dell&#8217;ordine, in quanto alcune parti vengono tagliate. Al momento dell&#8217;ordine, \u00e8 necessario specificare il modello di veicolo che si desidera camperare.  <\/li>\n<\/ul>\n<h3>Montaje en menos de 2 minutos:<\/h3>\n<ul>\n<li>Il montaggio \u00e8 molto semplice e non pregiudica il telaio del veicolo.<\/li>\n<li>Ci sono tre telai a doghe, due dei quali sono fissati alla parte posteriore del bagagliaio e uno scorre in avanti per montare il letto, inclinando gli schienali dei sedili. Vengono forniti 3 piedini che possono essere posizionati nella zona anteriore in modo che il cruscotto non tocchi i sedili, oppure se i sedili vengono rimossi. <\/li>\n<li>Peso della confezione completa: 26+7 kg.<\/li>\n<li>Dimensioni della confezione: 96 x 150 x 12 cm e 40x40x70 cm.<\/li>\n<\/ul>\n<h2>MATERASSO:<\/h2>\n<p>Materasso per camper di 190x135x8cm. Schiuma ad alta densit\u00e0 25Kg\/m\u00b3 (rigida). Sono disponibili altre opzioni, ma con tempi di consegna pi\u00f9 lunghi.  <\/p>\n<p>Copertine a fisarmonica, con cerniere, in tessuto canvas blu scuro. Raccordo angolare per l&#8217;area del bagagliaio. <\/p>\n<p>\u00c8 possibile apportare modifiche alla schiuma, al colore o alle dimensioni, ma con un leggero aumento del prezzo e dei tempi di consegna.<\/p>\n<p>&nbsp;<\/p>\n","protected":false},"excerpt":{"rendered":"<p>Con questo kit camper per Nissan NV200 puoi trasformarlo in un camper senza rinunciare al comfort. Questa struttura letto + materasso pieghevole \u00e8 realizzata su misura per il modello NV200, NV200 Evalia ed Evalia con climatizzatore posteriore. Realizzata in compensato di betulla marina a 9 strati: leggera, rigida e progettata per durare nel tempo. Montaggio e smontaggio in meno di 2 minuti, senza alcun attrezzo. Quando non ti serve, si ripiega e sta nel bagagliaio. 15 clienti dormono gi\u00e0 nel loro NV200. E tu, quando lo farai?      <\/p>\n","protected":false},"author":7,"featured_media":8870,"comment_status":"open","ping_status":"closed","template":"","meta":{"om_disable_all_campaigns":false,"_uag_custom_page_level_css":"","site-sidebar-layout":"default","site-content-layout":"default","ast-site-content-layout":"default","site-content-style":"default","site-sidebar-style":"default","ast-global-header-display":"","ast-banner-title-visibility":"","ast-main-header-display":"","ast-hfb-above-header-display":"","ast-hfb-below-header-display":"","ast-hfb-mobile-header-display":"","site-post-title":"","ast-breadcrumbs-content":"","ast-featured-img":"","footer-sml-layout":"","ast-disable-related-posts":"","theme-transparent-header-meta":"default","adv-header-id-meta":"","stick-header-meta":"default","header-above-stick-meta":"","header-main-stick-meta":"","header-below-stick-meta":"","astra-migrate-meta-layouts":"set","ast-page-background-enabled":"default","ast-page-background-meta":{"desktop":{"background-color":"","background-image":"","background-repeat":"repeat","background-position":"center center","background-size":"auto","background-attachment":"scroll","background-type":"","background-media":"","overlay-type":"","overlay-color":"","overlay-opacity":"","overlay-gradient":""},"tablet":{"background-color":"","background-image":"","background-repeat":"repeat","background-position":"center center","background-size":"auto","background-attachment":"scroll","background-type":"","background-media":"","overlay-type":"","overlay-color":"","overlay-opacity":"","overlay-gradient":""},"mobile":{"background-color":"","background-image":"","background-repeat":"repeat","background-position":"center center","background-size":"auto","background-attachment":"scroll","background-type":"","background-media":"","overlay-type":"","overlay-color":"","overlay-opacity":"","overlay-gradient":""}},"ast-content-background-meta":{"desktop":{"background-color":"var(--ast-global-color-5)","background-image":"","background-repeat":"repeat","background-position":"center center","background-size":"auto","background-attachment":"scroll","background-type":"","background-media":"","overlay-type":"","overlay-color":"","overlay-opacity":"","overlay-gradient":""},"tablet":{"background-color":"var(--ast-global-color-5)","background-image":"","background-repeat":"repeat","background-position":"center center","background-size":"auto","background-attachment":"scroll","background-type":"","background-media":"","overlay-type":"","overlay-color":"","overlay-opacity":"","overlay-gradient":""},"mobile":{"background-color":"var(--ast-global-color-5)","background-image":"","background-repeat":"repeat","background-position":"center center","background-size":"auto","background-attachment":"scroll","background-type":"","background-media":"","overlay-type":"","overlay-color":"","overlay-opacity":"","overlay-gradient":""}}},"product_brand":[],"product_cat":[799,721,720,780],"product_tag":[713,714,715],"class_list":{"0":"post-8869","1":"product","2":"type-product","3":"status-publish","4":"has-post-thumbnail","6":"product_cat-camper","7":"product_cat-evalia","8":"product_cat-nv200","9":"product_cat-pacchetti-telaio-materasso","10":"product_tag-nissan-nv200-it","11":"product_tag-nissan-nv200-evalia-it","12":"product_tag-nissan-nv200-evalia-con-aria-condizionata-posteriore","13":"desktop-align-center","14":"tablet-align-center","15":"mobile-align-center","16":"ast-product-gallery-layout-horizontal","17":"ast-product-tabs-layout-vertical","19":"first","20":"instock","21":"sale","22":"taxable","23":"shipping-taxable","24":"purchasable","25":"product-type-bundle"},"bundled_by":[],"bundle_stock_status":"instock","bundle_stock_quantity":"","bundle_virtual":false,"bundle_layout":"grid","bundle_add_to_cart_form_location":"default","bundle_editable_in_cart":false,"bundle_sold_individually_context":"product","bundle_item_grouping":"parent","bundle_min_size":"","bundle_max_size":"","bundle_price":{"price":{"min":{"incl_tax":"912","excl_tax":"753.719008"},"max":{"incl_tax":"912","excl_tax":"753.719008"}},"regular_price":{"min":{"incl_tax":"950","excl_tax":"785.123967"},"max":{"incl_tax":"950","excl_tax":"785.123967"}}},"bundled_items":[{"bundled_item_id":39,"product_id":8645,"menu_order":0,"quantity_min":1,"quantity_max":1,"quantity_default":1,"priced_individually":false,"shipped_individually":false,"override_title":false,"title":"Struttura letto per Nissan NV200","override_description":true,"description":"Giroletto NV200","optional":false,"hide_thumbnail":false,"discount":"","override_variations":false,"allowed_variations":[""],"override_default_variation_attributes":false,"default_variation_attributes":[],"single_product_visibility":"hidden","cart_visibility":"visible","order_visibility":"visible","single_product_price_visibility":"visible","cart_price_visibility":"visible","order_price_visibility":"visible","stock_status":"in_stock"},{"bundled_item_id":40,"product_id":8561,"menu_order":1,"quantity_min":1,"quantity_max":1,"quantity_default":1,"priced_individually":false,"shipped_individually":false,"override_title":false,"title":"Materasso per furgone Nissan NV200","override_description":true,"description":"Materasso per letto NV200","optional":false,"hide_thumbnail":false,"discount":"","override_variations":false,"allowed_variations":[""],"override_default_variation_attributes":false,"default_variation_attributes":[],"single_product_visibility":"hidden","cart_visibility":"visible","order_visibility":"visible","single_product_price_visibility":"visible","cart_price_visibility":"visible","order_price_visibility":"visible","stock_status":"in_stock"}],"bundle_sell_ids":[],"exclude_global_add_ons":false,"addons":[{"name":"Extra per il materasso:","type":"checkbox","position":0,"required":false,"title_format":"label","default":"","description_enable":true,"description":"Su richiesta \u00e8 possibile modificare il tipo di schiuma, lo spessore o il colore del rivestimento. Tutte queste opzioni aggiuntive implicano una produzione speciale su richiesta, per cui i tempi di consegna possono aumentare tra gli 8 e i 15 giorni, e il diritto di recesso viene meno con il materasso, in quanto si tratta di un prodotto su misura [Legge 1\/2007Art 103 c) ES].","placeholder_enable":false,"placeholder":null,"display":"select","restrictions_type":"any_text","adjust_price":false,"price":"","price_type":"flat_fee","restrictions":false,"min":"0","max":"0","options":[{"label":"Aumento dello spessore di 2 cm","price":"35","price_type":"flat_fee","image":0,"visibility":true},{"label":"Aumento della densit\u00e0 a \"duro\" (HR35)","price":"35","price_type":"flat_fee","image":0,"visibility":true},{"label":"2 cm di visco-elastico, con lo stesso spessore totale","price":"35","price_type":"flat_fee","image":0,"visibility":true},{"label":"Cambio di colore della copertina","price":"25","price_type":"flat_fee","image":0,"visibility":true}],"id":1711224028},{"name":"Ritaglio per la struttura","type":"checkbox","position":1,"required":false,"title_format":"label","default":"","description_enable":true,"description":"Aggiungi l'opzione di taglio della base del furgone con il pacchetto aria condizionata posteriore.","placeholder_enable":false,"placeholder":null,"display":"select","restrictions_type":"any_text","adjust_price":false,"price":"","price_type":"flat_fee","restrictions":false,"min":"0","max":"0","options":[{"label":"Rivestimenti per NV200 Evalia con aria condizionata","price":"35","price_type":"flat_fee","image":0,"visibility":true}],"id":1711224029},{"name":"Extra per il materasso:","type":"checkbox","position":0,"required":false,"title_format":"label","default":"","description_enable":true,"description":"Possono essere richieste modifiche per quanto riguarda il tipo di schiuma, lo spessore o il colore del rivestimento. Ognuna di queste opzioni aggiuntive implica una produzione speciale su ordinazione, quindi i tempi di consegna possono aumentare tra 8 e 15 giorni e il diritto di recesso si perde con il materasso, poich\u00e9 si tratta di un prodotto su misura [Legge 1\/2007 Art 103 c )]","placeholder_enable":false,"placeholder":"","display":"select","restrictions_type":"any_text","adjust_price":false,"price":"","price_type":"flat_fee","restrictions":false,"min":"0","max":"0","options":[{"label":"Aumento dello spessore di 2 cm","price":"40","price_type":"flat_fee","image":0,"visibility":true},{"label":"Densit\u00e0 aumentata a D30 \"duro\"","price":"35","price_type":"flat_fee","image":0,"visibility":true},{"label":"Memory foam da 3 cm, con lo stesso spessore totale","price":"40","price_type":"flat_fee","image":0,"visibility":true},{"label":"Cambio colore della copertina","price":"25","price_type":"flat_fee","image":0,"visibility":true}],"id":1686912989}],"aioseo_notices":[],"spectra_custom_meta":{"_alp_processed":["1776327505"],"_sku":["4512"],"_sale_price_dates_from":[""],"_sale_price_dates_to":[""],"total_sales":["95"],"_tax_status":["taxable"],"_tax_class":[""],"_manage_stock":["yes"],"_backorders":["notify"],"_sold_individually":["no"],"_weight":["34"],"_length":["150"],"_width":["90"],"_height":["12"],"_purchase_note":[""],"_virtual":["no"],"_downloadable":["no"],"_product_image_gallery":["13278,8871,8872,8565,8873,8874,8875,11152,13273,13283,13913"],"_download_limit":["-1"],"_download_expiry":["-1"],"_stock_status":["instock"],"_wc_average_rating":["5.00"],"_wc_rating_count":[{"5":15}],"_wc_review_count":["15"],"_downloadable_files":["a:0:{}"],"_product_version":["10.6.0"],"_wpml_media_duplicate":["1"],"_wpml_media_featured":["1"],"_av_alb_posts_elements_state":["a:0:{}"],"_av_el_mgr_version":["1.0"],"_av_alb_element_mgr_version":["1.0.1"],"_aviaLayoutBuilder_active":[""],"_avia_sc_parser_state":["check_only"],"_avia_builder_shortcode_tree":["a:0:{}"],"layout":[""],"sidebar":[""],"footer":[""],"header_title_bar":[""],"header_transparency":[""],"_product_hover":[""],"_avia_hide_featured_image":["0"],"_wpml_location_migration_done":["1"],"_wpml_word_count":["484"],"_related_ids":["a:3:{i:0;i:953;i:1;i:956;i:2;i:4915;}"],"_aioseop_opengraph_settings":["a:0:{}"],"_low_stock_amount":["0"],"_vtwf_enable_tab":["yes"],"_vtwf_tab_title":["Video"],"_vtwf_hide_title":["no"],"_vtwf_video_content":["<iframe width=\"560\" height=\"315\" src=\"https:\/\/www.youtube.com\/embed\/Qzto_DOi7C4\" frameborder=\"0\" allow=\"accelerometer; autoplay; encrypted-media; gyroscope; picture-in-picture\" allowfullscreen><\/iframe>"],"_wcml_average_rating":["5.00"],"_wcml_review_count":["15"],"_children":["a:0:{}"],"_aioseop_custom_link":[""],"_aioseop_sitemap_exclude":[""],"_aioseop_disable":[""],"_aioseop_disable_analytics":[""],"_aioseop_noindex":[""],"_aioseop_nofollow":[""],"_aioseo_og_article_section":[""],"_aioseo_og_article_tags":["a:0:{}"],"site-sidebar-layout":["default"],"site-content-layout":["default"],"theme-transparent-header-meta":["default"],"stick-header-meta":["default"],"_wpml_post_translation_editor_native":["yes"],"_stock":["2"],"_thumbnail_id":["8870"],"wcml_sync_hash":["a:1:{s:15:\"postmeta_fields\";s:32:\"a913256b9898530084906a119a750a7c\";}"],"attr_label_translations":["a:0:{}"],"_product_attributes":["a:0:{}"],"_default_attributes":["a:0:{}"],"_edit_lock":["1713943404:58"],"_edit_last":["58"],"_wp_old_slug":["pack-nv200-estructura-de-cama-colchon-plegable"],"woosb_ids":["8645\/1,8561\/1"],"woosb_disable_auto_price":["on"],"woosb_discount":["5"],"woosb_discount_amount":[""],"woosb_shipping_fee":["whole"],"woosb_optional_products":["off"],"woosb_manage_stock":["off"],"woosb_limit_each_min":[""],"woosb_limit_each_max":[""],"woosb_limit_each_min_default":["off"],"woosb_limit_whole_min":[""],"woosb_limit_whole_max":[""],"_wpml_media_has_media":["1"],"_last_translation_edit_mode":["translation-editor"],"_wcml_rating_count":["a:1:{i:5;i:15;}"],"_product_meta_id":["0"],"_wc_pb_edit_in_cart":["no"],"_product_addons_exclude_global":["0"],"_wc_pb_bundled_items_stock_sync_status":["synced"],"_wc_pb_layout_style":["grid"],"_wcpb_min_qty_limit":[""],"_wcpb_max_qty_limit":[""],"_wc_pb_virtual_bundle":["no"],"_wc_pb_group_mode":["parent"],"_wc_pb_aggregate_weight":["no"],"_wc_pb_sold_individually_context":["product"],"_wc_pb_add_to_cart_form_location":["default"],"_top_nav_excluded":[""],"_cms_nav_minihome":[""],"ast-site-content-layout":["default"],"site-content-style":["default"],"site-sidebar-style":["default"],"_video_url":["https:\/\/youtu.be\/Qzto_DOi7C4"],"_video_image_url":["4417"],"astra-migrate-meta-layouts":["set"],"_regular_price":["950"],"_sale_price":["912"],"_price":["912"],"_wc_pb_base_regular_price":["950"],"_wc_pb_base_sale_price":["912"],"_wc_pb_base_price":["912"],"_wc_sw_max_price":["912"],"_wc_sw_max_regular_price":["950"],"_crosssell_ids":["a:1:{i:0;i:8968;}"],"_upsell_ids":["a:3:{i:0;i:9047;i:1;i:8561;i:2;i:8645;}"],"_aioseop_title":["Letto per furgone NV200 e materasso pieghevole"],"_aioseop_description":["Confezione composta da rete e materasso pieghevole per Nissan NV200 e Nissan Evalia."],"_aioseop_keywords":["Nissan NV200 van bed, Evalia van camper, nissan nv200 camper kit, nissan nv200 camper kit, nv200 camper kit, nv200 camper kit"],"_aioseo_title":["Kit camper Nissan NV200 | Camporan"],"_aioseo_description":["Kit camper Nissan NV200 struttura letto + materasso pieghevole realizzati su misura e NV200 Evalia. Montaggio in 2 min, senza attrezzi. \u2b50 15 recensioni 5\/5.  "],"_aioseo_keywords":["nissan nv200 camper, kit camper nissan nv200, kit camper nissan nv200, kit camper nv200, kit camper nissan nv200, kit camper nissan nv200, kit camper nissan nv200, kit camper nissan nv200"],"_product_addons":["a:2:{i:0;a:20:{s:4:\"name\";s:23:\"Extra per il materasso:\";s:12:\"title_format\";s:5:\"label\";s:18:\"description_enable\";i:1;s:11:\"description\";s:376:\"Su richiesta \u00e8 possibile modificare il tipo di schiuma, lo spessore o il colore del rivestimento. Tutte queste opzioni aggiuntive implicano una produzione speciale su richiesta, per cui i tempi di consegna possono aumentare tra gli 8 e i 15 giorni, e il diritto di recesso viene meno con il materasso, in quanto si tratta di un prodotto su misura [Legge 1\/2007Art 103 c) ES].\";s:18:\"placeholder_enable\";i:0;s:11:\"placeholder\";N;s:4:\"type\";s:8:\"checkbox\";s:7:\"display\";s:6:\"select\";s:8:\"position\";i:0;s:8:\"required\";i:0;s:12:\"restrictions\";i:0;s:17:\"restrictions_type\";s:8:\"any_text\";s:12:\"adjust_price\";i:0;s:10:\"price_type\";s:8:\"flat_fee\";s:5:\"price\";s:0:\"\";s:2:\"id\";s:10:\"1711224028\";s:3:\"min\";i:0;s:3:\"max\";i:0;s:7:\"default\";s:0:\"\";s:7:\"options\";a:4:{i:0;a:5:{s:5:\"label\";s:30:\"Aumento dello spessore di 2 cm\";s:5:\"price\";s:2:\"35\";s:5:\"image\";s:0:\"\";s:10:\"price_type\";s:8:\"flat_fee\";s:10:\"visibility\";i:1;}i:1;a:5:{s:5:\"label\";s:38:\"Aumento della densit\u00e0 a \"duro\" (HR35)\";s:5:\"price\";s:2:\"35\";s:5:\"image\";s:0:\"\";s:10:\"price_type\";s:8:\"flat_fee\";s:10:\"visibility\";i:1;}i:2;a:5:{s:5:\"label\";s:53:\"2 cm di visco-elastico, con lo stesso spessore totale\";s:5:\"price\";s:2:\"35\";s:5:\"image\";s:0:\"\";s:10:\"price_type\";s:8:\"flat_fee\";s:10:\"visibility\";i:1;}i:3;a:5:{s:5:\"label\";s:32:\"Cambio di colore della copertina\";s:5:\"price\";s:2:\"25\";s:5:\"image\";s:0:\"\";s:10:\"price_type\";s:8:\"flat_fee\";s:10:\"visibility\";i:1;}}}i:1;a:20:{s:4:\"name\";s:25:\"Ritaglio per la struttura\";s:12:\"title_format\";s:5:\"label\";s:18:\"description_enable\";i:1;s:11:\"description\";s:98:\"Aggiungi l'opzione di taglio della base del furgone con il pacchetto aria condizionata posteriore.\";s:18:\"placeholder_enable\";i:0;s:11:\"placeholder\";N;s:4:\"type\";s:8:\"checkbox\";s:7:\"display\";s:6:\"select\";s:8:\"position\";i:1;s:8:\"required\";i:0;s:12:\"restrictions\";i:0;s:17:\"restrictions_type\";s:8:\"any_text\";s:12:\"adjust_price\";i:0;s:10:\"price_type\";s:8:\"flat_fee\";s:5:\"price\";s:0:\"\";s:2:\"id\";s:10:\"1711224029\";s:3:\"min\";i:0;s:3:\"max\";i:0;s:7:\"default\";s:0:\"\";s:7:\"options\";a:1:{i:0;a:5:{s:5:\"label\";s:51:\"Rivestimenti per NV200 Evalia con aria condizionata\";s:5:\"price\";s:2:\"35\";s:5:\"image\";s:0:\"\";s:10:\"price_type\";s:8:\"flat_fee\";s:10:\"visibility\";i:1;}}}}"],"_schema_json":["a:0:{}"],"_schema_json_timestamp":["1777505424"],"_uag_page_assets":["a:9:{s:3:\"css\";s:0:\"\";s:2:\"js\";s:0:\"\";s:18:\"current_block_list\";a:2:{i:0;s:12:\"core\/heading\";i:1;s:14:\"core\/paragraph\";}s:8:\"uag_flag\";b:0;s:11:\"uag_version\";i:1777554229;s:6:\"gfonts\";a:0:{}s:10:\"gfonts_url\";s:0:\"\";s:12:\"gfonts_files\";a:0:{}s:14:\"uag_faq_layout\";b:0;}"]},"uagb_featured_image_src":{"full":["https:\/\/camporan.com\/wp-content\/uploads\/2018\/06\/Nissan.NV200-01.jpg",2560,1920,false],"thumbnail":["https:\/\/camporan.com\/wp-content\/uploads\/2018\/06\/Nissan.NV200-01-80x80.jpg",80,80,true],"medium":["https:\/\/camporan.com\/wp-content\/uploads\/2018\/06\/Nissan.NV200-01-300x225.jpg",300,225,true],"medium_large":["https:\/\/camporan.com\/wp-content\/uploads\/2018\/06\/Nissan.NV200-01-768x576.jpg",768,576,true],"large":["https:\/\/camporan.com\/wp-content\/uploads\/2018\/06\/Nissan.NV200-01-1030x773.jpg",1030,773,true],"1536x1536":["https:\/\/camporan.com\/wp-content\/uploads\/2018\/06\/Nissan.NV200-01.jpg",1536,1152,false],"2048x2048":["https:\/\/camporan.com\/wp-content\/uploads\/2018\/06\/Nissan.NV200-01.jpg",2048,1536,false],"woocommerce_thumbnail":["https:\/\/camporan.com\/wp-content\/uploads\/2018\/06\/Nissan.NV200-01-600x450.jpg",600,450,true],"woocommerce_single":["https:\/\/camporan.com\/wp-content\/uploads\/2018\/06\/Nissan.NV200-01-600x450.jpg",600,450,true],"woocommerce_gallery_thumbnail":["https:\/\/camporan.com\/wp-content\/uploads\/2018\/06\/Nissan.NV200-01-100x100.jpg",100,100,true],"wcpr-photo-reviews":["https:\/\/camporan.com\/wp-content\/uploads\/2018\/06\/Nissan.NV200-01.jpg",500,375,false]},"uagb_author_info":{"display_name":"David Lamolla","author_link":"https:\/\/camporan.com\/it\/author\/david_lamolla\/"},"uagb_comment_info":15,"uagb_excerpt":"Con questo kit camper per Nissan NV200 puoi trasformarlo in un camper senza rinunciare al comfort. Questa struttura letto + materasso pieghevole \u00e8 realizzata su misura per il modello NV200, NV200 Evalia ed Evalia con climatizzatore posteriore. Realizzata in compensato di betulla marina a 9 strati: leggera, rigida e progettata per durare nel tempo. Montaggio&hellip;","_links":{"self":[{"href":"https:\/\/camporan.com\/it\/wp-json\/wp\/v2\/product\/8869","targetHints":{"allow":["GET"]}}],"collection":[{"href":"https:\/\/camporan.com\/it\/wp-json\/wp\/v2\/product"}],"about":[{"href":"https:\/\/camporan.com\/it\/wp-json\/wp\/v2\/types\/product"}],"author":[{"embeddable":true,"href":"https:\/\/camporan.com\/it\/wp-json\/wp\/v2\/users\/7"}],"replies":[{"embeddable":true,"href":"https:\/\/camporan.com\/it\/wp-json\/wp\/v2\/comments?post=8869"}],"wp:featuredmedia":[{"embeddable":true,"href":"https:\/\/camporan.com\/it\/wp-json\/wp\/v2\/media\/8870"}],"wp:attachment":[{"href":"https:\/\/camporan.com\/it\/wp-json\/wp\/v2\/media?parent=8869"}],"wp:term":[{"taxonomy":"product_brand","embeddable":true,"href":"https:\/\/camporan.com\/it\/wp-json\/wp\/v2\/product_brand?post=8869"},{"taxonomy":"product_cat","embeddable":true,"href":"https:\/\/camporan.com\/it\/wp-json\/wp\/v2\/product_cat?post=8869"},{"taxonomy":"product_tag","embeddable":true,"href":"https:\/\/camporan.com\/it\/wp-json\/wp\/v2\/product_tag?post=8869"}],"curies":[{"name":"wp","href":"https:\/\/api.w.org\/{rel}","templated":true}]}}