{"id":8858,"date":"2018-06-17T09:32:05","date_gmt":"2018-06-17T07:32:05","guid":{"rendered":"http:\/\/www.camporan.com\/pack-ford-courier-estructura-de-cama-colchon-plegable\/"},"modified":"2026-04-16T10:16:25","modified_gmt":"2026-04-16T08:16:25","slug":"pack-ford-courier-giroletto-materasso-pieghevole","status":"publish","type":"product","link":"https:\/\/camporan.com\/it\/prodotto\/pack-ford-courier-giroletto-materasso-pieghevole\/","title":{"rendered":"Kit camper Ford Courier: struttura letto + materasso pieghevole"},"content":{"rendered":"<h2>CON QUALI MODELLI FORD \u00c8 COMPATIBILE QUESTO KIT CAMPER?<\/h2>\n<p>Ford Transit Courier \/ Ford Tourneo Courier, 2014-2023<\/p>\n<p>Se possiedi il nuovo <strong>Tourneo Courier<\/strong> o <strong>Transit Courier 2023+<\/strong>, qui puoi vedere il <a href=\"https:\/\/camporan.com\/mini-van-estructura-de-cama-colchon-plegable\/\" target=\"_blank\" rel=\"noopener\">kit camper per furgoncini<\/a> corrispondente.<\/p>\n<h3>Compatibile anche con Dacia Jogger (novit\u00e0!)<\/h3>\n<h2>CARATTERISTICHE PRINCIPALI:<\/h2>\n<p>Este kit camper para Ford Courier tiene un dise\u00f1o exclusivo para camperizar la micro-furgoneta m\u00e1s vendida.<\/p>\n<p>Leggero e facile da trasportare, riporre e montare o smontare. Si monta in meno di 2 minuti e permette di utilizzare gran parte del bagagliaio, anche con i materassi del letto.<br \/>\nNon influisce sul telaio del veicolo.<\/p>\n<p>Per i nuovi Tourneo Courier e Transit Courier 2023+ non \u00e8 compatibile; per questo furgone \u00e8 disponibile il kit MiniVAN.<\/p>\n<h2>CARATTERISTICHE TECNICHE:<\/h2>\n<h3>Materiali:<\/h3>\n<ul>\n<li>Il materiale di base \u00e8 compensato di betulla da 12 mm (compensato marino), rivestito di resina marrone, antiscivolo sul lato superiore e liscio sul lato inferiore.<\/li>\n<li>Bordi arrotondati e sigillati nella zona del bagagliaio e con feltro adesivo nelle zone a contatto con la carrozzeria<\/li>\n<\/ul>\n<h3>Preparazione:<\/h3>\n<ul>\n<li>I pezzi sono gi\u00e0 dimensionati per il Courier, sia esso Ford Transit Courier o Tourneo Courier (indicare il modello al momento dell&#8217;ordine).<\/li>\n<\/ul>\n<h3>Montaggio in meno di 2 minuti.<\/h3>\n<ul>\n<li>Il montaggio \u00e8 molto semplice e non pregiudica il telaio del veicolo.<\/li>\n<li>Peso della confezione: 31 kg.<\/li>\n<li>Dimensioni Letto nel furgone: 184 x 131 cm.<\/li>\n<\/ul>\n<h2>MATERASSO:<\/h2>\n<p>Materasso 183 x 128 x 6 cm. Schiuma ad alta densit\u00e0 30Kg\/m\u00b3 (dura). Rivestimento in tessuto di tela, con cerniere per la pulizia del rivestimento. 4 schiume, di cui 2 unite e pieghevoli come un libro.<\/p>\n","protected":false},"excerpt":{"rendered":"<p>Con questo kit camper per Ford Courier, composto da letto e materasso pieghevole, potrai trasformare il tuo Ford Transit Courier o Tourneo Courier (2014-2023) in un camper: \u00e8 progettato appositamente per il tuo modello. Realizzato in compensato di betulla marino a 9 strati: leggero, rigido e resistente. Montaggio rapido e semplice, senza bisogno di attrezzi. Quando non lo usi, si ripiega e sta nel bagagliaio senza occupare spazio. 14 clienti dormono gi\u00e0 meglio nel loro Courier. E tu?     <\/p>\n<h2>Hai la Dacia Jogger?<\/h2>\n<p>Approfitta dello <strong>sconto esclusivo di lancio del 20%<\/strong>!<br \/>\nOra puoi equipaggiare il tuo Jogger per il 2026. <em>(Si applicano le condizioni).<\/em><\/p>\n<p>&nbsp;<\/p>\n","protected":false},"author":7,"featured_media":8859,"comment_status":"open","ping_status":"closed","template":"","meta":{"om_disable_all_campaigns":false,"_uag_custom_page_level_css":"","site-sidebar-layout":"default","site-content-layout":"default","ast-site-content-layout":"default","site-content-style":"default","site-sidebar-style":"default","ast-global-header-display":"","ast-banner-title-visibility":"","ast-main-header-display":"","ast-hfb-above-header-display":"","ast-hfb-below-header-display":"","ast-hfb-mobile-header-display":"","site-post-title":"","ast-breadcrumbs-content":"","ast-featured-img":"","footer-sml-layout":"","ast-disable-related-posts":"","theme-transparent-header-meta":"default","adv-header-id-meta":"","stick-header-meta":"default","header-above-stick-meta":"","header-main-stick-meta":"","header-below-stick-meta":"","astra-migrate-meta-layouts":"default","ast-page-background-enabled":"default","ast-page-background-meta":{"desktop":{"background-color":"","background-image":"","background-repeat":"repeat","background-position":"center center","background-size":"auto","background-attachment":"scroll","background-type":"","background-media":"","overlay-type":"","overlay-color":"","overlay-opacity":"","overlay-gradient":""},"tablet":{"background-color":"","background-image":"","background-repeat":"repeat","background-position":"center center","background-size":"auto","background-attachment":"scroll","background-type":"","background-media":"","overlay-type":"","overlay-color":"","overlay-opacity":"","overlay-gradient":""},"mobile":{"background-color":"","background-image":"","background-repeat":"repeat","background-position":"center center","background-size":"auto","background-attachment":"scroll","background-type":"","background-media":"","overlay-type":"","overlay-color":"","overlay-opacity":"","overlay-gradient":""}},"ast-content-background-meta":{"desktop":{"background-color":"var(--ast-global-color-5)","background-image":"","background-repeat":"repeat","background-position":"center center","background-size":"auto","background-attachment":"scroll","background-type":"","background-media":"","overlay-type":"","overlay-color":"","overlay-opacity":"","overlay-gradient":""},"tablet":{"background-color":"var(--ast-global-color-5)","background-image":"","background-repeat":"repeat","background-position":"center center","background-size":"auto","background-attachment":"scroll","background-type":"","background-media":"","overlay-type":"","overlay-color":"","overlay-opacity":"","overlay-gradient":""},"mobile":{"background-color":"var(--ast-global-color-5)","background-image":"","background-repeat":"repeat","background-position":"center center","background-size":"auto","background-attachment":"scroll","background-type":"","background-media":"","overlay-type":"","overlay-color":"","overlay-opacity":"","overlay-gradient":""}}},"product_brand":[],"product_cat":[799,780],"product_tag":[702,701,1002],"class_list":{"0":"post-8858","1":"product","2":"type-product","3":"status-publish","4":"has-post-thumbnail","6":"product_cat-camper","7":"product_cat-pacchetti-telaio-materasso","8":"product_tag-ford-tourneo-courier-it","9":"product_tag-ford-transit-courier-it","10":"product_tag-microfurgone-2","11":"desktop-align-center","12":"tablet-align-center","13":"mobile-align-center","14":"ast-product-gallery-layout-horizontal","15":"ast-product-tabs-layout-vertical","17":"first","18":"instock","19":"sale","20":"taxable","21":"shipping-taxable","22":"purchasable","23":"product-type-bundle"},"bundled_by":[],"bundle_stock_status":"instock","bundle_stock_quantity":"","bundle_virtual":false,"bundle_layout":"grid","bundle_add_to_cart_form_location":"default","bundle_editable_in_cart":false,"bundle_sold_individually_context":"product","bundle_item_grouping":"parent","bundle_min_size":"","bundle_max_size":"","bundle_price":{"price":{"min":{"incl_tax":"782","excl_tax":"646.280992"},"max":{"incl_tax":"782","excl_tax":"646.280992"}},"regular_price":{"min":{"incl_tax":"815","excl_tax":"673.553719"},"max":{"incl_tax":"815","excl_tax":"673.553719"}}},"bundled_items":[{"bundled_item_id":9,"product_id":8451,"menu_order":0,"quantity_min":1,"quantity_max":1,"quantity_default":1,"priced_individually":false,"shipped_individually":false,"override_title":false,"title":"Materasso per furgone Ford Transit Courier","override_description":false,"description":"Materasso per furgone Ford Transit Courier","optional":false,"hide_thumbnail":false,"discount":"","override_variations":false,"allowed_variations":[""],"override_default_variation_attributes":false,"default_variation_attributes":[],"single_product_visibility":"hidden","cart_visibility":"visible","order_visibility":"visible","single_product_price_visibility":"visible","cart_price_visibility":"visible","order_price_visibility":"visible","stock_status":"in_stock"},{"bundled_item_id":10,"product_id":8699,"menu_order":1,"quantity_min":1,"quantity_max":1,"quantity_default":1,"priced_individually":false,"shipped_individually":false,"override_title":false,"title":"Struttura letto per Ford Courier","override_description":false,"description":"Struttura letto per Ford Courier","optional":false,"hide_thumbnail":false,"discount":"","override_variations":false,"allowed_variations":[""],"override_default_variation_attributes":false,"default_variation_attributes":[],"single_product_visibility":"hidden","cart_visibility":"visible","order_visibility":"visible","single_product_price_visibility":"visible","cart_price_visibility":"visible","order_price_visibility":"visible","stock_status":"in_stock"}],"bundle_sell_ids":[],"exclude_global_add_ons":false,"addons":[{"name":"Extra per il materasso:","type":"checkbox","position":0,"required":false,"title_format":"label","default":"","description_enable":true,"description":"Su richiesta \u00e8 possibile modificare il tipo di schiuma, lo spessore o il colore del rivestimento. Tutte queste opzioni aggiuntive implicano una produzione speciale su richiesta, per cui i tempi di consegna possono aumentare tra gli 8 e i 15 giorni, e il diritto di recesso viene meno con il materasso, in quanto si tratta di un prodotto su misura [Legge 1\/2007Art 103 c) ES].","placeholder_enable":false,"placeholder":null,"display":"select","restrictions_type":"any_text","adjust_price":false,"price":"","price_type":"flat_fee","restrictions":false,"min":"0","max":"0","options":[{"label":"Aumento dello spessore di 2 cm (riduzione della larghezza di 4 cm)","price":"40","price_type":"flat_fee","image":0,"visibility":true},{"label":"3cm visco-elastici, con lo stesso spessore totale (3+3v)","price":"40","price_type":"flat_fee","image":0,"visibility":true},{"label":"Aumento dello spessore di +2 cm e schiuma \"solida\" D25 (non D30). Riduzione della larghezza totale di 4 cm (8 cm). ","price":"20","price_type":"flat_fee","image":0,"visibility":true},{"label":"Cambio di colore della copertina","price":"20","price_type":"flat_fee","image":0,"visibility":true}],"id":1715772931},{"name":"Extra per la struttura:","type":"checkbox","position":1,"required":false,"title_format":"label","default":"","description_enable":false,"description":null,"placeholder_enable":false,"placeholder":null,"display":"select","restrictions_type":"any_text","adjust_price":false,"price":"","price_type":"flat_fee","restrictions":false,"min":"0","max":"0","options":[{"label":"3 gambe aggiuntive per una maggiore resistenza, consigliate a chi pesa pi\u00f9 di 80 kg.","price":"15","price_type":"flat_fee","image":0,"visibility":true}],"id":1720440743},{"name":"Extra per il materasso:","type":"checkbox","position":0,"required":false,"title_format":"label","default":"","description_enable":true,"description":"Possono essere richieste modifiche per quanto riguarda il tipo di schiuma, lo spessore o il colore del rivestimento. Ognuna di queste opzioni aggiuntive implica una produzione speciale su ordinazione, quindi i tempi di consegna possono aumentare tra 8 e 15 giorni e il diritto di recesso si perde con il materasso, poich\u00e9 si tratta di un prodotto su misura [Legge 1\/2007 Art 103 c )]","placeholder_enable":false,"placeholder":"","display":"select","restrictions_type":"any_text","adjust_price":false,"price":"","price_type":"flat_fee","restrictions":false,"min":"0","max":"0","options":[{"label":"Aumento dello spessore di 2 cm","price":"40","price_type":"flat_fee","image":0,"visibility":true},{"label":"Densit\u00e0 aumentata a D30 \"duro\"","price":"35","price_type":"flat_fee","image":0,"visibility":true},{"label":"Memory foam da 3 cm, con lo stesso spessore totale","price":"40","price_type":"flat_fee","image":0,"visibility":true},{"label":"Cambio colore della copertina","price":"25","price_type":"flat_fee","image":0,"visibility":true}],"id":1686912989}],"aioseo_notices":[],"spectra_custom_meta":{"_alp_processed":["1776327385"],"_sku":["4514"],"_sale_price_dates_from":[""],"_sale_price_dates_to":[""],"_tax_status":["taxable"],"_tax_class":[""],"_manage_stock":["yes"],"_backorders":["notify"],"_sold_individually":["no"],"_length":["110"],"_width":["70"],"_height":["40"],"_purchase_note":[""],"_virtual":["no"],"_downloadable":["no"],"_product_image_gallery":["8707,8455,12569,8860,8861,8862,8863,11152,12575,10403"],"_download_limit":["-1"],"_download_expiry":["-1"],"_stock_status":["instock"],"_wc_average_rating":["5.00"],"_wc_rating_count":[{"5":14}],"_wc_review_count":["14"],"_downloadable_files":["a:0:{}"],"_product_version":["10.6.1"],"_wpml_media_duplicate":["1"],"_wpml_media_featured":["1"],"_av_alb_posts_elements_state":["a:0:{}"],"_av_el_mgr_version":["1.0"],"_av_alb_element_mgr_version":["1.0.1"],"_aviaLayoutBuilder_active":[""],"_avia_sc_parser_state":["check_only"],"_avia_builder_shortcode_tree":["a:0:{}"],"layout":[""],"sidebar":[""],"footer":[""],"header_title_bar":[""],"header_transparency":[""],"_product_hover":[""],"_avia_hide_featured_image":["0"],"_wpml_location_migration_done":["1"],"_wpml_word_count":["382"],"_related_ids":["a:2:{i:0;i:955;i:1;i:950;}"],"_aioseop_opengraph_settings":["a:0:{}"],"_low_stock_amount":["0"],"_children":["a:0:{}"],"_vtwf_enable_tab":["no"],"_vtwf_tab_title":[""],"_vtwf_hide_title":["no"],"_vtwf_video_content":[""],"_wcml_average_rating":["5.00"],"_wcml_review_count":["14"],"_aioseo_og_article_section":[""],"_aioseo_og_article_tags":[""],"site-sidebar-layout":["default"],"site-content-layout":["default"],"theme-transparent-header-meta":["default"],"stick-header-meta":["default"],"_wpml_post_translation_editor_native":["yes"],"_stock":["1"],"_thumbnail_id":["8859"],"wcml_sync_hash":["a:1:{s:15:\"postmeta_fields\";s:32:\"1f374226d9f6fc86d6fd998847125aaa\";}"],"attr_label_translations":["a:0:{}"],"_product_attributes":["a:0:{}"],"_default_attributes":["a:0:{}"],"_edit_lock":["1677487410:58"],"_edit_last":["58"],"_wp_old_slug":["pack-ford-courier-estructura-de-cama-colchon-plegable"],"woosb_ids":["8451\/1,8699\/1"],"woosb_disable_auto_price":["on"],"woosb_discount":["5"],"woosb_discount_amount":[""],"woosb_shipping_fee":["whole"],"woosb_optional_products":["off"],"woosb_manage_stock":["off"],"woosb_limit_each_min":[""],"woosb_limit_each_max":[""],"woosb_limit_each_min_default":["off"],"woosb_limit_whole_min":[""],"woosb_limit_whole_max":[""],"_wpml_media_has_media":["1"],"_last_translation_edit_mode":["translation-editor"],"_wcml_rating_count":["a:1:{i:5;i:14;}"],"_product_meta_id":["0"],"_wc_pb_edit_in_cart":["no"],"_product_addons_exclude_global":["0"],"_wc_pb_bundled_items_stock_sync_status":["synced"],"_wc_pb_layout_style":["grid"],"_top_nav_excluded":[""],"_cms_nav_minihome":[""],"_wcpb_min_qty_limit":[""],"_wcpb_max_qty_limit":[""],"_wc_pb_virtual_bundle":["no"],"_wc_pb_group_mode":["parent"],"_wc_pb_aggregate_weight":["no"],"_wc_pb_sold_individually_context":["product"],"_wc_pb_add_to_cart_form_location":["default"],"total_sales":["91"],"ast-site-content-layout":["default"],"site-content-style":["default"],"site-sidebar-style":["default"],"_weight":["29"],"_regular_price":["815"],"_sale_price":["782"],"_price":["782"],"_wc_pb_base_regular_price":["815"],"_wc_pb_base_sale_price":["782"],"_wc_pb_base_price":["782"],"_wc_sw_max_price":["782"],"_wc_sw_max_regular_price":["815"],"_crosssell_ids":["a:1:{i:0;i:8968;}"],"_upsell_ids":["a:3:{i:0;i:9047;i:1;i:8451;i:2;i:8699;}"],"_aioseop_title":["Pacchetto Corriere Ford: Materasso + Struttura letto"],"_aioseop_description":["Confezione composta da rete e materasso pieghevole per microfurgoni: Ford Transit Courier e Ford Tourneo Courier."],"_aioseop_keywords":["camper corriere ford tourneo"],"_aioseo_title":["Kit Camper per Ford Courier | Transit - Tourneo | Camporan"],"_aioseo_description":["Kit Camper para Ford Courier cama + colch\u00f3n plegable Ford Transit y Tourneo (2014-2023). Sin herramientas. Tambi\u00e9n v\u00e1lido para Dacia Jogger. \u00a1Comrpa ahora!   "],"_aioseo_keywords":["camper corriere ford tourneo"],"_product_addons":["a:2:{i:0;a:20:{s:4:\"name\";s:23:\"Extra per il materasso:\";s:12:\"title_format\";s:5:\"label\";s:18:\"description_enable\";i:1;s:11:\"description\";s:376:\"Su richiesta \u00e8 possibile modificare il tipo di schiuma, lo spessore o il colore del rivestimento. Tutte queste opzioni aggiuntive implicano una produzione speciale su richiesta, per cui i tempi di consegna possono aumentare tra gli 8 e i 15 giorni, e il diritto di recesso viene meno con il materasso, in quanto si tratta di un prodotto su misura [Legge 1\/2007Art 103 c) ES].\";s:18:\"placeholder_enable\";i:0;s:11:\"placeholder\";N;s:4:\"type\";s:8:\"checkbox\";s:7:\"display\";s:6:\"select\";s:8:\"position\";i:0;s:8:\"required\";i:0;s:12:\"restrictions\";i:0;s:17:\"restrictions_type\";s:8:\"any_text\";s:12:\"adjust_price\";i:0;s:10:\"price_type\";s:8:\"flat_fee\";s:5:\"price\";s:0:\"\";s:2:\"id\";s:10:\"1715772931\";s:3:\"min\";i:0;s:3:\"max\";i:0;s:7:\"default\";s:0:\"\";s:7:\"options\";a:4:{i:0;a:5:{s:5:\"label\";s:66:\"Aumento dello spessore di 2 cm (riduzione della larghezza di 4 cm)\";s:5:\"price\";s:2:\"40\";s:5:\"image\";s:0:\"\";s:10:\"price_type\";s:8:\"flat_fee\";s:10:\"visibility\";i:1;}i:1;a:5:{s:5:\"label\";s:56:\"3cm visco-elastici, con lo stesso spessore totale (3+3v)\";s:5:\"price\";s:2:\"40\";s:5:\"image\";s:0:\"\";s:10:\"price_type\";s:8:\"flat_fee\";s:10:\"visibility\";i:1;}i:2;a:5:{s:5:\"label\";s:115:\"Aumento dello spessore di +2 cm e schiuma \"solida\" D25 (non D30). Riduzione della larghezza totale di 4 cm (8 cm). \";s:5:\"price\";s:2:\"20\";s:5:\"image\";s:0:\"\";s:10:\"price_type\";s:8:\"flat_fee\";s:10:\"visibility\";i:1;}i:3;a:5:{s:5:\"label\";s:32:\"Cambio di colore della copertina\";s:5:\"price\";s:2:\"20\";s:5:\"image\";s:0:\"\";s:10:\"price_type\";s:8:\"flat_fee\";s:10:\"visibility\";i:1;}}}i:1;a:20:{s:4:\"name\";s:23:\"Extra per la struttura:\";s:12:\"title_format\";s:5:\"label\";s:18:\"description_enable\";i:0;s:11:\"description\";N;s:18:\"placeholder_enable\";i:0;s:11:\"placeholder\";N;s:4:\"type\";s:8:\"checkbox\";s:7:\"display\";s:6:\"select\";s:8:\"position\";i:1;s:8:\"required\";i:0;s:12:\"restrictions\";i:0;s:17:\"restrictions_type\";s:8:\"any_text\";s:12:\"adjust_price\";i:0;s:10:\"price_type\";s:8:\"flat_fee\";s:5:\"price\";s:0:\"\";s:2:\"id\";s:10:\"1720440743\";s:3:\"min\";i:0;s:3:\"max\";i:0;s:7:\"default\";s:0:\"\";s:7:\"options\";a:1:{i:0;a:5:{s:5:\"label\";s:85:\"3 gambe aggiuntive per una maggiore resistenza, consigliate a chi pesa pi\u00f9 di 80 kg.\";s:5:\"price\";s:2:\"15\";s:5:\"image\";s:0:\"\";s:10:\"price_type\";s:8:\"flat_fee\";s:10:\"visibility\";i:1;}}}}"],"_schema_json":["a:0:{}"],"_schema_json_timestamp":["1777472620"],"_uag_page_assets":["a:9:{s:3:\"css\";s:0:\"\";s:2:\"js\";s:0:\"\";s:18:\"current_block_list\";a:2:{i:0;s:12:\"core\/heading\";i:1;s:14:\"core\/paragraph\";}s:8:\"uag_flag\";b:0;s:11:\"uag_version\";i:1777443538;s:6:\"gfonts\";a:0:{}s:10:\"gfonts_url\";s:0:\"\";s:12:\"gfonts_files\";a:0:{}s:14:\"uag_faq_layout\";b:0;}"]},"uagb_featured_image_src":{"full":["https:\/\/camporan.com\/wp-content\/uploads\/2018\/06\/Ford-Courier_01.jpeg",1000,750,false],"thumbnail":["https:\/\/camporan.com\/wp-content\/uploads\/2018\/06\/Ford-Courier_01-80x80.jpeg",80,80,true],"medium":["https:\/\/camporan.com\/wp-content\/uploads\/2018\/06\/Ford-Courier_01-300x225.jpeg",300,225,true],"medium_large":["https:\/\/camporan.com\/wp-content\/uploads\/2018\/06\/Ford-Courier_01-768x576.jpeg",768,576,true],"large":["https:\/\/camporan.com\/wp-content\/uploads\/2018\/06\/Ford-Courier_01.jpeg",1000,750,false],"1536x1536":["https:\/\/camporan.com\/wp-content\/uploads\/2018\/06\/Ford-Courier_01.jpeg",1000,750,false],"2048x2048":["https:\/\/camporan.com\/wp-content\/uploads\/2018\/06\/Ford-Courier_01.jpeg",1000,750,false],"woocommerce_thumbnail":["https:\/\/camporan.com\/wp-content\/uploads\/2018\/06\/Ford-Courier_01-600x450.jpeg",600,450,true],"woocommerce_single":["https:\/\/camporan.com\/wp-content\/uploads\/2018\/06\/Ford-Courier_01-600x450.jpeg",600,450,true],"woocommerce_gallery_thumbnail":["https:\/\/camporan.com\/wp-content\/uploads\/2018\/06\/Ford-Courier_01-100x100.jpeg",100,100,true],"wcpr-photo-reviews":["https:\/\/camporan.com\/wp-content\/uploads\/2018\/06\/Ford-Courier_01.jpeg",500,375,false]},"uagb_author_info":{"display_name":"David Lamolla","author_link":"https:\/\/camporan.com\/it\/author\/david_lamolla\/"},"uagb_comment_info":14,"uagb_excerpt":"Con questo kit camper per Ford Courier, composto da letto e materasso pieghevole, potrai trasformare il tuo Ford Transit Courier o Tourneo Courier (2014-2023) in un camper: \u00e8 progettato appositamente per il tuo modello. Realizzato in compensato di betulla marino a 9 strati: leggero, rigido e resistente. Montaggio rapido e semplice, senza bisogno di attrezzi.&hellip;","_links":{"self":[{"href":"https:\/\/camporan.com\/it\/wp-json\/wp\/v2\/product\/8858","targetHints":{"allow":["GET"]}}],"collection":[{"href":"https:\/\/camporan.com\/it\/wp-json\/wp\/v2\/product"}],"about":[{"href":"https:\/\/camporan.com\/it\/wp-json\/wp\/v2\/types\/product"}],"author":[{"embeddable":true,"href":"https:\/\/camporan.com\/it\/wp-json\/wp\/v2\/users\/7"}],"replies":[{"embeddable":true,"href":"https:\/\/camporan.com\/it\/wp-json\/wp\/v2\/comments?post=8858"}],"wp:featuredmedia":[{"embeddable":true,"href":"https:\/\/camporan.com\/it\/wp-json\/wp\/v2\/media\/8859"}],"wp:attachment":[{"href":"https:\/\/camporan.com\/it\/wp-json\/wp\/v2\/media?parent=8858"}],"wp:term":[{"taxonomy":"product_brand","embeddable":true,"href":"https:\/\/camporan.com\/it\/wp-json\/wp\/v2\/product_brand?post=8858"},{"taxonomy":"product_cat","embeddable":true,"href":"https:\/\/camporan.com\/it\/wp-json\/wp\/v2\/product_cat?post=8858"},{"taxonomy":"product_tag","embeddable":true,"href":"https:\/\/camporan.com\/it\/wp-json\/wp\/v2\/product_tag?post=8858"}],"curies":[{"name":"wp","href":"https:\/\/api.w.org\/{rel}","templated":true}]}}