{"id":8771,"date":"2018-06-17T09:43:48","date_gmt":"2018-06-17T07:43:48","guid":{"rendered":"http:\/\/www.camporan.com\/giroletto-minivan\/"},"modified":"2026-04-08T11:06:02","modified_gmt":"2026-04-08T09:06:02","slug":"giroletto-per-minivan","status":"publish","type":"product","link":"https:\/\/camporan.com\/it\/prodotto\/giroletto-per-minivan\/","title":{"rendered":"Struttura letto per Furgoncini MiniVan"},"content":{"rendered":"<h2>CON QUALI FURGONCINI \u00c8 COMPATIBILE?<\/h2>\n<p>Citr\u00f6en Berlingo \/ Peugeot Partner \/ Rifter \/ Toyota Proace City \/ Renault Kangoo \/ Dacia Dokker \/ Mercedes Citan &#8211; Classe T \/ Fiat Dobl\u00f3 \/ Opel Combo \/ VW Caddy \/ Ford Tourneo Courier (2023+), Nissan TownStar, Ford Connect.<\/p>\n<h2>CARATTERISTICHE TECNICHE:<\/h2>\n<h3>Materiali:<\/h3>\n<ul>\n<li>Il materiale di base \u00e8 multistrato di betulla (Marine board), rivestito con resina marrone, liscio da un lato e antiscivolo dall&#8217;altro. Lo spessore \u00e8 di 12 mm nella zona del bagagliaio e di 12 mm + rinforzi nella parte anteriore.<\/li>\n<li>Altezza predefinita: 35 cm (altezze speciali su richiesta).<\/li>\n<li>Bordi arrotondati, e con feltro adesivo nelle zone di contatto con la carrozzeria.<\/li>\n<\/ul>\n<h3>Preparazione:<\/h3>\n<ul>\n<li>Alla ricezione del pacco, occorre regolare 4 pezzi per adattare la struttura del letto alla larghezza del veicolo a cui \u00e8 destinata, avvitando 4 di questi pezzi secondo il manuale di installazione. Etos tornillos no ser\u00e1 necesarios volverlos a ajustar.<\/li>\n<li>Se ci fornisci il modello, possiamo preparare noi stessi le zampe anteriori.<\/li>\n<\/ul>\n<h3>Montaggio e smontaggio senza attrezzi:<\/h3>\n<p>Il montaggio \u00e8 molto semplice e non pregiudica il telaio del veicolo.<\/p>\n<ul>\n<li>Peso: 28 kg (rete).<\/li>\n<li>Dimensioni: 136 x 183 cm.<\/li>\n<\/ul>\n<h2 id=\"extraminivan\">Supporto per furgoni XL<\/h2>\n<p>Se il vostro modello di furgone \u00e8 Berlingo XL o Rifter XL, potete estendere il vostro ordine acquistando un supporto per la base del letto Mini Van. Non \u00e8 necessario acquistarlo, se si installa il letto come se si trattasse di un furgone in versione corta: verr\u00e0 montato allo stesso modo, ma lasciando pi\u00f9 spazio libero nella zona del portellone del bagagliaio.<\/p>\n<p><img loading=\"lazy\" decoding=\"async\" class=\"alignnone wp-image-9659 size-large\" src=\"https:\/\/camporan.com\/wp-content\/uploads\/2018\/06\/MiniVAN-XL-support-1-1030x633.jpg\" alt=\"Supporto per furgoni XL\" width=\"1030\" height=\"633\" srcset=\"https:\/\/camporan.com\/wp-content\/uploads\/2018\/06\/MiniVAN-XL-support-1-1030x633.jpg 1030w, https:\/\/camporan.com\/wp-content\/uploads\/2018\/06\/MiniVAN-XL-support-1-600x369.jpg 600w, https:\/\/camporan.com\/wp-content\/uploads\/2018\/06\/MiniVAN-XL-support-1-300x184.jpg 300w, https:\/\/camporan.com\/wp-content\/uploads\/2018\/06\/MiniVAN-XL-support-1-768x472.jpg 768w, https:\/\/camporan.com\/wp-content\/uploads\/2018\/06\/MiniVAN-XL-support-1.jpg 1200w\" sizes=\"auto, (max-width: 1030px) 100vw, 1030px\" \/><\/p>\n","protected":false},"excerpt":{"rendered":"<p>La struttura letto per furgoncini pi\u00f9 apprezzata del catalogo Camporan. Progettata in 3 pezzi con punti di ancoraggio, \u00e8 la soluzione pi\u00f9 adatta per il segmento dei mini van. Compatibile con Citro\u00ebn Berlingo, Peugeot Partner\/Rifter, Renault Kangoo, Mercedes Citan, Fiat Dobl\u00f2, Opel Combo, VW Caddy, Ford Tourneo Courier II, Dokker, TownStar e Connect. Realizzata in pannello fenolico: leggera, rigida e pensata per spazi compatti. Materasso non incluso, abbinala al materasso Camporan per mini van o al tuo.    <\/p>\n","protected":false},"author":7,"featured_media":8778,"comment_status":"open","ping_status":"closed","template":"","meta":{"om_disable_all_campaigns":false,"_uag_custom_page_level_css":"","site-sidebar-layout":"default","site-content-layout":"default","ast-site-content-layout":"default","site-content-style":"default","site-sidebar-style":"default","ast-global-header-display":"","ast-banner-title-visibility":"","ast-main-header-display":"","ast-hfb-above-header-display":"","ast-hfb-below-header-display":"","ast-hfb-mobile-header-display":"","site-post-title":"","ast-breadcrumbs-content":"","ast-featured-img":"","footer-sml-layout":"","ast-disable-related-posts":"","theme-transparent-header-meta":"default","adv-header-id-meta":"","stick-header-meta":"default","header-above-stick-meta":"","header-main-stick-meta":"","header-below-stick-meta":"","astra-migrate-meta-layouts":"set","ast-page-background-enabled":"default","ast-page-background-meta":{"desktop":{"background-color":"","background-image":"","background-repeat":"repeat","background-position":"center center","background-size":"auto","background-attachment":"scroll","background-type":"","background-media":"","overlay-type":"","overlay-color":"","overlay-opacity":"","overlay-gradient":""},"tablet":{"background-color":"","background-image":"","background-repeat":"repeat","background-position":"center center","background-size":"auto","background-attachment":"scroll","background-type":"","background-media":"","overlay-type":"","overlay-color":"","overlay-opacity":"","overlay-gradient":""},"mobile":{"background-color":"","background-image":"","background-repeat":"repeat","background-position":"center center","background-size":"auto","background-attachment":"scroll","background-type":"","background-media":"","overlay-type":"","overlay-color":"","overlay-opacity":"","overlay-gradient":""}},"ast-content-background-meta":{"desktop":{"background-color":"var(--ast-global-color-5)","background-image":"","background-repeat":"repeat","background-position":"center center","background-size":"auto","background-attachment":"scroll","background-type":"","background-media":"","overlay-type":"","overlay-color":"","overlay-opacity":"","overlay-gradient":""},"tablet":{"background-color":"var(--ast-global-color-5)","background-image":"","background-repeat":"repeat","background-position":"center center","background-size":"auto","background-attachment":"scroll","background-type":"","background-media":"","overlay-type":"","overlay-color":"","overlay-opacity":"","overlay-gradient":""},"mobile":{"background-color":"var(--ast-global-color-5)","background-image":"","background-repeat":"repeat","background-position":"center center","background-size":"auto","background-attachment":"scroll","background-type":"","background-media":"","overlay-type":"","overlay-color":"","overlay-opacity":"","overlay-gradient":""}}},"product_brand":[],"product_cat":[749,760,799,758,761,936,762,757,753,754,763,751,945],"product_tag":[772,775,774,776,778,779,997,773,777],"class_list":{"0":"post-8771","1":"product","2":"type-product","3":"status-publish","4":"has-post-thumbnail","6":"product_cat-berlingo","7":"product_cat-caddy-2003-2020","8":"product_cat-camper","9":"product_cat-citan","10":"product_cat-combo","11":"product_cat-courier-ii-it-2","12":"product_cat-doblo","13":"product_cat-kangoo-ii","14":"product_cat-partner-ii","15":"product_cat-rifter","16":"product_cat-strutture-prodotti","17":"product_cat-tourneo-connect","18":"product_cat-townstar-it","19":"product_tag-citroen-berlingo","20":"product_tag-fiat-doblo-it","21":"product_tag-mercedes-citan-it","22":"product_tag-opel-combo-it","23":"product_tag-partner-it","24":"product_tag-peugeot-rifter-it","25":"product_tag-piccolo-furgone-2","26":"product_tag-renault-kangoo-it","27":"product_tag-vw-caddy-it","28":"desktop-align-center","29":"tablet-align-center","30":"mobile-align-center","31":"ast-product-gallery-layout-horizontal","32":"ast-product-tabs-layout-vertical","34":"first","35":"instock","36":"taxable","37":"shipping-taxable","38":"purchasable","39":"product-type-simple"},"bundled_by":["8890"],"bundle_stock_status":"instock","bundle_stock_quantity":37,"bundle_virtual":false,"bundle_layout":"","bundle_add_to_cart_form_location":"","bundle_editable_in_cart":false,"bundle_sold_individually_context":"","bundle_item_grouping":"","bundle_min_size":"","bundle_max_size":"","bundle_price":[],"bundled_items":[],"bundle_sell_ids":[],"exclude_global_add_ons":false,"addons":[{"name":"Extra","type":"checkbox","position":0,"required":false,"title_format":"label","default":"","description_enable":true,"description":"Supporto per furgoni XL Modifica della rete con supporto per modelli come Berlingo XL e Rifter XL <a href=\"#extraminivan\">Maggiori informazioni<\/a>","placeholder_enable":false,"placeholder":null,"display":"select","restrictions_type":"any_text","adjust_price":false,"price":"","price_type":"flat_fee","restrictions":false,"min":"0","max":"0","options":[{"label":"Supporto XL","price":"45","price_type":"flat_fee","image":0,"visibility":true},{"label":"Altezza aggiuntiva 2-5 cm (consultare)","price":"40","price_type":"flat_fee","image":0,"visibility":true},{"label":"Altezza aggiuntiva 6-10 cm (consultare)","price":"75","price_type":"flat_fee","image":0,"visibility":true}],"id":1711219291},{"name":"Extra per il materasso:","type":"checkbox","position":0,"required":false,"title_format":"label","default":"","description_enable":true,"description":"Possono essere richieste modifiche per quanto riguarda il tipo di schiuma, lo spessore o il colore del rivestimento. Ognuna di queste opzioni aggiuntive implica una produzione speciale su ordinazione, quindi i tempi di consegna possono aumentare tra 8 e 15 giorni e il diritto di recesso si perde con il materasso, poich\u00e9 si tratta di un prodotto su misura [Legge 1\/2007 Art 103 c )]","placeholder_enable":false,"placeholder":"","display":"select","restrictions_type":"any_text","adjust_price":false,"price":"","price_type":"flat_fee","restrictions":false,"min":"0","max":"0","options":[{"label":"Aumento dello spessore di 2 cm","price":"40","price_type":"flat_fee","image":0,"visibility":true},{"label":"Densit\u00e0 aumentata a D30 \"duro\"","price":"35","price_type":"flat_fee","image":0,"visibility":true},{"label":"Memory foam da 3 cm, con lo stesso spessore totale","price":"40","price_type":"flat_fee","image":0,"visibility":true},{"label":"Cambio colore della copertina","price":"25","price_type":"flat_fee","image":0,"visibility":true}],"id":1686912989}],"aioseo_notices":[],"spectra_custom_meta":{"_alp_processed":["1775639162"],"_download_limit":["-1"],"_download_expiry":["-1"],"_downloadable":["no"],"_manage_stock":["yes"],"_sku":["4001"],"_stock_status":["instock"],"_sold_individually":["no"],"_tax_class":[""],"_tax_status":["taxable"],"_virtual":["no"],"_width":["75"],"_height":["12"],"_length":["125"],"total_sales":["357"],"_sale_price":[""],"_sale_price_dates_from":[""],"_sale_price_dates_to":[""],"_wpml_media_duplicate":["1"],"_wpml_media_featured":["0"],"_aviaLayoutBuilder_active":[""],"_low_stock_amount":["0"],"_avia_hide_featured_image":["0"],"_av_el_mgr_version":["1.0"],"_avia_sc_parser_state":["check_only"],"_av_alb_posts_elements_state":["a:0:{}"],"site-sidebar-layout":["default"],"site-content-layout":["default"],"theme-transparent-header-meta":["default"],"stick-header-meta":["default"],"_top_nav_excluded":[""],"_cms_nav_minihome":[""],"wcml_sync_hash":["a:1:{s:15:\"postmeta_fields\";s:32:\"2e35bfd328358f1ab2c2f19620bce69d\";}"],"attr_label_translations":["a:0:{}"],"_product_attributes":["a:0:{}"],"_product_image_gallery":["8799,8784,8794,8789,11462,13363,11152"],"_default_attributes":["a:0:{}"],"_children":["a:0:{}"],"_stock":["37"],"_avia_builder_shortcode_tree":["a:0:{}"],"sidebar":[""],"footer":[""],"header_title_bar":[""],"header_transparency":[""],"layout":[""],"_wcml_average_rating":["5.00"],"_wcml_review_count":["15"],"_wc_average_rating":["5.00"],"_wc_review_count":["15"],"_product_version":["10.6.1"],"_edit_lock":["1770104304:58"],"_edit_last":["58"],"_related_ids":["a:2:{i:0;i:8581;i:1;i:8890;}"],"_vtwf_enable_tab":["yes"],"_vtwf_tab_title":[""],"_vtwf_hide_title":["no"],"_vtwf_video_content":["https:\/\/www.youtube.com\/shorts\/zquTaC5XC0E"],"_aioseo_og_article_section":[""],"_aioseo_og_article_tags":["a:0:{}"],"_wpml_media_has_media":["1"],"_last_translation_edit_mode":["translation-editor"],"_product_meta_id":["0"],"_wcml_rating_count":["a:1:{i:5;i:15;}"],"_product_addons_exclude_global":["0"],"ast-site-content-layout":["default"],"site-content-style":["default"],"site-sidebar-style":["default"],"_backorders":["no"],"_wc_rating_count":[{"5":15}],"_downloadable_files":[""],"_weight":["24"],"_regular_price":["645"],"_price":["645"],"_thumbnail_id":["8778"],"_wpml_word_count":["352"],"_aioseo_og_title":[""],"_aioseo_og_description":[""],"_aioseo_twitter_title":[""],"_aioseo_twitter_description":[""],"cmplz_hide_cookiebanner":[""],"om_disable_all_campaigns":[""],"astra-migrate-meta-layouts":["set"],"_oembed_750aef67a7fc3307245a8d0c55104445":["<iframe title=\"MiniVan Bed and Matress, folding and unfolding\" width=\"563\" height=\"1000\" src=\"https:\/\/www.youtube.com\/embed\/zquTaC5XC0E?feature=oembed\" frameborder=\"0\" allow=\"accelerometer; autoplay; clipboard-write; encrypted-media; gyroscope; picture-in-picture; web-share\" referrerpolicy=\"strict-origin-when-cross-origin\" allowfullscreen><\/iframe>"],"_oembed_time_750aef67a7fc3307245a8d0c55104445":["1770104423"],"_upsell_ids":["a:3:{i:0;i:8581;i:1;i:8890;i:2;i:8747;}"],"_aioseop_title":["Giroletto MiniVan"],"_aioseop_description":["Struttura del letto per furgone tipo Berlingo \/ Partner\/Rifter \/ Kangoo \/ Citan \/ Fiat Dobl\u00f3 \/ Opel Combo \/ Caddy \/ Dacia Dokker \/ Proace City"],"_aioseop_keywords":["camper berlingo, letto del partner, letto renault kangoo, letto rifter, letto vw caddy"],"_aioseo_title":["Struttura letto per furgoni piccoli e minivan | Camporan"],"_aioseo_description":["Estructura de cama para furgoneta peque\u00f1a y mini van: Berlingo, Kangoo, Caddy, Citan y m\u00e1s. 15 valoraciones 5\/5. Sin colch\u00f3n incluido. Desde 645\u20ac. \u00a1En stock!    "],"_aioseo_keywords":["camper berlingo, letto del partner, letto renault kangoo, letto rifter, letto vw caddy"],"_product_addons":["a:1:{i:0;a:20:{s:4:\"name\";s:5:\"Extra\";s:12:\"title_format\";s:5:\"label\";s:18:\"description_enable\";i:1;s:11:\"description\";s:147:\"Supporto per furgoni XL Modifica della rete con supporto per modelli come Berlingo XL e Rifter XL <a href=\"#extraminivan\">Maggiori informazioni<\/a>\";s:18:\"placeholder_enable\";i:0;s:11:\"placeholder\";N;s:4:\"type\";s:8:\"checkbox\";s:7:\"display\";s:6:\"select\";s:8:\"position\";i:0;s:8:\"required\";i:0;s:12:\"restrictions\";i:0;s:17:\"restrictions_type\";s:8:\"any_text\";s:12:\"adjust_price\";i:0;s:10:\"price_type\";s:8:\"flat_fee\";s:5:\"price\";s:0:\"\";s:2:\"id\";s:10:\"1711219291\";s:3:\"min\";i:0;s:3:\"max\";i:0;s:7:\"default\";s:0:\"\";s:7:\"options\";a:3:{i:0;a:5:{s:5:\"label\";s:11:\"Supporto XL\";s:5:\"price\";s:2:\"45\";s:5:\"image\";s:0:\"\";s:10:\"price_type\";s:8:\"flat_fee\";s:10:\"visibility\";i:1;}i:1;a:5:{s:5:\"label\";s:38:\"Altezza aggiuntiva 2-5 cm (consultare)\";s:5:\"price\";s:2:\"40\";s:5:\"image\";s:0:\"\";s:10:\"price_type\";s:8:\"flat_fee\";s:10:\"visibility\";i:1;}i:2;a:5:{s:5:\"label\";s:39:\"Altezza aggiuntiva 6-10 cm (consultare)\";s:5:\"price\";s:2:\"75\";s:5:\"image\";s:0:\"\";s:10:\"price_type\";s:8:\"flat_fee\";s:10:\"visibility\";i:1;}}}}"],"_schema_json":["a:0:{}"],"_schema_json_timestamp":["1777676343"],"_uag_page_assets":["a:9:{s:3:\"css\";s:0:\"\";s:2:\"js\";s:0:\"\";s:18:\"current_block_list\";a:2:{i:0;s:12:\"core\/heading\";i:1;s:14:\"core\/paragraph\";}s:8:\"uag_flag\";b:0;s:11:\"uag_version\";s:10:\"1777568607\";s:6:\"gfonts\";a:0:{}s:10:\"gfonts_url\";s:0:\"\";s:12:\"gfonts_files\";a:0:{}s:14:\"uag_faq_layout\";b:0;}"]},"uagb_featured_image_src":{"full":["https:\/\/camporan.com\/wp-content\/uploads\/2018\/06\/Mini-Van-Somier-Furgoneta-lateral.jpg",1000,667,false],"thumbnail":["https:\/\/camporan.com\/wp-content\/uploads\/2018\/06\/Mini-Van-Somier-Furgoneta-lateral-80x80.jpg",80,80,true],"medium":["https:\/\/camporan.com\/wp-content\/uploads\/2018\/06\/Mini-Van-Somier-Furgoneta-lateral-300x200.jpg",300,200,true],"medium_large":["https:\/\/camporan.com\/wp-content\/uploads\/2018\/06\/Mini-Van-Somier-Furgoneta-lateral-768x512.jpg",768,512,true],"large":["https:\/\/camporan.com\/wp-content\/uploads\/2018\/06\/Mini-Van-Somier-Furgoneta-lateral.jpg",1000,667,false],"1536x1536":["https:\/\/camporan.com\/wp-content\/uploads\/2018\/06\/Mini-Van-Somier-Furgoneta-lateral.jpg",1000,667,false],"2048x2048":["https:\/\/camporan.com\/wp-content\/uploads\/2018\/06\/Mini-Van-Somier-Furgoneta-lateral.jpg",1000,667,false],"woocommerce_thumbnail":["https:\/\/camporan.com\/wp-content\/uploads\/2018\/06\/Mini-Van-Somier-Furgoneta-lateral-600x400.jpg",600,400,true],"woocommerce_single":["https:\/\/camporan.com\/wp-content\/uploads\/2018\/06\/Mini-Van-Somier-Furgoneta-lateral-600x400.jpg",600,400,true],"woocommerce_gallery_thumbnail":["https:\/\/camporan.com\/wp-content\/uploads\/2018\/06\/Mini-Van-Somier-Furgoneta-lateral-100x100.jpg",100,100,true],"wcpr-photo-reviews":["https:\/\/camporan.com\/wp-content\/uploads\/2018\/06\/Mini-Van-Somier-Furgoneta-lateral.jpg",500,334,false]},"uagb_author_info":{"display_name":"David Lamolla","author_link":"https:\/\/camporan.com\/it\/author\/david_lamolla\/"},"uagb_comment_info":15,"uagb_excerpt":"La struttura letto per furgoncini pi\u00f9 apprezzata del catalogo Camporan. Progettata in 3 pezzi con punti di ancoraggio, \u00e8 la soluzione pi\u00f9 adatta per il segmento dei mini van. Compatibile con Citro\u00ebn Berlingo, Peugeot Partner\/Rifter, Renault Kangoo, Mercedes Citan, Fiat Dobl\u00f2, Opel Combo, VW Caddy, Ford Tourneo Courier II, Dokker, TownStar e Connect. Realizzata in&hellip;","_links":{"self":[{"href":"https:\/\/camporan.com\/it\/wp-json\/wp\/v2\/product\/8771","targetHints":{"allow":["GET"]}}],"collection":[{"href":"https:\/\/camporan.com\/it\/wp-json\/wp\/v2\/product"}],"about":[{"href":"https:\/\/camporan.com\/it\/wp-json\/wp\/v2\/types\/product"}],"author":[{"embeddable":true,"href":"https:\/\/camporan.com\/it\/wp-json\/wp\/v2\/users\/7"}],"replies":[{"embeddable":true,"href":"https:\/\/camporan.com\/it\/wp-json\/wp\/v2\/comments?post=8771"}],"wp:featuredmedia":[{"embeddable":true,"href":"https:\/\/camporan.com\/it\/wp-json\/wp\/v2\/media\/8778"}],"wp:attachment":[{"href":"https:\/\/camporan.com\/it\/wp-json\/wp\/v2\/media?parent=8771"}],"wp:term":[{"taxonomy":"product_brand","embeddable":true,"href":"https:\/\/camporan.com\/it\/wp-json\/wp\/v2\/product_brand?post=8771"},{"taxonomy":"product_cat","embeddable":true,"href":"https:\/\/camporan.com\/it\/wp-json\/wp\/v2\/product_cat?post=8771"},{"taxonomy":"product_tag","embeddable":true,"href":"https:\/\/camporan.com\/it\/wp-json\/wp\/v2\/product_tag?post=8771"}],"curies":[{"name":"wp","href":"https:\/\/api.w.org\/{rel}","templated":true}]}}