{"id":8699,"date":"2018-06-17T12:27:27","date_gmt":"2018-06-17T10:27:27","guid":{"rendered":"http:\/\/www.camporan.com\/mobili-da-letto-ford-courier\/"},"modified":"2026-04-16T10:12:38","modified_gmt":"2026-04-16T08:12:38","slug":"giroletto-ford-corriere","status":"publish","type":"product","link":"https:\/\/camporan.com\/it\/prodotto\/giroletto-ford-corriere\/","title":{"rendered":"Struttura letto per Ford Courier"},"content":{"rendered":"<h2>CON QUALI MODELLI FORD COURIER \u00c8 COMPATIBILE?<\/h2>\n<p>Ford Transit Courier \/ Ford Tourneo Courier<\/p>\n<p>Se hai il nuovo <strong>Tourneo Courier<\/strong> o <strong>Transit Courier 2023+<\/strong>, il <a href=\"https:\/\/camporan.com\/estructura-de-cama-mini-van\/\" target=\"_blank\" rel=\"noopener\">telaio corrispondente \u00e8 il MiniVAN. <\/a><\/p>\n<h2><strong>CARATTERISTICHE PRINCIPALI:<\/strong><\/h2>\n<p>Design esclusivo per il micro-furgone Ford pi\u00f9 venduto, che ti permette di avere una struttura letto per il Ford Transit Courier e il Ford Tourneo Courier.<\/p>\n<p>Leggero e facile da trasportare, riporre e montare o smontare. Si monta in meno di 2 minuti e permette di utilizzare gran parte del bagagliaio, anche con i materassi del letto.<br \/>\nNon influisce sul telaio del veicolo.<\/p>\n<h2>CARATTERISTICHE TECNICHE:<\/h2>\n<h3>Materiali:<\/h3>\n<ul>\n<li>Il materiale di base \u00e8 compensato di betulla da 12 mm (tavola marina), rivestito con resina marrone, liscio su un lato e antiscivolo sul lato superiore per evitare che il materasso del furgone scivoli.<\/li>\n<li>Bordi arrotondati e sigillati nella zona del bagagliaio e con feltro adesivo nelle zone di contatto con la carrozzeria.<\/li>\n<\/ul>\n<h3>Preparazione:<\/h3>\n<ul>\n<li>I pezzi hanno gi\u00e0 le dimensioni del Courier, sia esso Transit Courier o Tourneo Courier.<\/li>\n<\/ul>\n<h3>Montaggio e smontaggio facile e veloce:<\/h3>\n<ul>\n<li>Il montaggio del letto \u00e8 molto semplice e non influisce sul telaio del tuo furgone Ford.<\/li>\n<li>Peso: 26 kg.<\/li>\n<li>Dimensioni: 185 x 130 cm.<\/li>\n<\/ul>\n","protected":false},"excerpt":{"rendered":"<p>La struttura letto per Ford Courier \u00e8 la pi\u00f9 economica del catalogo Camporan, progettata su misura per il Ford Transit Courier e il Ford Tourneo Courier. Leggera, compatta e robusta, si monta e si smonta in pochi minuti senza bisogno di attrezzi, con spazio utilizzabile sotto il letto. Materasso non incluso, cos\u00ec potrai scegliere il tuo o abbinarlo al materasso Camporan per Courier. Costruzione di qualit\u00e0 al prezzo pi\u00f9 accessibile della gamma, a partire da 620 \u20ac.   <\/p>\n","protected":false},"author":7,"featured_media":8707,"comment_status":"open","ping_status":"closed","template":"","meta":{"om_disable_all_campaigns":false,"_uag_custom_page_level_css":"","site-sidebar-layout":"default","site-content-layout":"default","ast-site-content-layout":"default","site-content-style":"default","site-sidebar-style":"default","ast-global-header-display":"","ast-banner-title-visibility":"","ast-main-header-display":"","ast-hfb-above-header-display":"","ast-hfb-below-header-display":"","ast-hfb-mobile-header-display":"","site-post-title":"","ast-breadcrumbs-content":"","ast-featured-img":"","footer-sml-layout":"","ast-disable-related-posts":"","theme-transparent-header-meta":"default","adv-header-id-meta":"","stick-header-meta":"default","header-above-stick-meta":"","header-main-stick-meta":"","header-below-stick-meta":"","astra-migrate-meta-layouts":"default","ast-page-background-enabled":"default","ast-page-background-meta":{"desktop":{"background-color":"","background-image":"","background-repeat":"repeat","background-position":"center center","background-size":"auto","background-attachment":"scroll","background-type":"","background-media":"","overlay-type":"","overlay-color":"","overlay-opacity":"","overlay-gradient":""},"tablet":{"background-color":"","background-image":"","background-repeat":"repeat","background-position":"center center","background-size":"auto","background-attachment":"scroll","background-type":"","background-media":"","overlay-type":"","overlay-color":"","overlay-opacity":"","overlay-gradient":""},"mobile":{"background-color":"","background-image":"","background-repeat":"repeat","background-position":"center center","background-size":"auto","background-attachment":"scroll","background-type":"","background-media":"","overlay-type":"","overlay-color":"","overlay-opacity":"","overlay-gradient":""}},"ast-content-background-meta":{"desktop":{"background-color":"var(--ast-global-color-5)","background-image":"","background-repeat":"repeat","background-position":"center center","background-size":"auto","background-attachment":"scroll","background-type":"","background-media":"","overlay-type":"","overlay-color":"","overlay-opacity":"","overlay-gradient":""},"tablet":{"background-color":"var(--ast-global-color-5)","background-image":"","background-repeat":"repeat","background-position":"center center","background-size":"auto","background-attachment":"scroll","background-type":"","background-media":"","overlay-type":"","overlay-color":"","overlay-opacity":"","overlay-gradient":""},"mobile":{"background-color":"var(--ast-global-color-5)","background-image":"","background-repeat":"repeat","background-position":"center center","background-size":"auto","background-attachment":"scroll","background-type":"","background-media":"","overlay-type":"","overlay-color":"","overlay-opacity":"","overlay-gradient":""}}},"product_brand":[],"product_cat":[763,709,708],"product_tag":[706,704,702,701,703,707,705],"class_list":{"0":"post-8699","1":"product","2":"type-product","3":"status-publish","4":"has-post-thumbnail","6":"product_cat-strutture-prodotti","7":"product_cat-tourneo-courier","8":"product_cat-transit-courier","9":"product_tag-courier-it","10":"product_tag-ford-it","11":"product_tag-ford-tourneo-courier-it","12":"product_tag-ford-transit-courier-it","13":"product_tag-microfurgone","14":"product_tag-tourneo-it","15":"product_tag-transit-it","16":"desktop-align-center","17":"tablet-align-center","18":"mobile-align-center","19":"ast-product-gallery-layout-horizontal","20":"ast-product-tabs-layout-vertical","22":"first","23":"instock","24":"taxable","25":"shipping-taxable","26":"purchasable","27":"product-type-simple"},"bundled_by":["8858"],"bundle_stock_status":"instock","bundle_stock_quantity":4,"bundle_virtual":false,"bundle_layout":"","bundle_add_to_cart_form_location":"","bundle_editable_in_cart":false,"bundle_sold_individually_context":"","bundle_item_grouping":"","bundle_min_size":"","bundle_max_size":"","bundle_price":[],"bundled_items":[],"bundle_sell_ids":[],"exclude_global_add_ons":false,"addons":[{"name":"Extra per la struttura:","type":"checkbox","position":0,"required":false,"title_format":"label","default":"","description_enable":false,"description":"Le opzioni aggiuntive prevedono una produzione speciale su ordinazione, per cui i tempi di consegna possono aumentare tra 8 e 15 giorni e il diritto di recesso si perde con il materasso, poich\u00e9 si tratta di un prodotto realizzato su misura [Legge 1\/2007 Art 103 c)]","placeholder_enable":false,"placeholder":null,"display":"select","restrictions_type":"any_text","adjust_price":false,"price":"","price_type":"flat_fee","restrictions":false,"min":"0","max":"0","options":[{"label":"3 gambe aggiuntive per una maggiore resistenza, consigliate a chi pesa pi\u00f9 di 80 kg.","price":"15","price_type":"flat_fee","image":0,"visibility":true}],"id":1720440522},{"name":"Extra per il materasso:","type":"checkbox","position":0,"required":false,"title_format":"label","default":"","description_enable":true,"description":"Possono essere richieste modifiche per quanto riguarda il tipo di schiuma, lo spessore o il colore del rivestimento. Ognuna di queste opzioni aggiuntive implica una produzione speciale su ordinazione, quindi i tempi di consegna possono aumentare tra 8 e 15 giorni e il diritto di recesso si perde con il materasso, poich\u00e9 si tratta di un prodotto su misura [Legge 1\/2007 Art 103 c )]","placeholder_enable":false,"placeholder":"","display":"select","restrictions_type":"any_text","adjust_price":false,"price":"","price_type":"flat_fee","restrictions":false,"min":"0","max":"0","options":[{"label":"Aumento dello spessore di 2 cm","price":"40","price_type":"flat_fee","image":0,"visibility":true},{"label":"Densit\u00e0 aumentata a D30 \"duro\"","price":"35","price_type":"flat_fee","image":0,"visibility":true},{"label":"Memory foam da 3 cm, con lo stesso spessore totale","price":"40","price_type":"flat_fee","image":0,"visibility":true},{"label":"Cambio colore della copertina","price":"25","price_type":"flat_fee","image":0,"visibility":true}],"id":1686912989}],"aioseo_notices":[],"spectra_custom_meta":{"_alp_processed":["1776327158"],"_backorders":["notify"],"_download_limit":["-1"],"_download_expiry":["-1"],"_downloadable":["no"],"_manage_stock":["yes"],"_sku":["4114"],"_stock_status":["instock"],"_sold_individually":["no"],"_tax_class":[""],"_tax_status":["taxable"],"_virtual":["no"],"_width":[""],"_height":[""],"_length":[""],"_sale_price":[""],"_sale_price_dates_from":[""],"_sale_price_dates_to":[""],"_wpml_media_duplicate":["1"],"_wpml_media_featured":["0"],"_aviaLayoutBuilder_active":[""],"_low_stock_amount":["0"],"_avia_hide_featured_image":["0"],"_av_el_mgr_version":["1.0"],"_avia_sc_parser_state":["check_only"],"_av_alb_posts_elements_state":["a:0:{}"],"site-sidebar-layout":["default"],"site-content-layout":["default"],"theme-transparent-header-meta":["default"],"stick-header-meta":["default"],"_top_nav_excluded":[""],"_cms_nav_minihome":[""],"wcml_sync_hash":["a:1:{s:15:\"postmeta_fields\";s:32:\"7c40a5814589470beec2b11ba3b1fa7e\";}"],"_downloadable_files":["a:0:{}"],"attr_label_translations":["a:0:{}"],"_product_attributes":["a:0:{}"],"_product_image_gallery":["8737,8727,8717,8722,11447,8742,8712,11152,8732"],"_default_attributes":["a:0:{}"],"_children":["a:0:{}"],"_stock":["4"],"_avia_builder_shortcode_tree":["a:0:{}"],"sidebar":[""],"footer":[""],"header_title_bar":[""],"header_transparency":[""],"layout":[""],"_wcml_average_rating":["5.00"],"_wcml_review_count":["4"],"_wc_average_rating":["5.00"],"_wc_review_count":["4"],"_product_version":["10.4.3"],"_wcml_rating_count":["a:1:{i:5;i:4;}"],"total_sales":["117"],"_product_addons_exclude_global":["0"],"_last_translation_edit_mode":["translation-editor"],"ast-site-content-layout":["default"],"site-content-style":["default"],"site-sidebar-style":["default"],"_crosssell_ids":["a:1:{i:0;i:9048;}"],"_weight":["24"],"_regular_price":["620"],"_price":["620"],"_thumbnail_id":["8707"],"_wpml_word_count":["286"],"_upsell_ids":["a:3:{i:0;i:8451;i:1;i:8771;i:2;i:8858;}"],"_aioseop_title":["Letto mobile per Ford Courier"],"_aioseop_description":["Mobili letto pieghevoli per furgone Ford Transit Courier e Ford Torneo Courier."],"_aioseop_keywords":["camper ford tourneo corriere, camper Ford Transit Courier"],"_aioseo_title":["Struttura letto per Ford Courier | Camporan"],"_aioseo_description":["Estructura de cama para Ford Transit Courier y Tourneo Courier. Ligera, compacta y f\u00e1cil de montar. Sin colch\u00f3n. Desde 620\u20ac, la m\u00e1s accesible de la gama.   "],"_aioseo_keywords":["camperizar ford tourneo corriere, Ford Transit Courier camper"],"_product_addons":["a:1:{i:0;a:20:{s:4:\"name\";s:23:\"Extra per la struttura:\";s:12:\"title_format\";s:5:\"label\";s:18:\"description_enable\";i:0;s:11:\"description\";s:266:\"Le opzioni aggiuntive prevedono una produzione speciale su ordinazione, per cui i tempi di consegna possono aumentare tra 8 e 15 giorni e il diritto di recesso si perde con il materasso, poich\u00e9 si tratta di un prodotto realizzato su misura [Legge 1\/2007 Art 103 c)]\";s:18:\"placeholder_enable\";i:0;s:11:\"placeholder\";N;s:4:\"type\";s:8:\"checkbox\";s:7:\"display\";s:6:\"select\";s:8:\"position\";i:0;s:8:\"required\";i:0;s:12:\"restrictions\";i:0;s:17:\"restrictions_type\";s:8:\"any_text\";s:12:\"adjust_price\";i:0;s:10:\"price_type\";s:8:\"flat_fee\";s:5:\"price\";s:0:\"\";s:2:\"id\";s:10:\"1720440522\";s:3:\"min\";i:0;s:3:\"max\";i:0;s:7:\"default\";s:0:\"\";s:7:\"options\";a:1:{i:0;a:5:{s:5:\"label\";s:85:\"3 gambe aggiuntive per una maggiore resistenza, consigliate a chi pesa pi\u00f9 di 80 kg.\";s:5:\"price\";s:2:\"15\";s:5:\"image\";s:0:\"\";s:10:\"price_type\";s:8:\"flat_fee\";s:10:\"visibility\";i:1;}}}}"],"_schema_json":["a:0:{}"],"_schema_json_timestamp":["1776810298"],"_uag_page_assets":["a:9:{s:3:\"css\";s:0:\"\";s:2:\"js\";s:0:\"\";s:18:\"current_block_list\";a:2:{i:0;s:12:\"core\/heading\";i:1;s:14:\"core\/paragraph\";}s:8:\"uag_flag\";b:0;s:11:\"uag_version\";i:1776790806;s:6:\"gfonts\";a:0:{}s:10:\"gfonts_url\";s:0:\"\";s:12:\"gfonts_files\";a:0:{}s:14:\"uag_faq_layout\";b:0;}"],"_wc_rating_count":[{"5":4}]},"uagb_featured_image_src":{"full":["https:\/\/camporan.com\/wp-content\/uploads\/2018\/06\/Ford-Courier-6990.jpeg",1000,1333,false],"thumbnail":["https:\/\/camporan.com\/wp-content\/uploads\/2018\/06\/Ford-Courier-6990-80x80.jpeg",80,80,true],"medium":["https:\/\/camporan.com\/wp-content\/uploads\/2018\/06\/Ford-Courier-6990-225x300.jpeg",225,300,true],"medium_large":["https:\/\/camporan.com\/wp-content\/uploads\/2018\/06\/Ford-Courier-6990-768x1024.jpeg",768,1024,true],"large":["https:\/\/camporan.com\/wp-content\/uploads\/2018\/06\/Ford-Courier-6990-773x1030.jpeg",773,1030,true],"1536x1536":["https:\/\/camporan.com\/wp-content\/uploads\/2018\/06\/Ford-Courier-6990.jpeg",1000,1333,false],"2048x2048":["https:\/\/camporan.com\/wp-content\/uploads\/2018\/06\/Ford-Courier-6990.jpeg",1000,1333,false],"woocommerce_thumbnail":["https:\/\/camporan.com\/wp-content\/uploads\/2018\/06\/Ford-Courier-6990-600x800.jpeg",600,800,true],"woocommerce_single":["https:\/\/camporan.com\/wp-content\/uploads\/2018\/06\/Ford-Courier-6990-600x800.jpeg",600,800,true],"woocommerce_gallery_thumbnail":["https:\/\/camporan.com\/wp-content\/uploads\/2018\/06\/Ford-Courier-6990-100x100.jpeg",100,100,true],"wcpr-photo-reviews":["https:\/\/camporan.com\/wp-content\/uploads\/2018\/06\/Ford-Courier-6990.jpeg",375,500,false]},"uagb_author_info":{"display_name":"David Lamolla","author_link":"https:\/\/camporan.com\/it\/author\/david_lamolla\/"},"uagb_comment_info":4,"uagb_excerpt":"La struttura letto per Ford Courier \u00e8 la pi\u00f9 economica del catalogo Camporan, progettata su misura per il Ford Transit Courier e il Ford Tourneo Courier. Leggera, compatta e robusta, si monta e si smonta in pochi minuti senza bisogno di attrezzi, con spazio utilizzabile sotto il letto. Materasso non incluso, cos\u00ec potrai scegliere il&hellip;","_links":{"self":[{"href":"https:\/\/camporan.com\/it\/wp-json\/wp\/v2\/product\/8699","targetHints":{"allow":["GET"]}}],"collection":[{"href":"https:\/\/camporan.com\/it\/wp-json\/wp\/v2\/product"}],"about":[{"href":"https:\/\/camporan.com\/it\/wp-json\/wp\/v2\/types\/product"}],"author":[{"embeddable":true,"href":"https:\/\/camporan.com\/it\/wp-json\/wp\/v2\/users\/7"}],"replies":[{"embeddable":true,"href":"https:\/\/camporan.com\/it\/wp-json\/wp\/v2\/comments?post=8699"}],"wp:featuredmedia":[{"embeddable":true,"href":"https:\/\/camporan.com\/it\/wp-json\/wp\/v2\/media\/8707"}],"wp:attachment":[{"href":"https:\/\/camporan.com\/it\/wp-json\/wp\/v2\/media?parent=8699"}],"wp:term":[{"taxonomy":"product_brand","embeddable":true,"href":"https:\/\/camporan.com\/it\/wp-json\/wp\/v2\/product_brand?post=8699"},{"taxonomy":"product_cat","embeddable":true,"href":"https:\/\/camporan.com\/it\/wp-json\/wp\/v2\/product_cat?post=8699"},{"taxonomy":"product_tag","embeddable":true,"href":"https:\/\/camporan.com\/it\/wp-json\/wp\/v2\/product_tag?post=8699"}],"curies":[{"name":"wp","href":"https:\/\/api.w.org\/{rel}","templated":true}]}}