{"id":8671,"date":"2018-06-17T12:29:29","date_gmt":"2018-06-17T10:29:29","guid":{"rendered":"http:\/\/www.camporan.com\/struttura-ford-custom-camper\/"},"modified":"2026-04-08T10:25:26","modified_gmt":"2026-04-08T08:25:26","slug":"giroletto-ford-custom","status":"publish","type":"product","link":"https:\/\/camporan.com\/it\/prodotto\/giroletto-ford-custom\/","title":{"rendered":"Struttura letto per Ford Custom"},"content":{"rendered":"<h2>CON QUALI VERSIONI DELLA FORD CUSTOM \u00c8 COMPATIBILE?<\/h2>\n<p>Ford Transit Custom I e II e Tourneo Custom I (2014-2022)<\/p>\n<p>Attenzione, nella nuova Toureno Custom 2023+, montiamo la rete <a href=\"https:\/\/camporan.com\/estructura-de-cama-van\/\">VAN<\/a>.<\/p>\n<h2>CARATTERISTICHE PRINCIPALI:<\/h2>\n<p>Struttura appositamente studiata per camperizzare il Ford Transit Custom o Tourneo Custom, quindi si adatta perfettamente al suo perimetro.<\/p>\n<p>In meno di 2 minuti, trasformi il tuo furgone in un Ford Custom camper pronto per partire.<\/p>\n<p>Leggero e facile da trasportare, riporre e montare o smontare. \u00c8 possibile utilizzare l&#8217;intero bagagliaio, poich\u00e9 il letto \u00e8 rinforzato per lasciare spazio libero su tutta la larghezza del bagagliaio.<\/p>\n<h2>CARATTERISTICHE TECNICHE:<\/h2>\n<h3>Materiali:<\/h3>\n<ul>\n<li>Il materiale di base \u00e8 compensato di betulla da 12 mm\/15 mm\/18 mm (compensato marino), rivestito di resina marrone, liscio su un lato e antiscivolo sul lato superiore.<\/li>\n<li>Bordi arrotondati, e con feltro adesivo nelle zone di contatto con la carrozzeria.<\/li>\n<\/ul>\n<h3>Preparazione:<\/h3>\n<ul>\n<li>Non \u00e8 richiesta alcuna preparazione. Nel caso di Furgone da 8\/9 posti, l&#8217;ultima fila deve essere rimossa. Se avete il Tourneo Custom o il pacchetto climatizzato posteriore sinistro, indicatelo al momento dell&#8217;ordine.<\/li>\n<\/ul>\n<h3>Montaggio e smontaggio senza attrezzi:<\/h3>\n<ul>\n<li>Il montaggio \u00e8 molto semplice e non pregiudica il telaio del veicolo.<\/li>\n<li>Peso: 28 kg.<\/li>\n<li>Dimensioni rete: 164 x 146 cm. (larghezza per lunghezza). Dimensioni totali del letto: 200&#215;146 cm. E&#8217; possibile ordinare una terza parte del materasso, per la versione L2 o rinunciare alla seconda fila di sedili (ha un supplemento di prezzo).<\/li>\n<\/ul>\n<h2 id=\"extracustom\" class=\"_mPS2id-t mPS2id-target mPS2id-target-first\">Tavola di supporto extra<\/h2>\n<p>\u00c8 possibile estendere l&#8217;ordine aggiungendo una terza scheda di supporto per le versioni L2:<\/p>\n<p><img loading=\"lazy\" decoding=\"async\" class=\"alignnone size-medium wp-image-9726\" src=\"https:\/\/camporan.com\/wp-content\/uploads\/2018\/06\/camporan-kit-camper-ford-custom-opcion-2-300x215.jpg\" alt=\"\" width=\"300\" height=\"215\" srcset=\"https:\/\/camporan.com\/wp-content\/uploads\/2018\/06\/camporan-kit-camper-ford-custom-opcion-2-300x215.jpg 300w, https:\/\/camporan.com\/wp-content\/uploads\/2018\/06\/camporan-kit-camper-ford-custom-opcion-2-600x431.jpg 600w, https:\/\/camporan.com\/wp-content\/uploads\/2018\/06\/camporan-kit-camper-ford-custom-opcion-2-1030x739.jpg 1030w, https:\/\/camporan.com\/wp-content\/uploads\/2018\/06\/camporan-kit-camper-ford-custom-opcion-2-768x551.jpg 768w, https:\/\/camporan.com\/wp-content\/uploads\/2018\/06\/camporan-kit-camper-ford-custom-opcion-2.jpg 1200w\" sizes=\"auto, (max-width: 300px) 100vw, 300px\" \/> <img loading=\"lazy\" decoding=\"async\" class=\"alignnone size-medium wp-image-9721\" src=\"https:\/\/camporan.com\/wp-content\/uploads\/2018\/06\/camporan-kit-camper-ford-custom-opcion-1-300x215.jpg\" alt=\"\" width=\"300\" height=\"215\" srcset=\"https:\/\/camporan.com\/wp-content\/uploads\/2018\/06\/camporan-kit-camper-ford-custom-opcion-1-300x215.jpg 300w, https:\/\/camporan.com\/wp-content\/uploads\/2018\/06\/camporan-kit-camper-ford-custom-opcion-1-600x431.jpg 600w, https:\/\/camporan.com\/wp-content\/uploads\/2018\/06\/camporan-kit-camper-ford-custom-opcion-1-1030x739.jpg 1030w, https:\/\/camporan.com\/wp-content\/uploads\/2018\/06\/camporan-kit-camper-ford-custom-opcion-1-768x551.jpg 768w, https:\/\/camporan.com\/wp-content\/uploads\/2018\/06\/camporan-kit-camper-ford-custom-opcion-1.jpg 1200w\" sizes=\"auto, (max-width: 300px) 100vw, 300px\" \/> <img loading=\"lazy\" decoding=\"async\" class=\"alignnone size-medium wp-image-9716\" src=\"https:\/\/camporan.com\/wp-content\/uploads\/2018\/06\/camporan-kit-camper-ford-custom-opcion-3-300x215.jpg\" alt=\"\" width=\"300\" height=\"215\" srcset=\"https:\/\/camporan.com\/wp-content\/uploads\/2018\/06\/camporan-kit-camper-ford-custom-opcion-3-300x215.jpg 300w, https:\/\/camporan.com\/wp-content\/uploads\/2018\/06\/camporan-kit-camper-ford-custom-opcion-3-600x431.jpg 600w, https:\/\/camporan.com\/wp-content\/uploads\/2018\/06\/camporan-kit-camper-ford-custom-opcion-3-1030x739.jpg 1030w, https:\/\/camporan.com\/wp-content\/uploads\/2018\/06\/camporan-kit-camper-ford-custom-opcion-3-768x551.jpg 768w, https:\/\/camporan.com\/wp-content\/uploads\/2018\/06\/camporan-kit-camper-ford-custom-opcion-3.jpg 1200w\" sizes=\"auto, (max-width: 300px) 100vw, 300px\" \/><\/p>\n<h2>Trim per Transit con AA<\/h2>\n<p>Puoi estendere il tuo ordine aggiungendo l&#8217;opzione di allestimento per il tuo Ford Tourneo Custom o Transit Custom con il pacchetto aria condizionata posteriore:<\/p>\n<p><img loading=\"lazy\" decoding=\"async\" class=\"alignnone size-medium wp-image-9753\" src=\"https:\/\/camporan.com\/wp-content\/uploads\/2018\/06\/camporan-fod-transit-custom-aacc-1-300x300.jpg\" alt=\"\" width=\"300\" height=\"300\" srcset=\"https:\/\/camporan.com\/wp-content\/uploads\/2018\/06\/camporan-fod-transit-custom-aacc-1-300x300.jpg 300w, https:\/\/camporan.com\/wp-content\/uploads\/2018\/06\/camporan-fod-transit-custom-aacc-1-600x600.jpg 600w, https:\/\/camporan.com\/wp-content\/uploads\/2018\/06\/camporan-fod-transit-custom-aacc-1-100x100.jpg 100w, https:\/\/camporan.com\/wp-content\/uploads\/2018\/06\/camporan-fod-transit-custom-aacc-1-80x80.jpg 80w, https:\/\/camporan.com\/wp-content\/uploads\/2018\/06\/camporan-fod-transit-custom-aacc-1-768x768.jpg 768w, https:\/\/camporan.com\/wp-content\/uploads\/2018\/06\/camporan-fod-transit-custom-aacc-1.jpg 800w\" sizes=\"auto, (max-width: 300px) 100vw, 300px\" \/> <img loading=\"lazy\" decoding=\"async\" class=\"alignnone size-medium wp-image-9758\" src=\"https:\/\/camporan.com\/wp-content\/uploads\/2018\/06\/camporan-fod-transit-custom-aacc-2-300x300.jpg\" alt=\"\" width=\"300\" height=\"300\" srcset=\"https:\/\/camporan.com\/wp-content\/uploads\/2018\/06\/camporan-fod-transit-custom-aacc-2-300x300.jpg 300w, https:\/\/camporan.com\/wp-content\/uploads\/2018\/06\/camporan-fod-transit-custom-aacc-2-600x600.jpg 600w, https:\/\/camporan.com\/wp-content\/uploads\/2018\/06\/camporan-fod-transit-custom-aacc-2-100x100.jpg 100w, https:\/\/camporan.com\/wp-content\/uploads\/2018\/06\/camporan-fod-transit-custom-aacc-2-80x80.jpg 80w, https:\/\/camporan.com\/wp-content\/uploads\/2018\/06\/camporan-fod-transit-custom-aacc-2-768x768.jpg 768w, https:\/\/camporan.com\/wp-content\/uploads\/2018\/06\/camporan-fod-transit-custom-aacc-2.jpg 800w\" sizes=\"auto, (max-width: 300px) 100vw, 300px\" \/><\/p>\n","protected":false},"excerpt":{"rendered":"<p>La struttura letto per Ford Custom Transit e Tourneo che si installa e si smonta in pochi minuti. Progettata su misura per il Ford Transit Custom e il modello 2024+ e il Ford Tourneo Custom, con spazio di stivaggio utilizzabile sotto il letto. Realizzata in compensato di betulla marino: leggera, rigida e fatta per durare. Materasso non incluso, abbinalo al materasso Camporan per Custom o al tuo. Se cerchi il pacchetto completo con materasso incluso, lo abbiamo disponibile.    <\/p>\n<h2>Hai il nuovo Ford Transit Custom 2024+?<\/h2>\n<p>Approfitta dello <strong>sconto esclusivo di lancio del 20%<\/strong>!<br \/>\nUn&#8217;opportunit\u00e0 unica per equipaggiare il tuo Transit Custom al miglior prezzo.  <em>(Si applicano le condizioni).<\/em><\/p>\n","protected":false},"author":7,"featured_media":8679,"comment_status":"open","ping_status":"closed","template":"","meta":{"om_disable_all_campaigns":false,"_uag_custom_page_level_css":"","site-sidebar-layout":"default","site-content-layout":"default","ast-site-content-layout":"default","site-content-style":"default","site-sidebar-style":"default","ast-global-header-display":"","ast-banner-title-visibility":"","ast-main-header-display":"","ast-hfb-above-header-display":"","ast-hfb-below-header-display":"","ast-hfb-mobile-header-display":"","site-post-title":"","ast-breadcrumbs-content":"","ast-featured-img":"","footer-sml-layout":"","ast-disable-related-posts":"","theme-transparent-header-meta":"default","adv-header-id-meta":"","stick-header-meta":"default","header-above-stick-meta":"","header-main-stick-meta":"","header-below-stick-meta":"","astra-migrate-meta-layouts":"default","ast-page-background-enabled":"default","ast-page-background-meta":{"desktop":{"background-color":"","background-image":"","background-repeat":"repeat","background-position":"center center","background-size":"auto","background-attachment":"scroll","background-type":"","background-media":"","overlay-type":"","overlay-color":"","overlay-opacity":"","overlay-gradient":""},"tablet":{"background-color":"","background-image":"","background-repeat":"repeat","background-position":"center center","background-size":"auto","background-attachment":"scroll","background-type":"","background-media":"","overlay-type":"","overlay-color":"","overlay-opacity":"","overlay-gradient":""},"mobile":{"background-color":"","background-image":"","background-repeat":"repeat","background-position":"center center","background-size":"auto","background-attachment":"scroll","background-type":"","background-media":"","overlay-type":"","overlay-color":"","overlay-opacity":"","overlay-gradient":""}},"ast-content-background-meta":{"desktop":{"background-color":"var(--ast-global-color-5)","background-image":"","background-repeat":"repeat","background-position":"center center","background-size":"auto","background-attachment":"scroll","background-type":"","background-media":"","overlay-type":"","overlay-color":"","overlay-opacity":"","overlay-gradient":""},"tablet":{"background-color":"var(--ast-global-color-5)","background-image":"","background-repeat":"repeat","background-position":"center center","background-size":"auto","background-attachment":"scroll","background-type":"","background-media":"","overlay-type":"","overlay-color":"","overlay-opacity":"","overlay-gradient":""},"mobile":{"background-color":"var(--ast-global-color-5)","background-image":"","background-repeat":"repeat","background-position":"center center","background-size":"auto","background-attachment":"scroll","background-type":"","background-media":"","overlay-type":"","overlay-color":"","overlay-opacity":"","overlay-gradient":""}}},"product_brand":[],"product_cat":[763,798,712],"product_tag":[711,704,710,705],"class_list":{"0":"post-8671","1":"product","2":"type-product","3":"status-publish","4":"has-post-thumbnail","6":"product_cat-strutture-prodotti","7":"product_cat-tourneo-custom","8":"product_cat-transit-custom","9":"product_tag-custom-it","10":"product_tag-ford-it","11":"product_tag-ford-transit-custom-it","12":"product_tag-transit-it","13":"desktop-align-center","14":"tablet-align-center","15":"mobile-align-center","16":"ast-product-gallery-layout-horizontal","17":"ast-product-tabs-layout-vertical","19":"first","20":"instock","21":"taxable","22":"shipping-taxable","23":"purchasable","24":"product-type-simple"},"bundled_by":["8854"],"bundle_stock_status":"instock","bundle_stock_quantity":24,"bundle_virtual":false,"bundle_layout":"","bundle_add_to_cart_form_location":"","bundle_editable_in_cart":false,"bundle_sold_individually_context":"","bundle_item_grouping":"","bundle_min_size":"","bundle_max_size":"","bundle_price":[],"bundled_items":[],"bundle_sell_ids":[],"exclude_global_add_ons":false,"addons":[{"name":"Extra","type":"checkbox","position":0,"required":false,"title_format":"label","default":"","description_enable":true,"description":"Aggiungi l'opzione della terza tavola di supporto supplementare per le versioni L2 e l'opzione di allestimento per le versioni Custom con aria condizionata <a href=\"#extracustom\"> Maggiori informazioni<\/a>","placeholder_enable":false,"placeholder":null,"display":"select","restrictions_type":"any_text","adjust_price":false,"price":"","price_type":"flat_fee","restrictions":false,"min":"0","max":"0","options":[{"label":"Pensione supplementare","price":"90","price_type":"flat_fee","image":0,"visibility":true},{"label":"Trim per Toureno o Transit con aria condizionata posteriore.","price":"35","price_type":"flat_fee","image":0,"visibility":true}],"id":1713375018},{"name":"Extra per il materasso:","type":"checkbox","position":0,"required":false,"title_format":"label","default":"","description_enable":true,"description":"Possono essere richieste modifiche per quanto riguarda il tipo di schiuma, lo spessore o il colore del rivestimento. Ognuna di queste opzioni aggiuntive implica una produzione speciale su ordinazione, quindi i tempi di consegna possono aumentare tra 8 e 15 giorni e il diritto di recesso si perde con il materasso, poich\u00e9 si tratta di un prodotto su misura [Legge 1\/2007 Art 103 c )]","placeholder_enable":false,"placeholder":"","display":"select","restrictions_type":"any_text","adjust_price":false,"price":"","price_type":"flat_fee","restrictions":false,"min":"0","max":"0","options":[{"label":"Aumento dello spessore di 2 cm","price":"40","price_type":"flat_fee","image":0,"visibility":true},{"label":"Densit\u00e0 aumentata a D30 \"duro\"","price":"35","price_type":"flat_fee","image":0,"visibility":true},{"label":"Memory foam da 3 cm, con lo stesso spessore totale","price":"40","price_type":"flat_fee","image":0,"visibility":true},{"label":"Cambio colore della copertina","price":"25","price_type":"flat_fee","image":0,"visibility":true}],"id":1686912989}],"aioseo_notices":[],"spectra_custom_meta":{"_alp_processed":["1775627351"],"_backorders":["notify"],"_download_limit":["-1"],"_download_expiry":["-1"],"_downloadable":["no"],"_manage_stock":["yes"],"_sku":["4112"],"_stock_status":["instock"],"_sold_individually":["no"],"_tax_class":[""],"_tax_status":["taxable"],"_virtual":["no"],"_weight":["28"],"_width":["80"],"_height":["12"],"_length":["170"],"total_sales":["66"],"_sale_price":[""],"_sale_price_dates_from":[""],"_sale_price_dates_to":[""],"_wpml_media_duplicate":["1"],"_wpml_media_featured":["0"],"_aviaLayoutBuilder_active":[""],"_low_stock_amount":["0"],"_avia_hide_featured_image":["0"],"_av_el_mgr_version":["1.0"],"_avia_sc_parser_state":["check_only"],"_av_alb_posts_elements_state":["a:0:{}"],"site-sidebar-layout":["default"],"site-content-layout":["default"],"theme-transparent-header-meta":["default"],"stick-header-meta":["default"],"_top_nav_excluded":[""],"_cms_nav_minihome":[""],"wcml_sync_hash":["a:1:{s:15:\"postmeta_fields\";s:32:\"a8f23cea8db615930efde85c11eb2b2e\";}"],"_downloadable_files":["a:0:{}"],"attr_label_translations":["a:0:{}"],"_product_attributes":["a:0:{}"],"_product_image_gallery":["8679,8684,8689,11152,11452,13368"],"_default_attributes":["a:0:{}"],"_children":["a:0:{}"],"_stock":["24"],"_avia_builder_shortcode_tree":["a:0:{}"],"sidebar":[""],"footer":[""],"header_title_bar":[""],"header_transparency":[""],"layout":[""],"_edit_lock":["1678126005:58"],"_edit_last":["58"],"_related_ids":["a:2:{i:0;i:8537;i:1;i:8854;}"],"_vtwf_enable_tab":["no"],"_vtwf_tab_title":[""],"_vtwf_hide_title":["no"],"_vtwf_video_content":[""],"_wc_average_rating":["5.00"],"_wc_review_count":["3"],"_product_version":["10.6.2"],"_aioseo_og_article_section":[""],"_aioseo_og_article_tags":[""],"_wpml_media_has_media":["1"],"_last_translation_edit_mode":["translation-editor"],"_wcml_average_rating":["5.00"],"_wcml_review_count":["3"],"_wcml_rating_count":["a:1:{i:5;i:3;}"],"_product_meta_id":["0"],"_product_addons_exclude_global":["0"],"ast-site-content-layout":["default"],"site-content-style":["default"],"site-sidebar-style":["default"],"_crosssell_ids":["a:1:{i:0;i:9049;}"],"_thumbnail_id":["8679"],"_regular_price":["740"],"_price":["740"],"_wpml_word_count":["421"],"_upsell_ids":["a:3:{i:0;i:8537;i:1;i:8854;i:2;i:8747;}"],"_aioseop_title":["Struttura per camper Ford Custom"],"_aioseop_description":["Giroletto per camperizzare il furgone Ford Custom"],"_aioseop_keywords":["camper Ford Transit Custom"],"_aioseo_title":["Struttura letto per Ford Custom | Camporan"],"_aioseo_description":["Struttura letto per Ford Transit Custom e Tourneo Custom 2024+. Montaggio senza attrezzi, spazio di stivaggio sotto il letto. Materasso non incluso. A partire da 740 \u20ac.   "],"_aioseo_keywords":["camper Ford Transit Custom"],"_product_addons":["a:1:{i:0;a:20:{s:4:\"name\";s:5:\"Extra\";s:12:\"title_format\";s:5:\"label\";s:18:\"description_enable\";i:1;s:11:\"description\";s:205:\"Aggiungi l'opzione della terza tavola di supporto supplementare per le versioni L2 e l'opzione di allestimento per le versioni Custom con aria condizionata <a href=\"#extracustom\"> Maggiori informazioni<\/a>\";s:18:\"placeholder_enable\";i:0;s:11:\"placeholder\";N;s:4:\"type\";s:8:\"checkbox\";s:7:\"display\";s:6:\"select\";s:8:\"position\";i:0;s:8:\"required\";i:0;s:12:\"restrictions\";i:0;s:17:\"restrictions_type\";s:8:\"any_text\";s:12:\"adjust_price\";i:0;s:10:\"price_type\";s:8:\"flat_fee\";s:5:\"price\";s:0:\"\";s:2:\"id\";s:10:\"1713375018\";s:3:\"min\";i:0;s:3:\"max\";i:0;s:7:\"default\";s:0:\"\";s:7:\"options\";a:2:{i:0;a:5:{s:5:\"label\";s:22:\"Pensione supplementare\";s:5:\"price\";s:2:\"90\";s:5:\"image\";s:0:\"\";s:10:\"price_type\";s:8:\"flat_fee\";s:10:\"visibility\";i:1;}i:1;a:5:{s:5:\"label\";s:60:\"Trim per Toureno o Transit con aria condizionata posteriore.\";s:5:\"price\";s:2:\"35\";s:5:\"image\";s:0:\"\";s:10:\"price_type\";s:8:\"flat_fee\";s:10:\"visibility\";i:1;}}}}"],"_schema_json":["a:0:{}"],"_schema_json_timestamp":["1776425782"],"_uag_page_assets":["a:9:{s:3:\"css\";s:0:\"\";s:2:\"js\";s:0:\"\";s:18:\"current_block_list\";a:2:{i:0;s:12:\"core\/heading\";i:1;s:14:\"core\/paragraph\";}s:8:\"uag_flag\";b:0;s:11:\"uag_version\";s:10:\"1776413831\";s:6:\"gfonts\";a:0:{}s:10:\"gfonts_url\";s:0:\"\";s:12:\"gfonts_files\";a:0:{}s:14:\"uag_faq_layout\";b:0;}"],"_wc_rating_count":[{"5":3}]},"uagb_featured_image_src":{"full":["https:\/\/camporan.com\/wp-content\/uploads\/2018\/06\/Ford-Custom_6954.jpeg",1000,750,false],"thumbnail":["https:\/\/camporan.com\/wp-content\/uploads\/2018\/06\/Ford-Custom_6954-80x80.jpeg",80,80,true],"medium":["https:\/\/camporan.com\/wp-content\/uploads\/2018\/06\/Ford-Custom_6954-300x225.jpeg",300,225,true],"medium_large":["https:\/\/camporan.com\/wp-content\/uploads\/2018\/06\/Ford-Custom_6954-768x576.jpeg",768,576,true],"large":["https:\/\/camporan.com\/wp-content\/uploads\/2018\/06\/Ford-Custom_6954.jpeg",1000,750,false],"1536x1536":["https:\/\/camporan.com\/wp-content\/uploads\/2018\/06\/Ford-Custom_6954.jpeg",1000,750,false],"2048x2048":["https:\/\/camporan.com\/wp-content\/uploads\/2018\/06\/Ford-Custom_6954.jpeg",1000,750,false],"woocommerce_thumbnail":["https:\/\/camporan.com\/wp-content\/uploads\/2018\/06\/Ford-Custom_6954-600x450.jpeg",600,450,true],"woocommerce_single":["https:\/\/camporan.com\/wp-content\/uploads\/2018\/06\/Ford-Custom_6954-600x450.jpeg",600,450,true],"woocommerce_gallery_thumbnail":["https:\/\/camporan.com\/wp-content\/uploads\/2018\/06\/Ford-Custom_6954-100x100.jpeg",100,100,true],"wcpr-photo-reviews":["https:\/\/camporan.com\/wp-content\/uploads\/2018\/06\/Ford-Custom_6954.jpeg",500,375,false]},"uagb_author_info":{"display_name":"David Lamolla","author_link":"https:\/\/camporan.com\/it\/author\/david_lamolla\/"},"uagb_comment_info":3,"uagb_excerpt":"La struttura letto per Ford Custom Transit e Tourneo che si installa e si smonta in pochi minuti. Progettata su misura per il Ford Transit Custom e il modello 2024+ e il Ford Tourneo Custom, con spazio di stivaggio utilizzabile sotto il letto. Realizzata in compensato di betulla marino: leggera, rigida e fatta per durare.&hellip;","_links":{"self":[{"href":"https:\/\/camporan.com\/it\/wp-json\/wp\/v2\/product\/8671","targetHints":{"allow":["GET"]}}],"collection":[{"href":"https:\/\/camporan.com\/it\/wp-json\/wp\/v2\/product"}],"about":[{"href":"https:\/\/camporan.com\/it\/wp-json\/wp\/v2\/types\/product"}],"author":[{"embeddable":true,"href":"https:\/\/camporan.com\/it\/wp-json\/wp\/v2\/users\/7"}],"replies":[{"embeddable":true,"href":"https:\/\/camporan.com\/it\/wp-json\/wp\/v2\/comments?post=8671"}],"wp:featuredmedia":[{"embeddable":true,"href":"https:\/\/camporan.com\/it\/wp-json\/wp\/v2\/media\/8679"}],"wp:attachment":[{"href":"https:\/\/camporan.com\/it\/wp-json\/wp\/v2\/media?parent=8671"}],"wp:term":[{"taxonomy":"product_brand","embeddable":true,"href":"https:\/\/camporan.com\/it\/wp-json\/wp\/v2\/product_brand?post=8671"},{"taxonomy":"product_cat","embeddable":true,"href":"https:\/\/camporan.com\/it\/wp-json\/wp\/v2\/product_cat?post=8671"},{"taxonomy":"product_tag","embeddable":true,"href":"https:\/\/camporan.com\/it\/wp-json\/wp\/v2\/product_tag?post=8671"}],"curies":[{"name":"wp","href":"https:\/\/api.w.org\/{rel}","templated":true}]}}