{"id":8645,"date":"2018-06-17T12:39:35","date_gmt":"2018-06-17T10:39:35","guid":{"rendered":"http:\/\/www.camporan.com\/giroletto-nv200\/"},"modified":"2026-04-08T07:31:49","modified_gmt":"2026-04-08T05:31:49","slug":"giroletto-nv200","status":"publish","type":"product","link":"https:\/\/camporan.com\/it\/prodotto\/giroletto-nv200\/","title":{"rendered":"Struttura letto per Nissan NV200"},"content":{"rendered":"<h2>CON QUALI VERSIONI DEL NISSAN NV200 \u00c8 COMPATIBILE?<\/h2>\n<p>Nissan NV200 \/ Nissan NV200 Evalia \/ Nissan NV200 Evalia con aria condizionata posteriore (indicare quale modello al momento dell&#8217;ordine)<\/p>\n<h2>CARATTERISTICHE PRINCIPALI:<\/h2>\n<p>Struttura letto versatile per Nissan NV200, progettata per trasformare il tuo furgone Nissan NV200 in un camper.<\/p>\n<p>Leggero e facile da trasportare, riporre, montare e smontare.<br \/>\n\u00c8 possibile utilizzare l&#8217;intero spazio del bagagliaio, poich\u00e9 il cassone \u00e8 rinforzato per sfruttare al meglio lo spazio tra i passaruota, senza supporti intermedi.<\/p>\n<p>Materasso non incluso.<\/p>\n<h2>CARATTERISTICHE TECNICHE:<\/h2>\n<h3>Materiali:<\/h3>\n<ul>\n<li>Il materiale di base \u00e8 compensato di betulla da 12 mm (bordo marino), rivestito con resina marrone, liscio su un lato e antiscivolo sull&#8217;altro.<\/li>\n<li>Bordi arrotondati e sigillati nella zona del bagagliaio e con filtro adesivo nelle zone a contatto con la carrozzeria.<\/li>\n<\/ul>\n<h3>Preparazione:<\/h3>\n<ul>\n<li>I pezzi sono gi\u00e0 dimensionati per NV200 o Evalia.<br \/>\nNel caso di Evalia o Evalia con climatizzatore retrofit, questo deve essere indicato nell&#8217;ordine. Se possiedi un modello 7 posti, e vuoi tenerli, indicalo al momento in ordine.<\/li>\n<\/ul>\n<h3>Montaggio e smontaggio in pochi secondi:<\/h3>\n<ul>\n<li>Il montaggio della rete per la Nissan \u00e8 molto semplice e non intacca il telaio del veicolo. In meno di 2 minuti avrai un camper Nissan NV200, pronto per iniziare a viaggiare.<\/li>\n<li>Al ritorno, puoi tenere il kit nel bagagliaio, oppure smontarlo e riporlo: furgone pronto per il lavoro.<\/li>\n<li>Peso: 28 kg.<br \/>\nDimensioni: 190 x 140 cm.<\/li>\n<\/ul>\n","protected":false},"excerpt":{"rendered":"<p>La struttura letto per Nissan NV200 che si monta e si smonta in pochi secondi. Progettata su misura per NV200, NV200 Evalia ed Evalia con climatizzatore posteriore, con spazio di stivaggio utilizzabile sotto il letto. Realizzata in compensato di betulla marina: leggera, rigida e pensata per durare nel tempo. Materasso non incluso, abbinalo al materasso Camporan per NV200 o al tuo. Una soluzione completa per trasformare il tuo furgone in camper senza complicazioni.    <\/p>\n","protected":false},"author":7,"featured_media":13263,"comment_status":"open","ping_status":"closed","template":"","meta":{"om_disable_all_campaigns":false,"_uag_custom_page_level_css":"","site-sidebar-layout":"default","site-content-layout":"default","ast-site-content-layout":"default","site-content-style":"default","site-sidebar-style":"default","ast-global-header-display":"","ast-banner-title-visibility":"","ast-main-header-display":"","ast-hfb-above-header-display":"","ast-hfb-below-header-display":"","ast-hfb-mobile-header-display":"","site-post-title":"","ast-breadcrumbs-content":"","ast-featured-img":"","footer-sml-layout":"","ast-disable-related-posts":"","theme-transparent-header-meta":"default","adv-header-id-meta":"","stick-header-meta":"default","header-above-stick-meta":"","header-main-stick-meta":"","header-below-stick-meta":"","astra-migrate-meta-layouts":"default","ast-page-background-enabled":"default","ast-page-background-meta":{"desktop":{"background-color":"","background-image":"","background-repeat":"repeat","background-position":"center center","background-size":"auto","background-attachment":"scroll","background-type":"","background-media":"","overlay-type":"","overlay-color":"","overlay-opacity":"","overlay-gradient":""},"tablet":{"background-color":"","background-image":"","background-repeat":"repeat","background-position":"center center","background-size":"auto","background-attachment":"scroll","background-type":"","background-media":"","overlay-type":"","overlay-color":"","overlay-opacity":"","overlay-gradient":""},"mobile":{"background-color":"","background-image":"","background-repeat":"repeat","background-position":"center center","background-size":"auto","background-attachment":"scroll","background-type":"","background-media":"","overlay-type":"","overlay-color":"","overlay-opacity":"","overlay-gradient":""}},"ast-content-background-meta":{"desktop":{"background-color":"var(--ast-global-color-5)","background-image":"","background-repeat":"repeat","background-position":"center center","background-size":"auto","background-attachment":"scroll","background-type":"","background-media":"","overlay-type":"","overlay-color":"","overlay-opacity":"","overlay-gradient":""},"tablet":{"background-color":"var(--ast-global-color-5)","background-image":"","background-repeat":"repeat","background-position":"center center","background-size":"auto","background-attachment":"scroll","background-type":"","background-media":"","overlay-type":"","overlay-color":"","overlay-opacity":"","overlay-gradient":""},"mobile":{"background-color":"var(--ast-global-color-5)","background-image":"","background-repeat":"repeat","background-position":"center center","background-size":"auto","background-attachment":"scroll","background-type":"","background-media":"","overlay-type":"","overlay-color":"","overlay-opacity":"","overlay-gradient":""}}},"product_brand":[],"product_cat":[721,720,763],"product_tag":[713,714,715],"class_list":{"0":"post-8645","1":"product","2":"type-product","3":"status-publish","4":"has-post-thumbnail","6":"product_cat-evalia","7":"product_cat-nv200","8":"product_cat-strutture-prodotti","9":"product_tag-nissan-nv200-it","10":"product_tag-nissan-nv200-evalia-it","11":"product_tag-nissan-nv200-evalia-con-aria-condizionata-posteriore","12":"desktop-align-center","13":"tablet-align-center","14":"mobile-align-center","15":"ast-product-gallery-layout-horizontal","16":"ast-product-tabs-layout-vertical","18":"first","19":"instock","20":"taxable","21":"shipping-taxable","22":"purchasable","23":"product-type-simple"},"bundled_by":["8869"],"bundle_stock_status":"instock","bundle_stock_quantity":11,"bundle_virtual":false,"bundle_layout":"","bundle_add_to_cart_form_location":"","bundle_editable_in_cart":false,"bundle_sold_individually_context":"","bundle_item_grouping":"","bundle_min_size":"","bundle_max_size":"","bundle_price":[],"bundled_items":[],"bundle_sell_ids":[],"exclude_global_add_ons":false,"addons":[{"name":"Extra","type":"checkbox","position":0,"required":false,"title_format":"label","default":"","description_enable":true,"description":"Aggiunta di un'opzione di allestimento per il furgone con rigonfiamento del climatizzatore posteriore.","placeholder_enable":false,"placeholder":null,"display":"select","restrictions_type":"any_text","adjust_price":false,"price":"","price_type":"flat_fee","restrictions":false,"min":"0","max":"0","options":[{"label":"Rivestimenti per NV200 Evalia con aria condizionata","price":"35","price_type":"flat_fee","image":0,"visibility":true}],"id":1699609883},{"name":"Extra per il materasso:","type":"checkbox","position":0,"required":false,"title_format":"label","default":"","description_enable":true,"description":"Possono essere richieste modifiche per quanto riguarda il tipo di schiuma, lo spessore o il colore del rivestimento. Ognuna di queste opzioni aggiuntive implica una produzione speciale su ordinazione, quindi i tempi di consegna possono aumentare tra 8 e 15 giorni e il diritto di recesso si perde con il materasso, poich\u00e9 si tratta di un prodotto su misura [Legge 1\/2007 Art 103 c )]","placeholder_enable":false,"placeholder":"","display":"select","restrictions_type":"any_text","adjust_price":false,"price":"","price_type":"flat_fee","restrictions":false,"min":"0","max":"0","options":[{"label":"Aumento dello spessore di 2 cm","price":"40","price_type":"flat_fee","image":0,"visibility":true},{"label":"Densit\u00e0 aumentata a D30 \"duro\"","price":"35","price_type":"flat_fee","image":0,"visibility":true},{"label":"Memory foam da 3 cm, con lo stesso spessore totale","price":"40","price_type":"flat_fee","image":0,"visibility":true},{"label":"Cambio colore della copertina","price":"25","price_type":"flat_fee","image":0,"visibility":true}],"id":1686912989}],"aioseo_notices":[],"spectra_custom_meta":{"_alp_processed":["1775626309"],"_backorders":["notify"],"_download_limit":["-1"],"_download_expiry":["-1"],"_downloadable":["no"],"_manage_stock":["yes"],"_sku":["4105"],"_stock_status":["instock"],"_sold_individually":["no"],"_tax_class":[""],"_tax_status":["taxable"],"_virtual":["no"],"_width":["65"],"_height":["10"],"_length":["145"],"total_sales":["109"],"_sale_price":[""],"_sale_price_dates_from":[""],"_sale_price_dates_to":[""],"_wpml_media_duplicate":["1"],"_wpml_media_featured":["0"],"_aviaLayoutBuilder_active":[""],"_low_stock_amount":["0"],"_avia_hide_featured_image":["0"],"_av_el_mgr_version":["1.0"],"_avia_sc_parser_state":["check_only"],"_av_alb_posts_elements_state":["a:0:{}"],"site-sidebar-layout":["default"],"site-content-layout":["default"],"theme-transparent-header-meta":["default"],"stick-header-meta":["default"],"_top_nav_excluded":[""],"_cms_nav_minihome":[""],"wcml_sync_hash":["a:1:{s:15:\"postmeta_fields\";s:32:\"5dcfbf462808d54a85c0c57809cb164d\";}"],"_downloadable_files":["a:0:{}"],"attr_label_translations":["a:0:{}"],"_product_attributes":["a:0:{}"],"_product_image_gallery":["13263,8666,8661,8656,11152,11441,13913"],"_default_attributes":["a:0:{}"],"_children":["a:0:{}"],"_stock":["11"],"_avia_builder_shortcode_tree":["a:0:{}"],"sidebar":[""],"footer":[""],"header_title_bar":[""],"header_transparency":[""],"layout":[""],"_last_translation_edit_mode":["translation-editor"],"_wcml_average_rating":["5.00"],"_wcml_review_count":["2"],"_wc_average_rating":["5.00"],"_wc_review_count":["2"],"_product_version":["10.3.5"],"_edit_lock":["1644953268:7"],"_edit_last":["7"],"_related_ids":["a:2:{i:0;i:8561;i:1;i:8869;}"],"_vtwf_enable_tab":["no"],"_vtwf_tab_title":[""],"_vtwf_hide_title":["no"],"_vtwf_video_content":[""],"_aioseo_og_article_section":[""],"_aioseo_og_article_tags":[""],"_wpml_media_has_media":["1"],"_wcml_rating_count":["a:1:{i:5;i:2;}"],"_product_addons_exclude_global":["0"],"ast-site-content-layout":["default"],"site-content-style":["default"],"site-sidebar-style":["default"],"_crosssell_ids":["a:1:{i:0;i:9051;}"],"_regular_price":["720"],"_price":["720"],"_thumbnail_id":["13263"],"_weight":["22"],"_wpml_word_count":["326"],"_upsell_ids":["a:3:{i:0;i:8561;i:1;i:8617;i:2;i:8869;}"],"_aioseop_title":["Camper NV200"],"_aioseop_description":["Letto per furgone Nissan NV200 e Nissan NV200 Evalia. Base letto pieghevole per furgone, sfoderabile e molto leggero. "],"_aioseop_keywords":["Letto per Nissan NV200"],"_aioseo_title":["Struttura letto per Nissan NV200 | Camporan"],"_aioseo_description":["Struttura letto pieghevole per Nissan NV200 e NV200 Evalia. Si smonta in pochi secondi, con spazio di stivaggio sotto il letto. Materasso non incluso. A partire da 720 \u20ac.   "],"_aioseo_keywords":["Letto per Nissan NV200"],"_product_addons":["a:1:{i:0;a:20:{s:4:\"name\";s:5:\"Extra\";s:12:\"title_format\";s:5:\"label\";s:18:\"description_enable\";i:1;s:11:\"description\";s:102:\"Aggiunta di un'opzione di allestimento per il furgone con rigonfiamento del climatizzatore posteriore.\";s:18:\"placeholder_enable\";i:0;s:11:\"placeholder\";N;s:4:\"type\";s:8:\"checkbox\";s:7:\"display\";s:6:\"select\";s:8:\"position\";i:0;s:8:\"required\";i:0;s:12:\"restrictions\";i:0;s:17:\"restrictions_type\";s:8:\"any_text\";s:12:\"adjust_price\";i:0;s:10:\"price_type\";s:8:\"flat_fee\";s:5:\"price\";s:0:\"\";s:2:\"id\";s:10:\"1699609883\";s:3:\"min\";i:0;s:3:\"max\";i:0;s:7:\"default\";s:0:\"\";s:7:\"options\";a:1:{i:0;a:5:{s:5:\"label\";s:51:\"Rivestimenti per NV200 Evalia con aria condizionata\";s:5:\"price\";s:2:\"35\";s:5:\"image\";s:0:\"\";s:10:\"price_type\";s:8:\"flat_fee\";s:10:\"visibility\";i:1;}}}}"],"_schema_json":["a:0:{}"],"_schema_json_timestamp":["1778512947"],"_uag_page_assets":["a:9:{s:3:\"css\";s:0:\"\";s:2:\"js\";s:0:\"\";s:18:\"current_block_list\";a:2:{i:0;s:12:\"core\/heading\";i:1;s:14:\"core\/paragraph\";}s:8:\"uag_flag\";b:0;s:11:\"uag_version\";i:1778525281;s:6:\"gfonts\";a:0:{}s:10:\"gfonts_url\";s:0:\"\";s:12:\"gfonts_files\";a:0:{}s:14:\"uag_faq_layout\";b:0;}"],"_wc_rating_count":[{"5":2}]},"uagb_featured_image_src":{"full":["https:\/\/camporan.com\/wp-content\/uploads\/2018\/06\/NV200-EVALIA-bed-Structure-scaled.jpg",1920,1920,false],"thumbnail":["https:\/\/camporan.com\/wp-content\/uploads\/2018\/06\/NV200-EVALIA-bed-Structure-80x80.jpg",80,80,true],"medium":["https:\/\/camporan.com\/wp-content\/uploads\/2018\/06\/NV200-EVALIA-bed-Structure-300x300.jpg",300,300,true],"medium_large":["https:\/\/camporan.com\/wp-content\/uploads\/2018\/06\/NV200-EVALIA-bed-Structure-768x768.jpg",768,768,true],"large":["https:\/\/camporan.com\/wp-content\/uploads\/2018\/06\/NV200-EVALIA-bed-Structure-1030x1030.jpg",1030,1030,true],"1536x1536":["https:\/\/camporan.com\/wp-content\/uploads\/2018\/06\/NV200-EVALIA-bed-Structure-1536x1536.jpg",1536,1536,true],"2048x2048":["https:\/\/camporan.com\/wp-content\/uploads\/2018\/06\/NV200-EVALIA-bed-Structure-2048x2048.jpg",2048,2048,true],"woocommerce_thumbnail":["https:\/\/camporan.com\/wp-content\/uploads\/2018\/06\/NV200-EVALIA-bed-Structure-scaled-600x600.jpg",600,600,true],"woocommerce_single":["https:\/\/camporan.com\/wp-content\/uploads\/2018\/06\/NV200-EVALIA-bed-Structure-scaled-600x600.jpg",600,600,true],"woocommerce_gallery_thumbnail":["https:\/\/camporan.com\/wp-content\/uploads\/2018\/06\/NV200-EVALIA-bed-Structure-scaled-100x100.jpg",100,100,true],"wcpr-photo-reviews":["https:\/\/camporan.com\/wp-content\/uploads\/2018\/06\/NV200-EVALIA-bed-Structure-scaled.jpg",500,500,false]},"uagb_author_info":{"display_name":"David Lamolla","author_link":"https:\/\/camporan.com\/it\/author\/david_lamolla\/"},"uagb_comment_info":2,"uagb_excerpt":"La struttura letto per Nissan NV200 che si monta e si smonta in pochi secondi. Progettata su misura per NV200, NV200 Evalia ed Evalia con climatizzatore posteriore, con spazio di stivaggio utilizzabile sotto il letto. Realizzata in compensato di betulla marina: leggera, rigida e pensata per durare nel tempo. Materasso non incluso, abbinalo al materasso&hellip;","_links":{"self":[{"href":"https:\/\/camporan.com\/it\/wp-json\/wp\/v2\/product\/8645","targetHints":{"allow":["GET"]}}],"collection":[{"href":"https:\/\/camporan.com\/it\/wp-json\/wp\/v2\/product"}],"about":[{"href":"https:\/\/camporan.com\/it\/wp-json\/wp\/v2\/types\/product"}],"author":[{"embeddable":true,"href":"https:\/\/camporan.com\/it\/wp-json\/wp\/v2\/users\/7"}],"replies":[{"embeddable":true,"href":"https:\/\/camporan.com\/it\/wp-json\/wp\/v2\/comments?post=8645"}],"wp:featuredmedia":[{"embeddable":true,"href":"https:\/\/camporan.com\/it\/wp-json\/wp\/v2\/media\/13263"}],"wp:attachment":[{"href":"https:\/\/camporan.com\/it\/wp-json\/wp\/v2\/media?parent=8645"}],"wp:term":[{"taxonomy":"product_brand","embeddable":true,"href":"https:\/\/camporan.com\/it\/wp-json\/wp\/v2\/product_brand?post=8645"},{"taxonomy":"product_cat","embeddable":true,"href":"https:\/\/camporan.com\/it\/wp-json\/wp\/v2\/product_cat?post=8645"},{"taxonomy":"product_tag","embeddable":true,"href":"https:\/\/camporan.com\/it\/wp-json\/wp\/v2\/product_tag?post=8645"}],"curies":[{"name":"wp","href":"https:\/\/api.w.org\/{rel}","templated":true}]}}