{"id":8617,"date":"2019-09-05T17:18:05","date_gmt":"2019-09-05T15:18:05","guid":{"rendered":"http:\/\/www.camporan.com\/telaio-del-letto-sevel\/"},"modified":"2026-04-20T22:09:18","modified_gmt":"2026-04-20T20:09:18","slug":"base-letto-sevel","status":"publish","type":"product","link":"https:\/\/camporan.com\/it\/prodotto\/base-letto-sevel\/","title":{"rendered":"Struttura letto per furgoni Sevel"},"content":{"rendered":"<h2>CON QUALI FURGONI \u00c8 COMPATIBILE SEVEL?<\/h2>\n<p>Peugeot Traveller \/ Citroen \/ Citro\u00ebn Space Tourer \/ Toyota Proace Verso \/ Opel Zafira Live.<\/p>\n<p>Adatto per furgoni di lunghezza normale, lunga e corta (quest&#8217;ultima, si noti).<\/p>\n<h2>CARATTERISTICHE PRINCIPALI:<\/h2>\n<p>Struttura letto per furgoni SEVEL polivalente, progettata per trasformare il tuo furgone in un camper.<\/p>\n<p>Leggero e facile da trasportare, da riporre e da montare o smontare. \u00c8 possibile utilizzare l&#8217;intero bagagliaio del veicolo, poich\u00e9 il letto \u00e8 rinforzato per sfruttare tutto lo spazio tra i passaruota, senza supporti intermedi.<\/p>\n<h2>CARATTERISTICHE TECNICHE:<\/h2>\n<h3>Materiali:<\/h3>\n<ul>\n<li>Il materiale di base \u00e8 multistrato di betulla da 12 mm (compensato marino), ricoperto di pellicola marrone, liscio nella parte inferiore e antiscivolo nella parte superiore.<\/li>\n<li>Bordi arrotondati e sigillati nella zona del bagagliaio e con feltro adesivo nelle zone di contatto con la carrozzeria.<\/li>\n<\/ul>\n<h3>Preparazione:<\/h3>\n<ul>\n<li>\nI pezzi hanno gi\u00e0 le dimensioni del furgone. Se hai un modello a 7 posti, l&#8217;ultima fila deve essere rimossa.<\/li>\n<\/ul>\n<h3>Montaggio e smontaggio senza attrezzi:<\/h3>\n<ul>\n<li>Il montaggio del materasso per il furgone \u00e8 molto semplice e non intacca il telaio del veicolo. In meno di 2 minuti avrai un camper Traveller o SpaceTourer, pronto per iniziare a viaggiare.<\/li>\n<li>Lo smontaggio richiede meno di un minuto e si ripone in piano, con cinghie di velcro per unire i pezzi.<\/li>\n<li>Peso: 26 kg.<\/li>\n<li>Dimensioni: 190 x 140 cm.<\/li>\n<\/ul>\n","protected":false},"excerpt":{"rendered":"<p>La struttura letto per furgoni SEVEL, senza materasso incluso, per permetterti di scegliere quello pi\u00f9 adatto a te. Compatibile con Citro\u00ebn Jumpy, Space Tourer, Peugeot Expert, Traveller, Toyota ProAce Verso e Opel Zafira Life. Realizzata in compensato di betulla marino a 9 strati: leggera, rigida e resistente. Montaggio e smontaggio in pochi minuti, senza attrezzi, con spazio di stivaggio utilizzabile sotto il letto. Vuoi anche il materasso? Abbiamo il pacchetto completo disponibile.     <\/p>\n","protected":false},"author":7,"featured_media":8618,"comment_status":"open","ping_status":"closed","template":"","meta":{"om_disable_all_campaigns":false,"_uag_custom_page_level_css":"","site-sidebar-layout":"default","site-content-layout":"default","ast-site-content-layout":"default","site-content-style":"default","site-sidebar-style":"default","ast-global-header-display":"","ast-banner-title-visibility":"","ast-main-header-display":"","ast-hfb-above-header-display":"","ast-hfb-below-header-display":"","ast-hfb-mobile-header-display":"","site-post-title":"","ast-breadcrumbs-content":"","ast-featured-img":"","footer-sml-layout":"","ast-disable-related-posts":"","theme-transparent-header-meta":"default","adv-header-id-meta":"","stick-header-meta":"default","header-above-stick-meta":"","header-main-stick-meta":"","header-below-stick-meta":"","astra-migrate-meta-layouts":"set","ast-page-background-enabled":"default","ast-page-background-meta":{"desktop":{"background-color":"","background-image":"","background-repeat":"repeat","background-position":"center center","background-size":"auto","background-attachment":"scroll","background-type":"","background-media":"","overlay-type":"","overlay-color":"","overlay-opacity":"","overlay-gradient":""},"tablet":{"background-color":"","background-image":"","background-repeat":"repeat","background-position":"center center","background-size":"auto","background-attachment":"scroll","background-type":"","background-media":"","overlay-type":"","overlay-color":"","overlay-opacity":"","overlay-gradient":""},"mobile":{"background-color":"","background-image":"","background-repeat":"repeat","background-position":"center center","background-size":"auto","background-attachment":"scroll","background-type":"","background-media":"","overlay-type":"","overlay-color":"","overlay-opacity":"","overlay-gradient":""}},"ast-content-background-meta":{"desktop":{"background-color":"var(--ast-global-color-5)","background-image":"","background-repeat":"repeat","background-position":"center center","background-size":"auto","background-attachment":"scroll","background-type":"","background-media":"","overlay-type":"","overlay-color":"","overlay-opacity":"","overlay-gradient":""},"tablet":{"background-color":"var(--ast-global-color-5)","background-image":"","background-repeat":"repeat","background-position":"center center","background-size":"auto","background-attachment":"scroll","background-type":"","background-media":"","overlay-type":"","overlay-color":"","overlay-opacity":"","overlay-gradient":""},"mobile":{"background-color":"var(--ast-global-color-5)","background-image":"","background-repeat":"repeat","background-position":"center center","background-size":"auto","background-attachment":"scroll","background-type":"","background-media":"","overlay-type":"","overlay-color":"","overlay-opacity":"","overlay-gradient":""}}},"product_brand":[],"product_cat":[699,697,763,698,700],"product_tag":[765,766,767,764],"class_list":{"0":"post-8617","1":"product","2":"type-product","3":"status-publish","4":"has-post-thumbnail","6":"product_cat-proace-verso","7":"product_cat-space-tourer","8":"product_cat-strutture-prodotti","9":"product_cat-traveller","10":"product_cat-zafira-live","11":"product_tag-citroen-space-tourer-it","12":"product_tag-opel-zafira-live-it","13":"product_tag-peugeot-traveller-it","14":"product_tag-toyota-proace-it-2","15":"desktop-align-center","16":"tablet-align-center","17":"mobile-align-center","18":"ast-product-gallery-layout-horizontal","19":"ast-product-tabs-layout-vertical","21":"first","22":"instock","23":"taxable","24":"shipping-taxable","25":"purchasable","26":"product-type-simple"},"bundled_by":["8852"],"bundle_stock_status":"instock","bundle_stock_quantity":18,"bundle_virtual":false,"bundle_layout":"","bundle_add_to_cart_form_location":"","bundle_editable_in_cart":false,"bundle_sold_individually_context":"","bundle_item_grouping":"","bundle_min_size":"","bundle_max_size":"","bundle_price":[],"bundled_items":[],"bundle_sell_ids":[],"exclude_global_add_ons":false,"addons":[{"name":"Extra per la struttura:","type":"checkbox","position":0,"required":false,"title_format":"label","default":"","description_enable":false,"description":null,"placeholder_enable":false,"placeholder":null,"display":"select","restrictions_type":"any_text","adjust_price":false,"price":"","price_type":"flat_fee","restrictions":false,"min":"0","max":"0","options":[{"label":"Versione VANSTER Ritagliata","price":"20","price_type":"flat_fee","image":0,"visibility":true},{"label":"Versione XS","price":"15","price_type":"flat_fee","image":0,"visibility":true}],"id":1733402683},{"name":"Extra per il materasso:","type":"checkbox","position":0,"required":false,"title_format":"label","default":"","description_enable":true,"description":"Possono essere richieste modifiche per quanto riguarda il tipo di schiuma, lo spessore o il colore del rivestimento. Ognuna di queste opzioni aggiuntive implica una produzione speciale su ordinazione, quindi i tempi di consegna possono aumentare tra 8 e 15 giorni e il diritto di recesso si perde con il materasso, poich\u00e9 si tratta di un prodotto su misura [Legge 1\/2007 Art 103 c )]","placeholder_enable":false,"placeholder":"","display":"select","restrictions_type":"any_text","adjust_price":false,"price":"","price_type":"flat_fee","restrictions":false,"min":"0","max":"0","options":[{"label":"Aumento dello spessore di 2 cm","price":"40","price_type":"flat_fee","image":0,"visibility":true},{"label":"Densit\u00e0 aumentata a D30 \"duro\"","price":"35","price_type":"flat_fee","image":0,"visibility":true},{"label":"Memory foam da 3 cm, con lo stesso spessore totale","price":"40","price_type":"flat_fee","image":0,"visibility":true},{"label":"Cambio colore della copertina","price":"25","price_type":"flat_fee","image":0,"visibility":true}],"id":1686912989}],"aioseo_notices":[],"spectra_custom_meta":{"_alp_processed":["1775625787"],"_backorders":["notify"],"_download_limit":["-1"],"_download_expiry":["-1"],"_downloadable":["no"],"_manage_stock":["yes"],"_sku":["4115"],"_stock_status":["instock"],"_sold_individually":["no"],"_tax_class":[""],"_tax_status":["taxable"],"_virtual":["no"],"_length":["145"],"_wpml_media_duplicate":["1","1"],"_wpml_media_featured":["1","1"],"_aviaLayoutBuilder_active":[""],"_low_stock_amount":["1"],"_avia_hide_featured_image":["0"],"_av_el_mgr_version":["1.0"],"_avia_sc_parser_state":["check_only"],"_av_alb_posts_elements_state":["a:0:{}"],"site-sidebar-layout":["default"],"site-content-layout":["default"],"theme-transparent-header-meta":["default"],"stick-header-meta":["default"],"_top_nav_excluded":[""],"_cms_nav_minihome":[""],"wcml_sync_hash":["a:1:{s:15:\"postmeta_fields\";s:32:\"f6794f5249ecb6d14e07bffbf2e69e63\";}"],"attr_label_translations":["a:0:{}"],"_product_image_gallery":["8618,11493,8640,8635,8630,11488,11152,11441,13918"],"_thumbnail_id":["8618"],"_children":["a:0:{}"],"_stock":["18"],"_avia_builder_shortcode_tree":["a:0:{}"],"sidebar":[""],"footer":[""],"header_title_bar":[""],"header_transparency":[""],"layout":[""],"_wcml_average_rating":["4.75"],"_wcml_review_count":["16"],"_wc_average_rating":["4.75"],"_wc_review_count":["16"],"_product_version":["10.7.0"],"_edit_lock":["1734691790:7"],"_edit_last":["7"],"_related_ids":["a:2:{i:0;i:8444;i:1;i:8852;}"],"_vtwf_enable_tab":["no"],"_vtwf_tab_title":[""],"_vtwf_hide_title":["no"],"_vtwf_video_content":[""],"_aioseo_og_article_section":[""],"_aioseo_og_article_tags":["a:0:{}"],"_wpml_media_has_media":["1"],"_last_translation_edit_mode":["translation-editor"],"_wc_rating_count":[{"5":15,"1":1}],"_wcml_rating_count":["a:2:{i:5;i:15;i:1;i:1;}"],"_product_addons_exclude_global":["0"],"_weight":["25"],"_width":["88"],"_height":["10"],"ast-site-content-layout":["default"],"site-content-style":["default"],"site-sidebar-style":["default"],"total_sales":["214"],"astra-migrate-meta-layouts":["set"],"_crosssell_ids":["a:0:{}"],"_downloadable_files":[""],"_regular_price":["750"],"_price":["750"],"_wpml_word_count":["324"],"_upsell_ids":["a:3:{i:0;i:8444;i:1;i:8852;i:2;i:8747;}"],"_aioseop_title":["Base letto SEVEL - Traveller \/ Space Tourer"],"_aioseop_description":["Letto per furgone Peugeot Traveller, SpaceTourer, Proace Verso e Opel Zafira Live. (Sevel). Base letto pieghevole per furgone, sfoderabile e molto leggero. "],"_aioseop_keywords":["Letto per Traveller, Space Tourer e Proace van."],"_aioseo_title":["Struttura letto per furgoni Sevel | Camporan"],"_aioseo_description":["Struttura letto per furgoni SEVEL (Jumpy, Expert, Traveller, Proace Verso). Materasso non incluso, cos\u00ec puoi scegliere quello che preferisci. \u2b50 16 recensioni. A partire da 750 \u20ac.   "],"_aioseo_keywords":["Letto per furgoni Traveller, Space Tourer e Proace."],"_product_addons":["a:1:{i:0;a:20:{s:4:\"name\";s:23:\"Extra per la struttura:\";s:12:\"title_format\";s:5:\"label\";s:18:\"description_enable\";i:0;s:11:\"description\";N;s:18:\"placeholder_enable\";i:0;s:11:\"placeholder\";N;s:4:\"type\";s:8:\"checkbox\";s:7:\"display\";s:6:\"select\";s:8:\"position\";i:0;s:8:\"required\";i:0;s:12:\"restrictions\";i:0;s:17:\"restrictions_type\";s:8:\"any_text\";s:12:\"adjust_price\";i:0;s:10:\"price_type\";s:8:\"flat_fee\";s:5:\"price\";s:0:\"\";s:2:\"id\";s:10:\"1733402683\";s:3:\"min\";i:0;s:3:\"max\";i:0;s:7:\"default\";s:0:\"\";s:7:\"options\";a:2:{i:0;a:5:{s:5:\"label\";s:27:\"Versione VANSTER Ritagliata\";s:5:\"price\";s:2:\"20\";s:5:\"image\";s:0:\"\";s:10:\"price_type\";s:8:\"flat_fee\";s:10:\"visibility\";i:1;}i:1;a:5:{s:5:\"label\";s:11:\"Versione XS\";s:5:\"price\";s:2:\"15\";s:5:\"image\";s:0:\"\";s:10:\"price_type\";s:8:\"flat_fee\";s:10:\"visibility\";i:1;}}}}"],"_schema_json":["a:0:{}"],"_schema_json_timestamp":["1776773626"],"_uag_page_assets":["a:9:{s:3:\"css\";s:0:\"\";s:2:\"js\";s:0:\"\";s:18:\"current_block_list\";a:2:{i:0;s:12:\"core\/heading\";i:1;s:14:\"core\/paragraph\";}s:8:\"uag_flag\";b:0;s:11:\"uag_version\";i:1776790806;s:6:\"gfonts\";a:0:{}s:10:\"gfonts_url\";s:0:\"\";s:12:\"gfonts_files\";a:0:{}s:14:\"uag_faq_layout\";b:0;}"]},"uagb_featured_image_src":{"full":["https:\/\/camporan.com\/wp-content\/uploads\/2019\/09\/SpaceTourer_03.jpg",1200,900,false],"thumbnail":["https:\/\/camporan.com\/wp-content\/uploads\/2019\/09\/SpaceTourer_03-80x80.jpg",80,80,true],"medium":["https:\/\/camporan.com\/wp-content\/uploads\/2019\/09\/SpaceTourer_03-300x225.jpg",300,225,true],"medium_large":["https:\/\/camporan.com\/wp-content\/uploads\/2019\/09\/SpaceTourer_03-768x576.jpg",768,576,true],"large":["https:\/\/camporan.com\/wp-content\/uploads\/2019\/09\/SpaceTourer_03-1030x773.jpg",1030,773,true],"1536x1536":["https:\/\/camporan.com\/wp-content\/uploads\/2019\/09\/SpaceTourer_03.jpg",1200,900,false],"2048x2048":["https:\/\/camporan.com\/wp-content\/uploads\/2019\/09\/SpaceTourer_03.jpg",1200,900,false],"woocommerce_thumbnail":["https:\/\/camporan.com\/wp-content\/uploads\/2019\/09\/SpaceTourer_03-600x450.jpg",600,450,true],"woocommerce_single":["https:\/\/camporan.com\/wp-content\/uploads\/2019\/09\/SpaceTourer_03-600x450.jpg",600,450,true],"woocommerce_gallery_thumbnail":["https:\/\/camporan.com\/wp-content\/uploads\/2019\/09\/SpaceTourer_03-100x100.jpg",100,100,true],"wcpr-photo-reviews":["https:\/\/camporan.com\/wp-content\/uploads\/2019\/09\/SpaceTourer_03.jpg",500,375,false]},"uagb_author_info":{"display_name":"David Lamolla","author_link":"https:\/\/camporan.com\/it\/author\/david_lamolla\/"},"uagb_comment_info":16,"uagb_excerpt":"La struttura letto per furgoni SEVEL, senza materasso incluso, per permetterti di scegliere quello pi\u00f9 adatto a te. Compatibile con Citro\u00ebn Jumpy, Space Tourer, Peugeot Expert, Traveller, Toyota ProAce Verso e Opel Zafira Life. Realizzata in compensato di betulla marino a 9 strati: leggera, rigida e resistente. Montaggio e smontaggio in pochi minuti, senza attrezzi,&hellip;","_links":{"self":[{"href":"https:\/\/camporan.com\/it\/wp-json\/wp\/v2\/product\/8617","targetHints":{"allow":["GET"]}}],"collection":[{"href":"https:\/\/camporan.com\/it\/wp-json\/wp\/v2\/product"}],"about":[{"href":"https:\/\/camporan.com\/it\/wp-json\/wp\/v2\/types\/product"}],"author":[{"embeddable":true,"href":"https:\/\/camporan.com\/it\/wp-json\/wp\/v2\/users\/7"}],"replies":[{"embeddable":true,"href":"https:\/\/camporan.com\/it\/wp-json\/wp\/v2\/comments?post=8617"}],"wp:featuredmedia":[{"embeddable":true,"href":"https:\/\/camporan.com\/it\/wp-json\/wp\/v2\/media\/8618"}],"wp:attachment":[{"href":"https:\/\/camporan.com\/it\/wp-json\/wp\/v2\/media?parent=8617"}],"wp:term":[{"taxonomy":"product_brand","embeddable":true,"href":"https:\/\/camporan.com\/it\/wp-json\/wp\/v2\/product_brand?post=8617"},{"taxonomy":"product_cat","embeddable":true,"href":"https:\/\/camporan.com\/it\/wp-json\/wp\/v2\/product_cat?post=8617"},{"taxonomy":"product_tag","embeddable":true,"href":"https:\/\/camporan.com\/it\/wp-json\/wp\/v2\/product_tag?post=8617"}],"curies":[{"name":"wp","href":"https:\/\/api.w.org\/{rel}","templated":true}]}}