{"id":8451,"date":"2018-06-17T12:37:47","date_gmt":"2018-06-17T10:37:47","guid":{"rendered":"http:\/\/www.camporan.com\/materasso-per-letto-ford-courier\/"},"modified":"2026-04-07T18:01:46","modified_gmt":"2026-04-07T16:01:46","slug":"materasso-per-letto-ford-corriere","status":"publish","type":"product","link":"https:\/\/camporan.com\/it\/prodotto\/materasso-per-letto-ford-corriere\/","title":{"rendered":"Materasso per furgone Ford Transit Courier"},"content":{"rendered":"<h2>CON QUALI MODELLI FORD \u00c8 COMPATIBILE?<\/h2>\n<p>Ford Transit Courier (2014-2023)\/ Ford Tourneo Courier (2014-2023)<\/p>\n<p>Se possiedi il nuovo <strong>Tourneo Courier<\/strong> o <strong>Transit Courier 2023+<\/strong>, puoi vedere il <a href=\"https:\/\/camporan.com\/colchon-para-cama-mini-van\/\" target=\"_blank\" rel=\"noopener\">materasso<\/a> corrispondente qui.<\/p>\n<h3>CARATTERISTICHE DEL MATERASSO<\/h3>\n<p>Materasso 183 x 128 x 6 cm. Schiuma ad alta densit\u00e0 30Kg\/m3 duro Coprire con cerniere in tela blu scuro. 4 schiume, 2 delle quali pieghevoli come un libro.<\/p>\n<ul>\n<li>Peso: 5,8 kg.<\/li>\n<li>Dimensioni: 183 x 128 x 6 cm.<\/li>\n<li>Tessuto: Tela con cerniere. 60% cotone, 40% poliammide.<\/li>\n<\/ul>\n","protected":false},"excerpt":{"rendered":"<p>Il materasso pieghevole per furgoni Ford che si adatta perfettamente allo spazio a disposizione. Realizzato su misura per il Ford Transit Courier e il Ford Tourneo Courier (fino al 2023), con schiuma ad alta densit\u00e0 per un vero riposo durante il viaggio. Rivestimento sfoderabile e lavabile per mantenerlo sempre pulito. Compatibile con la struttura letto Camporan \u2014 oppure utilizzalo da solo se ne possiedi gi\u00e0 una. L&#8217;accessorio che mancava al tuo furgone.    <\/p>\n","protected":false},"author":7,"featured_media":8455,"comment_status":"open","ping_status":"closed","template":"","meta":{"om_disable_all_campaigns":false,"_uag_custom_page_level_css":"","site-sidebar-layout":"default","site-content-layout":"default","ast-site-content-layout":"default","site-content-style":"default","site-sidebar-style":"default","ast-global-header-display":"","ast-banner-title-visibility":"","ast-main-header-display":"","ast-hfb-above-header-display":"","ast-hfb-below-header-display":"","ast-hfb-mobile-header-display":"","site-post-title":"","ast-breadcrumbs-content":"","ast-featured-img":"","footer-sml-layout":"","ast-disable-related-posts":"","theme-transparent-header-meta":"default","adv-header-id-meta":"","stick-header-meta":"default","header-above-stick-meta":"","header-main-stick-meta":"","header-below-stick-meta":"","astra-migrate-meta-layouts":"default","ast-page-background-enabled":"default","ast-page-background-meta":{"desktop":{"background-color":"","background-image":"","background-repeat":"repeat","background-position":"center center","background-size":"auto","background-attachment":"scroll","background-type":"","background-media":"","overlay-type":"","overlay-color":"","overlay-opacity":"","overlay-gradient":""},"tablet":{"background-color":"","background-image":"","background-repeat":"repeat","background-position":"center center","background-size":"auto","background-attachment":"scroll","background-type":"","background-media":"","overlay-type":"","overlay-color":"","overlay-opacity":"","overlay-gradient":""},"mobile":{"background-color":"","background-image":"","background-repeat":"repeat","background-position":"center center","background-size":"auto","background-attachment":"scroll","background-type":"","background-media":"","overlay-type":"","overlay-color":"","overlay-opacity":"","overlay-gradient":""}},"ast-content-background-meta":{"desktop":{"background-color":"var(--ast-global-color-5)","background-image":"","background-repeat":"repeat","background-position":"center center","background-size":"auto","background-attachment":"scroll","background-type":"","background-media":"","overlay-type":"","overlay-color":"","overlay-opacity":"","overlay-gradient":""},"tablet":{"background-color":"var(--ast-global-color-5)","background-image":"","background-repeat":"repeat","background-position":"center center","background-size":"auto","background-attachment":"scroll","background-type":"","background-media":"","overlay-type":"","overlay-color":"","overlay-opacity":"","overlay-gradient":""},"mobile":{"background-color":"var(--ast-global-color-5)","background-image":"","background-repeat":"repeat","background-position":"center center","background-size":"auto","background-attachment":"scroll","background-type":"","background-media":"","overlay-type":"","overlay-color":"","overlay-opacity":"","overlay-gradient":""}}},"product_brand":[],"product_cat":[692,709,708],"product_tag":[706,704,702,701,703,707,705],"class_list":{"0":"post-8451","1":"product","2":"type-product","3":"status-publish","4":"has-post-thumbnail","6":"product_cat-materassi","7":"product_cat-tourneo-courier","8":"product_cat-transit-courier","9":"product_tag-courier-it","10":"product_tag-ford-it","11":"product_tag-ford-tourneo-courier-it","12":"product_tag-ford-transit-courier-it","13":"product_tag-microfurgone","14":"product_tag-tourneo-it","15":"product_tag-transit-it","16":"desktop-align-center","17":"tablet-align-center","18":"mobile-align-center","19":"ast-product-gallery-layout-horizontal","20":"ast-product-tabs-layout-vertical","22":"first","23":"instock","24":"taxable","25":"shipping-taxable","26":"purchasable","27":"product-type-simple"},"bundled_by":["8858"],"bundle_stock_status":"instock","bundle_stock_quantity":3,"bundle_virtual":false,"bundle_layout":"","bundle_add_to_cart_form_location":"","bundle_editable_in_cart":false,"bundle_sold_individually_context":"","bundle_item_grouping":"","bundle_min_size":"","bundle_max_size":"","bundle_price":[],"bundled_items":[],"bundle_sell_ids":[],"exclude_global_add_ons":false,"addons":[{"name":"Extra per il materasso:","type":"checkbox","position":0,"required":false,"title_format":"label","default":"","description_enable":true,"description":"Su richiesta \u00e8 possibile modificare il tipo di schiuma, lo spessore o il colore del rivestimento. Cualquiera de estas opciones adicionales, implican fabricaci\u00f3n especial bajo pedido, por lo que el plazo de entrega puede aumentar entre 8 y 15 d\u00edas, y se pierde con el colch\u00f3n el derecho de desistimiento, en tratarse de un producto fabricado a medida [Ley 1\/2007Art 103 c)]\nCambios en el grosor del colch\u00f3n, implican tambi\u00e9n una reduccion de 4cm del ancho total (para que entre en el maletero)","placeholder_enable":false,"placeholder":null,"display":"select","restrictions_type":"any_text","adjust_price":false,"price":"","price_type":"flat_fee","restrictions":false,"min":"0","max":"0","options":[{"label":"Aumento di spessore di 2 cm e schiuma compatta D25","price":"25","price_type":"flat_fee","image":0,"visibility":true},{"label":"8 cm totali, D25 5 cm + 3 cm di viscoelastico.","price":"40","price_type":"flat_fee","image":0,"visibility":true},{"label":"Cambio di colore della copertina","price":"25","price_type":"flat_fee","image":0,"visibility":true}],"id":1713476299},{"name":"Extra per il materasso:","type":"checkbox","position":0,"required":false,"title_format":"label","default":"","description_enable":true,"description":"Possono essere richieste modifiche per quanto riguarda il tipo di schiuma, lo spessore o il colore del rivestimento. Ognuna di queste opzioni aggiuntive implica una produzione speciale su ordinazione, quindi i tempi di consegna possono aumentare tra 8 e 15 giorni e il diritto di recesso si perde con il materasso, poich\u00e9 si tratta di un prodotto su misura [Legge 1\/2007 Art 103 c )]","placeholder_enable":false,"placeholder":"","display":"select","restrictions_type":"any_text","adjust_price":false,"price":"","price_type":"flat_fee","restrictions":false,"min":"0","max":"0","options":[{"label":"Aumento dello spessore di 2 cm","price":"40","price_type":"flat_fee","image":0,"visibility":true},{"label":"Densit\u00e0 aumentata a D30 \"duro\"","price":"35","price_type":"flat_fee","image":0,"visibility":true},{"label":"Memory foam da 3 cm, con lo stesso spessore totale","price":"40","price_type":"flat_fee","image":0,"visibility":true},{"label":"Cambio colore della copertina","price":"25","price_type":"flat_fee","image":0,"visibility":true}],"id":1686912989}],"aioseo_notices":[],"spectra_custom_meta":{"_alp_processed":["1775577706"],"_backorders":["notify"],"_download_limit":["-1"],"_download_expiry":["-1"],"_downloadable":["no"],"_manage_stock":["yes"],"_sku":["4206"],"_stock_status":["instock"],"_sold_individually":["no"],"_tax_class":[""],"_tax_status":["taxable"],"_virtual":["no"],"_width":["70"],"_height":["2.5"],"_length":["110"],"_sale_price":[""],"_sale_price_dates_from":[""],"_sale_price_dates_to":[""],"_wpml_media_duplicate":["1"],"_wpml_media_featured":["0"],"_aviaLayoutBuilder_active":[""],"_low_stock_amount":["0"],"_avia_hide_featured_image":["0"],"_av_el_mgr_version":["1.0"],"_avia_sc_parser_state":["check_only"],"_av_alb_posts_elements_state":["a:0:{}"],"site-sidebar-layout":["default"],"site-content-layout":["default"],"theme-transparent-header-meta":["default"],"stick-header-meta":["default"],"_top_nav_excluded":[""],"_cms_nav_minihome":[""],"_product_image_gallery":["12204,12209,8454,9457"],"_last_translation_edit_mode":["translation-editor"],"wcml_sync_hash":["a:1:{s:15:\"postmeta_fields\";s:32:\"ff8c1e364a469888fc83936c5105b907\";}"],"_downloadable_files":["a:0:{}"],"attr_label_translations":["a:0:{}"],"_product_attributes":["a:0:{}"],"_default_attributes":["a:0:{}"],"_children":["a:0:{}"],"_stock":["3"],"_avia_builder_shortcode_tree":["a:0:{}"],"sidebar":[""],"footer":[""],"header_title_bar":[""],"header_transparency":[""],"layout":[""],"_edit_lock":["1644953218:7"],"_edit_last":["7"],"_related_ids":["a:2:{i:0;i:8699;i:1;i:8858;}"],"_vtwf_enable_tab":["no"],"_vtwf_tab_title":[""],"_vtwf_hide_title":["no"],"_vtwf_video_content":[""],"_wc_average_rating":[0],"_wc_review_count":["0"],"_product_version":["10.4.3"],"_aioseo_og_article_section":[""],"_aioseo_og_article_tags":[""],"_wpml_media_has_media":["1"],"_product_addons_exclude_global":["0"],"_weight":["6"],"total_sales":["95"],"ast-site-content-layout":["default"],"site-content-style":["default"],"site-sidebar-style":["default"],"_crosssell_ids":["a:1:{i:0;i:9048;}"],"_regular_price":["195"],"_price":["195"],"_wpml_word_count":["160"],"_thumbnail_id":["8455"],"_wcml_average_rating":[null],"_wcml_review_count":[null],"_wcml_rating_count":[null],"_upsell_ids":["a:3:{i:0;i:8581;i:1;i:8699;i:2;i:8858;}"],"_aioseop_title":["Materasso per letto Ford Courier"],"_aioseop_description":["Materasso pieghevole valido per micro-van: Ford Transit Courier e Ford Torneo Courier"],"_aioseop_keywords":["camper corriere ford tourneo"],"_aioseo_title":["Materasso per Ford Transit Courier e Tourneo Courier | Camporan"],"_aioseo_description":["Materasso pieghevole su misura per Ford Transit Courier e Tourneo Courier (fino al 2023). Alta densit\u00e0, fodera lavabile. A partire da 195 \u20ac. Si adatta alla struttura Camporan.   "],"_aioseo_keywords":["camper corriere ford tourneo"],"_product_addons":["a:1:{i:0;a:20:{s:4:\"name\";s:23:\"Extra per il materasso:\";s:12:\"title_format\";s:5:\"label\";s:18:\"description_enable\";i:1;s:11:\"description\";s:498:\"Su richiesta \u00e8 possibile modificare il tipo di schiuma, lo spessore o il colore del rivestimento. Cualquiera de estas opciones adicionales, implican fabricaci\u00f3n especial bajo pedido, por lo que el plazo de entrega puede aumentar entre 8 y 15 d\u00edas, y se pierde con el colch\u00f3n el derecho de desistimiento, en tratarse de un producto fabricado a medida [Ley 1\/2007Art 103 c)]\nCambios en el grosor del colch\u00f3n, implican tambi\u00e9n una reduccion de 4cm del ancho total (para que entre en el maletero)\";s:18:\"placeholder_enable\";i:0;s:11:\"placeholder\";N;s:4:\"type\";s:8:\"checkbox\";s:7:\"display\";s:6:\"select\";s:8:\"position\";i:0;s:8:\"required\";i:0;s:12:\"restrictions\";i:0;s:17:\"restrictions_type\";s:8:\"any_text\";s:12:\"adjust_price\";i:0;s:10:\"price_type\";s:8:\"flat_fee\";s:5:\"price\";s:0:\"\";s:2:\"id\";s:10:\"1713476299\";s:3:\"min\";i:0;s:3:\"max\";i:0;s:7:\"default\";s:0:\"\";s:7:\"options\";a:3:{i:0;a:5:{s:5:\"label\";s:50:\"Aumento di spessore di 2 cm e schiuma compatta D25\";s:5:\"price\";s:2:\"25\";s:5:\"image\";s:0:\"\";s:10:\"price_type\";s:8:\"flat_fee\";s:10:\"visibility\";i:1;}i:1;a:5:{s:5:\"label\";s:46:\"8 cm totali, D25 5 cm + 3 cm di viscoelastico.\";s:5:\"price\";s:2:\"40\";s:5:\"image\";s:0:\"\";s:10:\"price_type\";s:8:\"flat_fee\";s:10:\"visibility\";i:1;}i:2;a:5:{s:5:\"label\";s:32:\"Cambio di colore della copertina\";s:5:\"price\";s:2:\"25\";s:5:\"image\";s:0:\"\";s:10:\"price_type\";s:8:\"flat_fee\";s:10:\"visibility\";i:1;}}}}"],"_schema_json":["a:0:{}"],"_schema_json_timestamp":["1776428990"],"_uag_page_assets":["a:9:{s:3:\"css\";s:0:\"\";s:2:\"js\";s:0:\"\";s:18:\"current_block_list\";a:2:{i:0;s:12:\"core\/heading\";i:1;s:14:\"core\/paragraph\";}s:8:\"uag_flag\";b:0;s:11:\"uag_version\";s:10:\"1776413831\";s:6:\"gfonts\";a:0:{}s:10:\"gfonts_url\";s:0:\"\";s:12:\"gfonts_files\";a:0:{}s:14:\"uag_faq_layout\";b:0;}"],"_wc_rating_count":[""]},"uagb_featured_image_src":{"full":["https:\/\/camporan.com\/wp-content\/uploads\/2018\/06\/Ford-Courier-Camper-1.jpeg",1000,750,false],"thumbnail":["https:\/\/camporan.com\/wp-content\/uploads\/2018\/06\/Ford-Courier-Camper-1-80x80.jpeg",80,80,true],"medium":["https:\/\/camporan.com\/wp-content\/uploads\/2018\/06\/Ford-Courier-Camper-1-300x225.jpeg",300,225,true],"medium_large":["https:\/\/camporan.com\/wp-content\/uploads\/2018\/06\/Ford-Courier-Camper-1-768x576.jpeg",768,576,true],"large":["https:\/\/camporan.com\/wp-content\/uploads\/2018\/06\/Ford-Courier-Camper-1.jpeg",1000,750,false],"1536x1536":["https:\/\/camporan.com\/wp-content\/uploads\/2018\/06\/Ford-Courier-Camper-1.jpeg",1000,750,false],"2048x2048":["https:\/\/camporan.com\/wp-content\/uploads\/2018\/06\/Ford-Courier-Camper-1.jpeg",1000,750,false],"woocommerce_thumbnail":["https:\/\/camporan.com\/wp-content\/uploads\/2018\/06\/Ford-Courier-Camper-1-600x450.jpeg",600,450,true],"woocommerce_single":["https:\/\/camporan.com\/wp-content\/uploads\/2018\/06\/Ford-Courier-Camper-1-600x450.jpeg",600,450,true],"woocommerce_gallery_thumbnail":["https:\/\/camporan.com\/wp-content\/uploads\/2018\/06\/Ford-Courier-Camper-1-100x100.jpeg",100,100,true],"wcpr-photo-reviews":["https:\/\/camporan.com\/wp-content\/uploads\/2018\/06\/Ford-Courier-Camper-1.jpeg",500,375,false]},"uagb_author_info":{"display_name":"David Lamolla","author_link":"https:\/\/camporan.com\/it\/author\/david_lamolla\/"},"uagb_comment_info":0,"uagb_excerpt":"Il materasso pieghevole per furgoni Ford che si adatta perfettamente allo spazio a disposizione. Realizzato su misura per il Ford Transit Courier e il Ford Tourneo Courier (fino al 2023), con schiuma ad alta densit\u00e0 per un vero riposo durante il viaggio. Rivestimento sfoderabile e lavabile per mantenerlo sempre pulito. Compatibile con la struttura letto&hellip;","_links":{"self":[{"href":"https:\/\/camporan.com\/it\/wp-json\/wp\/v2\/product\/8451","targetHints":{"allow":["GET"]}}],"collection":[{"href":"https:\/\/camporan.com\/it\/wp-json\/wp\/v2\/product"}],"about":[{"href":"https:\/\/camporan.com\/it\/wp-json\/wp\/v2\/types\/product"}],"author":[{"embeddable":true,"href":"https:\/\/camporan.com\/it\/wp-json\/wp\/v2\/users\/7"}],"replies":[{"embeddable":true,"href":"https:\/\/camporan.com\/it\/wp-json\/wp\/v2\/comments?post=8451"}],"wp:featuredmedia":[{"embeddable":true,"href":"https:\/\/camporan.com\/it\/wp-json\/wp\/v2\/media\/8455"}],"wp:attachment":[{"href":"https:\/\/camporan.com\/it\/wp-json\/wp\/v2\/media?parent=8451"}],"wp:term":[{"taxonomy":"product_brand","embeddable":true,"href":"https:\/\/camporan.com\/it\/wp-json\/wp\/v2\/product_brand?post=8451"},{"taxonomy":"product_cat","embeddable":true,"href":"https:\/\/camporan.com\/it\/wp-json\/wp\/v2\/product_cat?post=8451"},{"taxonomy":"product_tag","embeddable":true,"href":"https:\/\/camporan.com\/it\/wp-json\/wp\/v2\/product_tag?post=8451"}],"curies":[{"name":"wp","href":"https:\/\/api.w.org\/{rel}","templated":true}]}}