{"id":12359,"date":"2024-03-25T14:03:36","date_gmt":"2024-03-25T13:03:36","guid":{"rendered":"http:\/\/www.camporan.com\/avviso-legale\/"},"modified":"2025-12-18T16:03:20","modified_gmt":"2025-12-18T15:03:20","slug":"avviso-legale","status":"publish","type":"page","link":"https:\/\/camporan.com\/it\/avviso-legale\/","title":{"rendered":"Avviso legale"},"content":{"rendered":"\n<h3 class=\"wp-block-heading\">1. DATI DI IDENTIFICAZIONE<\/h3>\n\n<p>In ottemperanza all&#8217;obbligo di informazione contenuto nell&#8217;articolo 10 della Legge 34\/2002, dell&#8217;11 luglio, Servizi della Societ\u00e0 dell&#8217;Informazione e del Commercio Elettronico, si riportano le seguenti informazioni: il titolare del dominio web \u00e8 David Lamolla Kristiansen (di seguito CAMPORAN), residente a questi fini in Tur\u00f3 de Sant Pau, 57B, 0193 Bellaterra (Barcellona), numero NIF: 34749897W. E-mail di contatto: <a href=\"mailto:info@camporan.com\" target=\"_blank\" rel=\"noopener noreferrer\">info@camporan.com<\/a> del sito web.<\/p>\n\n<h3 class=\"wp-block-heading\">2. UTENTI<\/h3>\n\n<p>L&#8217;accesso e\/o l&#8217;utilizzo di questo portale CAMPORAN attribuisce la condizione di UTENTE, che accetta, a partire da tale accesso e\/o utilizzo, le Condizioni Generali di Utilizzo qui riportate. I suddetti Termini e Condizioni si applicano indipendentemente dalle Condizioni Generali di Contratto eventualmente obbligatorie.<\/p>\n\n<h3 class=\"wp-block-heading\">3. UTILIZZO DEL PORTALE<\/h3>\n\n<p>www.camporam.com fornisce l&#8217;accesso a una moltitudine di informazioni, servizi, programmi o dati (di seguito &#8220;contenuti&#8221;) su Internet appartenenti a CAMPORAN o ai suoi licenziatari a cui l&#8217;UTENTE pu\u00f2 avere accesso. L&#8217;UTENTE si assume la responsabilit\u00e0 dell&#8217;utilizzo del portale. Questa responsabilit\u00e0 si estende a qualsiasi registrazione che possa essere necessaria per accedere a determinati servizi o contenuti.<br\/>L&#8217;UTENTE \u00e8 responsabile di fornire informazioni veritiere e lecite al momento della registrazione. A seguito di tale registrazione, l&#8217;UTENTE potr\u00e0 ricevere una password di cui sar\u00e0 responsabile, impegnandosi a utilizzarla con diligenza e riservatezza. L&#8217;UTENTE si impegna a fare un uso appropriato dei contenuti e dei servizi (come servizi di chat, forum di discussione o newsgroup) che Nombre de la empresa creadora del sitio web offre attraverso il suo portale e, a titolo esemplificativo ma non esaustivo, a non utilizzarli per (I) intraprendere attivit\u00e0 illecite, illegali o contrarie alla buona fede e all&#8217;ordine pubblico; (II) diffondere contenuti o propaganda di natura razzista, xenofoba, pornografica, illegale, a sostegno del terrorismo o contro i diritti umani; (III) causare danni ai sistemi fisici e logici di Nombre de la empresa creadora del sitio web, dei suoi fornitori o di terzi, introdurre o diffondere virus informatici o qualsiasi altro sistema fisico o logico che possa causare i suddetti danni; (IV) tentare di accedere e, se del caso, utilizzare gli account di posta elettronica di altri utenti e modificare o manipolare i loro messaggi. Nombre de la empresa creadora del sitio web si riserva il diritto di rimuovere tutti i commenti e i contributi che violino il rispetto della dignit\u00e0 della persona, che siano discriminatori, xenofobi, razzisti, pornografici, che violino la giovent\u00f9 o l&#8217;infanzia, l&#8217;ordine o la sicurezza pubblica o che, a suo parere, non siano adatti alla pubblicazione. In ogni caso, CAMPORAN non sar\u00e0 responsabile delle opinioni espresse dagli utenti attraverso forum, chat o altri strumenti di partecipazione.<\/p>\n\n<h3 class=\"wp-block-heading\">4. PROTEZIONE DEI DATI<\/h3>\n\n<p>CAMPORAN rispetta le linee guida della Legge 15\/1999, del 13 dicembre, sulla protezione dei dati personali, il Regio Decreto 1720\/2007, del 21 dicembre, che approva il Regolamento di sviluppo della Legge Organica e le altre normative in vigore in ogni momento, e garantisce il corretto utilizzo e trattamento dei dati personali dell&#8217;utente. A tal fine, insieme a ciascun modulo per la raccolta dei dati personali, nei servizi che l&#8217;utente pu\u00f2 richiedere a info@camporan.com, l&#8217;utente sar\u00e0 informato dell&#8217;esistenza e dell&#8217;accettazione delle condizioni specifiche per il trattamento dei suoi dati in ciascun caso, informandolo della responsabilit\u00e0 del file creato, dell&#8217;indirizzo del responsabile, della possibilit\u00e0 di esercitare i suoi diritti di accesso, rettifica, cancellazione o opposizione, della finalit\u00e0 del trattamento e della comunicazione dei dati a terzi, se applicabile.<\/p>\n\n<p>Inoltre, CAMPORAN comunica di essere conforme alla Legge 34\/2002 dell&#8217;11 luglio, Servizi della Societ\u00e0 dell&#8217;Informazione e del Commercio Elettronico e richieder\u00e0 in ogni momento il consenso dell&#8217;utente al trattamento della sua e-mail per scopi commerciali.<\/p>\n\n<p>Per maggiori dettagli, consultare la nostra <a href=\"http:\/\/www.camporan.com\/it\/informativa-sulla-privacy\/\">Informativa sulla privacy<\/a>.<\/p>\n\n<h3 class=\"wp-block-heading\">5. PROPRIET\u00c0 INTELLETTUALE E INDUSTRIALE<\/h3>\n\n<p>CAMPORAN, di per s\u00e9 o in qualit\u00e0 di cessionario, \u00e8 titolare di tutti i diritti di propriet\u00e0 intellettuale e industriale del sito web, nonch\u00e9 degli elementi in esso contenuti (a titolo esemplificativo e non esaustivo, immagini, suoni, audio, video, software o testi, marchi o loghi, combinazioni di colori, struttura e design, selezione dei materiali utilizzati, programmi informatici necessari per il funzionamento, l&#8217;accesso e l&#8217;utilizzo del sito, ecc.<\/p>\n\n<p>Tutti i diritti riservati. In virt\u00f9 delle disposizioni degli articoli 8 e 32.1, secondo comma, della Legge sulla Propriet\u00e0 Intellettuale, la riproduzione, la distribuzione e la comunicazione pubblica, compresa la messa a disposizione, di tutti o parte dei contenuti di questo sito web, a fini commerciali, su qualsiasi supporto e con qualsiasi mezzo tecnico, sono espressamente vietate senza l&#8217;autorizzazione di CAMPORAN . L&#8217;UTENTE si impegna a rispettare i diritti di propriet\u00e0 intellettuale e industriale di CAMPORAN. \u00c8 possibile visualizzare gli elementi del portale e persino stamparli, copiarli e memorizzarli sul disco rigido del proprio computer o su qualsiasi altro supporto fisico, a condizione che ci\u00f2 avvenga solo ed esclusivamente per uso personale e privato. L&#8217;utente deve astenersi dal cancellare, alterare, eludere o manipolare qualsiasi dispositivo di protezione o sistema di sicurezza installato sulle pagine di CAMPORAN.<\/p>\n\n<h3 class=\"wp-block-heading\">6. ESCLUSIONE DI GARANZIE E RESPONSABILIT\u00c0<\/h3>\n\n<p>CAMPORAN non sar\u00e0 responsabile in nessun caso per i danni di qualsiasi tipo che possano causare, a titolo esemplificativo e non esaustivo: errori o omissioni nei contenuti, mancanza di disponibilit\u00e0 del portale o trasmissione di virus o programmi dannosi o nocivi nei contenuti, pur avendo adottato tutte le misure tecnologiche necessarie per impedirlo.<\/p>\n\n<h3 class=\"wp-block-heading\">7. MODIFICHE<\/h3>\n\n<p>CAMPORAN si riserva il diritto di apportare senza preavviso le modifiche che riterr\u00e0 opportune al proprio sito web, potendo modificare, eliminare o aggiungere contenuti e servizi forniti attraverso lo stesso cos\u00ec come il modo in cui sono presentati o collocati sul proprio sito web.<\/p>\n\n<h3 class=\"wp-block-heading\">8. COLLEGAMENTI<\/h3>\n\n<p>Nel caso in cui www.camporan.com contenga link o collegamenti ipertestuali ad altri siti Internet, camporan non esercita alcun tipo di controllo su tali siti e contenuti. In ogni caso CAMPORAN non si assume alcuna responsabilit\u00e0 per il contenuto di qualsiasi link appartenente a un altro sito web, n\u00e9 garantisce la disponibilit\u00e0 tecnica, la qualit\u00e0, l&#8217;affidabilit\u00e0, l&#8217;accuratezza, la completezza, la precisione, la validit\u00e0 e la costituzionalit\u00e0 di qualsiasi materiale o informazione contenuta in tali collegamenti ipertestuali o altri siti Internet.<\/p>\n\n<p>Allo stesso modo, l&#8217;inclusione di questi collegamenti esterni non implica alcun tipo di associazione, fusione o partecipazione con le entit\u00e0 collegate.<\/p>\n\n<h3 class=\"wp-block-heading\">9. DIRITTO DI ESCLUSIONE<\/h3>\n\n<p>CAMPORAN si riserva il diritto di negare o ritirare l&#8217;accesso al portale e\/o ai servizi offerti senza preavviso, per conto proprio o di terzi, a quegli utenti che violano le presenti Condizioni d&#8217;uso.<\/p>\n\n<h3 class=\"wp-block-heading\">10.GENERALE<\/h3>\n\n<p>CAMPORAN persegue la violazione delle presenti condizioni e qualsiasi uso improprio del proprio sito web esercitando tutte le azioni civili e penali applicabili per legge.<\/p>\n\n<h3 class=\"wp-block-heading\">11.MODIFICA DELLE PRESENTI CONDIZIONI E DURATA<\/h3>\n\n<p>CAMPORAN potr\u00e0 modificare in qualsiasi momento le condizioni qui specificate, debitamente pubblicate cos\u00ec come appaiono qui.<\/p>\n\n<p>La validit\u00e0 delle presenti condizioni dipende dalla loro esposizione e rimarr\u00e0 in vigore fino alla loro regolare pubblicazione. essere modificato da altri.<\/p>\n\n<h3 class=\"wp-block-heading\">12. LEGGE APPLICABILE E GIURISDIZIONE<\/h3>\n\n<p>Il rapporto tra CAMPORAN e l&#8217;UTENTE sar\u00e0 regolato dalla legge spagnola e qualsiasi controversia sar\u00e0 sottoposta alle Corti e ai Tribunali della citt\u00e0 di BARCELLONA.<\/p>\n","protected":false},"excerpt":{"rendered":"<p>1. DATI DI IDENTIFICAZIONE In ottemperanza all&#8217;obbligo di informazione contenuto nell&#8217;articolo 10 della Legge 34\/2002, dell&#8217;11 luglio, Servizi della Societ\u00e0 dell&#8217;Informazione e del Commercio Elettronico, si riportano le seguenti informazioni: il titolare del dominio web \u00e8 David Lamolla Kristiansen (di seguito CAMPORAN), residente a questi fini in Tur\u00f3 de Sant Pau, 57B, 0193 Bellaterra (Barcellona), [&hellip;]<\/p>\n","protected":false},"author":7,"featured_media":0,"parent":0,"menu_order":0,"comment_status":"closed","ping_status":"closed","template":"","meta":{"om_disable_all_campaigns":false,"_uag_custom_page_level_css":"","site-sidebar-layout":"default","site-content-layout":"default","ast-site-content-layout":"default","site-content-style":"default","site-sidebar-style":"default","ast-global-header-display":"","ast-banner-title-visibility":"","ast-main-header-display":"","ast-hfb-above-header-display":"","ast-hfb-below-header-display":"","ast-hfb-mobile-header-display":"","site-post-title":"","ast-breadcrumbs-content":"","ast-featured-img":"","footer-sml-layout":"","ast-disable-related-posts":"","theme-transparent-header-meta":"default","adv-header-id-meta":"","stick-header-meta":"default","header-above-stick-meta":"","header-main-stick-meta":"","header-below-stick-meta":"","astra-migrate-meta-layouts":"default","ast-page-background-enabled":"default","ast-page-background-meta":{"desktop":{"background-color":"","background-image":"","background-repeat":"repeat","background-position":"center center","background-size":"auto","background-attachment":"scroll","background-type":"","background-media":"","overlay-type":"","overlay-color":"","overlay-opacity":"","overlay-gradient":""},"tablet":{"background-color":"","background-image":"","background-repeat":"repeat","background-position":"center center","background-size":"auto","background-attachment":"scroll","background-type":"","background-media":"","overlay-type":"","overlay-color":"","overlay-opacity":"","overlay-gradient":""},"mobile":{"background-color":"","background-image":"","background-repeat":"repeat","background-position":"center center","background-size":"auto","background-attachment":"scroll","background-type":"","background-media":"","overlay-type":"","overlay-color":"","overlay-opacity":"","overlay-gradient":""}},"ast-content-background-meta":{"desktop":{"background-color":"var(--ast-global-color-5)","background-image":"","background-repeat":"repeat","background-position":"center center","background-size":"auto","background-attachment":"scroll","background-type":"","background-media":"","overlay-type":"","overlay-color":"","overlay-opacity":"","overlay-gradient":""},"tablet":{"background-color":"var(--ast-global-color-5)","background-image":"","background-repeat":"repeat","background-position":"center center","background-size":"auto","background-attachment":"scroll","background-type":"","background-media":"","overlay-type":"","overlay-color":"","overlay-opacity":"","overlay-gradient":""},"mobile":{"background-color":"var(--ast-global-color-5)","background-image":"","background-repeat":"repeat","background-position":"center center","background-size":"auto","background-attachment":"scroll","background-type":"","background-media":"","overlay-type":"","overlay-color":"","overlay-opacity":"","overlay-gradient":""}},"footnotes":""},"class_list":["post-12359","page","type-page","status-publish","hentry"],"aioseo_notices":[],"spectra_custom_meta":{"_schema_ref":["5094"],"_alp_processed":["1766070202"],"_wpml_media_duplicate":["0"],"_wpml_media_featured":["0"],"_aviaLayoutBuilder_active":["active"],"_avia_hide_featured_image":["0"],"_av_el_mgr_version":["1.0"],"_avia_sc_parser_state":["check_only"],"_av_alb_posts_elements_state":["a:1:{s:12:\"av_textblock\";b:1;}"],"site-sidebar-layout":["default"],"site-content-layout":["default"],"theme-transparent-header-meta":["default"],"stick-header-meta":["default"],"_top_nav_excluded":[""],"_cms_nav_minihome":[""],"_wp_page_template":["default"],"_avia_builder_shortcode_tree":["a:1:{i:0;a:3:{s:3:\"tag\";s:12:\"av_textblock\";s:7:\"content\";a:0:{}s:5:\"index\";i:0;}}"],"sidebar":[""],"footer":[""],"header_title_bar":[""],"header_transparency":[""],"layout":["fullsize"],"_last_translation_edit_mode":["translation-editor"],"adv-header-id-meta":[""],"ast-site-content-layout":["default"],"_aioseop_title":["Nota legale Camporan"],"_aioseop_description":["Esclusione di responsabilit\u00e0 del produttore di mobili per camper Camporan"],"_aioseo_title":["Nota legale Camporan | #site_title"],"_aioseo_description":["Esclusione di responsabilit\u00e0 del produttore di mobili per camper Camporan","Esclusione di responsabilit\u00e0 del produttore di mobili per camper Camporan"],"_schema_json":["a:10:{s:8:\"@context\";s:19:\"https:\/\/schema.org\/\";s:5:\"@type\";s:7:\"Article\";s:16:\"mainEntityOfPage\";a:2:{s:5:\"@type\";s:7:\"WebPage\";s:3:\"@id\";s:38:\"https:\/\/camporan.com\/it\/avviso-legale\/\";}s:3:\"url\";s:38:\"https:\/\/camporan.com\/it\/avviso-legale\/\";s:8:\"headline\";s:13:\"Avviso legale\";s:13:\"datePublished\";s:25:\"2024-03-25T14:03:36+01:00\";s:12:\"dateModified\";s:25:\"2025-12-18T16:03:20+01:00\";s:9:\"publisher\";a:4:{s:5:\"@type\";s:12:\"Organization\";s:3:\"@id\";s:37:\"https:\/\/camporan.com\/it\/#organization\";s:4:\"name\";s:12:\"Camporan.com\";s:4:\"logo\";a:4:{s:5:\"@type\";s:11:\"ImageObject\";s:3:\"url\";s:0:\"\";s:5:\"width\";i:600;s:6:\"height\";i:60;}}s:11:\"description\";s:359:\"1. DATI DI IDENTIFICAZIONE In ottemperanza all'obbligo di informazione contenuto nell'articolo 10 della Legge 34\/2002, dell'11 luglio, Servizi della Societ\u00e0 dell'Informazione e del Commercio Elettronico, si riportano le seguenti informazioni: il titolare del dominio web \u00e8 David Lamolla Kristiansen (di seguito CAMPORAN), residente a questi fini in Tur\u00f3 de\";s:6:\"author\";a:4:{s:5:\"@type\";s:6:\"Person\";s:4:\"name\";s:13:\"David Lamolla\";s:3:\"url\";s:45:\"https:\/\/camporan.com\/it\/author\/david_lamolla\/\";s:5:\"image\";a:4:{s:5:\"@type\";s:11:\"ImageObject\";s:3:\"url\";s:113:\"https:\/\/secure.gravatar.com\/avatar\/b01d132e0df2150957521859d132d3cf3f26a2ee48589cc4b19581a283a62424?s=96&d=mm&r=g\";s:6:\"height\";i:96;s:5:\"width\";i:96;}}}"],"_schema_json_timestamp":["1776792892"],"_cmplz_scanned_post":["1"],"_uag_page_assets":["a:9:{s:3:\"css\";s:0:\"\";s:2:\"js\";s:0:\"\";s:18:\"current_block_list\";a:2:{i:0;s:12:\"core\/heading\";i:1;s:14:\"core\/paragraph\";}s:8:\"uag_flag\";b:0;s:11:\"uag_version\";i:1776715758;s:6:\"gfonts\";a:0:{}s:10:\"gfonts_url\";s:0:\"\";s:12:\"gfonts_files\";a:0:{}s:14:\"uag_faq_layout\";b:0;}"]},"uagb_featured_image_src":{"full":false,"thumbnail":false,"medium":false,"medium_large":false,"large":false,"1536x1536":false,"2048x2048":false,"woocommerce_thumbnail":false,"woocommerce_single":false,"woocommerce_gallery_thumbnail":false,"wcpr-photo-reviews":false},"uagb_author_info":{"display_name":"David Lamolla","author_link":"https:\/\/camporan.com\/it\/author\/david_lamolla\/"},"uagb_comment_info":0,"uagb_excerpt":"1. DATI DI IDENTIFICAZIONE In ottemperanza all&#8217;obbligo di informazione contenuto nell&#8217;articolo 10 della Legge 34\/2002, dell&#8217;11 luglio, Servizi della Societ\u00e0 dell&#8217;Informazione e del Commercio Elettronico, si riportano le seguenti informazioni: il titolare del dominio web \u00e8 David Lamolla Kristiansen (di seguito CAMPORAN), residente a questi fini in Tur\u00f3 de Sant Pau, 57B, 0193 Bellaterra (Barcellona),&hellip;","_links":{"self":[{"href":"https:\/\/camporan.com\/it\/wp-json\/wp\/v2\/pages\/12359","targetHints":{"allow":["GET"]}}],"collection":[{"href":"https:\/\/camporan.com\/it\/wp-json\/wp\/v2\/pages"}],"about":[{"href":"https:\/\/camporan.com\/it\/wp-json\/wp\/v2\/types\/page"}],"author":[{"embeddable":true,"href":"https:\/\/camporan.com\/it\/wp-json\/wp\/v2\/users\/7"}],"replies":[{"embeddable":true,"href":"https:\/\/camporan.com\/it\/wp-json\/wp\/v2\/comments?post=12359"}],"version-history":[{"count":1,"href":"https:\/\/camporan.com\/it\/wp-json\/wp\/v2\/pages\/12359\/revisions"}],"predecessor-version":[{"id":14559,"href":"https:\/\/camporan.com\/it\/wp-json\/wp\/v2\/pages\/12359\/revisions\/14559"}],"wp:attachment":[{"href":"https:\/\/camporan.com\/it\/wp-json\/wp\/v2\/media?parent=12359"}],"curies":[{"name":"wp","href":"https:\/\/api.w.org\/{rel}","templated":true}]}}