{"id":5939,"date":"2018-06-05T17:02:16","date_gmt":"2018-06-05T15:02:16","guid":{"rendered":"http:\/\/www.camporan.com\/producto\/mini-van-estructura-de-cama-colchon-plegable\/"},"modified":"2026-05-11T11:45:28","modified_gmt":"2026-05-11T09:45:28","slug":"matelas-pliant-cadre-lit-mini-fourgonnette","status":"publish","type":"product","link":"https:\/\/camporan.com\/fr\/boutique\/matelas-pliant-cadre-lit-mini-fourgonnette\/","title":{"rendered":"Kit Am\u00e9nagement Mini Van : structure de lit + matelas pliable pour petite van"},"content":{"rendered":"<h2>POUR QUELLES FOURGONNETTES LE KIT AM\u00c9NAGEMENT EST-IL CON\u00c7U ?<\/h2>\n<p>Citroen Berlingo \/ Peugeot Partner \/ Rifter \/ Renault Kangoo \/ Dacia Dokker\/ Mercedes Citan &#8211; Clase T \/ Fiat Dobl\u00f3 \/ Opel Combo \/ VW Caddy \/ Ford Tourneo Connect \/ Toyota Proace City Verso \/ Ford Tourneo Courier (2023+) \/ Nissan TownStar<\/p>\n<h2>CARACT\u00c9RISTIQUES PRINCIPALES:<\/h2>\n<p>Meubles de lit pour camping-car petite camionnette de mani\u00e8re simple et \u00e9conomique.<\/p>\n<p>L\u00e9ger et facile \u00e0 transporter, \u00e0 ranger, \u00e0 assembler ou \u00e0 d\u00e9monter. Vous pouvez profiter de l&rsquo;ensemble du coffre, car le lit est renforc\u00e9 pour laisser de l&rsquo;espace libre dans tout le coffre.<\/p>\n<h2>CARACT\u00c9RISTIQUES TECHNIQUES:<\/h2>\n<h3>Mat\u00e9riaux:<\/h3>\n<ul>\n<li>Panneau de contreplaqu\u00e9 de bouleau de 12\/15 mm (contreplaqu\u00e9 marin), finition brune, lisse sur la face inf\u00e9rieure et antid\u00e9rapant sur la face sup\u00e9rieure pour \u00e9viter que le matelas ne glisse.<\/li>\n<li>Bords arrondis et feutre adh\u00e9sif dans les zones de contact avec le corps.<\/li>\n<\/ul>\n<h3>Pr\u00e9paration:<\/h3>\n<p>A r\u00e9ception du colis, celui-ci ne doit \u00eatre assembl\u00e9 que la premi\u00e8re fois, et adapt\u00e9 au v\u00e9hicule auquel il est destin\u00e9. L&rsquo;exc\u00e8s de bois doit \u00eatre coup\u00e9 dans la zone du coffre, conform\u00e9ment au manuel d&rsquo;installation. Tambi\u00e9n se puede pedir ya cortado, seg\u00fan las medidas de tu furgoneta (tenemos medidas la Kangoo, Peugeot Rifter, Citroen Berlingo, Dacia Dokker, Proace City, Courier 2023+, y m\u00e1s)<\/p>\n<h3>Installation en moins de 2 minutes<\/h3>\n<ul>\n<li>Le montage est tr\u00e8s simple et n&rsquo;affecte pas le ch\u00e2ssis du v\u00e9hicule.<\/li>\n<li>Poids Pack Complet: 28,5kg.<\/li>\n<li>Dimensions Kit complet: 187 x 130 x 44 cm.<\/li>\n<\/ul>\n<h2>MATELAS:<\/h2>\n<p>Il se compose d&rsquo;une pi\u00e8ce pour le coffre, mesurant 71x119x8cm, et d&rsquo;une autre en forme de livre mesurant 115cm par 130cm de large ; vous pouvez ainsi dormir confortablement en profitant de la plus grande largeur de cette zone du fourgon. Densit\u00e9 de la mousse 25Kg\/m\u00b3 (ferme) et 8cm d&rsquo;\u00e9paisseur. \u00c9paisseur totale dans le coffre ou pli\u00e9 : 24 cm.  <\/p>\n<h3 id=\"extraminivan\">Soutien aux camionnettes XL<\/h3>\n<p>Vous pouvez \u00e9tendre votre commande en achetant un support de lit Mini Van si votre mod\u00e8le de van est XL, et que vous souhaitez qu&rsquo;il soit align\u00e9 sur la porte du coffre. Ce n&rsquo;est pas strictement n\u00e9cessaire, car il peut \u00eatre install\u00e9 comme s&rsquo;il s&rsquo;agissait d&rsquo;une version courte, mais en laissant un espace libre dans les 35-40 cm de la porte du coffre. <\/p>\n<p><img loading=\"lazy\" decoding=\"async\" class=\"alignnone wp-image-9659 size-large\" src=\"https:\/\/camporan.com\/wp-content\/uploads\/2018\/06\/MiniVAN-XL-support-1-1030x633.jpg\" alt=\"Soutien aux camionnettes XL\" width=\"1030\" height=\"633\" srcset=\"https:\/\/camporan.com\/wp-content\/uploads\/2018\/06\/MiniVAN-XL-support-1-1030x633.jpg 1030w, https:\/\/camporan.com\/wp-content\/uploads\/2018\/06\/MiniVAN-XL-support-1-600x369.jpg 600w, https:\/\/camporan.com\/wp-content\/uploads\/2018\/06\/MiniVAN-XL-support-1-300x184.jpg 300w, https:\/\/camporan.com\/wp-content\/uploads\/2018\/06\/MiniVAN-XL-support-1-768x472.jpg 768w, https:\/\/camporan.com\/wp-content\/uploads\/2018\/06\/MiniVAN-XL-support-1.jpg 1200w\" sizes=\"auto, (max-width: 1030px) 100vw, 1030px\" \/><\/p>\n","protected":false},"excerpt":{"rendered":"<p>Transformez votre petite fourgonnette en chambre \u00e0 coucher en quelques secondes. Ce kit d&rsquo;Am\u00e9nagement pour petite fourgonnette (structure de lit + matelas pliable) est fabriqu\u00e9 sur mesure pour les mini-fourgonnettes telles que le Berlingo, le Kangoo, le VW Caddy, le Tourneo Courier et plus de 10 autres mod\u00e8les compatibles. Fabriqu\u00e9 en contreplaqu\u00e9 de bouleau marin \u00e0 9 couches, il est ultra-l\u00e9ger et extr\u00eamement r\u00e9sistant. Montage et d\u00e9montage en moins de 2 minutes, sans outils. Lorsque vous ne l&rsquo;utilisez pas, il se range parfaitement dans le coffre. Plus de 41 clients dorment d\u00e9j\u00e0 mieux. Serez-vous le prochain ?      <\/p>\n","protected":false},"author":7,"featured_media":4227,"comment_status":"open","ping_status":"closed","template":"","meta":{"om_disable_all_campaigns":false,"_uag_custom_page_level_css":"","site-sidebar-layout":"default","site-content-layout":"default","ast-site-content-layout":"default","site-content-style":"default","site-sidebar-style":"default","ast-global-header-display":"","ast-banner-title-visibility":"","ast-main-header-display":"","ast-hfb-above-header-display":"","ast-hfb-below-header-display":"","ast-hfb-mobile-header-display":"","site-post-title":"","ast-breadcrumbs-content":"","ast-featured-img":"","footer-sml-layout":"","ast-disable-related-posts":"","theme-transparent-header-meta":"default","adv-header-id-meta":"","stick-header-meta":"default","header-above-stick-meta":"","header-main-stick-meta":"","header-below-stick-meta":"","astra-migrate-meta-layouts":"set","ast-page-background-enabled":"default","ast-page-background-meta":{"desktop":{"background-color":"","background-image":"","background-repeat":"repeat","background-position":"center center","background-size":"auto","background-attachment":"scroll","background-type":"","background-media":"","overlay-type":"","overlay-color":"","overlay-opacity":"","overlay-gradient":""},"tablet":{"background-color":"","background-image":"","background-repeat":"repeat","background-position":"center center","background-size":"auto","background-attachment":"scroll","background-type":"","background-media":"","overlay-type":"","overlay-color":"","overlay-opacity":"","overlay-gradient":""},"mobile":{"background-color":"","background-image":"","background-repeat":"repeat","background-position":"center center","background-size":"auto","background-attachment":"scroll","background-type":"","background-media":"","overlay-type":"","overlay-color":"","overlay-opacity":"","overlay-gradient":""}},"ast-content-background-meta":{"desktop":{"background-color":"var(--ast-global-color-5)","background-image":"","background-repeat":"repeat","background-position":"center center","background-size":"auto","background-attachment":"scroll","background-type":"","background-media":"","overlay-type":"","overlay-color":"","overlay-opacity":"","overlay-gradient":""},"tablet":{"background-color":"var(--ast-global-color-5)","background-image":"","background-repeat":"repeat","background-position":"center center","background-size":"auto","background-attachment":"scroll","background-type":"","background-media":"","overlay-type":"","overlay-color":"","overlay-opacity":"","overlay-gradient":""},"mobile":{"background-color":"var(--ast-global-color-5)","background-image":"","background-repeat":"repeat","background-position":"center center","background-size":"auto","background-attachment":"scroll","background-type":"","background-media":"","overlay-type":"","overlay-color":"","overlay-opacity":"","overlay-gradient":""}}},"product_brand":[],"product_cat":[539,665,587,611,935,557,929,641,644,138,625,629,656,632,566,944,575],"product_tag":[282,182,458,295,294,296,382,292,465,807,293,1005,297],"class_list":{"0":"post-5939","1":"product","2":"type-product","3":"status-publish","4":"has-post-thumbnail","6":"product_cat-berlingo","7":"product_cat-cady-iii-2003-2020","8":"product_cat-citan","9":"product_cat-combo","10":"product_cat-courier-ii-fr","11":"product_cat-doblo","12":"product_cat-dacia-dokker-fr","13":"product_cat-kangoo-i","14":"product_cat-kangoo-ii","15":"product_cat-packs-camper-car","16":"product_cat-partner-i","17":"product_cat-partner-ii","18":"product_cat-proace-city","19":"product_cat-rifter","20":"product_cat-tourneo-connect","21":"product_cat-townstar-fr","22":"product_cat-transit-connect","23":"product_tag-camionette-petite","24":"product_tag-citroen_berlingo-fr","25":"product_tag-dacia_dokker-fr","26":"product_tag-fiat-doblo-fr","27":"product_tag-mercedes-citan-fr","28":"product_tag-opel-combo-fr","29":"product_tag-partner-fr","30":"product_tag-peugeot-partner-fr","31":"product_tag-peugeot-rifter-fr","32":"product_tag-proace-city","33":"product_tag-renault-kangoo-fr","34":"product_tag-tourneo-courier","35":"product_tag-vw-caddy-fr","36":"desktop-align-center","37":"tablet-align-center","38":"mobile-align-center","39":"ast-product-gallery-layout-horizontal","40":"ast-product-tabs-layout-vertical","42":"first","43":"onbackorder","44":"sale","45":"taxable","46":"shipping-taxable","47":"purchasable","48":"product-type-bundle"},"bundled_by":[],"bundle_stock_status":"instock","bundle_stock_quantity":32,"bundle_virtual":false,"bundle_layout":"grid","bundle_add_to_cart_form_location":"default","bundle_editable_in_cart":false,"bundle_sold_individually_context":"product","bundle_item_grouping":"parent","bundle_min_size":"","bundle_max_size":"","bundle_price":{"price":{"min":{"incl_tax":"806","excl_tax":"666.115702"},"max":{"incl_tax":"806","excl_tax":"666.115702"}},"regular_price":{"min":{"incl_tax":"840","excl_tax":"694.214876"},"max":{"incl_tax":"840","excl_tax":"694.214876"}}},"bundled_items":[{"bundled_item_id":57,"product_id":5526,"menu_order":0,"quantity_min":1,"quantity_max":1,"quantity_default":1,"priced_individually":false,"shipped_individually":false,"override_title":false,"title":"Matelas pour petit fourgon MiniVan","override_description":false,"description":"Matelas pour petit fourgon MiniVan","optional":false,"hide_thumbnail":false,"discount":"","override_variations":false,"allowed_variations":[""],"override_default_variation_attributes":false,"default_variation_attributes":[],"single_product_visibility":"hidden","cart_visibility":"visible","order_visibility":"visible","single_product_price_visibility":"visible","cart_price_visibility":"visible","order_price_visibility":"visible","stock_status":"on_backorder"},{"bundled_item_id":58,"product_id":5500,"menu_order":1,"quantity_min":1,"quantity_max":1,"quantity_default":1,"priced_individually":false,"shipped_individually":false,"override_title":false,"title":"Structure de lit pour mini-fourgon","override_description":false,"description":"Structure de lit pour mini-fourgon","optional":false,"hide_thumbnail":false,"discount":"","override_variations":false,"allowed_variations":[""],"override_default_variation_attributes":false,"default_variation_attributes":[],"single_product_visibility":"hidden","cart_visibility":"visible","order_visibility":"visible","single_product_price_visibility":"visible","cart_price_visibility":"visible","order_price_visibility":"visible","stock_status":"in_stock"}],"bundle_sell_ids":[],"exclude_global_add_ons":false,"addons":[{"name":"Extras","type":"checkbox","position":0,"required":false,"title_format":"label","default":"","description_enable":true,"description":"Support pour les fourgons XL Modification du sommier avec support pour les mod\u00e8les tels que Berlingo XL et Rifter XL <a href=\"#extraminivan\"> Plus d'informations<\/a>","placeholder_enable":false,"placeholder":null,"display":"select","restrictions_type":"any_text","adjust_price":false,"price":"","price_type":"flat_fee","restrictions":false,"min":"0","max":"0","options":[{"label":"Support XL pour l'alignement entre le lit et le coffre","price":"60","price_type":"quantity_based","image":0,"visibility":true},{"label":"Hauteur suppl\u00e9mentaire 2-5cm (veuillez consulter)","price":"40","price_type":"flat_fee","image":0,"visibility":true},{"label":"Hauteur suppl\u00e9mentaire 6-10cm (nous consulter)","price":"75","price_type":"flat_fee","image":0,"visibility":true}],"id":1715438196},{"name":"Extras pour le matelas :","type":"checkbox","position":1,"required":false,"title_format":"label","default":"","description_enable":true,"description":"Des modifications du type de mousse, de l'\u00e9paisseur ou de la couleur de la couverture sont possibles sur demande. Toutes ces options suppl\u00e9mentaires impliquent une fabrication sp\u00e9ciale sur demande, de sorte que le d\u00e9lai de livraison peut augmenter de 8 \u00e0 15 jours, et le droit de r\u00e9tractation est perdu avec le matelas, \u00e9tant donn\u00e9 qu'il s'agit d'un produit sur mesure [loi 1\/2007 art. 103 c) ES].","placeholder_enable":false,"placeholder":null,"display":"select","restrictions_type":"any_text","adjust_price":false,"price":"","price_type":"flat_fee","restrictions":false,"min":"0","max":"0","options":[{"label":"Augmentation de l'\u00e9paisseur de 2 cm","price":"25","price_type":"flat_fee","image":0,"visibility":true},{"label":"Augmentation de la densit\u00e9 \u00e0 \"hard\" (D30)","price":"25","price_type":"flat_fee","image":0,"visibility":true},{"label":"3cm de visco\u00e9lastique, avec la m\u00eame \u00e9paisseur totale","price":"30","price_type":"flat_fee","image":0,"visibility":true},{"label":"Changement de couleur de la couverture","price":"20","price_type":"flat_fee","image":0,"visibility":true}],"id":1715438197},{"name":"Suppl\u00e9ments pour le matelas :","type":"checkbox","position":0,"required":false,"title_format":"label","default":"","description_enable":true,"description":"Des modifications peuvent \u00eatre demand\u00e9es concernant le type de mousse, l'\u00e9paisseur ou la couleur de la couverture. Chacune de ces options suppl\u00e9mentaires implique une fabrication sp\u00e9ciale sur commande, de sorte que le d\u00e9lai de livraison peut augmenter entre 8 et 15 jours, et le droit de r\u00e9tractation est perdu avec le matelas, puisqu'il s'agit d'un produit sur mesure [Loi 1\/ 2007 Art 103 c )]","placeholder_enable":false,"placeholder":"","display":"select","restrictions_type":"any_text","adjust_price":false,"price":"","price_type":"flat_fee","restrictions":false,"min":"0","max":"0","options":[{"label":"Augmentation de l'\u00e9paisseur de 2 cm","price":"40","price_type":"flat_fee","image":0,"visibility":true},{"label":"Densit\u00e9 augment\u00e9e \u00e0 D30 \"dur\"","price":"35","price_type":"flat_fee","image":0,"visibility":true},{"label":"Mousse \u00e0 m\u00e9moire de 3 cm, avec la m\u00eame \u00e9paisseur totale","price":"40","price_type":"flat_fee","image":0,"visibility":true},{"label":"Changement de couleur de la couverture","price":"25","price_type":"flat_fee","image":0,"visibility":true}],"id":1686912989}],"aioseo_notices":[],"spectra_custom_meta":{"_wpml_word_count":["490"],"_download_limit":["-1"],"_download_expiry":["-1"],"_downloadable":["no"],"_manage_stock":["yes"],"_sku":["4501"],"_stock_status":["onbackorder"],"_sold_individually":["no"],"_tax_class":[""],"_tax_status":["taxable"],"_virtual":["no"],"_width":["75"],"_height":["12"],"_length":["120"],"total_sales":["301"],"_sale_price_dates_from":[""],"_sale_price_dates_to":[""],"_wpml_media_duplicate":["1"],"_wpml_media_featured":["1"],"_aviaLayoutBuilder_active":[""],"_low_stock_amount":["0"],"_avia_hide_featured_image":["0"],"_av_alb_element_mgr_version":["1.0.1"],"_av_el_mgr_version":["1.0"],"_avia_sc_parser_state":["check_only"],"_av_alb_posts_elements_state":["a:0:{}"],"_avia_builder_shortcode_tree":["a:0:{}"],"sidebar":[""],"footer":[""],"header_title_bar":[""],"header_transparency":[""],"layout":[""],"_thumbnail_id":["4227"],"_alp_processed":["1775806512"],"_last_translation_edit_mode":["translation-editor"],"wcml_sync_hash":["a:1:{s:15:\"postmeta_fields\";s:32:\"31db1432a59bc07542acb81a89d2c0e6\";}"],"_purchase_note":[""],"attr_label_translations":["a:0:{}"],"_product_attributes":["a:0:{}"],"_default_attributes":["a:0:{}"],"_children":["a:0:{}"],"_stock":["-22"],"_product_image_gallery":["129,133,4031,5796,8010,12307,11151,12312,13362"],"_edit_lock":["1771411247:7"],"_edit_last":["58"],"_aioseop_custom_link":[""],"_aioseop_sitemap_exclude":[""],"_aioseop_disable":[""],"_aioseop_disable_analytics":[""],"_aioseop_noindex":[""],"_aioseop_nofollow":[""],"_aioseop_opengraph_settings":["a:0:{}"],"_vtwf_enable_tab":["yes"],"_vtwf_tab_title":[""],"_vtwf_hide_title":["no"],"_vtwf_video_content":["https:\/\/www.youtube.com\/shorts\/zquTaC5XC0E"],"_wc_average_rating":["5.00"],"_wc_review_count":["42"],"_product_version":["10.7.0"],"_aviaLayoutBuilderCleanData":[""],"_product_hover":[""],"_wp_old_slug":["mini-van-estructura-de-cama-colchon-plegable"],"_wcml_average_rating":["5.00"],"_wcml_review_count":["42"],"_wp_attachment_metadata":[""],"_top_nav_excluded":[""],"_cms_nav_minihome":[""],"site-sidebar-layout":["default"],"site-content-layout":["default"],"theme-transparent-header-meta":["default"],"woosb_disable_auto_price":["on"],"woosb_discount":["5"],"woosb_discount_amount":[""],"woosb_shipping_fee":["whole"],"woosb_optional_products":["off"],"woosb_manage_stock":["off"],"woosb_limit_each_min":[""],"woosb_limit_each_max":[""],"woosb_limit_each_min_default":["off"],"woosb_limit_whole_min":[""],"woosb_limit_whole_max":[""],"_aioseo_og_article_section":[""],"_aioseo_og_article_tags":["a:0:{}"],"stick-header-meta":["default"],"woosb_ids":["5526\/1,5500\/1"],"_wc_rating_count":[{"5":42}],"_wpml_media_has_media":["1"],"_related_ids":["a:2:{i:0;i:5500;i:1;i:5526;}"],"_backorders":["notify"],"_wcml_rating_count":["a:1:{i:5;i:42;}"],"_product_meta_id":["3"],"_wc_pb_edit_in_cart":["no"],"_product_addons_exclude_global":["0"],"_wc_pb_bundled_items_stock_sync_status":["synced"],"_wcpb_min_qty_limit":[""],"_wcpb_max_qty_limit":[""],"_wc_pb_virtual_bundle":["no"],"_wc_pb_group_mode":["parent"],"_wc_pb_aggregate_weight":["no"],"_wc_pb_sold_individually_context":["product"],"_wc_pb_add_to_cart_form_location":["default"],"_wc_pb_layout_style":["grid"],"ast-site-content-layout":["default"],"site-content-style":["default"],"site-sidebar-style":["default"],"_weight":["33"],"_wc_pb_bundled_items_stock_status":["instock"],"_wc_pb_bundle_stock_quantity":["32"],"_downloadable_files":[""],"_regular_price":["840.00"],"_sale_price":["806"],"_price":["806"],"_wc_pb_base_regular_price":["840.00"],"_wc_pb_base_sale_price":["806"],"_wc_pb_base_price":["806"],"_wc_sw_max_price":["806"],"_wc_sw_max_regular_price":["840.00"],"_aioseo_og_title":[""],"_aioseo_og_description":[""],"_aioseo_twitter_title":[""],"_aioseo_twitter_description":[""],"cmplz_hide_cookiebanner":[""],"om_disable_all_campaigns":[""],"astra-migrate-meta-layouts":["set"],"_oembed_750aef67a7fc3307245a8d0c55104445":["<iframe title=\"MiniVan Bed and Matress, folding and unfolding\" width=\"563\" height=\"1000\" src=\"https:\/\/www.youtube.com\/embed\/zquTaC5XC0E?feature=oembed\" frameborder=\"0\" allow=\"accelerometer; autoplay; clipboard-write; encrypted-media; gyroscope; picture-in-picture; web-share\" referrerpolicy=\"strict-origin-when-cross-origin\" allowfullscreen><\/iframe>"],"_oembed_time_750aef67a7fc3307245a8d0c55104445":["1770104589"],"_wc_gla_isBundle":["yes"],"_crosssell_ids":["a:1:{i:0;i:8968;}"],"_upsell_ids":["a:3:{i:0;i:9040;i:1;i:5526;i:2;i:5500;}"],"_aioseop_title":["Pack Mini Van: Matelas + cadre de lit"],"_aioseop_description":["Pack compos\u00e9 de matelas pliants et de meubles de lit pour petits fourgons: Citroen Berlingo \/ Peugeot Partner \/ Renault Kangoo \/ Citan \/ Dacia Dokker \/ Combo"],"_aioseop_keywords":["meuble citroen berlingo , meubles de lit Partner, kit am\u00e9nagement citroen berlingo, Rifter lit pour, kit campeur partner, meuble kangoo, kit am\u00e9nagement renault kangoo, kit kangoo am\u00e9nag\u00e9e, camper mercedes citan, lit fiat doblo, kit camper fiat doblo, combo camper opel, lit de caddie, kit de caddie campeur, caddy volkswagen, lit Dacia Dokker"],"_aioseo_title":["Kit d'Am\u00e9nagement pour petite Van MiniVan | Camporan"],"_aioseo_description":["Kit d'Am\u00e9nagement pour petite Van, structure de lit + matelas pliable (Berlingo, Kangoo, Caddy\u2026). Montage rapide en 2 minutes. V\u00e9rifiez la compatibilit\u00e9 !  "],"_aioseo_keywords":["citroen berlingo am\u00e9nag\u00e9,meuble lit berlingo, am\u00e9nag\u00e9 Partner, citroen berlingo camper kit,peugeot partner fourgon am\u00e9nag\u00e9,lit peugeot partner,kit camper partner,meuble peugeot partner,peugeot partner camper kit,lit pour kangoo,kit fourgon renault kangoo,kit kangoo camper,am\u00e9nager mercedes citan,fiat doblo lit,kit camper fiat doblo,am\u00e9nager opel combo,lit caddy,kit camper caddy,lit fourgon Rifter,lit Dacia Dokker"],"_product_addons":["a:2:{i:0;a:20:{s:4:\"name\";s:6:\"Extras\";s:12:\"title_format\";s:5:\"label\";s:18:\"description_enable\";i:1;s:11:\"description\";s:166:\"Support pour les fourgons XL Modification du sommier avec support pour les mod\u00e8les tels que Berlingo XL et Rifter XL <a href=\"#extraminivan\"> Plus d'informations<\/a>\";s:18:\"placeholder_enable\";i:0;s:11:\"placeholder\";N;s:4:\"type\";s:8:\"checkbox\";s:7:\"display\";s:6:\"select\";s:8:\"position\";i:0;s:8:\"required\";i:0;s:12:\"restrictions\";i:0;s:17:\"restrictions_type\";s:8:\"any_text\";s:12:\"adjust_price\";i:0;s:10:\"price_type\";s:8:\"flat_fee\";s:5:\"price\";s:0:\"\";s:2:\"id\";s:10:\"1715438196\";s:3:\"min\";i:0;s:3:\"max\";i:0;s:7:\"default\";s:0:\"\";s:7:\"options\";a:3:{i:0;a:5:{s:5:\"label\";s:54:\"Support XL pour l'alignement entre le lit et le coffre\";s:5:\"price\";s:2:\"60\";s:5:\"image\";s:0:\"\";s:10:\"price_type\";s:14:\"quantity_based\";s:10:\"visibility\";i:1;}i:1;a:5:{s:5:\"label\";s:50:\"Hauteur suppl\u00e9mentaire 2-5cm (veuillez consulter)\";s:5:\"price\";s:2:\"40\";s:5:\"image\";s:0:\"\";s:10:\"price_type\";s:8:\"flat_fee\";s:10:\"visibility\";i:1;}i:2;a:5:{s:5:\"label\";s:47:\"Hauteur suppl\u00e9mentaire 6-10cm (nous consulter)\";s:5:\"price\";s:2:\"75\";s:5:\"image\";s:0:\"\";s:10:\"price_type\";s:8:\"flat_fee\";s:10:\"visibility\";i:1;}}}i:1;a:20:{s:4:\"name\";s:24:\"Extras pour le matelas :\";s:12:\"title_format\";s:5:\"label\";s:18:\"description_enable\";i:1;s:11:\"description\";s:405:\"Des modifications du type de mousse, de l'\u00e9paisseur ou de la couleur de la couverture sont possibles sur demande. Toutes ces options suppl\u00e9mentaires impliquent une fabrication sp\u00e9ciale sur demande, de sorte que le d\u00e9lai de livraison peut augmenter de 8 \u00e0 15 jours, et le droit de r\u00e9tractation est perdu avec le matelas, \u00e9tant donn\u00e9 qu'il s'agit d'un produit sur mesure [loi 1\/2007 art. 103 c) ES].\";s:18:\"placeholder_enable\";i:0;s:11:\"placeholder\";N;s:4:\"type\";s:8:\"checkbox\";s:7:\"display\";s:6:\"select\";s:8:\"position\";i:1;s:8:\"required\";i:0;s:12:\"restrictions\";i:0;s:17:\"restrictions_type\";s:8:\"any_text\";s:12:\"adjust_price\";i:0;s:10:\"price_type\";s:8:\"flat_fee\";s:5:\"price\";s:0:\"\";s:2:\"id\";s:10:\"1715438197\";s:3:\"min\";i:0;s:3:\"max\";i:0;s:7:\"default\";s:0:\"\";s:7:\"options\";a:4:{i:0;a:5:{s:5:\"label\";s:36:\"Augmentation de l'\u00e9paisseur de 2 cm\";s:5:\"price\";s:2:\"25\";s:5:\"image\";s:0:\"\";s:10:\"price_type\";s:8:\"flat_fee\";s:10:\"visibility\";i:1;}i:1;a:5:{s:5:\"label\";s:43:\"Augmentation de la densit\u00e9 \u00e0 \"hard\" (D30)\";s:5:\"price\";s:2:\"25\";s:5:\"image\";s:0:\"\";s:10:\"price_type\";s:8:\"flat_fee\";s:10:\"visibility\";i:1;}i:2;a:5:{s:5:\"label\";s:55:\"3cm de visco\u00e9lastique, avec la m\u00eame \u00e9paisseur totale\";s:5:\"price\";s:2:\"30\";s:5:\"image\";s:0:\"\";s:10:\"price_type\";s:8:\"flat_fee\";s:10:\"visibility\";i:1;}i:3;a:5:{s:5:\"label\";s:38:\"Changement de couleur de la couverture\";s:5:\"price\";s:2:\"20\";s:5:\"image\";s:0:\"\";s:10:\"price_type\";s:8:\"flat_fee\";s:10:\"visibility\";i:1;}}}}"],"_schema_json":["a:0:{}"],"_schema_json_timestamp":["1778514686"],"_uag_page_assets":["a:9:{s:3:\"css\";s:0:\"\";s:2:\"js\";s:0:\"\";s:18:\"current_block_list\";a:2:{i:0;s:12:\"core\/heading\";i:1;s:14:\"core\/paragraph\";}s:8:\"uag_flag\";b:0;s:11:\"uag_version\";i:1778504966;s:6:\"gfonts\";a:0:{}s:10:\"gfonts_url\";s:0:\"\";s:12:\"gfonts_files\";a:0:{}s:14:\"uag_faq_layout\";b:0;}"]},"uagb_featured_image_src":{"full":["https:\/\/camporan.com\/wp-content\/uploads\/2018\/06\/Berlingo-6975-Posterior.jpg",2560,2005,false],"thumbnail":["https:\/\/camporan.com\/wp-content\/uploads\/2018\/06\/Berlingo-6975-Posterior-80x80.jpg",80,80,true],"medium":["https:\/\/camporan.com\/wp-content\/uploads\/2018\/06\/Berlingo-6975-Posterior-300x235.jpg",300,235,true],"medium_large":["https:\/\/camporan.com\/wp-content\/uploads\/2018\/06\/Berlingo-6975-Posterior-768x602.jpg",768,602,true],"large":["https:\/\/camporan.com\/wp-content\/uploads\/2018\/06\/Berlingo-6975-Posterior-1030x807.jpg",1030,807,true],"1536x1536":["https:\/\/camporan.com\/wp-content\/uploads\/2018\/06\/Berlingo-6975-Posterior.jpg",1536,1203,false],"2048x2048":["https:\/\/camporan.com\/wp-content\/uploads\/2018\/06\/Berlingo-6975-Posterior.jpg",2048,1604,false],"woocommerce_thumbnail":["https:\/\/camporan.com\/wp-content\/uploads\/2018\/06\/Berlingo-6975-Posterior-600x470.jpg",600,470,true],"woocommerce_single":["https:\/\/camporan.com\/wp-content\/uploads\/2018\/06\/Berlingo-6975-Posterior-600x470.jpg",600,470,true],"woocommerce_gallery_thumbnail":["https:\/\/camporan.com\/wp-content\/uploads\/2018\/06\/Berlingo-6975-Posterior-100x100.jpg",100,100,true],"wcpr-photo-reviews":["https:\/\/camporan.com\/wp-content\/uploads\/2018\/06\/Berlingo-6975-Posterior.jpg",500,392,false]},"uagb_author_info":{"display_name":"David Lamolla","author_link":"https:\/\/camporan.com\/fr\/author\/david_lamolla\/"},"uagb_comment_info":43,"uagb_excerpt":"Transformez votre petite fourgonnette en chambre \u00e0 coucher en quelques secondes. Ce kit d'Am\u00e9nagement pour petite fourgonnette (structure de lit + matelas pliable) est fabriqu\u00e9 sur mesure pour les mini-fourgonnettes telles que le Berlingo, le Kangoo, le VW Caddy, le Tourneo Courier et plus de 10 autres mod\u00e8les compatibles. Fabriqu\u00e9 en contreplaqu\u00e9 de bouleau marin\u2026","_links":{"self":[{"href":"https:\/\/camporan.com\/fr\/wp-json\/wp\/v2\/product\/5939","targetHints":{"allow":["GET"]}}],"collection":[{"href":"https:\/\/camporan.com\/fr\/wp-json\/wp\/v2\/product"}],"about":[{"href":"https:\/\/camporan.com\/fr\/wp-json\/wp\/v2\/types\/product"}],"author":[{"embeddable":true,"href":"https:\/\/camporan.com\/fr\/wp-json\/wp\/v2\/users\/7"}],"replies":[{"embeddable":true,"href":"https:\/\/camporan.com\/fr\/wp-json\/wp\/v2\/comments?post=5939"}],"wp:featuredmedia":[{"embeddable":true,"href":"https:\/\/camporan.com\/fr\/wp-json\/wp\/v2\/media\/4227"}],"wp:attachment":[{"href":"https:\/\/camporan.com\/fr\/wp-json\/wp\/v2\/media?parent=5939"}],"wp:term":[{"taxonomy":"product_brand","embeddable":true,"href":"https:\/\/camporan.com\/fr\/wp-json\/wp\/v2\/product_brand?post=5939"},{"taxonomy":"product_cat","embeddable":true,"href":"https:\/\/camporan.com\/fr\/wp-json\/wp\/v2\/product_cat?post=5939"},{"taxonomy":"product_tag","embeddable":true,"href":"https:\/\/camporan.com\/fr\/wp-json\/wp\/v2\/product_tag?post=5939"}],"curies":[{"name":"wp","href":"https:\/\/api.w.org\/{rel}","templated":true}]}}