{"id":5903,"date":"2018-06-17T12:31:01","date_gmt":"2018-06-17T10:31:01","guid":{"rendered":"http:\/\/www.camporan.com\/producto\/matelas-pour-lit-van\/"},"modified":"2026-04-27T21:23:56","modified_gmt":"2026-04-27T19:23:56","slug":"matelas-pour-lit-van","status":"publish","type":"product","link":"https:\/\/camporan.com\/fr\/boutique\/matelas-pour-lit-van\/","title":{"rendered":"Matelas pour fourgon am\u00e9nag\u00e9"},"content":{"rendered":"<h2>AVEC QUELS FOURGONS EST-IL COMPATIBLE ?<\/h2>\n<p>Renault Trafic II et III Combi \/ Opel Vivaro Combi \/ Nissan Primastar + NV300 Combi \/ JumpyIII \/ Expert III \/ ProAce \/ Fiat Talento II \/ VW T5 T6 (Caravelle, Transporter) \/ Mercedes Vito-Viano \/ Ford Tourneo Custom II (2023+).<\/p>\n<h2>CARACT\u00c9RISTIQUES DU MATELAS<\/h2>\n<p>Matelas pliable avec 3 housses amovibles en forme de \u00ab\u00a0Z\u00a0\u00bb.<\/p>\n<p>25Kg\/m\u00b3 de mousse ferme. Couverture zipp\u00e9e en toile bleu fonc\u00e9.<\/p>\n<ul>\n<li>Poids : 7 kg.<\/li>\n<li>Dimensions : 200 x 160 x 8 cm, 195x150x8 cm ou 195x142x8 cm, en fonction de la taille de la camionnette \u00e0 camper.<\/li>\n<\/ul>\n","protected":false},"excerpt":{"rendered":"<p>Le matelas pour fourgon le plus complet du catalogue Camporan. Avec 5 cm de mousse ferme et 3 cm de mousse visco\u00e9lastique, c&rsquo;est le seul de la gamme qui veille v\u00e9ritablement \u00e0 votre repos sur la route. Fabriqu\u00e9 sur mesure et compatible avec les fourgons de taille moyenne les plus vendus : VW T5\/T6, Renault Trafic, Opel Vivaro, Nissan Primastar, Citro\u00ebn Jumpy III, Peugeot Expert III, Toyota ProAce et Ford Tourneo Custom 2023+. Housse amovible et lavable. Si vous recherchez le meilleur confort de sommeil pour votre fourgon, ce matelas est fait pour vous.    <\/p>\n","protected":false},"author":7,"featured_media":4150,"comment_status":"open","ping_status":"closed","template":"","meta":{"om_disable_all_campaigns":false,"_uag_custom_page_level_css":"","site-sidebar-layout":"default","site-content-layout":"default","ast-site-content-layout":"default","site-content-style":"default","site-sidebar-style":"default","ast-global-header-display":"","ast-banner-title-visibility":"","ast-main-header-display":"","ast-hfb-above-header-display":"","ast-hfb-below-header-display":"","ast-hfb-mobile-header-display":"","site-post-title":"","ast-breadcrumbs-content":"","ast-featured-img":"","footer-sml-layout":"","ast-disable-related-posts":"","theme-transparent-header-meta":"default","adv-header-id-meta":"","stick-header-meta":"default","header-above-stick-meta":"","header-main-stick-meta":"","header-below-stick-meta":"","astra-migrate-meta-layouts":"set","ast-page-background-enabled":"default","ast-page-background-meta":{"desktop":{"background-color":"","background-image":"","background-repeat":"repeat","background-position":"center center","background-size":"auto","background-attachment":"scroll","background-type":"","background-media":"","overlay-type":"","overlay-color":"","overlay-opacity":"","overlay-gradient":""},"tablet":{"background-color":"","background-image":"","background-repeat":"repeat","background-position":"center center","background-size":"auto","background-attachment":"scroll","background-type":"","background-media":"","overlay-type":"","overlay-color":"","overlay-opacity":"","overlay-gradient":""},"mobile":{"background-color":"","background-image":"","background-repeat":"repeat","background-position":"center center","background-size":"auto","background-attachment":"scroll","background-type":"","background-media":"","overlay-type":"","overlay-color":"","overlay-opacity":"","overlay-gradient":""}},"ast-content-background-meta":{"desktop":{"background-color":"var(--ast-global-color-5)","background-image":"","background-repeat":"repeat","background-position":"center center","background-size":"auto","background-attachment":"scroll","background-type":"","background-media":"","overlay-type":"","overlay-color":"","overlay-opacity":"","overlay-gradient":""},"tablet":{"background-color":"var(--ast-global-color-5)","background-image":"","background-repeat":"repeat","background-position":"center center","background-size":"auto","background-attachment":"scroll","background-type":"","background-media":"","overlay-type":"","overlay-color":"","overlay-opacity":"","overlay-gradient":""},"mobile":{"background-color":"var(--ast-global-color-5)","background-image":"","background-repeat":"repeat","background-position":"center center","background-size":"auto","background-attachment":"scroll","background-type":"","background-media":"","overlay-type":"","overlay-color":"","overlay-opacity":"","overlay-gradient":""}}},"product_brand":[],"product_cat":[668,671,623,542,135,602,605,653,647,674,677,590,614],"product_tag":[188,332,304,306,309,357,301,302,300,305,298,396,308,415,307],"class_list":{"0":"post-5903","1":"product","2":"type-product","3":"status-publish","4":"has-post-thumbnail","6":"product_cat-caravelle-t5","7":"product_cat-caravelle-t6","8":"product_cat-expert","9":"product_cat-jumpy","10":"product_cat-matelas-fr","11":"product_cat-nv300","12":"product_cat-primastar","13":"product_cat-proace","14":"product_cat-trafic","15":"product_cat-transporter-t5","16":"product_cat-transporter-t6","17":"product_cat-viano","18":"product_cat-vivaro","19":"product_tag-caravelle-fr","20":"product_tag-combi-fr","21":"product_tag-expert-iii-fr","22":"product_tag-fiat-talento-ii-fr","23":"product_tag-furgon-moyen","24":"product_tag-jumpy-iii-fr","25":"product_tag-nissan-primastar-fr","26":"product_tag-nv300-combi-fr","27":"product_tag-opel-vivaro-combi-fr","28":"product_tag-proace-fr","29":"product_tag-renault-trafic-ii-fr","30":"product_tag-renault-trafic-iii-fr","31":"product_tag-transporter-fr","32":"product_tag-volkswagen-fr","33":"product_tag-vw-t5-fr","34":"desktop-align-center","35":"tablet-align-center","36":"mobile-align-center","37":"ast-product-gallery-layout-horizontal","38":"ast-product-tabs-layout-vertical","40":"first","41":"instock","42":"taxable","43":"shipping-taxable","44":"purchasable","45":"product-type-simple"},"bundled_by":["8031"],"bundle_stock_status":"instock","bundle_stock_quantity":1,"bundle_virtual":false,"bundle_layout":"","bundle_add_to_cart_form_location":"","bundle_editable_in_cart":false,"bundle_sold_individually_context":"","bundle_item_grouping":"","bundle_min_size":"","bundle_max_size":"","bundle_price":[],"bundled_items":[],"bundle_sell_ids":[],"exclude_global_add_ons":false,"addons":[{"name":"Extras pour le matelas :","type":"checkbox","position":0,"required":false,"title_format":"label","default":"","description_enable":true,"description":"Des modifications du type de mousse, de l'\u00e9paisseur ou de la couleur de la couverture sont possibles sur demande. Toutes ces options suppl\u00e9mentaires impliquent une fabrication sp\u00e9ciale sur demande, de sorte que le d\u00e9lai de livraison peut augmenter de 8 \u00e0 15 jours, et le droit de r\u00e9tractation est perdu avec le matelas, \u00e9tant donn\u00e9 qu'il s'agit d'un produit sur mesure [loi 1\/2007 art. 103 c) ES].","placeholder_enable":false,"placeholder":null,"display":"select","restrictions_type":"any_text","adjust_price":false,"price":"","price_type":"flat_fee","restrictions":false,"min":"0","max":"0","options":[{"label":"Augmentation de l'\u00e9paisseur de 2 cm","price":"35","price_type":"flat_fee","image":0,"visibility":true},{"label":"Augmentation de la densit\u00e9 \u00e0 \"dur\" (HR35)","price":"40","price_type":"flat_fee","image":0,"visibility":true},{"label":"2cm de visco\u00e9lastique, avec la m\u00eame \u00e9paisseur totale","price":"35","price_type":"flat_fee","image":0,"visibility":true},{"label":"Changement de couleur de la couverture","price":"25","price_type":"flat_fee","image":0,"visibility":true}],"id":1686918566},{"name":"Suppl\u00e9ments pour le matelas :","type":"checkbox","position":0,"required":false,"title_format":"label","default":"","description_enable":true,"description":"Des modifications peuvent \u00eatre demand\u00e9es concernant le type de mousse, l'\u00e9paisseur ou la couleur de la couverture. Chacune de ces options suppl\u00e9mentaires implique une fabrication sp\u00e9ciale sur commande, de sorte que le d\u00e9lai de livraison peut augmenter entre 8 et 15 jours, et le droit de r\u00e9tractation est perdu avec le matelas, puisqu'il s'agit d'un produit sur mesure [Loi 1\/ 2007 Art 103 c )]","placeholder_enable":false,"placeholder":"","display":"select","restrictions_type":"any_text","adjust_price":false,"price":"","price_type":"flat_fee","restrictions":false,"min":"0","max":"0","options":[{"label":"Augmentation de l'\u00e9paisseur de 2 cm","price":"40","price_type":"flat_fee","image":0,"visibility":true},{"label":"Densit\u00e9 augment\u00e9e \u00e0 D30 \"dur\"","price":"35","price_type":"flat_fee","image":0,"visibility":true},{"label":"Mousse \u00e0 m\u00e9moire de 3 cm, avec la m\u00eame \u00e9paisseur totale","price":"40","price_type":"flat_fee","image":0,"visibility":true},{"label":"Changement de couleur de la couverture","price":"25","price_type":"flat_fee","image":0,"visibility":true}],"id":1686912989}],"aioseo_notices":[],"spectra_custom_meta":{"_wpml_word_count":["181"],"_backorders":["notify"],"_download_limit":["-1"],"_download_expiry":["-1"],"_downloadable":["no"],"_manage_stock":["yes"],"_sku":["4204"],"_stock_status":["instock"],"_sold_individually":["no"],"_tax_class":[""],"_tax_status":["taxable"],"_virtual":["no"],"total_sales":["63"],"_sale_price":[""],"_sale_price_dates_from":[""],"_sale_price_dates_to":[""],"_wpml_media_duplicate":["1"],"_wpml_media_featured":["0"],"_aviaLayoutBuilder_active":[""],"_low_stock_amount":["0"],"_avia_hide_featured_image":["0"],"_av_el_mgr_version":["1.0"],"_avia_sc_parser_state":["check_only"],"_av_alb_posts_elements_state":["a:0:{}"],"_avia_builder_shortcode_tree":["a:0:{}"],"sidebar":[""],"footer":[""],"header_title_bar":[""],"header_transparency":[""],"layout":[""],"_alp_processed":["1775580717"],"_last_translation_edit_mode":["translation-editor"],"wcml_sync_hash":["a:1:{s:15:\"postmeta_fields\";s:32:\"848a574bcb581a0fd23cea0606d7535a\";}"],"_purchase_note":[""],"_downloadable_files":["a:0:{}"],"attr_label_translations":["a:0:{}"],"_product_attributes":["a:0:{}"],"_default_attributes":["a:0:{}"],"_stock":["1"],"_product_image_gallery":["10555,1077,1080,1083,4865,10550"],"_wcml_average_rating":["5.00"],"_wcml_review_count":["2"],"_edit_lock":["1700484438:7"],"_edit_last":["7"],"_aioseop_custom_link":[""],"_aioseop_sitemap_exclude":[""],"_aioseop_disable":[""],"_aioseop_disable_analytics":[""],"_aioseop_noindex":[""],"_aioseop_nofollow":[""],"_aioseop_opengraph_settings":["a:0:{}"],"_related_ids":["a:2:{i:0;i:8031;i:1;i:5499;}"],"_vtwf_enable_tab":["no"],"_vtwf_tab_title":[""],"_vtwf_hide_title":["no"],"_vtwf_video_content":[""],"_wc_review_count":["2"],"_product_version":["10.7.0"],"_aviaLayoutBuilderCleanData":[""],"_product_hover":[""],"_wp_attachment_metadata":[""],"site-sidebar-layout":["default"],"site-content-layout":["default"],"theme-transparent-header-meta":["default"],"_aioseo_og_article_section":[""],"_aioseo_og_article_tags":[""],"stick-header-meta":["default"],"_wc_average_rating":["5.00"],"_weight":["8"],"_SnS":["a:1:{s:7:\"scripts\";a:1:{s:15:\"scripts_in_head\";s:753:\"<script type=\"application\/ld+json\">\r\n{\r\n  \"@context\": \"https:\/\/schema.org\/\",\r\n  \"@type\": \"Product\",\r\n  \"name\": \"Matelas pour lit VAN\",\r\n  \"image\": \"https:\/\/camporan.com\/wp-content\/uploads\/2018\/06\/VAN-04.jpeg\",\r\n  \"description\": \"Matelas pliable valable pour fourgon moyen: Renault Trafic II et III Combi, Opel Vivaro Combi, Nissan Primastar + NV300 Combi, JumpyIII, Expert III, ProAce, Fiat Talento II, VW T5 (Caravelle, Transporter).\",\r\n  \"brand\": \"Camporan\",\r\n  \"sku\": \"4204\",\r\n  \"offers\": {\r\n    \"@type\": \"Offer\",\r\n    \"url\": \"https:\/\/camporan.com\/fr\/matelas-pour-lit-van\/\",\r\n    \"priceCurrency\": \"eur\",\r\n    \"price\": \"230\",\r\n    \"availability\": \"https:\/\/schema.org\/InStock\",\r\n    \"itemCondition\": \"https:\/\/schema.org\/NewCondition\"\r\n  }\r\n}\r\n<\/script>\";}}"],"_product_meta_id":["0"],"_wcml_rating_count":["a:1:{i:5;i:2;}"],"_product_addons_exclude_global":["0"],"_top_nav_excluded":[""],"_cms_nav_minihome":[""],"_width":["40"],"_height":["75"],"_length":["40"],"astra-migrate-meta-layouts":["set"],"ast-site-content-layout":["default"],"site-content-style":["default"],"site-sidebar-style":["default"],"_regular_price":["240"],"_price":["240"],"_crosssell_ids":["a:1:{i:0;i:9046;}"],"_thumbnail_id":["4150"],"_wpml_media_has_media":["1"],"_upsell_ids":["a:3:{i:0;i:5504;i:1;i:8031;i:2;i:5499;}"],"_aioseop_title":["Matelas pour fourgon am\u00e9nag\u00e9 "],"_aioseop_description":["Matelas pliable pour fourgons de taille moyenne : Renault Trafic II et III Combi \/ Opel Vivaro Combi \/ Nissan Primastar + NV300 Combi \/ Jumpy III \/ Expert III \/ ProAce "],"_aioseop_keywords":["renault trafic am\u00e9nag\u00e9, fourgon am\u00e9nag\u00e9 opel vivaro, fourgon am\u00e9nag\u00e9 opel vivaro, fourgon am\u00e9nag\u00e9 opel vivaro, fourgon am\u00e9nag\u00e9 opel vivaro, fourgon am\u00e9nag\u00e9 primastar, fourgon am\u00e9nag\u00e9 nissan primastar, fourgon am\u00e9nag\u00e9 expert"],"_aioseo_title":["Matelas sur mesure pour fourgon | Camporan"],"_aioseo_description":["Matelas pour fourgon : 5 cm de mousse + 3 cm de mousse visco\u00e9lastique. Compatible avec les VW T5\/T6, Trafic, Vivaro et Tourneo Custom 2023+. Housse lavable. \u00c0 partir de 240 \u20ac. En stock !    "],"_aioseo_keywords":["renault trafic camper van,opel vivaro camper van,opel vivaro camper van,nissan primastar camper van,nissan primastar"],"_product_addons":["a:1:{i:0;a:20:{s:4:\"name\";s:24:\"Extras pour le matelas :\";s:12:\"title_format\";s:5:\"label\";s:18:\"description_enable\";i:1;s:11:\"description\";s:405:\"Des modifications du type de mousse, de l'\u00e9paisseur ou de la couleur de la couverture sont possibles sur demande. Toutes ces options suppl\u00e9mentaires impliquent une fabrication sp\u00e9ciale sur demande, de sorte que le d\u00e9lai de livraison peut augmenter de 8 \u00e0 15 jours, et le droit de r\u00e9tractation est perdu avec le matelas, \u00e9tant donn\u00e9 qu'il s'agit d'un produit sur mesure [loi 1\/2007 art. 103 c) ES].\";s:18:\"placeholder_enable\";i:0;s:11:\"placeholder\";N;s:4:\"type\";s:8:\"checkbox\";s:7:\"display\";s:6:\"select\";s:8:\"position\";i:0;s:8:\"required\";i:0;s:12:\"restrictions\";i:0;s:17:\"restrictions_type\";s:8:\"any_text\";s:12:\"adjust_price\";i:0;s:10:\"price_type\";s:8:\"flat_fee\";s:5:\"price\";s:0:\"\";s:2:\"id\";s:10:\"1686918566\";s:3:\"min\";i:0;s:3:\"max\";i:0;s:7:\"default\";s:0:\"\";s:7:\"options\";a:4:{i:0;a:5:{s:5:\"label\";s:36:\"Augmentation de l'\u00e9paisseur de 2 cm\";s:5:\"price\";s:2:\"35\";s:5:\"image\";s:0:\"\";s:10:\"price_type\";s:8:\"flat_fee\";s:10:\"visibility\";i:1;}i:1;a:5:{s:5:\"label\";s:43:\"Augmentation de la densit\u00e9 \u00e0 \"dur\" (HR35)\";s:5:\"price\";s:2:\"40\";s:5:\"image\";s:0:\"\";s:10:\"price_type\";s:8:\"flat_fee\";s:10:\"visibility\";i:1;}i:2;a:5:{s:5:\"label\";s:55:\"2cm de visco\u00e9lastique, avec la m\u00eame \u00e9paisseur totale\";s:5:\"price\";s:2:\"35\";s:5:\"image\";s:0:\"\";s:10:\"price_type\";s:8:\"flat_fee\";s:10:\"visibility\";i:1;}i:3;a:5:{s:5:\"label\";s:38:\"Changement de couleur de la couverture\";s:5:\"price\";s:2:\"25\";s:5:\"image\";s:0:\"\";s:10:\"price_type\";s:8:\"flat_fee\";s:10:\"visibility\";i:1;}}}}"],"_schema_json":["a:0:{}"],"_schema_json_timestamp":["1777746728"],"_uag_page_assets":["a:9:{s:3:\"css\";s:0:\"\";s:2:\"js\";s:0:\"\";s:18:\"current_block_list\";a:2:{i:0;s:12:\"core\/heading\";i:1;s:14:\"core\/paragraph\";}s:8:\"uag_flag\";b:0;s:11:\"uag_version\";s:10:\"1777568607\";s:6:\"gfonts\";a:0:{}s:10:\"gfonts_url\";s:0:\"\";s:12:\"gfonts_files\";a:0:{}s:14:\"uag_faq_layout\";b:0;}"],"_wc_rating_count":[{"5":2}]},"uagb_featured_image_src":{"full":["https:\/\/camporan.com\/wp-content\/uploads\/2018\/06\/VAN-04.jpeg",1000,750,false],"thumbnail":["https:\/\/camporan.com\/wp-content\/uploads\/2018\/06\/VAN-04-80x80.jpeg",80,80,true],"medium":["https:\/\/camporan.com\/wp-content\/uploads\/2018\/06\/VAN-04-300x225.jpeg",300,225,true],"medium_large":["https:\/\/camporan.com\/wp-content\/uploads\/2018\/06\/VAN-04-768x576.jpeg",768,576,true],"large":["https:\/\/camporan.com\/wp-content\/uploads\/2018\/06\/VAN-04.jpeg",1000,750,false],"1536x1536":["https:\/\/camporan.com\/wp-content\/uploads\/2018\/06\/VAN-04.jpeg",1000,750,false],"2048x2048":["https:\/\/camporan.com\/wp-content\/uploads\/2018\/06\/VAN-04.jpeg",1000,750,false],"woocommerce_thumbnail":["https:\/\/camporan.com\/wp-content\/uploads\/2018\/06\/VAN-04-600x450.jpeg",600,450,true],"woocommerce_single":["https:\/\/camporan.com\/wp-content\/uploads\/2018\/06\/VAN-04-600x450.jpeg",600,450,true],"woocommerce_gallery_thumbnail":["https:\/\/camporan.com\/wp-content\/uploads\/2018\/06\/VAN-04-100x100.jpeg",100,100,true],"wcpr-photo-reviews":["https:\/\/camporan.com\/wp-content\/uploads\/2018\/06\/VAN-04.jpeg",500,375,false]},"uagb_author_info":{"display_name":"David Lamolla","author_link":"https:\/\/camporan.com\/fr\/author\/david_lamolla\/"},"uagb_comment_info":2,"uagb_excerpt":"Le matelas pour fourgon le plus complet du catalogue Camporan. Avec 5 cm de mousse ferme et 3 cm de mousse visco\u00e9lastique, c'est le seul de la gamme qui veille v\u00e9ritablement \u00e0 votre repos sur la route. Fabriqu\u00e9 sur mesure et compatible avec les fourgons de taille moyenne les plus vendus : VW T5\/T6, Renault\u2026","_links":{"self":[{"href":"https:\/\/camporan.com\/fr\/wp-json\/wp\/v2\/product\/5903","targetHints":{"allow":["GET"]}}],"collection":[{"href":"https:\/\/camporan.com\/fr\/wp-json\/wp\/v2\/product"}],"about":[{"href":"https:\/\/camporan.com\/fr\/wp-json\/wp\/v2\/types\/product"}],"author":[{"embeddable":true,"href":"https:\/\/camporan.com\/fr\/wp-json\/wp\/v2\/users\/7"}],"replies":[{"embeddable":true,"href":"https:\/\/camporan.com\/fr\/wp-json\/wp\/v2\/comments?post=5903"}],"wp:featuredmedia":[{"embeddable":true,"href":"https:\/\/camporan.com\/fr\/wp-json\/wp\/v2\/media\/4150"}],"wp:attachment":[{"href":"https:\/\/camporan.com\/fr\/wp-json\/wp\/v2\/media?parent=5903"}],"wp:term":[{"taxonomy":"product_brand","embeddable":true,"href":"https:\/\/camporan.com\/fr\/wp-json\/wp\/v2\/product_brand?post=5903"},{"taxonomy":"product_cat","embeddable":true,"href":"https:\/\/camporan.com\/fr\/wp-json\/wp\/v2\/product_cat?post=5903"},{"taxonomy":"product_tag","embeddable":true,"href":"https:\/\/camporan.com\/fr\/wp-json\/wp\/v2\/product_tag?post=5903"}],"curies":[{"name":"wp","href":"https:\/\/api.w.org\/{rel}","templated":true}]}}