{"id":5526,"date":"2018-06-17T09:51:36","date_gmt":"2018-06-17T07:51:36","guid":{"rendered":"http:\/\/www.camporan.com\/producto\/matelas-camping-car-mini-van\/"},"modified":"2026-05-11T11:45:29","modified_gmt":"2026-05-11T09:45:29","slug":"matelas-lit-mini-van","status":"publish","type":"product","link":"https:\/\/camporan.com\/fr\/boutique\/matelas-lit-mini-van\/","title":{"rendered":"Matelas pour petit fourgon MiniVan"},"content":{"rendered":"<h2>AVEC QUELS PETITS FOURGONS EST-IL COMPATIBLE ?<\/h2>\n<p>Citr\u00f6en Berlingo \/ Peugeot Rifter, Partner \/ Renault Kangoo \/ Mercedes Citan &#8211; Clase T \/ Fiat Dobl\u00f3 \/ Opel Combo \/ VW Caddy \/ Ford Tourneo Connect \/ Ford Tourneo Courier 2023+ \/ Dacia Dokker \/ Toyota Proace CityVerso \/ Nissan Townstar.<\/p>\n<h2>CARACT\u00c9RISTIQUES DU MATELAS<\/h2>\n<p>Matelas pour fourgon am\u00e9nag\u00e9 187 x 135 x 8 cm. Valable pour la structure Mini Van. Mousse haute densit\u00e9 (25Kg\/m\u00b3). Couverture avec fermetures \u00e0 glissi\u00e8re et toile bleu marine.<\/p>\n<p>Il se compose d&rsquo;une pi\u00e8ce pour le coffre de votre fourgon am\u00e9nag\u00e9, de 71 x 115 cm, et d&rsquo;une autre en forme de livre de 115 cm sur 130 cm de large. Epaisseur 8cm, densit\u00e9 D25 (ferme).<\/p>\n<ul>\n<li>Poids: 6 kg.<\/li>\n<li>Dimensions: 187 x 130 x 8 cm.<\/li>\n<\/ul>\n","protected":false},"excerpt":{"rendered":"<p>Le matelas pliable sur mesure pour votre petit fourgon ou mini-van. Compatible avec les mod\u00e8les Citro\u00ebn Berlingo, Peugeot Partner\/Rifter, Renault Kangoo, Mercedes Citan, Fiat Dobl\u00f2, Opel Combo, VW Caddy, Dokker, TownStar et Connect. Mousse haute densit\u00e9 pour un v\u00e9ritable repos sur la route, avec housse amovible et lavable. Compatible avec la structure de lit Camporan ou \u00e0 utiliser seul si vous poss\u00e9dez d\u00e9j\u00e0 la v\u00f4tre. \u00c0 partir de 195 \u20ac, le matelas le plus abordable de toute la gamme.    <\/p>\n","protected":false},"author":7,"featured_media":5234,"comment_status":"open","ping_status":"closed","template":"","meta":{"om_disable_all_campaigns":false,"_uag_custom_page_level_css":"","site-sidebar-layout":"default","site-content-layout":"default","ast-site-content-layout":"default","site-content-style":"default","site-sidebar-style":"default","ast-global-header-display":"","ast-banner-title-visibility":"","ast-main-header-display":"","ast-hfb-above-header-display":"","ast-hfb-below-header-display":"","ast-hfb-mobile-header-display":"","site-post-title":"","ast-breadcrumbs-content":"","ast-featured-img":"","footer-sml-layout":"","ast-disable-related-posts":"","theme-transparent-header-meta":"default","adv-header-id-meta":"","stick-header-meta":"default","header-above-stick-meta":"","header-main-stick-meta":"","header-below-stick-meta":"","astra-migrate-meta-layouts":"default","ast-page-background-enabled":"default","ast-page-background-meta":{"desktop":{"background-color":"","background-image":"","background-repeat":"repeat","background-position":"center center","background-size":"auto","background-attachment":"scroll","background-type":"","background-media":"","overlay-type":"","overlay-color":"","overlay-opacity":"","overlay-gradient":""},"tablet":{"background-color":"","background-image":"","background-repeat":"repeat","background-position":"center center","background-size":"auto","background-attachment":"scroll","background-type":"","background-media":"","overlay-type":"","overlay-color":"","overlay-opacity":"","overlay-gradient":""},"mobile":{"background-color":"","background-image":"","background-repeat":"repeat","background-position":"center center","background-size":"auto","background-attachment":"scroll","background-type":"","background-media":"","overlay-type":"","overlay-color":"","overlay-opacity":"","overlay-gradient":""}},"ast-content-background-meta":{"desktop":{"background-color":"var(--ast-global-color-5)","background-image":"","background-repeat":"repeat","background-position":"center center","background-size":"auto","background-attachment":"scroll","background-type":"","background-media":"","overlay-type":"","overlay-color":"","overlay-opacity":"","overlay-gradient":""},"tablet":{"background-color":"var(--ast-global-color-5)","background-image":"","background-repeat":"repeat","background-position":"center center","background-size":"auto","background-attachment":"scroll","background-type":"","background-media":"","overlay-type":"","overlay-color":"","overlay-opacity":"","overlay-gradient":""},"mobile":{"background-color":"var(--ast-global-color-5)","background-image":"","background-repeat":"repeat","background-position":"center center","background-size":"auto","background-attachment":"scroll","background-type":"","background-media":"","overlay-type":"","overlay-color":"","overlay-opacity":"","overlay-gradient":""}}},"product_brand":[],"product_cat":[539,665,587,611,935,557,929,641,644,135,625,629,656,632,566,944,575],"product_tag":[],"class_list":{"0":"post-5526","1":"product","2":"type-product","3":"status-publish","4":"has-post-thumbnail","6":"product_cat-berlingo","7":"product_cat-cady-iii-2003-2020","8":"product_cat-citan","9":"product_cat-combo","10":"product_cat-courier-ii-fr","11":"product_cat-doblo","12":"product_cat-dacia-dokker-fr","13":"product_cat-kangoo-i","14":"product_cat-kangoo-ii","15":"product_cat-matelas-fr","16":"product_cat-partner-i","17":"product_cat-partner-ii","18":"product_cat-proace-city","19":"product_cat-rifter","20":"product_cat-tourneo-connect","21":"product_cat-townstar-fr","22":"product_cat-transit-connect","23":"desktop-align-center","24":"tablet-align-center","25":"mobile-align-center","26":"ast-product-gallery-layout-horizontal","27":"ast-product-tabs-layout-vertical","29":"first","30":"onbackorder","31":"taxable","32":"shipping-taxable","33":"purchasable","34":"product-type-simple"},"bundled_by":["5939"],"bundle_stock_status":"onbackorder","bundle_stock_quantity":-1,"bundle_virtual":false,"bundle_layout":"","bundle_add_to_cart_form_location":"","bundle_editable_in_cart":false,"bundle_sold_individually_context":"","bundle_item_grouping":"","bundle_min_size":"","bundle_max_size":"","bundle_price":[],"bundled_items":[],"bundle_sell_ids":[],"exclude_global_add_ons":false,"addons":[{"name":"Extras pour le matelas :","type":"checkbox","position":0,"required":false,"title_format":"label","default":"","description_enable":true,"description":"Des modifications du type de mousse, de l'\u00e9paisseur ou de la couleur de la couverture sont possibles sur demande. Toutes ces options suppl\u00e9mentaires impliquent une fabrication sp\u00e9ciale sur demande, de sorte que le d\u00e9lai de livraison peut augmenter de 10 \u00e0 15 jours, et le droit de r\u00e9tractation est perdu avec le matelas, \u00e9tant donn\u00e9 qu'il s'agit d'un produit sur mesure [loi ES 1\/2007 art. 103 c)].","placeholder_enable":false,"placeholder":null,"display":"select","restrictions_type":"any_text","adjust_price":false,"price":"","price_type":"flat_fee","restrictions":false,"min":"0","max":"0","options":[{"label":"Augmentation de l'\u00e9paisseur de 2 cm","price":"25","price_type":"flat_fee","image":0,"visibility":true},{"label":"Augmentation de la densit\u00e9 \u00e0 \"hard\" (D30)","price":"25","price_type":"flat_fee","image":0,"visibility":true},{"label":"3cm de visco\u00e9lastique, avec la m\u00eame \u00e9paisseur totale","price":"30","price_type":"flat_fee","image":0,"visibility":true},{"label":"Changement de couleur de la couverture","price":"20","price_type":"flat_fee","image":0,"visibility":true}],"id":1715438772},{"name":"Suppl\u00e9ments pour le matelas :","type":"checkbox","position":0,"required":false,"title_format":"label","default":"","description_enable":true,"description":"Des modifications peuvent \u00eatre demand\u00e9es concernant le type de mousse, l'\u00e9paisseur ou la couleur de la couverture. Chacune de ces options suppl\u00e9mentaires implique une fabrication sp\u00e9ciale sur commande, de sorte que le d\u00e9lai de livraison peut augmenter entre 8 et 15 jours, et le droit de r\u00e9tractation est perdu avec le matelas, puisqu'il s'agit d'un produit sur mesure [Loi 1\/ 2007 Art 103 c )]","placeholder_enable":false,"placeholder":"","display":"select","restrictions_type":"any_text","adjust_price":false,"price":"","price_type":"flat_fee","restrictions":false,"min":"0","max":"0","options":[{"label":"Augmentation de l'\u00e9paisseur de 2 cm","price":"40","price_type":"flat_fee","image":0,"visibility":true},{"label":"Densit\u00e9 augment\u00e9e \u00e0 D30 \"dur\"","price":"35","price_type":"flat_fee","image":0,"visibility":true},{"label":"Mousse \u00e0 m\u00e9moire de 3 cm, avec la m\u00eame \u00e9paisseur totale","price":"40","price_type":"flat_fee","image":0,"visibility":true},{"label":"Changement de couleur de la couverture","price":"25","price_type":"flat_fee","image":0,"visibility":true}],"id":1686912989}],"aioseo_notices":[],"spectra_custom_meta":{"_wpml_word_count":["202"],"_backorders":["notify"],"_download_limit":["-1"],"_download_expiry":["-1"],"_downloadable":["no"],"_manage_stock":["yes"],"_sku":["4201"],"_stock_status":["onbackorder"],"_sold_individually":["no"],"_tax_class":[""],"_tax_status":["taxable"],"_virtual":["no"],"total_sales":["347"],"_sale_price":[""],"_sale_price_dates_from":[""],"_sale_price_dates_to":[""],"_wpml_media_duplicate":["1"],"_wpml_media_featured":["0"],"_aviaLayoutBuilder_active":[""],"_low_stock_amount":["0"],"_avia_hide_featured_image":["0"],"_av_el_mgr_version":["1.0"],"_avia_sc_parser_state":["check_only"],"_av_alb_posts_elements_state":["a:0:{}"],"_avia_builder_shortcode_tree":["a:0:{}"],"sidebar":[""],"footer":[""],"header_title_bar":[""],"header_transparency":[""],"layout":[""],"_alp_processed":["1775581738"],"_last_translation_edit_mode":["translation-editor"],"wcml_sync_hash":["a:1:{s:15:\"postmeta_fields\";s:32:\"62ff36592f6ada3b298f099e5c893a90\";}"],"_purchase_note":[""],"attr_label_translations":["a:0:{}"],"_product_attributes":["a:0:{}"],"_default_attributes":["a:0:{}"],"_children":["a:0:{}"],"_stock":["-1"],"_product_image_gallery":["10912,12216,12221,12226,10917,7759"],"_wc_average_rating":["5.00"],"_wc_review_count":["4"],"_product_version":["10.7.0"],"_wp_attachment_metadata":[""],"_edit_lock":["1708454251:7"],"site-sidebar-layout":["default"],"site-content-layout":["default"],"theme-transparent-header-meta":["default"],"_edit_last":["9"],"_vtwf_enable_tab":["no"],"_vtwf_tab_title":[""],"_vtwf_hide_title":["no"],"_vtwf_video_content":[""],"_aioseo_og_article_section":[""],"_aioseo_og_article_tags":[""],"stick-header-meta":["default"],"_wpml_media_has_media":["1"],"_product_addons_exclude_global":["0"],"_top_nav_excluded":[""],"_cms_nav_minihome":[""],"_wcml_average_rating":["5.00"],"_wcml_review_count":["4"],"_wcml_rating_count":["a:1:{i:5;i:4;}"],"_width":["36"],"_length":["36"],"ast-site-content-layout":["default"],"site-content-style":["default"],"site-sidebar-style":["default"],"_regular_price":["195"],"_price":["195"],"_wc_rating_count":[{"5":4}],"_weight":["6"],"_height":["78"],"_downloadable_files":[""],"_crosssell_ids":["a:1:{i:0;i:9043;}"],"_thumbnail_id":["5234"],"_upsell_ids":["a:3:{i:0;i:5903;i:1;i:5500;i:2;i:5939;}"],"_aioseop_title":["Matelas pour fourgonnette MiniVan"],"_aioseop_description":["Matelas pliable pour fourgon am\u00e9nag\u00e9 : Citr\u00f6en Berlingo \/ Peugeot Partner \/ Kangoo \/ Mercedes Citan \/ Fiat Dobl\u00f3 \/ Combo \/ VW Caddy \/ Dokker"],"_aioseop_keywords":["cama citroen berlingo, cama para citroen berlingo, colch\u00f3n Berlingo, colch\u00f3n Partner, Colch\u00f3n Kangoo, cama berlingo, cama peugeot partner, cama kangoo, cama renault kangoo, renault kangoo cama. camperizar fiat doblo, camperizar caddy, colch\u00f3n Dokker"],"_aioseo_title":["Matelas pour petite fourgon et mini-van | Camporan"],"_aioseo_description":["Matelas pour petite fourgon et mini-van : Berlingo, Kangoo, Caddy, Combo, Dobl\u00f2 et plus encore. Haute densit\u00e9, housse lavable. \u00c0 partir de 195 \u20ac. Con\u00e7u sur mesure pour votre mod\u00e8le !   "],"_aioseo_keywords":["lit citroen berlingo,matelas Berlingo,matelas Partner,Colch\u00f3n Kangoo, lit berlingo,lit peugeot partner, lit kangoo, lit renault kangoo,renault kangoo lit. am\u00e9nag\u00e9r fourgon fiat doblo, am\u00e9nag\u00e9r fourgon caddy, matelas Dokker"],"_product_addons":["a:1:{i:0;a:20:{s:4:\"name\";s:24:\"Extras pour le matelas :\";s:12:\"title_format\";s:5:\"label\";s:18:\"description_enable\";i:1;s:11:\"description\";s:406:\"Des modifications du type de mousse, de l'\u00e9paisseur ou de la couleur de la couverture sont possibles sur demande. Toutes ces options suppl\u00e9mentaires impliquent une fabrication sp\u00e9ciale sur demande, de sorte que le d\u00e9lai de livraison peut augmenter de 10 \u00e0 15 jours, et le droit de r\u00e9tractation est perdu avec le matelas, \u00e9tant donn\u00e9 qu'il s'agit d'un produit sur mesure [loi ES 1\/2007 art. 103 c)].\";s:18:\"placeholder_enable\";i:0;s:11:\"placeholder\";N;s:4:\"type\";s:8:\"checkbox\";s:7:\"display\";s:6:\"select\";s:8:\"position\";i:0;s:8:\"required\";i:0;s:12:\"restrictions\";i:0;s:17:\"restrictions_type\";s:8:\"any_text\";s:12:\"adjust_price\";i:0;s:10:\"price_type\";s:8:\"flat_fee\";s:5:\"price\";s:0:\"\";s:2:\"id\";s:10:\"1715438772\";s:3:\"min\";i:0;s:3:\"max\";i:0;s:7:\"default\";s:0:\"\";s:7:\"options\";a:4:{i:0;a:5:{s:5:\"label\";s:36:\"Augmentation de l'\u00e9paisseur de 2 cm\";s:5:\"price\";s:2:\"25\";s:5:\"image\";s:0:\"\";s:10:\"price_type\";s:8:\"flat_fee\";s:10:\"visibility\";i:1;}i:1;a:5:{s:5:\"label\";s:43:\"Augmentation de la densit\u00e9 \u00e0 \"hard\" (D30)\";s:5:\"price\";s:2:\"25\";s:5:\"image\";s:0:\"\";s:10:\"price_type\";s:8:\"flat_fee\";s:10:\"visibility\";i:1;}i:2;a:5:{s:5:\"label\";s:55:\"3cm de visco\u00e9lastique, avec la m\u00eame \u00e9paisseur totale\";s:5:\"price\";s:2:\"30\";s:5:\"image\";s:0:\"\";s:10:\"price_type\";s:8:\"flat_fee\";s:10:\"visibility\";i:1;}i:3;a:5:{s:5:\"label\";s:38:\"Changement de couleur de la couverture\";s:5:\"price\";s:2:\"20\";s:5:\"image\";s:0:\"\";s:10:\"price_type\";s:8:\"flat_fee\";s:10:\"visibility\";i:1;}}}}"],"_schema_json":["a:0:{}"],"_schema_json_timestamp":["1778507055"],"_uag_page_assets":["a:9:{s:3:\"css\";s:0:\"\";s:2:\"js\";s:0:\"\";s:18:\"current_block_list\";a:2:{i:0;s:12:\"core\/heading\";i:1;s:14:\"core\/paragraph\";}s:8:\"uag_flag\";b:0;s:11:\"uag_version\";i:1778504966;s:6:\"gfonts\";a:0:{}s:10:\"gfonts_url\";s:0:\"\";s:12:\"gfonts_files\";a:0:{}s:14:\"uag_faq_layout\";b:0;}"]},"uagb_featured_image_src":{"full":["https:\/\/camporan.com\/wp-content\/uploads\/2018\/06\/MiniVAN-Dokker.jpg",1200,1200,false],"thumbnail":["https:\/\/camporan.com\/wp-content\/uploads\/2018\/06\/MiniVAN-Dokker-80x80.jpg",80,80,true],"medium":["https:\/\/camporan.com\/wp-content\/uploads\/2018\/06\/MiniVAN-Dokker-300x300.jpg",300,300,true],"medium_large":["https:\/\/camporan.com\/wp-content\/uploads\/2018\/06\/MiniVAN-Dokker-768x768.jpg",768,768,true],"large":["https:\/\/camporan.com\/wp-content\/uploads\/2018\/06\/MiniVAN-Dokker-1030x1030.jpg",1030,1030,true],"1536x1536":["https:\/\/camporan.com\/wp-content\/uploads\/2018\/06\/MiniVAN-Dokker.jpg",1200,1200,false],"2048x2048":["https:\/\/camporan.com\/wp-content\/uploads\/2018\/06\/MiniVAN-Dokker.jpg",1200,1200,false],"woocommerce_thumbnail":["https:\/\/camporan.com\/wp-content\/uploads\/2018\/06\/MiniVAN-Dokker-600x600.jpg",600,600,true],"woocommerce_single":["https:\/\/camporan.com\/wp-content\/uploads\/2018\/06\/MiniVAN-Dokker-600x600.jpg",600,600,true],"woocommerce_gallery_thumbnail":["https:\/\/camporan.com\/wp-content\/uploads\/2018\/06\/MiniVAN-Dokker-100x100.jpg",100,100,true],"wcpr-photo-reviews":["https:\/\/camporan.com\/wp-content\/uploads\/2018\/06\/MiniVAN-Dokker.jpg",500,500,false]},"uagb_author_info":{"display_name":"David Lamolla","author_link":"https:\/\/camporan.com\/fr\/author\/david_lamolla\/"},"uagb_comment_info":4,"uagb_excerpt":"Le matelas pliable sur mesure pour votre petit fourgon ou mini-van. Compatible avec les mod\u00e8les Citro\u00ebn Berlingo, Peugeot Partner\/Rifter, Renault Kangoo, Mercedes Citan, Fiat Dobl\u00f2, Opel Combo, VW Caddy, Dokker, TownStar et Connect. Mousse haute densit\u00e9 pour un v\u00e9ritable repos sur la route, avec housse amovible et lavable. Compatible avec la structure de lit Camporan\u2026","_links":{"self":[{"href":"https:\/\/camporan.com\/fr\/wp-json\/wp\/v2\/product\/5526","targetHints":{"allow":["GET"]}}],"collection":[{"href":"https:\/\/camporan.com\/fr\/wp-json\/wp\/v2\/product"}],"about":[{"href":"https:\/\/camporan.com\/fr\/wp-json\/wp\/v2\/types\/product"}],"author":[{"embeddable":true,"href":"https:\/\/camporan.com\/fr\/wp-json\/wp\/v2\/users\/7"}],"replies":[{"embeddable":true,"href":"https:\/\/camporan.com\/fr\/wp-json\/wp\/v2\/comments?post=5526"}],"wp:featuredmedia":[{"embeddable":true,"href":"https:\/\/camporan.com\/fr\/wp-json\/wp\/v2\/media\/5234"}],"wp:attachment":[{"href":"https:\/\/camporan.com\/fr\/wp-json\/wp\/v2\/media?parent=5526"}],"wp:term":[{"taxonomy":"product_brand","embeddable":true,"href":"https:\/\/camporan.com\/fr\/wp-json\/wp\/v2\/product_brand?post=5526"},{"taxonomy":"product_cat","embeddable":true,"href":"https:\/\/camporan.com\/fr\/wp-json\/wp\/v2\/product_cat?post=5526"},{"taxonomy":"product_tag","embeddable":true,"href":"https:\/\/camporan.com\/fr\/wp-json\/wp\/v2\/product_tag?post=5526"}],"curies":[{"name":"wp","href":"https:\/\/api.w.org\/{rel}","templated":true}]}}