{"id":5524,"date":"2018-06-17T12:33:52","date_gmt":"2018-06-17T10:33:52","guid":{"rendered":"http:\/\/www.camporan.com\/producto\/matelas-pour-ford-custom\/"},"modified":"2026-04-15T20:31:06","modified_gmt":"2026-04-15T18:31:06","slug":"matelas-pour-ford-custom","status":"publish","type":"product","link":"https:\/\/camporan.com\/fr\/boutique\/matelas-pour-ford-custom\/","title":{"rendered":"Matelas pour fourgon Ford Transit Custom et Tourneo"},"content":{"rendered":"<h2>AVEC QUELS MOD\u00c8LES FORD EST-IL COMPATIBLE ?<\/h2>\n<p>Ford Transit Custom ou Ford Touneo Custom (2014-2023).<\/p>\n<h2>CARACT\u00c9RISTIQUES DU MATELAS<\/h2>\n<p>Matelas pliable en 3 parties, d&rsquo;une \u00e9paisseur de 8 cm. Mousse ferme haute densit\u00e9 25Kg\/m\u00b3. Housse en toile bleu fonc\u00e9 avec fermetures \u00e9clair.  <\/p>\n<ul>\n<li>Poids: 7,5 kg.<\/li>\n<li>Dimensions: Transit Custom 200x165x8 cm, Tourneo Custom 200x158x8cm.<\/li>\n<li>Measures matel\u00e1s pli\u00e9e en 3: Transit Custom 67 x 165 x 24 cm, Tourneo Custom 67 x 158 x 24 cm.<\/li>\n<li>Dimensions de l&#8217;emballage : 36 x 36 x 80cm (sous vide)<\/li>\n<\/ul>\n<p>Pour les mod\u00e8les CUSTOM 2024+, veuillez nous consulter.<\/p>\n","protected":false},"excerpt":{"rendered":"<p>Matelas pliable fabriqu\u00e9 sur mesure pour am\u00e9nager votre Ford Transit Custom ou Tourneo Custom en fourgon am\u00e9nag\u00e9. Mousse haute densit\u00e9 pour un v\u00e9ritable repos sur la route, avec housse amovible et lavable. D\u00e9coup\u00e9 avec pr\u00e9cision pour chaque version du mod\u00e8le, y compris les variantes avec climatisation arri\u00e8re. Compatible avec la structure de lit Camporan ou comme matelas ind\u00e9pendant. Lors de votre commande, indiquez-nous votre version exacte et nous le pr\u00e9parerons pour vous.    <\/p>\n","protected":false},"author":7,"featured_media":12461,"comment_status":"open","ping_status":"closed","template":"","meta":{"om_disable_all_campaigns":false,"_uag_custom_page_level_css":"","site-sidebar-layout":"default","site-content-layout":"default","ast-site-content-layout":"default","site-content-style":"default","site-sidebar-style":"default","ast-global-header-display":"","ast-banner-title-visibility":"","ast-main-header-display":"","ast-hfb-above-header-display":"","ast-hfb-below-header-display":"","ast-hfb-mobile-header-display":"","site-post-title":"","ast-breadcrumbs-content":"","ast-featured-img":"","footer-sml-layout":"","ast-disable-related-posts":"","theme-transparent-header-meta":"default","adv-header-id-meta":"","stick-header-meta":"default","header-above-stick-meta":"","header-main-stick-meta":"","header-below-stick-meta":"","astra-migrate-meta-layouts":"default","ast-page-background-enabled":"default","ast-page-background-meta":{"desktop":{"background-color":"","background-image":"","background-repeat":"repeat","background-position":"center center","background-size":"auto","background-attachment":"scroll","background-type":"","background-media":"","overlay-type":"","overlay-color":"","overlay-opacity":"","overlay-gradient":""},"tablet":{"background-color":"","background-image":"","background-repeat":"repeat","background-position":"center center","background-size":"auto","background-attachment":"scroll","background-type":"","background-media":"","overlay-type":"","overlay-color":"","overlay-opacity":"","overlay-gradient":""},"mobile":{"background-color":"","background-image":"","background-repeat":"repeat","background-position":"center center","background-size":"auto","background-attachment":"scroll","background-type":"","background-media":"","overlay-type":"","overlay-color":"","overlay-opacity":"","overlay-gradient":""}},"ast-content-background-meta":{"desktop":{"background-color":"var(--ast-global-color-5)","background-image":"","background-repeat":"repeat","background-position":"center center","background-size":"auto","background-attachment":"scroll","background-type":"","background-media":"","overlay-type":"","overlay-color":"","overlay-opacity":"","overlay-gradient":""},"tablet":{"background-color":"var(--ast-global-color-5)","background-image":"","background-repeat":"repeat","background-position":"center center","background-size":"auto","background-attachment":"scroll","background-type":"","background-media":"","overlay-type":"","overlay-color":"","overlay-opacity":"","overlay-gradient":""},"mobile":{"background-color":"var(--ast-global-color-5)","background-image":"","background-repeat":"repeat","background-position":"center center","background-size":"auto","background-attachment":"scroll","background-type":"","background-media":"","overlay-type":"","overlay-color":"","overlay-opacity":"","overlay-gradient":""}}},"product_brand":[],"product_cat":[135,572,581],"product_tag":[195,290,283,291],"class_list":{"0":"post-5524","1":"product","2":"type-product","3":"status-publish","4":"has-post-thumbnail","6":"product_cat-matelas-fr","7":"product_cat-tourneo-custom","8":"product_cat-transit-custom","9":"product_tag-custom-fr","10":"product_tag-ford-fr","11":"product_tag-ford-transit-custom-fr","12":"product_tag-transit-fr","13":"desktop-align-center","14":"tablet-align-center","15":"mobile-align-center","16":"ast-product-gallery-layout-horizontal","17":"ast-product-tabs-layout-vertical","19":"first","20":"instock","21":"taxable","22":"shipping-taxable","23":"purchasable","24":"product-type-simple"},"bundled_by":["5901"],"bundle_stock_status":"instock","bundle_stock_quantity":2,"bundle_virtual":false,"bundle_layout":"","bundle_add_to_cart_form_location":"","bundle_editable_in_cart":false,"bundle_sold_individually_context":"","bundle_item_grouping":"","bundle_min_size":"","bundle_max_size":"","bundle_price":[],"bundled_items":[],"bundle_sell_ids":[],"exclude_global_add_ons":false,"addons":[{"name":"Extras pour le matelas :","type":"checkbox","position":0,"required":false,"title_format":"label","default":"","description_enable":true,"description":"Des modifications du type de mousse, de l'\u00e9paisseur ou de la couleur de la couverture sont possibles sur demande. Toutes ces options suppl\u00e9mentaires impliquent une fabrication sp\u00e9ciale sur demande, de sorte que le d\u00e9lai de livraison peut augmenter de 8 \u00e0 15 jours, et le droit de r\u00e9tractation est perdu avec le matelas, \u00e9tant donn\u00e9 qu'il s'agit d'un produit sur mesure [loi 1\/2007 art. 103 c) ES].","placeholder_enable":false,"placeholder":null,"display":"select","restrictions_type":"any_text","adjust_price":false,"price":"","price_type":"flat_fee","restrictions":false,"min":"0","max":"0","options":[{"label":"Augmentation de l'\u00e9paisseur de 2 cm","price":"35","price_type":"flat_fee","image":0,"visibility":true},{"label":"Augmentation de la densit\u00e9 \u00e0 \"dur\" (HR35)","price":"40","price_type":"flat_fee","image":0,"visibility":true},{"label":"2cm de visco\u00e9lastique, avec la m\u00eame \u00e9paisseur totale","price":"35","price_type":"flat_fee","image":0,"visibility":true},{"label":"Changement de couleur de la couverture","price":"25","price_type":"flat_fee","image":0,"visibility":true},{"label":"TOURNEO Version personnalis\u00e9e","price":"5","price_type":"flat_fee","image":0,"visibility":true},{"label":"Transit Custom version avec climatisation arri\u00e8re gauche","price":"5","price_type":"flat_fee","image":0,"visibility":true}],"id":1714591002},{"name":"Suppl\u00e9ments pour le matelas :","type":"checkbox","position":0,"required":false,"title_format":"label","default":"","description_enable":true,"description":"Des modifications peuvent \u00eatre demand\u00e9es concernant le type de mousse, l'\u00e9paisseur ou la couleur de la couverture. Chacune de ces options suppl\u00e9mentaires implique une fabrication sp\u00e9ciale sur commande, de sorte que le d\u00e9lai de livraison peut augmenter entre 8 et 15 jours, et le droit de r\u00e9tractation est perdu avec le matelas, puisqu'il s'agit d'un produit sur mesure [Loi 1\/ 2007 Art 103 c )]","placeholder_enable":false,"placeholder":"","display":"select","restrictions_type":"any_text","adjust_price":false,"price":"","price_type":"flat_fee","restrictions":false,"min":"0","max":"0","options":[{"label":"Augmentation de l'\u00e9paisseur de 2 cm","price":"40","price_type":"flat_fee","image":0,"visibility":true},{"label":"Densit\u00e9 augment\u00e9e \u00e0 D30 \"dur\"","price":"35","price_type":"flat_fee","image":0,"visibility":true},{"label":"Mousse \u00e0 m\u00e9moire de 3 cm, avec la m\u00eame \u00e9paisseur totale","price":"40","price_type":"flat_fee","image":0,"visibility":true},{"label":"Changement de couleur de la couverture","price":"25","price_type":"flat_fee","image":0,"visibility":true}],"id":1686912989}],"aioseo_notices":[],"spectra_custom_meta":{"_wpml_word_count":["178"],"_backorders":["notify"],"_download_limit":["-1"],"_download_expiry":["-1"],"_downloadable":["no"],"_manage_stock":["yes"],"_sku":["4205"],"_stock_status":["instock"],"_sold_individually":["no"],"_tax_class":[""],"_tax_status":["taxable"],"_virtual":["no"],"total_sales":["82"],"_sale_price":[""],"_sale_price_dates_from":[""],"_sale_price_dates_to":[""],"_wpml_media_duplicate":["1"],"_wpml_media_featured":["0"],"_aviaLayoutBuilder_active":[""],"_low_stock_amount":["0"],"_avia_hide_featured_image":["0"],"_av_el_mgr_version":["1.0"],"_avia_sc_parser_state":["check_only"],"_av_alb_posts_elements_state":["a:0:{}"],"_avia_builder_shortcode_tree":["a:0:{}"],"sidebar":[""],"footer":[""],"header_title_bar":[""],"header_transparency":[""],"layout":[""],"_alp_processed":["1775579287"],"_last_translation_edit_mode":["translation-editor"],"wcml_sync_hash":["a:1:{s:15:\"postmeta_fields\";s:32:\"fcd1dea2046e08909953ab9bdb704d83\";}"],"_purchase_note":[""],"_downloadable_files":["a:0:{}"],"attr_label_translations":["a:0:{}"],"_product_attributes":["a:0:{}"],"_default_attributes":["a:0:{}"],"_children":["a:0:{}"],"_stock":["2"],"_product_image_gallery":["12471,14788,11482,5301,1101,12461"],"_edit_lock":["1632820847:9"],"_edit_last":["9"],"_aioseop_custom_link":[""],"_aioseop_sitemap_exclude":[""],"_aioseop_disable":[""],"_aioseop_disable_analytics":[""],"_aioseop_noindex":[""],"_aioseop_nofollow":[""],"_aioseop_opengraph_settings":["a:0:{}"],"_related_ids":["a:2:{i:0;i:5901;i:1;i:5482;}"],"_vtwf_enable_tab":["no"],"_vtwf_tab_title":[""],"_vtwf_hide_title":["no"],"_vtwf_video_content":[""],"_wc_average_rating":["5.00"],"_wc_review_count":["1"],"_product_version":["10.7.0"],"_aviaLayoutBuilderCleanData":[""],"_product_hover":[""],"_wp_attachment_metadata":[""],"site-sidebar-layout":["default"],"site-content-layout":["default"],"theme-transparent-header-meta":["default"],"_aioseo_og_article_section":[""],"_aioseo_og_article_tags":[""],"_wpml_media_has_media":["1"],"stick-header-meta":["default"],"_wcml_average_rating":["5.00"],"_wcml_review_count":["1"],"_wcml_rating_count":["a:1:{i:5;i:1;}"],"_product_addons_exclude_global":["0"],"_top_nav_excluded":[""],"_cms_nav_minihome":[""],"_width":["36"],"_height":["80"],"_length":["36"],"ast-site-content-layout":["default"],"site-content-style":["default"],"site-sidebar-style":["default"],"_regular_price":["260"],"_price":["260"],"_crosssell_ids":["a:1:{i:0;i:9042;}"],"_weight":["8"],"_thumbnail_id":["12461"],"_upsell_ids":["a:3:{i:0;i:5903;i:1;i:5482;i:2;i:5901;}"],"_aioseop_title":["Matelas pliant Ford Custom"],"_aioseop_description":["Matelas pliable pour fourgon Ford Transit Custom"],"_aioseop_keywords":["ford transit custom campervan, matelas transit personnalis\u00e9, matelas transit personnalis\u00e9"],"_aioseo_title":["Matelas pour fourgon Ford Custom | Camporan"],"_aioseo_description":["Colch\u00f3n para furgoneta Ford Transit Custom y Tourneo Custom. Alta densidad, funda lavable, corte exacto para tu modelo. Desde 260\u20ac. \u00a1listo para enviar!   "],"_aioseo_keywords":["ford transit custom camper,ford transit custom camper van,custom transit matelas"],"_product_addons":["a:1:{i:0;a:20:{s:4:\"name\";s:24:\"Extras pour le matelas :\";s:12:\"title_format\";s:5:\"label\";s:18:\"description_enable\";i:1;s:11:\"description\";s:405:\"Des modifications du type de mousse, de l'\u00e9paisseur ou de la couleur de la couverture sont possibles sur demande. Toutes ces options suppl\u00e9mentaires impliquent une fabrication sp\u00e9ciale sur demande, de sorte que le d\u00e9lai de livraison peut augmenter de 8 \u00e0 15 jours, et le droit de r\u00e9tractation est perdu avec le matelas, \u00e9tant donn\u00e9 qu'il s'agit d'un produit sur mesure [loi 1\/2007 art. 103 c) ES].\";s:18:\"placeholder_enable\";i:0;s:11:\"placeholder\";N;s:4:\"type\";s:8:\"checkbox\";s:7:\"display\";s:6:\"select\";s:8:\"position\";i:0;s:8:\"required\";i:0;s:12:\"restrictions\";i:0;s:17:\"restrictions_type\";s:8:\"any_text\";s:12:\"adjust_price\";i:0;s:10:\"price_type\";s:8:\"flat_fee\";s:5:\"price\";s:0:\"\";s:2:\"id\";s:10:\"1714591002\";s:3:\"min\";i:0;s:3:\"max\";i:0;s:7:\"default\";s:0:\"\";s:7:\"options\";a:6:{i:0;a:5:{s:5:\"label\";s:36:\"Augmentation de l'\u00e9paisseur de 2 cm\";s:5:\"price\";s:2:\"35\";s:5:\"image\";s:0:\"\";s:10:\"price_type\";s:8:\"flat_fee\";s:10:\"visibility\";i:1;}i:1;a:5:{s:5:\"label\";s:43:\"Augmentation de la densit\u00e9 \u00e0 \"dur\" (HR35)\";s:5:\"price\";s:2:\"40\";s:5:\"image\";s:0:\"\";s:10:\"price_type\";s:8:\"flat_fee\";s:10:\"visibility\";i:1;}i:2;a:5:{s:5:\"label\";s:55:\"2cm de visco\u00e9lastique, avec la m\u00eame \u00e9paisseur totale\";s:5:\"price\";s:2:\"35\";s:5:\"image\";s:0:\"\";s:10:\"price_type\";s:8:\"flat_fee\";s:10:\"visibility\";i:1;}i:3;a:5:{s:5:\"label\";s:38:\"Changement de couleur de la couverture\";s:5:\"price\";s:2:\"25\";s:5:\"image\";s:0:\"\";s:10:\"price_type\";s:8:\"flat_fee\";s:10:\"visibility\";i:1;}i:4;a:5:{s:5:\"label\";s:30:\"TOURNEO Version personnalis\u00e9e\";s:5:\"price\";s:1:\"5\";s:5:\"image\";s:0:\"\";s:10:\"price_type\";s:8:\"flat_fee\";s:10:\"visibility\";i:1;}i:5;a:5:{s:5:\"label\";s:57:\"Transit Custom version avec climatisation arri\u00e8re gauche\";s:5:\"price\";s:1:\"5\";s:5:\"image\";s:0:\"\";s:10:\"price_type\";s:8:\"flat_fee\";s:10:\"visibility\";i:1;}}}}"],"_schema_json":["a:0:{}"],"_schema_json_timestamp":["1776751687"],"_uag_page_assets":["a:9:{s:3:\"css\";s:0:\"\";s:2:\"js\";s:0:\"\";s:18:\"current_block_list\";a:2:{i:0;s:12:\"core\/heading\";i:1;s:14:\"core\/paragraph\";}s:8:\"uag_flag\";b:0;s:11:\"uag_version\";i:1776715758;s:6:\"gfonts\";a:0:{}s:10:\"gfonts_url\";s:0:\"\";s:12:\"gfonts_files\";a:0:{}s:14:\"uag_faq_layout\";b:0;}"],"_wc_rating_count":[{"5":1}]},"uagb_featured_image_src":{"full":["https:\/\/camporan.com\/wp-content\/uploads\/2018\/06\/CustomL2-20210215-WA0006-scaled.jpg",1920,1440,false],"thumbnail":["https:\/\/camporan.com\/wp-content\/uploads\/2018\/06\/CustomL2-20210215-WA0006-80x80.jpg",80,80,true],"medium":["https:\/\/camporan.com\/wp-content\/uploads\/2018\/06\/CustomL2-20210215-WA0006-300x225.jpg",300,225,true],"medium_large":["https:\/\/camporan.com\/wp-content\/uploads\/2018\/06\/CustomL2-20210215-WA0006-768x576.jpg",768,576,true],"large":["https:\/\/camporan.com\/wp-content\/uploads\/2018\/06\/CustomL2-20210215-WA0006-1030x773.jpg",1030,773,true],"1536x1536":["https:\/\/camporan.com\/wp-content\/uploads\/2018\/06\/CustomL2-20210215-WA0006-1536x1152.jpg",1536,1152,true],"2048x2048":["https:\/\/camporan.com\/wp-content\/uploads\/2018\/06\/CustomL2-20210215-WA0006-scaled.jpg",1920,1440,false],"woocommerce_thumbnail":["https:\/\/camporan.com\/wp-content\/uploads\/2018\/06\/CustomL2-20210215-WA0006-scaled-600x450.jpg",600,450,true],"woocommerce_single":["https:\/\/camporan.com\/wp-content\/uploads\/2018\/06\/CustomL2-20210215-WA0006-scaled-600x450.jpg",600,450,true],"woocommerce_gallery_thumbnail":["https:\/\/camporan.com\/wp-content\/uploads\/2018\/06\/CustomL2-20210215-WA0006-scaled-100x100.jpg",100,100,true],"wcpr-photo-reviews":["https:\/\/camporan.com\/wp-content\/uploads\/2018\/06\/CustomL2-20210215-WA0006-scaled.jpg",500,375,false]},"uagb_author_info":{"display_name":"David Lamolla","author_link":"https:\/\/camporan.com\/fr\/author\/david_lamolla\/"},"uagb_comment_info":1,"uagb_excerpt":"Matelas pliable fabriqu\u00e9 sur mesure pour am\u00e9nager votre Ford Transit Custom ou Tourneo Custom en fourgon am\u00e9nag\u00e9. Mousse haute densit\u00e9 pour un v\u00e9ritable repos sur la route, avec housse amovible et lavable. D\u00e9coup\u00e9 avec pr\u00e9cision pour chaque version du mod\u00e8le, y compris les variantes avec climatisation arri\u00e8re. Compatible avec la structure de lit Camporan ou\u2026","_links":{"self":[{"href":"https:\/\/camporan.com\/fr\/wp-json\/wp\/v2\/product\/5524","targetHints":{"allow":["GET"]}}],"collection":[{"href":"https:\/\/camporan.com\/fr\/wp-json\/wp\/v2\/product"}],"about":[{"href":"https:\/\/camporan.com\/fr\/wp-json\/wp\/v2\/types\/product"}],"author":[{"embeddable":true,"href":"https:\/\/camporan.com\/fr\/wp-json\/wp\/v2\/users\/7"}],"replies":[{"embeddable":true,"href":"https:\/\/camporan.com\/fr\/wp-json\/wp\/v2\/comments?post=5524"}],"wp:featuredmedia":[{"embeddable":true,"href":"https:\/\/camporan.com\/fr\/wp-json\/wp\/v2\/media\/12461"}],"wp:attachment":[{"href":"https:\/\/camporan.com\/fr\/wp-json\/wp\/v2\/media?parent=5524"}],"wp:term":[{"taxonomy":"product_brand","embeddable":true,"href":"https:\/\/camporan.com\/fr\/wp-json\/wp\/v2\/product_brand?post=5524"},{"taxonomy":"product_cat","embeddable":true,"href":"https:\/\/camporan.com\/fr\/wp-json\/wp\/v2\/product_cat?post=5524"},{"taxonomy":"product_tag","embeddable":true,"href":"https:\/\/camporan.com\/fr\/wp-json\/wp\/v2\/product_tag?post=5524"}],"curies":[{"name":"wp","href":"https:\/\/api.w.org\/{rel}","templated":true}]}}