{"id":5523,"date":"2018-06-17T12:37:47","date_gmt":"2018-06-17T10:37:47","guid":{"rendered":"http:\/\/www.camporan.com\/producto\/matelas-ford-courier\/"},"modified":"2026-04-07T18:02:56","modified_gmt":"2026-04-07T16:02:56","slug":"matelas-pour-lit-ford-courrier","status":"publish","type":"product","link":"https:\/\/camporan.com\/fr\/boutique\/matelas-pour-lit-ford-courrier\/","title":{"rendered":"Matelas pour fourgon Ford Transit Courier"},"content":{"rendered":"<h2>AVEC QUELS MOD\u00c8LES FORD EST-IL COMPATIBLE ?<\/h2>\n<p>Ford Transit Courier (2014-2023)\/ Ford Tourneo Courier (2014-2023)<\/p>\n<p>Si vous avez le nouveau <strong>Tourneo Courier<\/strong> ou <strong>Transit Courier 2023+<\/strong>, vous pouvez voir le <a href=\"https:\/\/camporan.com\/colchon-para-cama-mini-van\/\" target=\"_blank\" rel=\"noopener\">matelas<\/a> correspondant ici.<\/p>\n<h3>CARACT\u00c9RISTIQUES DU MATELAS<\/h3>\n<p>Matelas 183 x 128 x 6 cm. Mousse haute densit\u00e9 30Kg\/m3 Ferme. Couverture zipp\u00e9e en toile bleu fonc\u00e9. 4 mousses, dont 2 tourment\u00e9es comme un livre.<\/p>\n<ul>\n<li>Poids : 5,8 kg.<\/li>\n<li>Dimensions : 183 x 128 x 6 cm.<\/li>\n<li>Tissu : toile avec fermetures \u00e0 glissi\u00e8re. 60% coton, 40% polyamide.<\/li>\n<\/ul>\n","protected":false},"excerpt":{"rendered":"<p>Le matelas pliable pour fourgons Ford qui s&rsquo;adapte parfaitement \u00e0 l&rsquo;espace pr\u00e9vu. Fabriqu\u00e9 sur mesure pour le Ford Transit Courier et le Ford Tourneo Courier (jusqu&rsquo;en 2023), avec une mousse haute densit\u00e9 pour un v\u00e9ritable repos sur la route. Housse amovible et lavable pour le garder toujours propre. Compatible avec la structure de lit Camporan \u2014 ou utilisez-le seul si vous avez d\u00e9j\u00e0 la v\u00f4tre. L&rsquo;accessoire qui manquait \u00e0 votre fourgon.    <\/p>\n","protected":false},"author":7,"featured_media":4169,"comment_status":"open","ping_status":"closed","template":"","meta":{"om_disable_all_campaigns":false,"_uag_custom_page_level_css":"","site-sidebar-layout":"default","site-content-layout":"default","ast-site-content-layout":"default","site-content-style":"default","site-sidebar-style":"default","ast-global-header-display":"","ast-banner-title-visibility":"","ast-main-header-display":"","ast-hfb-above-header-display":"","ast-hfb-below-header-display":"","ast-hfb-mobile-header-display":"","site-post-title":"","ast-breadcrumbs-content":"","ast-featured-img":"","footer-sml-layout":"","ast-disable-related-posts":"","theme-transparent-header-meta":"default","adv-header-id-meta":"","stick-header-meta":"default","header-above-stick-meta":"","header-main-stick-meta":"","header-below-stick-meta":"","astra-migrate-meta-layouts":"default","ast-page-background-enabled":"default","ast-page-background-meta":{"desktop":{"background-color":"","background-image":"","background-repeat":"repeat","background-position":"center center","background-size":"auto","background-attachment":"scroll","background-type":"","background-media":"","overlay-type":"","overlay-color":"","overlay-opacity":"","overlay-gradient":""},"tablet":{"background-color":"","background-image":"","background-repeat":"repeat","background-position":"center center","background-size":"auto","background-attachment":"scroll","background-type":"","background-media":"","overlay-type":"","overlay-color":"","overlay-opacity":"","overlay-gradient":""},"mobile":{"background-color":"","background-image":"","background-repeat":"repeat","background-position":"center center","background-size":"auto","background-attachment":"scroll","background-type":"","background-media":"","overlay-type":"","overlay-color":"","overlay-opacity":"","overlay-gradient":""}},"ast-content-background-meta":{"desktop":{"background-color":"var(--ast-global-color-5)","background-image":"","background-repeat":"repeat","background-position":"center center","background-size":"auto","background-attachment":"scroll","background-type":"","background-media":"","overlay-type":"","overlay-color":"","overlay-opacity":"","overlay-gradient":""},"tablet":{"background-color":"var(--ast-global-color-5)","background-image":"","background-repeat":"repeat","background-position":"center center","background-size":"auto","background-attachment":"scroll","background-type":"","background-media":"","overlay-type":"","overlay-color":"","overlay-opacity":"","overlay-gradient":""},"mobile":{"background-color":"var(--ast-global-color-5)","background-image":"","background-repeat":"repeat","background-position":"center center","background-size":"auto","background-attachment":"scroll","background-type":"","background-media":"","overlay-type":"","overlay-color":"","overlay-opacity":"","overlay-gradient":""}}},"product_brand":[],"product_cat":[135,569,578],"product_tag":[417,290,352,353,419,424,291],"class_list":{"0":"post-5523","1":"product","2":"type-product","3":"status-publish","4":"has-post-thumbnail","6":"product_cat-matelas-fr","7":"product_cat-tourneo-courier","8":"product_cat-transit-courier","9":"product_tag-courier-fr","10":"product_tag-ford-fr","11":"product_tag-ford-tourneo-courier-fr","12":"product_tag-ford-transit-courier-fr","13":"product_tag-micro-furgon","14":"product_tag-tourneo-fr","15":"product_tag-transit-fr","16":"desktop-align-center","17":"tablet-align-center","18":"mobile-align-center","19":"ast-product-gallery-layout-horizontal","20":"ast-product-tabs-layout-vertical","22":"first","23":"instock","24":"taxable","25":"shipping-taxable","26":"purchasable","27":"product-type-simple"},"bundled_by":["5502"],"bundle_stock_status":"instock","bundle_stock_quantity":3,"bundle_virtual":false,"bundle_layout":"","bundle_add_to_cart_form_location":"","bundle_editable_in_cart":false,"bundle_sold_individually_context":"","bundle_item_grouping":"","bundle_min_size":"","bundle_max_size":"","bundle_price":[],"bundled_items":[],"bundle_sell_ids":[],"exclude_global_add_ons":false,"addons":[{"name":"Extras pour le matelas :","type":"checkbox","position":0,"required":false,"title_format":"label","default":"","description_enable":true,"description":"Des modifications du type de mousse, de l'\u00e9paisseur ou de la couleur de la couverture sont possibles sur demande. Toutes ces options suppl\u00e9mentaires impliquent une fabrication sp\u00e9ciale sur demande, de sorte que le d\u00e9lai de livraison peut augmenter entre 8 et 15 jours, et le droit de r\u00e9tractation est perdu avec le matelas, puisqu'il s'agit d'un produit sur mesure [Loi 1\/2007Art 103 c)]\nLes changements dans l'\u00e9paisseur du matelas impliquent \u00e9galement une r\u00e9duction de 4cm de la largeur totale (pour s'adapter au coffre).","placeholder_enable":false,"placeholder":null,"display":"select","restrictions_type":"any_text","adjust_price":false,"price":"","price_type":"flat_fee","restrictions":false,"min":"0","max":"0","options":[{"label":"Augmentation de l'\u00e9paisseur de 2 cm et mousse ferme D25","price":"25","price_type":"flat_fee","image":0,"visibility":true},{"label":"8 cm au total, D25 5 cm + 3 cm de visco\u00e9lastique.","price":"40","price_type":"flat_fee","image":0,"visibility":true},{"label":"Changement de couleur de la couverture","price":"25","price_type":"flat_fee","image":0,"visibility":true}],"id":1713476299},{"name":"Suppl\u00e9ments pour le matelas :","type":"checkbox","position":0,"required":false,"title_format":"label","default":"","description_enable":true,"description":"Des modifications peuvent \u00eatre demand\u00e9es concernant le type de mousse, l'\u00e9paisseur ou la couleur de la couverture. Chacune de ces options suppl\u00e9mentaires implique une fabrication sp\u00e9ciale sur commande, de sorte que le d\u00e9lai de livraison peut augmenter entre 8 et 15 jours, et le droit de r\u00e9tractation est perdu avec le matelas, puisqu'il s'agit d'un produit sur mesure [Loi 1\/ 2007 Art 103 c )]","placeholder_enable":false,"placeholder":"","display":"select","restrictions_type":"any_text","adjust_price":false,"price":"","price_type":"flat_fee","restrictions":false,"min":"0","max":"0","options":[{"label":"Augmentation de l'\u00e9paisseur de 2 cm","price":"40","price_type":"flat_fee","image":0,"visibility":true},{"label":"Densit\u00e9 augment\u00e9e \u00e0 D30 \"dur\"","price":"35","price_type":"flat_fee","image":0,"visibility":true},{"label":"Mousse \u00e0 m\u00e9moire de 3 cm, avec la m\u00eame \u00e9paisseur totale","price":"40","price_type":"flat_fee","image":0,"visibility":true},{"label":"Changement de couleur de la couverture","price":"25","price_type":"flat_fee","image":0,"visibility":true}],"id":1686912989}],"aioseo_notices":[],"spectra_custom_meta":{"_wpml_word_count":["161"],"_backorders":["notify"],"_download_limit":["-1"],"_download_expiry":["-1"],"_downloadable":["no"],"_manage_stock":["yes"],"_sku":["4206"],"_stock_status":["instock"],"_sold_individually":["no"],"_tax_class":[""],"_tax_status":["taxable"],"_virtual":["no"],"_width":["70"],"_height":["2.5"],"_length":["110"],"_sale_price":[""],"_sale_price_dates_from":[""],"_sale_price_dates_to":[""],"_wpml_media_duplicate":["1"],"_wpml_media_featured":["0"],"_aviaLayoutBuilder_active":[""],"_low_stock_amount":["0"],"_avia_hide_featured_image":["0"],"_av_el_mgr_version":["1.0"],"_avia_sc_parser_state":["check_only"],"_av_alb_posts_elements_state":["a:0:{}"],"_avia_builder_shortcode_tree":["a:0:{}"],"sidebar":[""],"footer":[""],"header_title_bar":[""],"header_transparency":[""],"layout":[""],"_alp_processed":["1775577777"],"_last_translation_edit_mode":["translation-editor"],"wcml_sync_hash":["a:1:{s:15:\"postmeta_fields\";s:32:\"ff8c1e364a469888fc83936c5105b907\";}"],"_purchase_note":[""],"_downloadable_files":["a:0:{}"],"attr_label_translations":["a:0:{}"],"_product_attributes":["a:0:{}"],"_default_attributes":["a:0:{}"],"_children":["a:0:{}"],"_stock":["3"],"_product_image_gallery":["12203,12208,1110,9456"],"_edit_lock":["1632820832:9"],"_edit_last":["9"],"_aioseop_custom_link":[""],"_aioseop_sitemap_exclude":[""],"_aioseop_disable":[""],"_aioseop_disable_analytics":[""],"_aioseop_noindex":[""],"_aioseop_nofollow":[""],"_aioseop_opengraph_settings":["a:0:{}"],"_related_ids":["a:2:{i:0;i:5502;i:1;i:5498;}"],"_vtwf_enable_tab":["no"],"_vtwf_tab_title":[""],"_vtwf_hide_title":["no"],"_vtwf_video_content":[""],"_wc_average_rating":[0],"_wc_review_count":["0"],"_product_version":["10.5.3"],"_aviaLayoutBuilderCleanData":[""],"_product_hover":[""],"_wp_attachment_metadata":[""],"site-sidebar-layout":["default"],"site-content-layout":["default"],"theme-transparent-header-meta":["default"],"_aioseo_og_article_section":[""],"_aioseo_og_article_tags":[""],"_wpml_media_has_media":["1"],"stick-header-meta":["default"],"_product_addons_exclude_global":["0"],"_top_nav_excluded":[""],"_cms_nav_minihome":[""],"_weight":["6"],"total_sales":["95"],"ast-site-content-layout":["default"],"site-content-style":["default"],"site-sidebar-style":["default"],"_crosssell_ids":["a:1:{i:0;i:9041;}"],"_regular_price":["195"],"_price":["195"],"_thumbnail_id":["4169"],"_wcml_average_rating":[null],"_wcml_review_count":[null],"_wcml_rating_count":[null],"_upsell_ids":["a:3:{i:0;i:5526;i:1;i:5498;i:2;i:5502;}"],"_aioseop_title":["Matelas de lit Ford Courier"],"_aioseop_description":["Matelas pliable valable pour les fourgonnettes : Ford Transit Courier et Ford Torneo Courier."],"_aioseop_keywords":["camperize ford tourneo courier"],"_aioseo_title":["Matelas pour Ford Transit Courier et Tourneo Courier | Camporan"],"_aioseo_description":["Colch\u00f3n plegable a medida para Ford Transit Courier y Tourneo Courier (hasta 2023). Alta densidad, funda lavable. Desde 195\u20ac. Encaja con la estructura Camporan.   "],"_aioseo_keywords":["camperize ford tourneo courier"],"_product_addons":["a:1:{i:0;a:20:{s:4:\"name\";s:24:\"Extras pour le matelas :\";s:12:\"title_format\";s:5:\"label\";s:18:\"description_enable\";i:1;s:11:\"description\";s:530:\"Des modifications du type de mousse, de l'\u00e9paisseur ou de la couleur de la couverture sont possibles sur demande. Toutes ces options suppl\u00e9mentaires impliquent une fabrication sp\u00e9ciale sur demande, de sorte que le d\u00e9lai de livraison peut augmenter entre 8 et 15 jours, et le droit de r\u00e9tractation est perdu avec le matelas, puisqu'il s'agit d'un produit sur mesure [Loi 1\/2007Art 103 c)]\nLes changements dans l'\u00e9paisseur du matelas impliquent \u00e9galement une r\u00e9duction de 4cm de la largeur totale (pour s'adapter au coffre).\";s:18:\"placeholder_enable\";i:0;s:11:\"placeholder\";N;s:4:\"type\";s:8:\"checkbox\";s:7:\"display\";s:6:\"select\";s:8:\"position\";i:0;s:8:\"required\";i:0;s:12:\"restrictions\";i:0;s:17:\"restrictions_type\";s:8:\"any_text\";s:12:\"adjust_price\";i:0;s:10:\"price_type\";s:8:\"flat_fee\";s:5:\"price\";s:0:\"\";s:2:\"id\";s:10:\"1713476299\";s:3:\"min\";i:0;s:3:\"max\";i:0;s:7:\"default\";s:0:\"\";s:7:\"options\";a:3:{i:0;a:5:{s:5:\"label\";s:56:\"Augmentation de l'\u00e9paisseur de 2 cm et mousse ferme D25\";s:5:\"price\";s:2:\"25\";s:5:\"image\";s:0:\"\";s:10:\"price_type\";s:8:\"flat_fee\";s:10:\"visibility\";i:1;}i:1;a:5:{s:5:\"label\";s:50:\"8 cm au total, D25 5 cm + 3 cm de visco\u00e9lastique.\";s:5:\"price\";s:2:\"40\";s:5:\"image\";s:0:\"\";s:10:\"price_type\";s:8:\"flat_fee\";s:10:\"visibility\";i:1;}i:2;a:5:{s:5:\"label\";s:38:\"Changement de couleur de la couverture\";s:5:\"price\";s:2:\"25\";s:5:\"image\";s:0:\"\";s:10:\"price_type\";s:8:\"flat_fee\";s:10:\"visibility\";i:1;}}}}"],"_schema_json":["a:0:{}"],"_schema_json_timestamp":["1778517531"],"_uag_page_assets":["a:9:{s:3:\"css\";s:0:\"\";s:2:\"js\";s:0:\"\";s:18:\"current_block_list\";a:2:{i:0;s:12:\"core\/heading\";i:1;s:14:\"core\/paragraph\";}s:8:\"uag_flag\";b:0;s:11:\"uag_version\";i:1778504966;s:6:\"gfonts\";a:0:{}s:10:\"gfonts_url\";s:0:\"\";s:12:\"gfonts_files\";a:0:{}s:14:\"uag_faq_layout\";b:0;}"],"_wc_rating_count":[""]},"uagb_featured_image_src":{"full":["https:\/\/camporan.com\/wp-content\/uploads\/2018\/06\/Ford-Courier-Camper-1.jpeg",1000,750,false],"thumbnail":["https:\/\/camporan.com\/wp-content\/uploads\/2018\/06\/Ford-Courier-Camper-1-80x80.jpeg",80,80,true],"medium":["https:\/\/camporan.com\/wp-content\/uploads\/2018\/06\/Ford-Courier-Camper-1-300x225.jpeg",300,225,true],"medium_large":["https:\/\/camporan.com\/wp-content\/uploads\/2018\/06\/Ford-Courier-Camper-1-768x576.jpeg",768,576,true],"large":["https:\/\/camporan.com\/wp-content\/uploads\/2018\/06\/Ford-Courier-Camper-1.jpeg",1000,750,false],"1536x1536":["https:\/\/camporan.com\/wp-content\/uploads\/2018\/06\/Ford-Courier-Camper-1.jpeg",1000,750,false],"2048x2048":["https:\/\/camporan.com\/wp-content\/uploads\/2018\/06\/Ford-Courier-Camper-1.jpeg",1000,750,false],"woocommerce_thumbnail":["https:\/\/camporan.com\/wp-content\/uploads\/2018\/06\/Ford-Courier-Camper-1-600x450.jpeg",600,450,true],"woocommerce_single":["https:\/\/camporan.com\/wp-content\/uploads\/2018\/06\/Ford-Courier-Camper-1-600x450.jpeg",600,450,true],"woocommerce_gallery_thumbnail":["https:\/\/camporan.com\/wp-content\/uploads\/2018\/06\/Ford-Courier-Camper-1-100x100.jpeg",100,100,true],"wcpr-photo-reviews":["https:\/\/camporan.com\/wp-content\/uploads\/2018\/06\/Ford-Courier-Camper-1.jpeg",500,375,false]},"uagb_author_info":{"display_name":"David Lamolla","author_link":"https:\/\/camporan.com\/fr\/author\/david_lamolla\/"},"uagb_comment_info":0,"uagb_excerpt":"Le matelas pliable pour fourgons Ford qui s'adapte parfaitement \u00e0 l'espace pr\u00e9vu. Fabriqu\u00e9 sur mesure pour le Ford Transit Courier et le Ford Tourneo Courier (jusqu'en 2023), avec une mousse haute densit\u00e9 pour un v\u00e9ritable repos sur la route. Housse amovible et lavable pour le garder toujours propre. Compatible avec la structure de lit Camporan\u2026","_links":{"self":[{"href":"https:\/\/camporan.com\/fr\/wp-json\/wp\/v2\/product\/5523","targetHints":{"allow":["GET"]}}],"collection":[{"href":"https:\/\/camporan.com\/fr\/wp-json\/wp\/v2\/product"}],"about":[{"href":"https:\/\/camporan.com\/fr\/wp-json\/wp\/v2\/types\/product"}],"author":[{"embeddable":true,"href":"https:\/\/camporan.com\/fr\/wp-json\/wp\/v2\/users\/7"}],"replies":[{"embeddable":true,"href":"https:\/\/camporan.com\/fr\/wp-json\/wp\/v2\/comments?post=5523"}],"wp:featuredmedia":[{"embeddable":true,"href":"https:\/\/camporan.com\/fr\/wp-json\/wp\/v2\/media\/4169"}],"wp:attachment":[{"href":"https:\/\/camporan.com\/fr\/wp-json\/wp\/v2\/media?parent=5523"}],"wp:term":[{"taxonomy":"product_brand","embeddable":true,"href":"https:\/\/camporan.com\/fr\/wp-json\/wp\/v2\/product_brand?post=5523"},{"taxonomy":"product_cat","embeddable":true,"href":"https:\/\/camporan.com\/fr\/wp-json\/wp\/v2\/product_cat?post=5523"},{"taxonomy":"product_tag","embeddable":true,"href":"https:\/\/camporan.com\/fr\/wp-json\/wp\/v2\/product_tag?post=5523"}],"curies":[{"name":"wp","href":"https:\/\/api.w.org\/{rel}","templated":true}]}}