{"id":5504,"date":"2019-09-05T17:19:15","date_gmt":"2019-09-05T15:19:15","guid":{"rendered":"http:\/\/www.camporan.com\/producto\/matelas-traveller-space-tourer-proace-verso\/"},"modified":"2026-05-08T13:40:49","modified_gmt":"2026-05-08T11:40:49","slug":"matelas-pour-lit-sevel","status":"publish","type":"product","link":"https:\/\/camporan.com\/fr\/boutique\/matelas-pour-lit-sevel\/","title":{"rendered":"Matelas pour fourgons SEVEL Traveller, Space Tourer et Proace Verso"},"content":{"rendered":"<h2>AVEC QUELS FOURGONS SEVEL CE MATELAS EST-IL COMPATIBLE ?<\/h2>\n<p>Peugeot Traveller, Citro\u00ebn Space Tourer, Toyota Proace Verso et Opel Zafira Live.<\/p>\n<h3>CARACT\u00c9RISTIQUES TECHNIQUES DU MATELAS<\/h3>\n<p>Matelas 190 x 138 x 8 cm. Mousse haute densit\u00e9 25Kg \/ m3.<\/p>\n<p>Trois pi\u00e8ces pliantes en \u00ab\u00a0zig-zag\u00a0\u00bb, et couvertures en toile bleu marine, et fermetures \u00e9clair.<\/p>\n<ul>\n<li>Poids: 6 kg.<\/li>\n<li>Dimensions: 190 x 138 x 8cm, pli\u00e9 65 x 138 x 24cm.<\/li>\n<\/ul>\n","protected":false},"excerpt":{"rendered":"<p><strong>Matelas pliable fabriqu\u00e9 sur mesure pour les fourgons SEVEL<\/strong> : Citro\u00ebn Jumpy, Space Tourer, Peugeot Expert, Traveller, Toyota Proace Verso et Opel Zafira Life. Mousse ferme de 25 kg\/m\u00b3 et 8 cm d&rsquo;\u00e9paisseur pour un v\u00e9ritable repos sur la route. Housse amovible et lavable. Compatible avec la structure de lit Camporan ou utilisable comme matelas ind\u00e9pendant. Si vous poss\u00e9dez d\u00e9j\u00e0 la structure, c&rsquo;est le compl\u00e9ment id\u00e9al.    <\/p>\n","protected":false},"author":7,"featured_media":4951,"comment_status":"open","ping_status":"closed","template":"","meta":{"om_disable_all_campaigns":false,"_uag_custom_page_level_css":"","site-sidebar-layout":"default","site-content-layout":"default","ast-site-content-layout":"default","site-content-style":"default","site-sidebar-style":"default","ast-global-header-display":"","ast-banner-title-visibility":"","ast-main-header-display":"","ast-hfb-above-header-display":"","ast-hfb-below-header-display":"","ast-hfb-mobile-header-display":"","site-post-title":"","ast-breadcrumbs-content":"","ast-featured-img":"","footer-sml-layout":"","ast-disable-related-posts":"","theme-transparent-header-meta":"default","adv-header-id-meta":"","stick-header-meta":"default","header-above-stick-meta":"","header-main-stick-meta":"","header-below-stick-meta":"","astra-migrate-meta-layouts":"default","ast-page-background-enabled":"default","ast-page-background-meta":{"desktop":{"background-color":"","background-image":"","background-repeat":"repeat","background-position":"center center","background-size":"auto","background-attachment":"scroll","background-type":"","background-media":"","overlay-type":"","overlay-color":"","overlay-opacity":"","overlay-gradient":""},"tablet":{"background-color":"","background-image":"","background-repeat":"repeat","background-position":"center center","background-size":"auto","background-attachment":"scroll","background-type":"","background-media":"","overlay-type":"","overlay-color":"","overlay-opacity":"","overlay-gradient":""},"mobile":{"background-color":"","background-image":"","background-repeat":"repeat","background-position":"center center","background-size":"auto","background-attachment":"scroll","background-type":"","background-media":"","overlay-type":"","overlay-color":"","overlay-opacity":"","overlay-gradient":""}},"ast-content-background-meta":{"desktop":{"background-color":"var(--ast-global-color-5)","background-image":"","background-repeat":"repeat","background-position":"center center","background-size":"auto","background-attachment":"scroll","background-type":"","background-media":"","overlay-type":"","overlay-color":"","overlay-opacity":"","overlay-gradient":""},"tablet":{"background-color":"var(--ast-global-color-5)","background-image":"","background-repeat":"repeat","background-position":"center center","background-size":"auto","background-attachment":"scroll","background-type":"","background-media":"","overlay-type":"","overlay-color":"","overlay-opacity":"","overlay-gradient":""},"mobile":{"background-color":"var(--ast-global-color-5)","background-image":"","background-repeat":"repeat","background-position":"center center","background-size":"auto","background-attachment":"scroll","background-type":"","background-media":"","overlay-type":"","overlay-color":"","overlay-opacity":"","overlay-gradient":""}}},"product_brand":[],"product_cat":[829],"product_tag":[277,913,276,464],"class_list":{"0":"post-5504","1":"product","2":"type-product","3":"status-publish","4":"has-post-thumbnail","6":"product_cat-camper-fr","7":"product_tag-space-tourer-fr","8":"product_tag-toyoa-proace-verso-fr","9":"product_tag-traveller-fr","10":"product_tag-zafira-life-fr","11":"desktop-align-center","12":"tablet-align-center","13":"mobile-align-center","14":"ast-product-gallery-layout-horizontal","15":"ast-product-tabs-layout-vertical","17":"first","18":"instock","19":"taxable","20":"shipping-taxable","21":"purchasable","22":"product-type-simple"},"bundled_by":["5437"],"bundle_stock_status":"instock","bundle_stock_quantity":4,"bundle_virtual":false,"bundle_layout":"","bundle_add_to_cart_form_location":"","bundle_editable_in_cart":false,"bundle_sold_individually_context":"","bundle_item_grouping":"","bundle_min_size":"","bundle_max_size":"","bundle_price":[],"bundled_items":[],"bundle_sell_ids":[],"exclude_global_add_ons":false,"addons":[{"name":"Extras pour le matelas :","type":"checkbox","position":0,"required":false,"title_format":"label","default":"","description_enable":true,"description":"Des modifications du type de mousse, de l'\u00e9paisseur ou de la couleur de la couverture sont possibles sur demande. Toutes ces options suppl\u00e9mentaires impliquent une fabrication sp\u00e9ciale sur demande, de sorte que le d\u00e9lai de livraison peut augmenter de 8 \u00e0 15 jours, et le droit de r\u00e9tractation est perdu avec le matelas, \u00e9tant donn\u00e9 qu'il s'agit d'un produit sur mesure [loi 1\/2007 art. 103 c) ES].","placeholder_enable":false,"placeholder":null,"display":"select","restrictions_type":"any_text","adjust_price":false,"price":"","price_type":"flat_fee","restrictions":false,"min":"0","max":"0","options":[{"label":"Augmentation de l'\u00e9paisseur de 2 cm","price":"35","price_type":"flat_fee","image":0,"visibility":true},{"label":"Augmentation de la densit\u00e9 \u00e0 \"dur\" (HR35)","price":"35","price_type":"flat_fee","image":0,"visibility":true},{"label":"2cm de visco\u00e9lastique, avec la m\u00eame \u00e9paisseur totale","price":"35","price_type":"flat_fee","image":0,"visibility":true},{"label":"Changement de couleur de la couverture","price":"25","price_type":"flat_fee","image":0,"visibility":true}],"id":1686917852},{"name":"Suppl\u00e9ments pour le matelas :","type":"checkbox","position":0,"required":false,"title_format":"label","default":"","description_enable":true,"description":"Des modifications peuvent \u00eatre demand\u00e9es concernant le type de mousse, l'\u00e9paisseur ou la couleur de la couverture. Chacune de ces options suppl\u00e9mentaires implique une fabrication sp\u00e9ciale sur commande, de sorte que le d\u00e9lai de livraison peut augmenter entre 8 et 15 jours, et le droit de r\u00e9tractation est perdu avec le matelas, puisqu'il s'agit d'un produit sur mesure [Loi 1\/ 2007 Art 103 c )]","placeholder_enable":false,"placeholder":"","display":"select","restrictions_type":"any_text","adjust_price":false,"price":"","price_type":"flat_fee","restrictions":false,"min":"0","max":"0","options":[{"label":"Augmentation de l'\u00e9paisseur de 2 cm","price":"40","price_type":"flat_fee","image":0,"visibility":true},{"label":"Densit\u00e9 augment\u00e9e \u00e0 D30 \"dur\"","price":"35","price_type":"flat_fee","image":0,"visibility":true},{"label":"Mousse \u00e0 m\u00e9moire de 3 cm, avec la m\u00eame \u00e9paisseur totale","price":"40","price_type":"flat_fee","image":0,"visibility":true},{"label":"Changement de couleur de la couverture","price":"25","price_type":"flat_fee","image":0,"visibility":true}],"id":1686912989}],"aioseo_notices":[],"spectra_custom_meta":{"_wpml_word_count":["146"],"_backorders":["notify"],"_download_limit":["-1"],"_download_expiry":["-1"],"_downloadable":["no"],"_manage_stock":["yes"],"_sku":["4207"],"_stock_status":["instock"],"_sold_individually":["no"],"_tax_class":[""],"_tax_status":["taxable"],"_virtual":["no"],"_weight":["7"],"_width":["70"],"_height":["40"],"_length":["40"],"total_sales":["161"],"_wpml_media_duplicate":["1","1"],"_wpml_media_featured":["1","1"],"_aviaLayoutBuilder_active":[""],"_low_stock_amount":["0"],"_avia_hide_featured_image":["0"],"_av_el_mgr_version":["1.0"],"_avia_sc_parser_state":["check_only"],"_av_alb_posts_elements_state":["a:0:{}"],"_avia_builder_shortcode_tree":["a:0:{}"],"sidebar":[""],"footer":[""],"header_title_bar":[""],"header_transparency":[""],"layout":[""],"_thumbnail_id":["4951"],"_alp_processed":["1775576599"],"_last_translation_edit_mode":["translation-editor"],"wcml_sync_hash":["a:1:{s:15:\"postmeta_fields\";s:32:\"ee747defe9106415af8a8f2c23442bf9\";}"],"attr_label_translations":["a:0:{}"],"_children":["a:0:{}"],"_stock":["4"],"_product_image_gallery":["4959,4963,5661"],"_edit_lock":["1742550925:7"],"_edit_last":["58"],"_aioseop_custom_link":[""],"_aioseop_sitemap_exclude":[""],"_aioseop_disable":[""],"_aioseop_disable_analytics":[""],"_aioseop_noindex":[""],"_aioseop_nofollow":[""],"_aioseop_opengraph_settings":["a:0:{}"],"_related_ids":["a:2:{i:0;i:5437;i:1;i:5481;}"],"_vtwf_enable_tab":["no"],"_vtwf_tab_title":[""],"_vtwf_hide_title":["no"],"_vtwf_video_content":[""],"_wc_average_rating":["4.75"],"_wc_review_count":["4"],"_product_version":["10.7.0"],"_aviaLayoutBuilderCleanData":[""],"_product_hover":[""],"_wp_attachment_metadata":[""],"_top_nav_excluded":[""],"_cms_nav_minihome":[""],"site-sidebar-layout":["default"],"site-content-layout":["default"],"theme-transparent-header-meta":["default"],"_aioseo_og_article_section":[""],"_aioseo_og_article_tags":[""],"_wpml_media_has_media":["1"],"stick-header-meta":["default"],"_wcml_average_rating":["4.75"],"_wcml_review_count":["4"],"_regular_price":["230"],"_price":["230"],"_wcml_rating_count":["a:2:{i:4;i:1;i:5;i:3;}"],"_product_addons_exclude_global":["0"],"_wc_rating_count":[{"4":1,"5":3}],"ast-site-content-layout":["default"],"site-content-style":["default"],"site-sidebar-style":["default"],"_downloadable_files":[""],"_crosssell_ids":["a:1:{i:0;i:8983;}"],"_upsell_ids":["a:3:{i:0;i:5903;i:1;i:5481;i:2;i:5437;}"],"_aioseop_title":["Matelas pour Traveler, Space Tourer et Proace"],"_aioseop_description":["Matelas pliant valable pour les fourgons de type Peugeot Traveller, Citro\u00ebn Space Tourer et Toyoa Proace 3 pi\u00e8ces pliantes, et forme exacte."],"_aioseop_keywords":["Matelas Camper Traveller, Matelas Camper Space Tourer"],"_aioseo_title":["Matelas pour fourgonn SEVEL : Jumpy, Expert et Proace | Camporan"],"_aioseo_description":["Matelas pour fourgonn SEVEL (Jumpy, Expert, Traveller, Proace Verso, Zafira Life). Mousse ferme 25 kg\/m\u00b3, 8 cm, housse lavable. \u2b50 4,75\/5. En stock \u00e0 partir de 230 \u20ac !   "],"_aioseo_keywords":["Matelas pour camping-car Traveller,Matelas pour camping-car Space Tourer,Fabricant de matelas pour camping-car"],"_product_addons":["a:1:{i:0;a:20:{s:4:\"name\";s:24:\"Extras pour le matelas :\";s:12:\"title_format\";s:5:\"label\";s:18:\"description_enable\";i:1;s:11:\"description\";s:405:\"Des modifications du type de mousse, de l'\u00e9paisseur ou de la couleur de la couverture sont possibles sur demande. Toutes ces options suppl\u00e9mentaires impliquent une fabrication sp\u00e9ciale sur demande, de sorte que le d\u00e9lai de livraison peut augmenter de 8 \u00e0 15 jours, et le droit de r\u00e9tractation est perdu avec le matelas, \u00e9tant donn\u00e9 qu'il s'agit d'un produit sur mesure [loi 1\/2007 art. 103 c) ES].\";s:18:\"placeholder_enable\";i:0;s:11:\"placeholder\";N;s:4:\"type\";s:8:\"checkbox\";s:7:\"display\";s:6:\"select\";s:8:\"position\";i:0;s:8:\"required\";i:0;s:12:\"restrictions\";i:0;s:17:\"restrictions_type\";s:8:\"any_text\";s:12:\"adjust_price\";i:0;s:10:\"price_type\";s:8:\"flat_fee\";s:5:\"price\";s:0:\"\";s:2:\"id\";s:10:\"1686917852\";s:3:\"min\";i:0;s:3:\"max\";i:0;s:7:\"default\";s:0:\"\";s:7:\"options\";a:4:{i:0;a:5:{s:5:\"label\";s:36:\"Augmentation de l'\u00e9paisseur de 2 cm\";s:5:\"price\";s:2:\"35\";s:5:\"image\";s:0:\"\";s:10:\"price_type\";s:8:\"flat_fee\";s:10:\"visibility\";i:1;}i:1;a:5:{s:5:\"label\";s:43:\"Augmentation de la densit\u00e9 \u00e0 \"dur\" (HR35)\";s:5:\"price\";s:2:\"35\";s:5:\"image\";s:0:\"\";s:10:\"price_type\";s:8:\"flat_fee\";s:10:\"visibility\";i:1;}i:2;a:5:{s:5:\"label\";s:55:\"2cm de visco\u00e9lastique, avec la m\u00eame \u00e9paisseur totale\";s:5:\"price\";s:2:\"35\";s:5:\"image\";s:0:\"\";s:10:\"price_type\";s:8:\"flat_fee\";s:10:\"visibility\";i:1;}i:3;a:5:{s:5:\"label\";s:38:\"Changement de couleur de la couverture\";s:5:\"price\";s:2:\"25\";s:5:\"image\";s:0:\"\";s:10:\"price_type\";s:8:\"flat_fee\";s:10:\"visibility\";i:1;}}}}"],"_schema_json":["a:0:{}"],"_schema_json_timestamp":["1778519417"],"_uag_page_assets":["a:9:{s:3:\"css\";s:0:\"\";s:2:\"js\";s:0:\"\";s:18:\"current_block_list\";a:2:{i:0;s:12:\"core\/heading\";i:1;s:14:\"core\/paragraph\";}s:8:\"uag_flag\";b:0;s:11:\"uag_version\";i:1778504966;s:6:\"gfonts\";a:0:{}s:10:\"gfonts_url\";s:0:\"\";s:12:\"gfonts_files\";a:0:{}s:14:\"uag_faq_layout\";b:0;}"]},"uagb_featured_image_src":{"full":["https:\/\/camporan.com\/wp-content\/uploads\/2019\/09\/Proace_01.jpg",774,900,false],"thumbnail":["https:\/\/camporan.com\/wp-content\/uploads\/2019\/09\/Proace_01-80x80.jpg",80,80,true],"medium":["https:\/\/camporan.com\/wp-content\/uploads\/2019\/09\/Proace_01-258x300.jpg",258,300,true],"medium_large":["https:\/\/camporan.com\/wp-content\/uploads\/2019\/09\/Proace_01-768x893.jpg",768,893,true],"large":["https:\/\/camporan.com\/wp-content\/uploads\/2019\/09\/Proace_01.jpg",774,900,false],"1536x1536":["https:\/\/camporan.com\/wp-content\/uploads\/2019\/09\/Proace_01.jpg",774,900,false],"2048x2048":["https:\/\/camporan.com\/wp-content\/uploads\/2019\/09\/Proace_01.jpg",774,900,false],"woocommerce_thumbnail":["https:\/\/camporan.com\/wp-content\/uploads\/2019\/09\/Proace_01-600x698.jpg",600,698,true],"woocommerce_single":["https:\/\/camporan.com\/wp-content\/uploads\/2019\/09\/Proace_01-600x698.jpg",600,698,true],"woocommerce_gallery_thumbnail":["https:\/\/camporan.com\/wp-content\/uploads\/2019\/09\/Proace_01-100x100.jpg",100,100,true],"wcpr-photo-reviews":["https:\/\/camporan.com\/wp-content\/uploads\/2019\/09\/Proace_01.jpg",430,500,false]},"uagb_author_info":{"display_name":"David Lamolla","author_link":"https:\/\/camporan.com\/fr\/author\/david_lamolla\/"},"uagb_comment_info":4,"uagb_excerpt":"Matelas pliable fabriqu\u00e9 sur mesure pour les fourgons SEVEL : Citro\u00ebn Jumpy, Space Tourer, Peugeot Expert, Traveller, Toyota Proace Verso et Opel Zafira Life. Mousse ferme de 25 kg\/m\u00b3 et 8 cm d'\u00e9paisseur pour un v\u00e9ritable repos sur la route. Housse amovible et lavable. Compatible avec la structure de lit Camporan ou utilisable comme matelas\u2026","_links":{"self":[{"href":"https:\/\/camporan.com\/fr\/wp-json\/wp\/v2\/product\/5504","targetHints":{"allow":["GET"]}}],"collection":[{"href":"https:\/\/camporan.com\/fr\/wp-json\/wp\/v2\/product"}],"about":[{"href":"https:\/\/camporan.com\/fr\/wp-json\/wp\/v2\/types\/product"}],"author":[{"embeddable":true,"href":"https:\/\/camporan.com\/fr\/wp-json\/wp\/v2\/users\/7"}],"replies":[{"embeddable":true,"href":"https:\/\/camporan.com\/fr\/wp-json\/wp\/v2\/comments?post=5504"}],"wp:featuredmedia":[{"embeddable":true,"href":"https:\/\/camporan.com\/fr\/wp-json\/wp\/v2\/media\/4951"}],"wp:attachment":[{"href":"https:\/\/camporan.com\/fr\/wp-json\/wp\/v2\/media?parent=5504"}],"wp:term":[{"taxonomy":"product_brand","embeddable":true,"href":"https:\/\/camporan.com\/fr\/wp-json\/wp\/v2\/product_brand?post=5504"},{"taxonomy":"product_cat","embeddable":true,"href":"https:\/\/camporan.com\/fr\/wp-json\/wp\/v2\/product_cat?post=5504"},{"taxonomy":"product_tag","embeddable":true,"href":"https:\/\/camporan.com\/fr\/wp-json\/wp\/v2\/product_tag?post=5504"}],"curies":[{"name":"wp","href":"https:\/\/api.w.org\/{rel}","templated":true}]}}