{"id":5503,"date":"2018-06-17T09:30:41","date_gmt":"2018-06-17T07:30:41","guid":{"rendered":"http:\/\/www.camporan.com\/producto\/pack-nv200-camper-car-somier-matelas\/"},"modified":"2026-04-10T09:31:52","modified_gmt":"2026-04-10T07:31:52","slug":"pack-forugon-amenage-nv200-evalia","status":"publish","type":"product","link":"https:\/\/camporan.com\/fr\/boutique\/pack-forugon-amenage-nv200-evalia\/","title":{"rendered":"Kit d&rsquo;Am\u00e9nagement Nissan NV200 : structure de lit + matelas pliable"},"content":{"rendered":"<h2>AVEC QUELLES VERSIONS DU NISSAN NV200 CE KIT D&rsquo;AM\u00c9NAGEMENT EST-IL COMPATIBLE ?<\/h2>\n<p>Nissan NV200 \/ Nissan NV200 Evalia \/ Nissan Evalia con Aire.<\/p>\n<h2>CARACT\u00c9RISTIQUES PRINCIPALES:<\/h2>\n<p>Kit d&rsquo;Am\u00e9nagement Nissan NV200 avec lit polyvalent con\u00e7u pour am\u00e9nager ce mod\u00e8le en particulier.<\/p>\n<p>L\u00e9ger et facile \u00e0 transporter, \u00e0 ranger, \u00e0 monter et \u00e0 d\u00e9monter.<br \/>\nTout le volume du coffre est exploitable gr\u00e2ce au renforcement du plateau qui tire pleinement parti de l&rsquo;espace entre les passages de roues, sans aucun support interm\u00e9diaire.<\/p>\n<h2>CARACT\u00c9RISTIQUES TECHNIQUES:<\/h2>\n<h3>Mat\u00e9riaux:<\/h3>\n<ul>\n<li>Le mat\u00e9riau de base est un panneau de bois de bouleau de 12 mm (panneau marin), enduit de r\u00e9sine brune, lisse d&rsquo;un c\u00f4t\u00e9 et antid\u00e9rapant de l&rsquo;autre.<\/li>\n<li>Bords arrondis et scell\u00e9s dans la zone du coffre, et avec feutre adh\u00e9sif dans les zones en contact avec la carrosserie.<\/li>\n<li>Sirve para modelos con 5 o 7 plazas, y con aire condicionado posterior, pero en estos casos, hay que indicarlo en hacer el pedido.<\/li>\n<\/ul>\n<h3>Pr\u00e9paration:<\/h3>\n<ul>\n<li>Le premier jour du montage, le cadre de lit doit \u00eatre ajust\u00e9 \u00e0 l&rsquo;aide de 4 \u00e0 6 pi\u00e8ces afin de correspondre \u00e0 la largeur int\u00e9rieure du fourgon, en utilisant les pi\u00e8ces et vis fournies. Ces vis ne seront plus n\u00e9cessaires par la suite.<br \/>Si vous commandez un Evalia avec climatisation arri\u00e8re, veuillez le pr\u00e9ciser lors de votre commande, car certaines pi\u00e8ces devront \u00eatre coup\u00e9es. Veuillez \u00e9galement indiquer le mod\u00e8le du v\u00e9hicule que vous souhaitez am\u00e9nager lors de votre commande.  <\/li>\n<\/ul>\n<h3>Installation en moins de 2 minutes.<\/h3>\n<ul>\n<li>Le montage est tr\u00e8s simple et n&rsquo;affecte pas le ch\u00e2ssis du v\u00e9hicule.<\/li>\n<li>Le cadre de lit se compose de trois panneaux : deux sont fix\u00e9s \u00e0 l\u2019arri\u00e8re du coffre et le troisi\u00e8me coulisse vers l\u2019avant pour former le lit en inclinant les dossiers des si\u00e8ges. Trois pieds sont fournis et peuvent \u00eatre fix\u00e9s \u00e0 l\u2019avant pour \u00e9viter que le cadre de lit ne touche les si\u00e8ges, notamment si ces derniers sont retir\u00e9s. <\/li>\n<li>Poids total du colis : 26+7 kg.<\/li>\n<li>Dimensions de l&#8217;emballage : 96 x 150 x 12 cm et 40 x 40 x 70 cm<\/li>\n<\/ul>\n<h2>MATELAS:<\/h2>\n<p>Matelas de camping-car de dimensions 190 x 135 x 8 cm. Mousse haute densit\u00e9 25 kg\/m\u00b3 (ferme). Autres options disponibles, mais d\u00e9lai de livraison plus long.  <\/p>\n<p>Housses accord\u00e9on avec fermeture \u00e9clair, en toile bleu fonc\u00e9. Coupe inclin\u00e9e pour le coffre. <\/p>\n<p>Des modifications de la mousse, de la couleur ou des dimensions sont possibles, mais entra\u00eeneront de l\u00e9g\u00e8res augmentations de prix et de d\u00e9lais de livraison.<\/p>\n<p>&nbsp;<\/p>\n","protected":false},"excerpt":{"rendered":"<p>Gr\u00e2ce \u00e0 ce kit d&rsquo;Am\u00e9nagament pour Nissan NV200, vous pouvez d\u00e9sormais le transformer en fourgon am\u00e9nag\u00e9e sans renoncer au confort. Cette structure de lit + matelas pliable est fabriqu\u00e9e sur mesure pour le NV200, le NV200 Evalia et l&rsquo;Evalia avec climatisation arri\u00e8re. Construite en contreplaqu\u00e9 de bouleau marin \u00e0 9 couches : l\u00e9g\u00e8re, rigide et con\u00e7ue pour durer. Montage et d\u00e9montage en moins de 2 minutes, sans aucun outil. Lorsque vous n&rsquo;en avez pas besoin, elle se plie et se range dans le coffre. 15 clients dorment d\u00e9j\u00e0 dans leur NV200. Et vous, quand vous vous lancerez ?      <\/p>\n","protected":false},"author":7,"featured_media":4158,"comment_status":"open","ping_status":"closed","template":"","meta":{"om_disable_all_campaigns":false,"_uag_custom_page_level_css":"","site-sidebar-layout":"default","site-content-layout":"default","ast-site-content-layout":"default","site-content-style":"default","site-sidebar-style":"default","ast-global-header-display":"","ast-banner-title-visibility":"","ast-main-header-display":"","ast-hfb-above-header-display":"","ast-hfb-below-header-display":"","ast-hfb-mobile-header-display":"","site-post-title":"","ast-breadcrumbs-content":"","ast-featured-img":"","footer-sml-layout":"","ast-disable-related-posts":"","theme-transparent-header-meta":"default","adv-header-id-meta":"","stick-header-meta":"default","header-above-stick-meta":"","header-main-stick-meta":"","header-below-stick-meta":"","astra-migrate-meta-layouts":"set","ast-page-background-enabled":"default","ast-page-background-meta":{"desktop":{"background-color":"","background-image":"","background-repeat":"repeat","background-position":"center center","background-size":"auto","background-attachment":"scroll","background-type":"","background-media":"","overlay-type":"","overlay-color":"","overlay-opacity":"","overlay-gradient":""},"tablet":{"background-color":"","background-image":"","background-repeat":"repeat","background-position":"center center","background-size":"auto","background-attachment":"scroll","background-type":"","background-media":"","overlay-type":"","overlay-color":"","overlay-opacity":"","overlay-gradient":""},"mobile":{"background-color":"","background-image":"","background-repeat":"repeat","background-position":"center center","background-size":"auto","background-attachment":"scroll","background-type":"","background-media":"","overlay-type":"","overlay-color":"","overlay-opacity":"","overlay-gradient":""}},"ast-content-background-meta":{"desktop":{"background-color":"var(--ast-global-color-5)","background-image":"","background-repeat":"repeat","background-position":"center center","background-size":"auto","background-attachment":"scroll","background-type":"","background-media":"","overlay-type":"","overlay-color":"","overlay-opacity":"","overlay-gradient":""},"tablet":{"background-color":"var(--ast-global-color-5)","background-image":"","background-repeat":"repeat","background-position":"center center","background-size":"auto","background-attachment":"scroll","background-type":"","background-media":"","overlay-type":"","overlay-color":"","overlay-opacity":"","overlay-gradient":""},"mobile":{"background-color":"var(--ast-global-color-5)","background-image":"","background-repeat":"repeat","background-position":"center center","background-size":"auto","background-attachment":"scroll","background-type":"","background-media":"","overlay-type":"","overlay-color":"","overlay-opacity":"","overlay-gradient":""}}},"product_brand":[],"product_cat":[829,596,599,138],"product_tag":[285,286,371],"class_list":{"0":"post-5503","1":"product","2":"type-product","3":"status-publish","4":"has-post-thumbnail","6":"product_cat-camper-fr","7":"product_cat-evalia","8":"product_cat-nv200-2","9":"product_cat-packs-camper-car","10":"product_tag-nissan-nv200-fr","11":"product_tag-nissan-nv200-evalia-fr","12":"product_tag-nissan-nv200-evalia-avec-climatisation","13":"desktop-align-center","14":"tablet-align-center","15":"mobile-align-center","16":"ast-product-gallery-layout-horizontal","17":"ast-product-tabs-layout-vertical","19":"first","20":"instock","21":"sale","22":"taxable","23":"shipping-taxable","24":"purchasable","25":"product-type-bundle"},"bundled_by":[],"bundle_stock_status":"instock","bundle_stock_quantity":"","bundle_virtual":false,"bundle_layout":"grid","bundle_add_to_cart_form_location":"default","bundle_editable_in_cart":false,"bundle_sold_individually_context":"product","bundle_item_grouping":"parent","bundle_min_size":"","bundle_max_size":"","bundle_price":{"price":{"min":{"incl_tax":"912","excl_tax":"753.719008"},"max":{"incl_tax":"912","excl_tax":"753.719008"}},"regular_price":{"min":{"incl_tax":"950","excl_tax":"785.123967"},"max":{"incl_tax":"950","excl_tax":"785.123967"}}},"bundled_items":[{"bundled_item_id":37,"product_id":5497,"menu_order":0,"quantity_min":1,"quantity_max":1,"quantity_default":1,"priced_individually":false,"shipped_individually":false,"override_title":false,"title":"Structure de lit pour Nissan NV200","override_description":true,"description":"Sommier NV200 et Evalia","optional":false,"hide_thumbnail":false,"discount":"","override_variations":false,"allowed_variations":[""],"override_default_variation_attributes":false,"default_variation_attributes":[],"single_product_visibility":"hidden","cart_visibility":"visible","order_visibility":"visible","single_product_price_visibility":"visible","cart_price_visibility":"visible","order_price_visibility":"visible","stock_status":"in_stock"},{"bundled_item_id":38,"product_id":5938,"menu_order":1,"quantity_min":1,"quantity_max":1,"quantity_default":1,"priced_individually":false,"shipped_individually":false,"override_title":false,"title":"Matelas pour fourgon Nissan NV200","override_description":true,"description":"Matelas Nissan NV200","optional":false,"hide_thumbnail":false,"discount":"","override_variations":false,"allowed_variations":[""],"override_default_variation_attributes":false,"default_variation_attributes":[],"single_product_visibility":"hidden","cart_visibility":"visible","order_visibility":"visible","single_product_price_visibility":"visible","cart_price_visibility":"visible","order_price_visibility":"visible","stock_status":"in_stock"}],"bundle_sell_ids":[],"exclude_global_add_ons":false,"addons":[{"name":"Extras pour le matelas :","type":"checkbox","position":0,"required":false,"title_format":"label","default":"","description_enable":true,"description":"Des modifications du type de mousse, de l'\u00e9paisseur ou de la couleur de la couverture sont possibles sur demande. Toutes ces options suppl\u00e9mentaires impliquent une fabrication sp\u00e9ciale sur demande, de sorte que le d\u00e9lai de livraison peut augmenter de 8 \u00e0 15 jours, et le droit de r\u00e9tractation est perdu avec le matelas, \u00e9tant donn\u00e9 qu'il s'agit d'un produit sur mesure [loi 1\/2007 art. 103 c) ES].","placeholder_enable":false,"placeholder":null,"display":"select","restrictions_type":"any_text","adjust_price":false,"price":"","price_type":"flat_fee","restrictions":false,"min":"0","max":"0","options":[{"label":"Augmentation de l'\u00e9paisseur de 2 cm","price":"35","price_type":"flat_fee","image":0,"visibility":true},{"label":"Augmentation de la densit\u00e9 \u00e0 \"dur\" (HR35)","price":"35","price_type":"flat_fee","image":0,"visibility":true},{"label":"2cm de visco\u00e9lastique, avec la m\u00eame \u00e9paisseur totale","price":"35","price_type":"flat_fee","image":0,"visibility":true},{"label":"Changement de couleur de la couverture","price":"25","price_type":"flat_fee","image":0,"visibility":true}],"id":1711224028},{"name":"D\u00e9coupe pour la structure","type":"checkbox","position":1,"required":false,"title_format":"label","default":"","description_enable":true,"description":"Ajouter l'option de d\u00e9coupe de la base du lit de la camionnette avec l'ensemble de climatisation arri\u00e8re.","placeholder_enable":false,"placeholder":null,"display":"select","restrictions_type":"any_text","adjust_price":false,"price":"","price_type":"flat_fee","restrictions":false,"min":"0","max":"0","options":[{"label":"Trim pour NV200 Evalia avec Air Conditionn\u00e9","price":"35","price_type":"flat_fee","image":0,"visibility":true}],"id":1711224029},{"name":"Suppl\u00e9ments pour le matelas :","type":"checkbox","position":0,"required":false,"title_format":"label","default":"","description_enable":true,"description":"Des modifications peuvent \u00eatre demand\u00e9es concernant le type de mousse, l'\u00e9paisseur ou la couleur de la couverture. Chacune de ces options suppl\u00e9mentaires implique une fabrication sp\u00e9ciale sur commande, de sorte que le d\u00e9lai de livraison peut augmenter entre 8 et 15 jours, et le droit de r\u00e9tractation est perdu avec le matelas, puisqu'il s'agit d'un produit sur mesure [Loi 1\/ 2007 Art 103 c )]","placeholder_enable":false,"placeholder":"","display":"select","restrictions_type":"any_text","adjust_price":false,"price":"","price_type":"flat_fee","restrictions":false,"min":"0","max":"0","options":[{"label":"Augmentation de l'\u00e9paisseur de 2 cm","price":"40","price_type":"flat_fee","image":0,"visibility":true},{"label":"Densit\u00e9 augment\u00e9e \u00e0 D30 \"dur\"","price":"35","price_type":"flat_fee","image":0,"visibility":true},{"label":"Mousse \u00e0 m\u00e9moire de 3 cm, avec la m\u00eame \u00e9paisseur totale","price":"40","price_type":"flat_fee","image":0,"visibility":true},{"label":"Changement de couleur de la couverture","price":"25","price_type":"flat_fee","image":0,"visibility":true}],"id":1686912989}],"aioseo_notices":[],"spectra_custom_meta":{"_wpml_word_count":["511"],"_backorders":["notify"],"_download_limit":["-1"],"_download_expiry":["-1"],"_downloadable":["no"],"_manage_stock":["yes"],"_sku":["4512"],"_stock_status":["instock"],"_sold_individually":["no"],"_tax_class":[""],"_tax_status":["taxable"],"_virtual":["no"],"total_sales":["95"],"_sale_price_dates_from":[""],"_sale_price_dates_to":[""],"_wpml_media_duplicate":["1"],"_wpml_media_featured":["1"],"_low_stock_amount":["0"],"_avia_hide_featured_image":["0"],"_av_alb_element_mgr_version":["1.0.1"],"sidebar":[""],"footer":[""],"header_title_bar":[""],"header_transparency":[""],"layout":[""],"_thumbnail_id":["4158"],"_alp_processed":["1775806312"],"_last_translation_edit_mode":["translation-editor"],"wcml_sync_hash":["a:1:{s:15:\"postmeta_fields\";s:32:\"a913256b9898530084906a119a750a7c\";}"],"_purchase_note":[""],"_downloadable_files":["a:0:{}"],"attr_label_translations":["a:0:{}"],"_product_attributes":["a:0:{}"],"_default_attributes":["a:0:{}"],"_children":["a:0:{}"],"_stock":["1"],"_product_image_gallery":["13277,4978,4160,4048,4162,5933,8307,11151,13272,13282,13912"],"_wcml_average_rating":["5.00"],"_wcml_review_count":["15"],"_weight":["34"],"_width":["90"],"_height":["12"],"_length":["150"],"_edit_lock":["1745995491:7"],"_edit_last":["58"],"_aioseop_custom_link":[""],"_aioseop_sitemap_exclude":[""],"_aioseop_disable":[""],"_aioseop_disable_analytics":[""],"_aioseop_noindex":[""],"_aioseop_nofollow":[""],"_aioseop_opengraph_settings":["a:0:{}"],"_related_ids":["a:3:{i:0;i:5938;i:1;i:5437;i:2;i:5497;}"],"_vtwf_enable_tab":["yes"],"_vtwf_tab_title":["Video"],"_vtwf_hide_title":["no"],"_vtwf_video_content":["<iframe width=\"560\" height=\"315\" src=\"https:\/\/www.youtube.com\/embed\/Qzto_DOi7C4\" frameborder=\"0\" allow=\"accelerometer; autoplay; encrypted-media; gyroscope; picture-in-picture\" allowfullscreen><\/iframe>"],"_wc_review_count":["15"],"_product_version":["10.6.0"],"_product_hover":[""],"_aviaLayoutBuilder_active":[""],"_avia_sc_parser_state":["check_only"],"_aviaLayoutBuilderCleanData":[""],"_avia_builder_shortcode_tree":["a:0:{}"],"_av_el_mgr_version":["1.0"],"_av_alb_posts_elements_state":["a:0:{}"],"_wp_attachment_metadata":[""],"_wp_old_slug":["pack-nv200-camper-car-somier-matelas"],"_wc_average_rating":["5.00"],"site-sidebar-layout":["default"],"site-content-layout":["default"],"theme-transparent-header-meta":["default"],"woosb_disable_auto_price":["on"],"woosb_discount":["5"],"woosb_discount_amount":[""],"woosb_shipping_fee":["whole"],"woosb_optional_products":["off"],"woosb_manage_stock":["off"],"woosb_limit_each_min":[""],"woosb_limit_each_max":[""],"woosb_limit_each_min_default":["off"],"woosb_limit_whole_min":[""],"woosb_limit_whole_max":[""],"_aioseo_og_article_section":[""],"_aioseo_og_article_tags":["a:0:{}"],"stick-header-meta":["default"],"woosb_ids":["5497\/1,5938\/1"],"_wc_rating_count":[{"5":15}],"_wcml_rating_count":["a:1:{i:5;i:15;}"],"_product_meta_id":["0"],"_wpml_media_has_media":["1"],"_wc_pb_edit_in_cart":["no"],"_product_addons_exclude_global":["0"],"_wc_pb_bundled_items_stock_sync_status":["synced"],"_wc_pb_layout_style":["grid"],"_wcpb_min_qty_limit":[""],"_wcpb_max_qty_limit":[""],"_wc_pb_virtual_bundle":["no"],"_wc_pb_group_mode":["parent"],"_wc_pb_aggregate_weight":["no"],"_wc_pb_sold_individually_context":["product"],"_wc_pb_add_to_cart_form_location":["default"],"_top_nav_excluded":[""],"_cms_nav_minihome":[""],"ast-site-content-layout":["default"],"site-content-style":["default"],"site-sidebar-style":["default"],"_video_url":["https:\/\/youtu.be\/Qzto_DOi7C4"],"_video_image_url":["4417"],"astra-migrate-meta-layouts":["set"],"_regular_price":["950"],"_sale_price":["912"],"_price":["912"],"_wc_pb_base_regular_price":["950"],"_wc_pb_base_sale_price":["912"],"_wc_pb_base_price":["912"],"_wc_sw_max_price":["912"],"_wc_sw_max_regular_price":["950"],"_crosssell_ids":["a:1:{i:0;i:8968;}"],"_upsell_ids":["a:3:{i:0;i:9040;i:1;i:5938;i:2;i:5497;}"],"_aioseop_title":["Lit de fourgon NV200 et matelas pliant"],"_aioseop_description":["Pack compos\u00e9 d'un cadre de lit et d'un matelas pliant pour Nissan NV200 et Nissan Evalia."],"_aioseop_keywords":["Nissan NV200 van bed, Evalia van camper van, nissan nv200 camper kit, nissan nv200 camper kit, nv200 camper kit, nv200 camper kit, nv200 camper kit"],"_aioseo_title":["Kit d'Am\u00e9nagement Nissan NV200 | Camporan"],"_aioseo_description":["Kit d'am\u00e9nagement Nissan NV200 : structure de lit + matelas pliable fabriqu\u00e9s sur mesure et NV200 Evalia. Montage en 2 min, sans outils. \u2b50 15 avis 5\/5.  "],"_aioseo_keywords":["nissan nv200 camper van,nissan nv200 camper kit,nissan nv200 camper kit,nv200 camper van,nv200 camper kit,nissan nv200 camper kit,nissan nv200 camper van,nissan nv200 camper kit"],"_product_addons":["a:2:{i:0;a:20:{s:4:\"name\";s:24:\"Extras pour le matelas :\";s:12:\"title_format\";s:5:\"label\";s:18:\"description_enable\";i:1;s:11:\"description\";s:405:\"Des modifications du type de mousse, de l'\u00e9paisseur ou de la couleur de la couverture sont possibles sur demande. Toutes ces options suppl\u00e9mentaires impliquent une fabrication sp\u00e9ciale sur demande, de sorte que le d\u00e9lai de livraison peut augmenter de 8 \u00e0 15 jours, et le droit de r\u00e9tractation est perdu avec le matelas, \u00e9tant donn\u00e9 qu'il s'agit d'un produit sur mesure [loi 1\/2007 art. 103 c) ES].\";s:18:\"placeholder_enable\";i:0;s:11:\"placeholder\";N;s:4:\"type\";s:8:\"checkbox\";s:7:\"display\";s:6:\"select\";s:8:\"position\";i:0;s:8:\"required\";i:0;s:12:\"restrictions\";i:0;s:17:\"restrictions_type\";s:8:\"any_text\";s:12:\"adjust_price\";i:0;s:10:\"price_type\";s:8:\"flat_fee\";s:5:\"price\";s:0:\"\";s:2:\"id\";s:10:\"1711224028\";s:3:\"min\";i:0;s:3:\"max\";i:0;s:7:\"default\";s:0:\"\";s:7:\"options\";a:4:{i:0;a:5:{s:5:\"label\";s:36:\"Augmentation de l'\u00e9paisseur de 2 cm\";s:5:\"price\";s:2:\"35\";s:5:\"image\";s:0:\"\";s:10:\"price_type\";s:8:\"flat_fee\";s:10:\"visibility\";i:1;}i:1;a:5:{s:5:\"label\";s:43:\"Augmentation de la densit\u00e9 \u00e0 \"dur\" (HR35)\";s:5:\"price\";s:2:\"35\";s:5:\"image\";s:0:\"\";s:10:\"price_type\";s:8:\"flat_fee\";s:10:\"visibility\";i:1;}i:2;a:5:{s:5:\"label\";s:55:\"2cm de visco\u00e9lastique, avec la m\u00eame \u00e9paisseur totale\";s:5:\"price\";s:2:\"35\";s:5:\"image\";s:0:\"\";s:10:\"price_type\";s:8:\"flat_fee\";s:10:\"visibility\";i:1;}i:3;a:5:{s:5:\"label\";s:38:\"Changement de couleur de la couverture\";s:5:\"price\";s:2:\"25\";s:5:\"image\";s:0:\"\";s:10:\"price_type\";s:8:\"flat_fee\";s:10:\"visibility\";i:1;}}}i:1;a:20:{s:4:\"name\";s:26:\"D\u00e9coupe pour la structure\";s:12:\"title_format\";s:5:\"label\";s:18:\"description_enable\";i:1;s:11:\"description\";s:107:\"Ajouter l'option de d\u00e9coupe de la base du lit de la camionnette avec l'ensemble de climatisation arri\u00e8re.\";s:18:\"placeholder_enable\";i:0;s:11:\"placeholder\";N;s:4:\"type\";s:8:\"checkbox\";s:7:\"display\";s:6:\"select\";s:8:\"position\";i:1;s:8:\"required\";i:0;s:12:\"restrictions\";i:0;s:17:\"restrictions_type\";s:8:\"any_text\";s:12:\"adjust_price\";i:0;s:10:\"price_type\";s:8:\"flat_fee\";s:5:\"price\";s:0:\"\";s:2:\"id\";s:10:\"1711224029\";s:3:\"min\";i:0;s:3:\"max\";i:0;s:7:\"default\";s:0:\"\";s:7:\"options\";a:1:{i:0;a:5:{s:5:\"label\";s:44:\"Trim pour NV200 Evalia avec Air Conditionn\u00e9\";s:5:\"price\";s:2:\"35\";s:5:\"image\";s:0:\"\";s:10:\"price_type\";s:8:\"flat_fee\";s:10:\"visibility\";i:1;}}}}"],"_schema_json":["a:0:{}"],"_schema_json_timestamp":["1777315810"],"_uag_page_assets":["a:9:{s:3:\"css\";s:0:\"\";s:2:\"js\";s:0:\"\";s:18:\"current_block_list\";a:2:{i:0;s:12:\"core\/heading\";i:1;s:14:\"core\/paragraph\";}s:8:\"uag_flag\";b:0;s:11:\"uag_version\";i:1777268696;s:6:\"gfonts\";a:0:{}s:10:\"gfonts_url\";s:0:\"\";s:12:\"gfonts_files\";a:0:{}s:14:\"uag_faq_layout\";b:0;}"]},"uagb_featured_image_src":{"full":["https:\/\/camporan.com\/wp-content\/uploads\/2018\/06\/Nissan.NV200-01.jpg",2560,1920,false],"thumbnail":["https:\/\/camporan.com\/wp-content\/uploads\/2018\/06\/Nissan.NV200-01-80x80.jpg",80,80,true],"medium":["https:\/\/camporan.com\/wp-content\/uploads\/2018\/06\/Nissan.NV200-01-300x225.jpg",300,225,true],"medium_large":["https:\/\/camporan.com\/wp-content\/uploads\/2018\/06\/Nissan.NV200-01-768x576.jpg",768,576,true],"large":["https:\/\/camporan.com\/wp-content\/uploads\/2018\/06\/Nissan.NV200-01-1030x773.jpg",1030,773,true],"1536x1536":["https:\/\/camporan.com\/wp-content\/uploads\/2018\/06\/Nissan.NV200-01.jpg",1536,1152,false],"2048x2048":["https:\/\/camporan.com\/wp-content\/uploads\/2018\/06\/Nissan.NV200-01.jpg",2048,1536,false],"woocommerce_thumbnail":["https:\/\/camporan.com\/wp-content\/uploads\/2018\/06\/Nissan.NV200-01-600x450.jpg",600,450,true],"woocommerce_single":["https:\/\/camporan.com\/wp-content\/uploads\/2018\/06\/Nissan.NV200-01-600x450.jpg",600,450,true],"woocommerce_gallery_thumbnail":["https:\/\/camporan.com\/wp-content\/uploads\/2018\/06\/Nissan.NV200-01-100x100.jpg",100,100,true],"wcpr-photo-reviews":["https:\/\/camporan.com\/wp-content\/uploads\/2018\/06\/Nissan.NV200-01.jpg",500,375,false]},"uagb_author_info":{"display_name":"David Lamolla","author_link":"https:\/\/camporan.com\/fr\/author\/david_lamolla\/"},"uagb_comment_info":15,"uagb_excerpt":"Gr\u00e2ce \u00e0 ce kit d'Am\u00e9nagament pour Nissan NV200, vous pouvez d\u00e9sormais le transformer en fourgon am\u00e9nag\u00e9e sans renoncer au confort. Cette structure de lit + matelas pliable est fabriqu\u00e9e sur mesure pour le NV200, le NV200 Evalia et l'Evalia avec climatisation arri\u00e8re. Construite en contreplaqu\u00e9 de bouleau marin \u00e0 9 couches : l\u00e9g\u00e8re, rigide et\u2026","_links":{"self":[{"href":"https:\/\/camporan.com\/fr\/wp-json\/wp\/v2\/product\/5503","targetHints":{"allow":["GET"]}}],"collection":[{"href":"https:\/\/camporan.com\/fr\/wp-json\/wp\/v2\/product"}],"about":[{"href":"https:\/\/camporan.com\/fr\/wp-json\/wp\/v2\/types\/product"}],"author":[{"embeddable":true,"href":"https:\/\/camporan.com\/fr\/wp-json\/wp\/v2\/users\/7"}],"replies":[{"embeddable":true,"href":"https:\/\/camporan.com\/fr\/wp-json\/wp\/v2\/comments?post=5503"}],"wp:featuredmedia":[{"embeddable":true,"href":"https:\/\/camporan.com\/fr\/wp-json\/wp\/v2\/media\/4158"}],"wp:attachment":[{"href":"https:\/\/camporan.com\/fr\/wp-json\/wp\/v2\/media?parent=5503"}],"wp:term":[{"taxonomy":"product_brand","embeddable":true,"href":"https:\/\/camporan.com\/fr\/wp-json\/wp\/v2\/product_brand?post=5503"},{"taxonomy":"product_cat","embeddable":true,"href":"https:\/\/camporan.com\/fr\/wp-json\/wp\/v2\/product_cat?post=5503"},{"taxonomy":"product_tag","embeddable":true,"href":"https:\/\/camporan.com\/fr\/wp-json\/wp\/v2\/product_tag?post=5503"}],"curies":[{"name":"wp","href":"https:\/\/api.w.org\/{rel}","templated":true}]}}