{"id":5499,"date":"2018-06-17T12:12:59","date_gmt":"2018-06-17T10:12:59","guid":{"rendered":"http:\/\/www.camporan.com\/producto\/sommier-camper-car-van\/"},"modified":"2026-04-08T09:56:14","modified_gmt":"2026-04-08T07:56:14","slug":"banquette-convertible-van","status":"publish","type":"product","link":"https:\/\/camporan.com\/fr\/boutique\/banquette-convertible-van\/","title":{"rendered":"Structure de lit pour fourgon CamperVan"},"content":{"rendered":"<h2>\u00bfPARA QU\u00c9 FURGONETAS ES COMPATIBLE ESTA ESTRUCTURA DE CAMA?<\/h2>\n<p>Renault Trafic II et III Combi \/ Opel Vivaro Combi \/ Nissan Primastar + NV300 Combi \/ JumpyIII \/ Expert III \/ ProAce \/ Fiat Talento II \/ VW T5 (Caravelle, Transporter) \/ Mercedes Vito \/ Mercedes Viano \/ Ford Tourneo Custom II (2023+)<\/p>\n<h2>CARACT\u00c9RISTIQUES PRINCIPALES:<\/h2>\n<p>Structure de lit polyvalente pour fourgon, qui transforme votre fourgon de taille moyenne en fourgon am\u00e9nag\u00e9.<\/p>\n<p>L\u00e9ger et facile \u00e0 transporter, \u00e0 stocker et \u00e0 monter ou d\u00e9monter par une seule personne. Vous pouvez profiter de l&rsquo;ensemble du coffre, car le lit est renforc\u00e9 pour laisser de l&rsquo;espace libre dans tout le coffre.<\/p>\n<h2>CARACT\u00c9RISTIQUES TECHNIQUES:<\/h2>\n<h3>Mat\u00e9riaux:<\/h3>\n<ul>\n<li>Le mat\u00e9riau de base est un panneau de bois de bouleau de 12 mm (panneau marin), enduit de r\u00e9sine brune, lisse d&rsquo;un c\u00f4t\u00e9 et antid\u00e9rapant de l&rsquo;autre.<\/li>\n<li>Bords arrondis et scell\u00e9s dans la zone du compartiment \u00e0 bagages, et avec des extensions r\u00e9glables pour toucher les c\u00f4t\u00e9s de la carrosserie.<\/li>\n<\/ul>\n<h3>Pr\u00e9paration:<\/h3>\n<p>A r\u00e9ception du colis, celui-ci doit \u00eatre assembl\u00e9 et adapt\u00e9 \u00e0 la taille du v\u00e9hicule auquel il est destin\u00e9, uniquement la premi\u00e8re fois.<br \/>\nDans le cas d&rsquo;un fourgon 8\/9 places, la derni\u00e8re rang\u00e9e doit \u00eatre supprim\u00e9e.<\/p>\n<h3>Montage et d\u00e9montage sans complications :<\/h3>\n<ul>\n<li>Le montage est tr\u00e8s simple et n&rsquo;affecte pas le ch\u00e2ssis du v\u00e9hicule.<\/li>\n<li>Poids : 26 kg.<\/li>\n<li>Dimensions : 195 x 147 x 56 cm.<\/li>\n<\/ul>\n","protected":false},"excerpt":{"rendered":"<p>La structure de lit pour fourgon la plus polyvalente du catalogue Camporan. Con\u00e7ue sans pieds int\u00e9gr\u00e9s pour exploiter au maximum l&rsquo;espace de rangement sous le lit, elle comprend des sangles de stabilisation pour plus de s\u00e9curit\u00e9. Compatible avec les fourgons de taille moyenne les plus vendus en Europe : Renault Trafic II\/III, Opel Vivaro, Nissan Primastar\/NV300, Citro\u00ebn Jumpy III, Peugeot Expert III, Toyota ProAce, Fiat Talento II et VW T5 Caravelle\/Transporter. Matelas non inclus \u2014 \u00e0 associer avec le matelas Camporan pour fourgon ou avec le v\u00f4tre.   <\/p>\n","protected":false},"author":7,"featured_media":4146,"comment_status":"open","ping_status":"closed","template":"","meta":{"om_disable_all_campaigns":false,"_uag_custom_page_level_css":"","site-sidebar-layout":"default","site-content-layout":"default","ast-site-content-layout":"default","site-content-style":"default","site-sidebar-style":"default","ast-global-header-display":"","ast-banner-title-visibility":"","ast-main-header-display":"","ast-hfb-above-header-display":"","ast-hfb-below-header-display":"","ast-hfb-mobile-header-display":"","site-post-title":"","ast-breadcrumbs-content":"","ast-featured-img":"","footer-sml-layout":"","ast-disable-related-posts":"","theme-transparent-header-meta":"default","adv-header-id-meta":"","stick-header-meta":"default","header-above-stick-meta":"","header-main-stick-meta":"","header-below-stick-meta":"","astra-migrate-meta-layouts":"set","ast-page-background-enabled":"default","ast-page-background-meta":{"desktop":{"background-color":"","background-image":"","background-repeat":"repeat","background-position":"center center","background-size":"auto","background-attachment":"scroll","background-type":"","background-media":"","overlay-type":"","overlay-color":"","overlay-opacity":"","overlay-gradient":""},"tablet":{"background-color":"","background-image":"","background-repeat":"repeat","background-position":"center center","background-size":"auto","background-attachment":"scroll","background-type":"","background-media":"","overlay-type":"","overlay-color":"","overlay-opacity":"","overlay-gradient":""},"mobile":{"background-color":"","background-image":"","background-repeat":"repeat","background-position":"center center","background-size":"auto","background-attachment":"scroll","background-type":"","background-media":"","overlay-type":"","overlay-color":"","overlay-opacity":"","overlay-gradient":""}},"ast-content-background-meta":{"desktop":{"background-color":"var(--ast-global-color-5)","background-image":"","background-repeat":"repeat","background-position":"center center","background-size":"auto","background-attachment":"scroll","background-type":"","background-media":"","overlay-type":"","overlay-color":"","overlay-opacity":"","overlay-gradient":""},"tablet":{"background-color":"var(--ast-global-color-5)","background-image":"","background-repeat":"repeat","background-position":"center center","background-size":"auto","background-attachment":"scroll","background-type":"","background-media":"","overlay-type":"","overlay-color":"","overlay-opacity":"","overlay-gradient":""},"mobile":{"background-color":"var(--ast-global-color-5)","background-image":"","background-repeat":"repeat","background-position":"center center","background-size":"auto","background-attachment":"scroll","background-type":"","background-media":"","overlay-type":"","overlay-color":"","overlay-opacity":"","overlay-gradient":""}}},"product_brand":[],"product_cat":[668,671,623,542,602,605,653,224,560,572,647,674,677,590,614],"product_tag":[188,304,306,303,301,302,300,305,298,299,308,307],"class_list":{"0":"post-5499","1":"product","2":"type-product","3":"status-publish","4":"has-post-thumbnail","6":"product_cat-caravelle-t5","7":"product_cat-caravelle-t6","8":"product_cat-expert","9":"product_cat-jumpy","10":"product_cat-nv300","11":"product_cat-primastar","12":"product_cat-proace","13":"product_cat-sommiers","14":"product_cat-talento-ii","15":"product_cat-tourneo-custom","16":"product_cat-trafic","17":"product_cat-transporter-t5","18":"product_cat-transporter-t6","19":"product_cat-viano","20":"product_cat-vivaro","21":"product_tag-caravelle-fr","22":"product_tag-expert-iii-fr","23":"product_tag-fiat-talento-ii-fr","24":"product_tag-jumpyiii-fr","25":"product_tag-nissan-primastar-fr","26":"product_tag-nv300-combi-fr","27":"product_tag-opel-vivaro-combi-fr","28":"product_tag-proace-fr","29":"product_tag-renault-trafic-ii-fr","30":"product_tag-renault-trafic-iii-combi-fr","31":"product_tag-transporter-fr","32":"product_tag-vw-t5-fr","33":"desktop-align-center","34":"tablet-align-center","35":"mobile-align-center","36":"ast-product-gallery-layout-horizontal","37":"ast-product-tabs-layout-vertical","39":"first","40":"instock","41":"taxable","42":"shipping-taxable","43":"purchasable","44":"product-type-simple"},"bundled_by":["8031"],"bundle_stock_status":"instock","bundle_stock_quantity":12,"bundle_virtual":false,"bundle_layout":"","bundle_add_to_cart_form_location":"","bundle_editable_in_cart":false,"bundle_sold_individually_context":"","bundle_item_grouping":"","bundle_min_size":"","bundle_max_size":"","bundle_price":[],"bundled_items":[],"bundle_sell_ids":[],"exclude_global_add_ons":[],"addons":[],"aioseo_notices":[],"spectra_custom_meta":{"_wpml_word_count":["331"],"_backorders":["notify"],"_download_limit":["-1"],"_download_expiry":["-1"],"_downloadable":["no"],"_manage_stock":["yes"],"_sku":["4002"],"_stock_status":["instock"],"_sold_individually":["no"],"_tax_class":[""],"_tax_status":["taxable"],"_virtual":["no"],"_weight":["23"],"_width":["75"],"_height":["30"],"_length":["155"],"total_sales":["86"],"_sale_price":[""],"_sale_price_dates_from":[""],"_sale_price_dates_to":[""],"_wpml_media_duplicate":["1"],"_wpml_media_featured":["0"],"_aviaLayoutBuilder_active":[""],"_low_stock_amount":["0"],"_avia_hide_featured_image":["0"],"_av_el_mgr_version":["1.0"],"_avia_sc_parser_state":["check_only"],"_av_alb_posts_elements_state":["a:0:{}"],"_avia_builder_shortcode_tree":["a:0:{}"],"sidebar":[""],"footer":[""],"header_title_bar":[""],"header_transparency":[""],"layout":[""],"_alp_processed":["1775634975"],"_last_translation_edit_mode":["translation-editor"],"wcml_sync_hash":["a:1:{s:15:\"postmeta_fields\";s:32:\"372888952a595e13a3917ad1de75745f\";}"],"_purchase_note":[""],"_downloadable_files":["a:0:{}"],"attr_label_translations":["a:0:{}"],"_product_attributes":["a:0:{}"],"_default_attributes":["a:0:{}"],"_stock":["12"],"_product_image_gallery":["4146,6111,6115,11456,13372,11151,10696"],"_wcml_average_rating":["4.75"],"_wcml_review_count":["8"],"_edit_lock":["1719915697:7"],"_edit_last":["7"],"_thumbnail_id":["4146"],"_aioseop_custom_link":[""],"_aioseop_sitemap_exclude":[""],"_aioseop_disable":[""],"_aioseop_disable_analytics":[""],"_aioseop_noindex":[""],"_aioseop_nofollow":[""],"_aioseop_opengraph_settings":["a:0:{}"],"_vtwf_enable_tab":["no"],"_vtwf_tab_title":[""],"_vtwf_hide_title":["no"],"_vtwf_video_content":[""],"_wc_review_count":["8"],"_product_version":["10.0.4"],"_aviaLayoutBuilderCleanData":[""],"_product_hover":[""],"site-sidebar-layout":["default"],"site-content-layout":["default"],"theme-transparent-header-meta":["default"],"_aioseo_og_article_section":[""],"_aioseo_og_article_tags":[""],"stick-header-meta":["default"],"_wc_average_rating":["4.75"],"_wc_rating_count":[{"5":6,"4":2}],"_wcml_rating_count":["a:2:{i:5;i:6;i:4;i:2;}"],"_top_nav_excluded":[""],"_cms_nav_minihome":[""],"_product_addons":["a:0:{}"],"_product_addons_exclude_global":["0"],"_related_ids":["a:2:{i:0;i:5903;i:1;i:8031;}"],"ast-site-content-layout":["default"],"site-content-style":["default"],"site-sidebar-style":["default"],"astra-migrate-meta-layouts":["set"],"_crosssell_ids":["a:1:{i:0;i:9046;}"],"_regular_price":["770"],"_price":["770"],"_upsell_ids":["a:3:{i:0;i:5903;i:1;i:5481;i:2;i:8031;}"],"_aioseop_title":["Sommier pour fourgon VAN"],"_aioseop_description":["Matelas de jambe de camping pliant pour fourgon moyen : Renault Trafic II y III Combi \/ Opel Vivaro Combi \/Nissan Primastar + NV300 Combi \/ JumpyIII \/ Peugeot Expert III \/ Mercedes Viano "],"_aioseop_keywords":["lit pliant renault trafic, am\u00e9nager opel vivaro, am\u00e9nager opel vivaro, am\u00e9nager fourgon opel vivaro, am\u00e9nager primastar, am\u00e9nager nissan primastar, am\u00e9nager fourgon expert 3, proace am\u00e9nag\u00e9."],"_aioseo_title":["Structure de lit pour fourgon CamperVan | Camporan"],"_aioseo_description":["Estructura de cama para furgoneta: Renault Trafic, Opel Vivaro, VW T5, Jumpy, Talento y m\u00e1s. M\u00e1s espacio bajo la cama. Sin colch\u00f3n. \u2b50 8 valoraciones.Desde 770\u20ac.   "],"_aioseo_keywords":["lit am\u00e9nag\u00e9 renault trafic,lit am\u00e9nag\u00e9 opel vivaro, lit am\u00e9nag\u00e9 opel vivaro,lit am\u00e9nag\u00e9 furgoneta opel vivaro,lit am\u00e9nag\u00e9 primastar,lit am\u00e9nag\u00e9 nissan primastar,lit am\u00e9nag\u00e9 expert"],"_schema_json":["a:0:{}"],"_schema_json_timestamp":["1777315096"],"_uag_page_assets":["a:9:{s:3:\"css\";s:0:\"\";s:2:\"js\";s:0:\"\";s:18:\"current_block_list\";a:2:{i:0;s:12:\"core\/heading\";i:1;s:14:\"core\/paragraph\";}s:8:\"uag_flag\";b:0;s:11:\"uag_version\";i:1777268696;s:6:\"gfonts\";a:0:{}s:10:\"gfonts_url\";s:0:\"\";s:12:\"gfonts_files\";a:0:{}s:14:\"uag_faq_layout\";b:0;}"]},"uagb_featured_image_src":{"full":["https:\/\/camporan.com\/wp-content\/uploads\/2018\/06\/VAN-01.jpeg",1000,1333,false],"thumbnail":["https:\/\/camporan.com\/wp-content\/uploads\/2018\/06\/VAN-01-80x80.jpeg",80,80,true],"medium":["https:\/\/camporan.com\/wp-content\/uploads\/2018\/06\/VAN-01-225x300.jpeg",225,300,true],"medium_large":["https:\/\/camporan.com\/wp-content\/uploads\/2018\/06\/VAN-01-768x1024.jpeg",768,1024,true],"large":["https:\/\/camporan.com\/wp-content\/uploads\/2018\/06\/VAN-01-773x1030.jpeg",773,1030,true],"1536x1536":["https:\/\/camporan.com\/wp-content\/uploads\/2018\/06\/VAN-01.jpeg",1000,1333,false],"2048x2048":["https:\/\/camporan.com\/wp-content\/uploads\/2018\/06\/VAN-01.jpeg",1000,1333,false],"woocommerce_thumbnail":["https:\/\/camporan.com\/wp-content\/uploads\/2018\/06\/VAN-01-600x800.jpeg",600,800,true],"woocommerce_single":["https:\/\/camporan.com\/wp-content\/uploads\/2018\/06\/VAN-01-600x800.jpeg",600,800,true],"woocommerce_gallery_thumbnail":["https:\/\/camporan.com\/wp-content\/uploads\/2018\/06\/VAN-01-100x100.jpeg",100,100,true],"wcpr-photo-reviews":["https:\/\/camporan.com\/wp-content\/uploads\/2018\/06\/VAN-01.jpeg",375,500,false]},"uagb_author_info":{"display_name":"David Lamolla","author_link":"https:\/\/camporan.com\/fr\/author\/david_lamolla\/"},"uagb_comment_info":8,"uagb_excerpt":"La structure de lit pour fourgon la plus polyvalente du catalogue Camporan. Con\u00e7ue sans pieds int\u00e9gr\u00e9s pour exploiter au maximum l'espace de rangement sous le lit, elle comprend des sangles de stabilisation pour plus de s\u00e9curit\u00e9. Compatible avec les fourgons de taille moyenne les plus vendus en Europe : Renault Trafic II\/III, Opel Vivaro, Nissan\u2026","_links":{"self":[{"href":"https:\/\/camporan.com\/fr\/wp-json\/wp\/v2\/product\/5499","targetHints":{"allow":["GET"]}}],"collection":[{"href":"https:\/\/camporan.com\/fr\/wp-json\/wp\/v2\/product"}],"about":[{"href":"https:\/\/camporan.com\/fr\/wp-json\/wp\/v2\/types\/product"}],"author":[{"embeddable":true,"href":"https:\/\/camporan.com\/fr\/wp-json\/wp\/v2\/users\/7"}],"replies":[{"embeddable":true,"href":"https:\/\/camporan.com\/fr\/wp-json\/wp\/v2\/comments?post=5499"}],"wp:featuredmedia":[{"embeddable":true,"href":"https:\/\/camporan.com\/fr\/wp-json\/wp\/v2\/media\/4146"}],"wp:attachment":[{"href":"https:\/\/camporan.com\/fr\/wp-json\/wp\/v2\/media?parent=5499"}],"wp:term":[{"taxonomy":"product_brand","embeddable":true,"href":"https:\/\/camporan.com\/fr\/wp-json\/wp\/v2\/product_brand?post=5499"},{"taxonomy":"product_cat","embeddable":true,"href":"https:\/\/camporan.com\/fr\/wp-json\/wp\/v2\/product_cat?post=5499"},{"taxonomy":"product_tag","embeddable":true,"href":"https:\/\/camporan.com\/fr\/wp-json\/wp\/v2\/product_tag?post=5499"}],"curies":[{"name":"wp","href":"https:\/\/api.w.org\/{rel}","templated":true}]}}