{"id":5498,"date":"2018-06-17T12:27:27","date_gmt":"2018-06-17T10:27:27","guid":{"rendered":"http:\/\/www.camporan.com\/producto\/sommier-ford-courier-camper-car\/"},"modified":"2026-04-08T08:10:25","modified_gmt":"2026-04-08T06:10:25","slug":"cadre-de-lit-ford-courier","status":"publish","type":"product","link":"https:\/\/camporan.com\/fr\/boutique\/cadre-de-lit-ford-courier\/","title":{"rendered":"Structure de lit pour Ford Courier"},"content":{"rendered":"<h2>AVEC QUELS MOD\u00c8LES DE FORD COURIER EST-ELLE COMPATIBLE ?<\/h2>\n<p>Courrier Ford Transit \/ Courrier Ford Tourneo<\/p>\n<p>Si vous avez le nouveau Tourneo <strong>Courier<\/strong> ou <strong>Transit Courier 2023+<\/strong>, le <a href=\"https:\/\/camporan.com\/estructura-de-cama-mini-van\/\" target=\"_blank\" rel=\"noopener\">sommier correspondant est le MiniVAN . <\/a><\/p>\n<h2><strong>CARACT\u00c9RISTIQUES PRINCIPALES:<\/strong><\/h2>\n<p>Conception exclusive pour le micro-fourgon Ford le plus vendu, qui vous permet d&rsquo;installer une structure et un lit dans le Ford Transit Courier et le Ford Tourneo Courier.<\/p>\n<p>L\u00e9ger et facile \u00e0 transporter, \u00e0 ranger, \u00e0 assembler ou \u00e0 d\u00e9monter. Il se monte en moins de 2 minutes et permet d&rsquo;utiliser une grande partie du coffre, m\u00eame avec les matelas.<br \/>\nIl n&rsquo;affecte pas le ch\u00e2ssis du v\u00e9hicule.<\/p>\n<h2>CARACT\u00c9RISTIQUES TECHNIQUES:<\/h2>\n<h3>Mat\u00e9riaux:<\/h3>\n<ul>\n<li>Le mat\u00e9riau de base est une planche de bois de bouleau de 12 mm (planche marine), enduite de r\u00e9sine brune, lisse sur une face inf\u00e9rieure et antid\u00e9rapante sur la face sup\u00e9rieure pour emp\u00eacher le matelas de la camionnette de glisser.<\/li>\n<li>Bords arrondis et scell\u00e9s dans la zone du coffre, et avec feutre adh\u00e9sif dans les zones en contact avec la carrosserie.<\/li>\n<\/ul>\n<h3>Pr\u00e9paration:<\/h3>\n<ul>\n<li>Les pi\u00e8ces ont d\u00e9j\u00e0 la mesure du Courrier, que ce soit Transit Courier ou Tourneo Courier.<\/li>\n<\/ul>\n<h3>Montage et d\u00e9montage faciles et rapides :<\/h3>\n<ul>\n<li>L&rsquo;assemblage du lit est tr\u00e8s simple et n&rsquo;affecte pas le ch\u00e2ssis de votre fourgon Ford.<\/li>\n<li>Poids : 26 kg.<\/li>\n<li>Dimensions: 185 x 130 cm.<\/li>\n<\/ul>\n","protected":false},"excerpt":{"rendered":"<p>La structure de lit pour Ford Courier est la plus \u00e9conomique du catalogue Camporan, con\u00e7ue sur mesure pour le Ford Transit Courier et le Ford Tourneo Courier. L\u00e9g\u00e8re, compacte et solide, elle se monte et se d\u00e9monte en quelques minutes sans aucun outil, avec un espace utilisable sous le lit. Matelas non inclus, pour que vous puissiez choisir le v\u00f4tre ou le combiner avec le matelas Camporan pour Courier. Une construction de qualit\u00e9 au prix le plus abordable de la gamme, \u00e0 partir de 620 \u20ac.   <\/p>\n","protected":false},"author":7,"featured_media":4167,"comment_status":"open","ping_status":"closed","template":"","meta":{"om_disable_all_campaigns":false,"_uag_custom_page_level_css":"","site-sidebar-layout":"default","site-content-layout":"default","ast-site-content-layout":"default","site-content-style":"default","site-sidebar-style":"default","ast-global-header-display":"","ast-banner-title-visibility":"","ast-main-header-display":"","ast-hfb-above-header-display":"","ast-hfb-below-header-display":"","ast-hfb-mobile-header-display":"","site-post-title":"","ast-breadcrumbs-content":"","ast-featured-img":"","footer-sml-layout":"","ast-disable-related-posts":"","theme-transparent-header-meta":"default","adv-header-id-meta":"","stick-header-meta":"default","header-above-stick-meta":"","header-main-stick-meta":"","header-below-stick-meta":"","astra-migrate-meta-layouts":"set","ast-page-background-enabled":"default","ast-page-background-meta":{"desktop":{"background-color":"","background-image":"","background-repeat":"repeat","background-position":"center center","background-size":"auto","background-attachment":"scroll","background-type":"","background-media":"","overlay-type":"","overlay-color":"","overlay-opacity":"","overlay-gradient":""},"tablet":{"background-color":"","background-image":"","background-repeat":"repeat","background-position":"center center","background-size":"auto","background-attachment":"scroll","background-type":"","background-media":"","overlay-type":"","overlay-color":"","overlay-opacity":"","overlay-gradient":""},"mobile":{"background-color":"","background-image":"","background-repeat":"repeat","background-position":"center center","background-size":"auto","background-attachment":"scroll","background-type":"","background-media":"","overlay-type":"","overlay-color":"","overlay-opacity":"","overlay-gradient":""}},"ast-content-background-meta":{"desktop":{"background-color":"var(--ast-global-color-5)","background-image":"","background-repeat":"repeat","background-position":"center center","background-size":"auto","background-attachment":"scroll","background-type":"","background-media":"","overlay-type":"","overlay-color":"","overlay-opacity":"","overlay-gradient":""},"tablet":{"background-color":"var(--ast-global-color-5)","background-image":"","background-repeat":"repeat","background-position":"center center","background-size":"auto","background-attachment":"scroll","background-type":"","background-media":"","overlay-type":"","overlay-color":"","overlay-opacity":"","overlay-gradient":""},"mobile":{"background-color":"var(--ast-global-color-5)","background-image":"","background-repeat":"repeat","background-position":"center center","background-size":"auto","background-attachment":"scroll","background-type":"","background-media":"","overlay-type":"","overlay-color":"","overlay-opacity":"","overlay-gradient":""}}},"product_brand":[],"product_cat":[224,569,578],"product_tag":[417,290,352,353,419,424,291],"class_list":{"0":"post-5498","1":"product","2":"type-product","3":"status-publish","4":"has-post-thumbnail","6":"product_cat-sommiers","7":"product_cat-tourneo-courier","8":"product_cat-transit-courier","9":"product_tag-courier-fr","10":"product_tag-ford-fr","11":"product_tag-ford-tourneo-courier-fr","12":"product_tag-ford-transit-courier-fr","13":"product_tag-micro-furgon","14":"product_tag-tourneo-fr","15":"product_tag-transit-fr","16":"desktop-align-center","17":"tablet-align-center","18":"mobile-align-center","19":"ast-product-gallery-layout-horizontal","20":"ast-product-tabs-layout-vertical","22":"first","23":"instock","24":"taxable","25":"shipping-taxable","26":"purchasable","27":"product-type-simple"},"bundled_by":["5502"],"bundle_stock_status":"instock","bundle_stock_quantity":4,"bundle_virtual":false,"bundle_layout":"","bundle_add_to_cart_form_location":"","bundle_editable_in_cart":false,"bundle_sold_individually_context":"","bundle_item_grouping":"","bundle_min_size":"","bundle_max_size":"","bundle_price":[],"bundled_items":[],"bundle_sell_ids":[],"exclude_global_add_ons":false,"addons":[{"name":"Extras pour la structure :","type":"checkbox","position":0,"required":false,"title_format":"label","default":"","description_enable":false,"description":"Les options suppl\u00e9mentaires impliquent une fabrication sp\u00e9ciale sur commande, le d\u00e9lai de livraison peut donc augmenter de 8 \u00e0 15 jours, et le droit de r\u00e9tractation est perdu avec le matelas, car il s'agit d'un produit sur mesure [Loi 1\/2007 Art. 103 c)]","placeholder_enable":false,"placeholder":null,"display":"select","restrictions_type":"any_text","adjust_price":false,"price":"","price_type":"flat_fee","restrictions":false,"min":"0","max":"0","options":[{"label":"3 pieds suppl\u00e9mentaires pour plus de solidit\u00e9, recommand\u00e9s pour les personnes pesant plus de 80 kg.","price":"15","price_type":"flat_fee","image":0,"visibility":true}],"id":1720440522},{"name":"Suppl\u00e9ments pour le matelas :","type":"checkbox","position":0,"required":false,"title_format":"label","default":"","description_enable":true,"description":"Des modifications peuvent \u00eatre demand\u00e9es concernant le type de mousse, l'\u00e9paisseur ou la couleur de la couverture. Chacune de ces options suppl\u00e9mentaires implique une fabrication sp\u00e9ciale sur commande, de sorte que le d\u00e9lai de livraison peut augmenter entre 8 et 15 jours, et le droit de r\u00e9tractation est perdu avec le matelas, puisqu'il s'agit d'un produit sur mesure [Loi 1\/ 2007 Art 103 c )]","placeholder_enable":false,"placeholder":"","display":"select","restrictions_type":"any_text","adjust_price":false,"price":"","price_type":"flat_fee","restrictions":false,"min":"0","max":"0","options":[{"label":"Augmentation de l'\u00e9paisseur de 2 cm","price":"40","price_type":"flat_fee","image":0,"visibility":true},{"label":"Densit\u00e9 augment\u00e9e \u00e0 D30 \"dur\"","price":"35","price_type":"flat_fee","image":0,"visibility":true},{"label":"Mousse \u00e0 m\u00e9moire de 3 cm, avec la m\u00eame \u00e9paisseur totale","price":"40","price_type":"flat_fee","image":0,"visibility":true},{"label":"Changement de couleur de la couverture","price":"25","price_type":"flat_fee","image":0,"visibility":true}],"id":1686912989}],"aioseo_notices":[],"spectra_custom_meta":{"_wpml_word_count":["307"],"_backorders":["notify"],"_download_limit":["-1"],"_download_expiry":["-1"],"_downloadable":["no"],"_manage_stock":["yes"],"_sku":["4114"],"_stock_status":["instock"],"_sold_individually":["no"],"_tax_class":[""],"_tax_status":["taxable"],"_virtual":["no"],"_width":[""],"_height":[""],"_length":[""],"_sale_price":[""],"_sale_price_dates_from":[""],"_sale_price_dates_to":[""],"_wpml_media_duplicate":["1"],"_wpml_media_featured":["0"],"_aviaLayoutBuilder_active":[""],"_low_stock_amount":["0"],"_avia_hide_featured_image":["0"],"_av_el_mgr_version":["1.0"],"_avia_sc_parser_state":["check_only"],"_av_alb_posts_elements_state":["a:0:{}"],"_avia_builder_shortcode_tree":["a:0:{}"],"sidebar":[""],"footer":[""],"header_title_bar":[""],"header_transparency":[""],"layout":[""],"_alp_processed":["1775628625"],"_last_translation_edit_mode":["translation-editor"],"wcml_sync_hash":["a:1:{s:15:\"postmeta_fields\";s:32:\"7c40a5814589470beec2b11ba3b1fa7e\";}"],"_purchase_note":[""],"_downloadable_files":["a:0:{}"],"attr_label_translations":["a:0:{}"],"_product_attributes":["a:0:{}"],"_default_attributes":["a:0:{}"],"_children":["a:0:{}"],"_stock":["4"],"_product_image_gallery":["1062,4835,5200,4839,11446,4174,5204,11151,1065"],"_wcml_average_rating":["5.00"],"_wcml_review_count":["4"],"_wp_attachment_metadata":[""],"_wc_review_count":["4"],"_product_version":["10.5.3"],"_edit_lock":["1703746269:111"],"_top_nav_excluded":[""],"_cms_nav_minihome":[""],"site-sidebar-layout":["default"],"site-content-layout":["default"],"theme-transparent-header-meta":["default"],"_edit_last":["111"],"_vtwf_enable_tab":["no"],"_vtwf_tab_title":[""],"_vtwf_hide_title":["no"],"_vtwf_video_content":[""],"_aioseo_og_article_section":[""],"_aioseo_og_article_tags":[""],"_wpml_media_has_media":["1"],"stick-header-meta":["default"],"_wc_average_rating":["5.00"],"_wcml_rating_count":["a:1:{i:5;i:4;}"],"total_sales":["117"],"_product_addons_exclude_global":["0"],"ast-site-content-layout":["default"],"site-content-style":["default"],"site-sidebar-style":["default"],"astra-migrate-meta-layouts":["set"],"_crosssell_ids":["a:1:{i:0;i:9041;}"],"_wc_rating_count":[{"5":4}],"_weight":["24"],"_regular_price":["620"],"_price":["620"],"_thumbnail_id":["4167"],"_upsell_ids":["a:3:{i:0;i:5523;i:1;i:5500;i:2;i:5502;}"],"_aioseop_title":["Lit pour Ford Courier"],"_aioseop_description":["Lit pliant pour fourgon Ford Transit Courier et Ford Torneo Courier."],"_aioseop_keywords":["Ford tourneo courier fouron am\u00e9nag\u00e9, Ford Transit Courier camper"],"_aioseo_title":["Structure de lit pour Ford Courier | Camporan"],"_aioseo_description":["Structure de lit pour Ford Transit Courier et Tourneo Courier. L\u00e9g\u00e8re, compacte et facile \u00e0 monter. Sans matelas. \u00c0 partir de 620 \u20ac, la plus abordable de la gamme.   "],"_aioseo_keywords":["Ford tourneo courier camper,Ford Transit Courier camper,Ford Transit Courier camper"],"_product_addons":["a:1:{i:0;a:20:{s:4:\"name\";s:26:\"Extras pour la structure :\";s:12:\"title_format\";s:5:\"label\";s:18:\"description_enable\";i:0;s:11:\"description\";s:259:\"Les options suppl\u00e9mentaires impliquent une fabrication sp\u00e9ciale sur commande, le d\u00e9lai de livraison peut donc augmenter de 8 \u00e0 15 jours, et le droit de r\u00e9tractation est perdu avec le matelas, car il s'agit d'un produit sur mesure [Loi 1\/2007 Art. 103 c)]\";s:18:\"placeholder_enable\";i:0;s:11:\"placeholder\";N;s:4:\"type\";s:8:\"checkbox\";s:7:\"display\";s:6:\"select\";s:8:\"position\";i:0;s:8:\"required\";i:0;s:12:\"restrictions\";i:0;s:17:\"restrictions_type\";s:8:\"any_text\";s:12:\"adjust_price\";i:0;s:10:\"price_type\";s:8:\"flat_fee\";s:5:\"price\";s:0:\"\";s:2:\"id\";s:10:\"1720440522\";s:3:\"min\";i:0;s:3:\"max\";i:0;s:7:\"default\";s:0:\"\";s:7:\"options\";a:1:{i:0;a:5:{s:5:\"label\";s:102:\"3 pieds suppl\u00e9mentaires pour plus de solidit\u00e9, recommand\u00e9s pour les personnes pesant plus de 80 kg.\";s:5:\"price\";s:2:\"15\";s:5:\"image\";s:0:\"\";s:10:\"price_type\";s:8:\"flat_fee\";s:10:\"visibility\";i:1;}}}}"],"_schema_json":["a:0:{}"],"_schema_json_timestamp":["1777546124"],"_uag_page_assets":["a:9:{s:3:\"css\";s:0:\"\";s:2:\"js\";s:0:\"\";s:18:\"current_block_list\";a:2:{i:0;s:12:\"core\/heading\";i:1;s:14:\"core\/paragraph\";}s:8:\"uag_flag\";b:0;s:11:\"uag_version\";i:1777533256;s:6:\"gfonts\";a:0:{}s:10:\"gfonts_url\";s:0:\"\";s:12:\"gfonts_files\";a:0:{}s:14:\"uag_faq_layout\";b:0;}"]},"uagb_featured_image_src":{"full":["https:\/\/camporan.com\/wp-content\/uploads\/2018\/06\/Ford-Courier-6990.jpeg",1000,1333,false],"thumbnail":["https:\/\/camporan.com\/wp-content\/uploads\/2018\/06\/Ford-Courier-6990-80x80.jpeg",80,80,true],"medium":["https:\/\/camporan.com\/wp-content\/uploads\/2018\/06\/Ford-Courier-6990-225x300.jpeg",225,300,true],"medium_large":["https:\/\/camporan.com\/wp-content\/uploads\/2018\/06\/Ford-Courier-6990-768x1024.jpeg",768,1024,true],"large":["https:\/\/camporan.com\/wp-content\/uploads\/2018\/06\/Ford-Courier-6990-773x1030.jpeg",773,1030,true],"1536x1536":["https:\/\/camporan.com\/wp-content\/uploads\/2018\/06\/Ford-Courier-6990.jpeg",1000,1333,false],"2048x2048":["https:\/\/camporan.com\/wp-content\/uploads\/2018\/06\/Ford-Courier-6990.jpeg",1000,1333,false],"woocommerce_thumbnail":["https:\/\/camporan.com\/wp-content\/uploads\/2018\/06\/Ford-Courier-6990-600x800.jpeg",600,800,true],"woocommerce_single":["https:\/\/camporan.com\/wp-content\/uploads\/2018\/06\/Ford-Courier-6990-600x800.jpeg",600,800,true],"woocommerce_gallery_thumbnail":["https:\/\/camporan.com\/wp-content\/uploads\/2018\/06\/Ford-Courier-6990-100x100.jpeg",100,100,true],"wcpr-photo-reviews":["https:\/\/camporan.com\/wp-content\/uploads\/2018\/06\/Ford-Courier-6990.jpeg",375,500,false]},"uagb_author_info":{"display_name":"David Lamolla","author_link":"https:\/\/camporan.com\/fr\/author\/david_lamolla\/"},"uagb_comment_info":4,"uagb_excerpt":"La structure de lit pour Ford Courier est la plus \u00e9conomique du catalogue Camporan, con\u00e7ue sur mesure pour le Ford Transit Courier et le Ford Tourneo Courier. L\u00e9g\u00e8re, compacte et solide, elle se monte et se d\u00e9monte en quelques minutes sans aucun outil, avec un espace utilisable sous le lit. Matelas non inclus, pour que\u2026","_links":{"self":[{"href":"https:\/\/camporan.com\/fr\/wp-json\/wp\/v2\/product\/5498","targetHints":{"allow":["GET"]}}],"collection":[{"href":"https:\/\/camporan.com\/fr\/wp-json\/wp\/v2\/product"}],"about":[{"href":"https:\/\/camporan.com\/fr\/wp-json\/wp\/v2\/types\/product"}],"author":[{"embeddable":true,"href":"https:\/\/camporan.com\/fr\/wp-json\/wp\/v2\/users\/7"}],"replies":[{"embeddable":true,"href":"https:\/\/camporan.com\/fr\/wp-json\/wp\/v2\/comments?post=5498"}],"wp:featuredmedia":[{"embeddable":true,"href":"https:\/\/camporan.com\/fr\/wp-json\/wp\/v2\/media\/4167"}],"wp:attachment":[{"href":"https:\/\/camporan.com\/fr\/wp-json\/wp\/v2\/media?parent=5498"}],"wp:term":[{"taxonomy":"product_brand","embeddable":true,"href":"https:\/\/camporan.com\/fr\/wp-json\/wp\/v2\/product_brand?post=5498"},{"taxonomy":"product_cat","embeddable":true,"href":"https:\/\/camporan.com\/fr\/wp-json\/wp\/v2\/product_cat?post=5498"},{"taxonomy":"product_tag","embeddable":true,"href":"https:\/\/camporan.com\/fr\/wp-json\/wp\/v2\/product_tag?post=5498"}],"curies":[{"name":"wp","href":"https:\/\/api.w.org\/{rel}","templated":true}]}}