{"id":5497,"date":"2018-06-17T12:39:35","date_gmt":"2018-06-17T10:39:35","guid":{"rendered":"http:\/\/www.camporan.com\/producto\/sommier-nv200-et-evalia\/"},"modified":"2026-04-08T07:33:51","modified_gmt":"2026-04-08T05:33:51","slug":"lit-structure-nv200","status":"publish","type":"product","link":"https:\/\/camporan.com\/fr\/boutique\/lit-structure-nv200\/","title":{"rendered":"Structure de lit pour Nissan NV200"},"content":{"rendered":"<h2>AVEC QUELLES VERSIONS DU NISSAN NV200 EST-ELLE COMPATIBLE ?<\/h2>\n<p>Nissan NV200 \/ Nissan NV200 Evalia \/ Nissan NV200 Evalia avec climatisation arri\u00e8re (indiquer le mod\u00e8le lors de la commande)<\/p>\n<h2>CARACT\u00c9RISTIQUES PRINCIPALES:<\/h2>\n<p>Structure de lit polyvalente pour Nissan NV200, con\u00e7ue pour transformer votre fourgon Nissan NV200 en fourgon am\u00e9nag\u00e9.<\/p>\n<p>L\u00e9ger et facile \u00e0 transporter, \u00e0 ranger, \u00e0 monter et \u00e0 d\u00e9monter.<br \/>\nTout le volume du coffre est exploitable gr\u00e2ce au renforcement du plateau qui tire pleinement parti de l&rsquo;espace entre les passages de roues, sans aucun support interm\u00e9diaire.<\/p>\n<p>Matelas non compris.<\/p>\n<h2>CARACT\u00c9RISTIQUES TECHNIQUES:<\/h2>\n<h3>Mat\u00e9riaux:<\/h3>\n<ul>\n<li>Le mat\u00e9riau de base est un panneau de bois de bouleau de 12 mm (panneau marin), enduit de r\u00e9sine brune, lisse d&rsquo;un c\u00f4t\u00e9 et antid\u00e9rapant de l&rsquo;autre.<\/li>\n<li>Bords arrondis et scell\u00e9s dans la zone du coffre, et avec filtre adh\u00e9sif dans les zones en contact avec la carrosserie.<\/li>\n<\/ul>\n<h3>Pr\u00e9paration:<\/h3>\n<ul>\n<li>Les pi\u00e8ces sont d\u00e9j\u00e0 dimensionn\u00e9es pour le NV200 ou l&rsquo;Evalia.<br \/>\nDans le cas de l&rsquo;Evalia, ou de l&rsquo;Evalia avec un syst\u00e8me de climatisation, il faut l&rsquo;indiquer dans la commande. Si vous poss\u00e9dez un mod\u00e8le \u00e0 7 places et que vous souhaitez les conserver, veuillez l&rsquo;indiquer lors de la commande.<\/li>\n<\/ul>\n<h3>Montage et d\u00e9montage en quelques secondes :<\/h3>\n<ul>\n<li>Le montage du sommier Nissan est tr\u00e8s simple et n&rsquo;affecte pas le ch\u00e2ssis du v\u00e9hicule. En moins de 2 minutes, vous aurez un camping-car Nissan NV200 pr\u00eat \u00e0 partir.<\/li>\n<li>Au retour, vous pouvez garder le kit dans le coffre, ou le d\u00e9monter et le ranger : le v\u00e9hicule est pr\u00eat \u00e0 fonctionner.<\/li>\n<li>Poids : 28 kg.<br \/>\nDimensions : 190 x 140 cm.<\/li>\n<\/ul>\n","protected":false},"excerpt":{"rendered":"<p>La structure de lit pour Nissan NV200 qui se monte et se d\u00e9monte en quelques secondes. Con\u00e7ue sur mesure pour les mod\u00e8les NV200, NV200 Evalia et Evalia avec climatisation arri\u00e8re, avec un espace de rangement exploitable sous le lit. Fabriqu\u00e9e en contreplaqu\u00e9 de bouleau marin : l\u00e9g\u00e8re, rigide et con\u00e7ue pour durer. Matelas non inclus, \u00e0 associer avec le matelas Camporan pour NV200 ou avec le v\u00f4tre. Une solution compl\u00e8te pour am\u00e9nager votre fourgon sans complications.    <\/p>\n","protected":false},"author":7,"featured_media":13262,"comment_status":"open","ping_status":"closed","template":"","meta":{"om_disable_all_campaigns":false,"_uag_custom_page_level_css":"","site-sidebar-layout":"default","site-content-layout":"default","ast-site-content-layout":"default","site-content-style":"default","site-sidebar-style":"default","ast-global-header-display":"","ast-banner-title-visibility":"","ast-main-header-display":"","ast-hfb-above-header-display":"","ast-hfb-below-header-display":"","ast-hfb-mobile-header-display":"","site-post-title":"","ast-breadcrumbs-content":"","ast-featured-img":"","footer-sml-layout":"","ast-disable-related-posts":"","theme-transparent-header-meta":"default","adv-header-id-meta":"","stick-header-meta":"default","header-above-stick-meta":"","header-main-stick-meta":"","header-below-stick-meta":"","astra-migrate-meta-layouts":"default","ast-page-background-enabled":"default","ast-page-background-meta":{"desktop":{"background-color":"","background-image":"","background-repeat":"repeat","background-position":"center center","background-size":"auto","background-attachment":"scroll","background-type":"","background-media":"","overlay-type":"","overlay-color":"","overlay-opacity":"","overlay-gradient":""},"tablet":{"background-color":"","background-image":"","background-repeat":"repeat","background-position":"center center","background-size":"auto","background-attachment":"scroll","background-type":"","background-media":"","overlay-type":"","overlay-color":"","overlay-opacity":"","overlay-gradient":""},"mobile":{"background-color":"","background-image":"","background-repeat":"repeat","background-position":"center center","background-size":"auto","background-attachment":"scroll","background-type":"","background-media":"","overlay-type":"","overlay-color":"","overlay-opacity":"","overlay-gradient":""}},"ast-content-background-meta":{"desktop":{"background-color":"var(--ast-global-color-5)","background-image":"","background-repeat":"repeat","background-position":"center center","background-size":"auto","background-attachment":"scroll","background-type":"","background-media":"","overlay-type":"","overlay-color":"","overlay-opacity":"","overlay-gradient":""},"tablet":{"background-color":"var(--ast-global-color-5)","background-image":"","background-repeat":"repeat","background-position":"center center","background-size":"auto","background-attachment":"scroll","background-type":"","background-media":"","overlay-type":"","overlay-color":"","overlay-opacity":"","overlay-gradient":""},"mobile":{"background-color":"var(--ast-global-color-5)","background-image":"","background-repeat":"repeat","background-position":"center center","background-size":"auto","background-attachment":"scroll","background-type":"","background-media":"","overlay-type":"","overlay-color":"","overlay-opacity":"","overlay-gradient":""}}},"product_brand":[],"product_cat":[596,599,224],"product_tag":[285,286,371],"class_list":{"0":"post-5497","1":"product","2":"type-product","3":"status-publish","4":"has-post-thumbnail","6":"product_cat-evalia","7":"product_cat-nv200-2","8":"product_cat-sommiers","9":"product_tag-nissan-nv200-fr","10":"product_tag-nissan-nv200-evalia-fr","11":"product_tag-nissan-nv200-evalia-avec-climatisation","12":"desktop-align-center","13":"tablet-align-center","14":"mobile-align-center","15":"ast-product-gallery-layout-horizontal","16":"ast-product-tabs-layout-vertical","18":"first","19":"instock","20":"taxable","21":"shipping-taxable","22":"purchasable","23":"product-type-simple"},"bundled_by":["5503"],"bundle_stock_status":"instock","bundle_stock_quantity":11,"bundle_virtual":false,"bundle_layout":"","bundle_add_to_cart_form_location":"","bundle_editable_in_cart":false,"bundle_sold_individually_context":"","bundle_item_grouping":"","bundle_min_size":"","bundle_max_size":"","bundle_price":[],"bundled_items":[],"bundle_sell_ids":[],"exclude_global_add_ons":false,"addons":[{"name":"Extras","type":"checkbox","position":0,"required":false,"title_format":"label","default":"","description_enable":true,"description":"Ajout d'une option de garniture pour les fourgonnettes avec un renflement de l'air conditionn\u00e9 \u00e0 l'arri\u00e8re.","placeholder_enable":false,"placeholder":null,"display":"select","restrictions_type":"any_text","adjust_price":false,"price":"","price_type":"flat_fee","restrictions":false,"min":"0","max":"0","options":[{"label":"Trim pour NV200 Evalia avec Air Conditionn\u00e9","price":"35","price_type":"flat_fee","image":0,"visibility":true}],"id":1699609883},{"name":"Suppl\u00e9ments pour le matelas :","type":"checkbox","position":0,"required":false,"title_format":"label","default":"","description_enable":true,"description":"Des modifications peuvent \u00eatre demand\u00e9es concernant le type de mousse, l'\u00e9paisseur ou la couleur de la couverture. Chacune de ces options suppl\u00e9mentaires implique une fabrication sp\u00e9ciale sur commande, de sorte que le d\u00e9lai de livraison peut augmenter entre 8 et 15 jours, et le droit de r\u00e9tractation est perdu avec le matelas, puisqu'il s'agit d'un produit sur mesure [Loi 1\/ 2007 Art 103 c )]","placeholder_enable":false,"placeholder":"","display":"select","restrictions_type":"any_text","adjust_price":false,"price":"","price_type":"flat_fee","restrictions":false,"min":"0","max":"0","options":[{"label":"Augmentation de l'\u00e9paisseur de 2 cm","price":"40","price_type":"flat_fee","image":0,"visibility":true},{"label":"Densit\u00e9 augment\u00e9e \u00e0 D30 \"dur\"","price":"35","price_type":"flat_fee","image":0,"visibility":true},{"label":"Mousse \u00e0 m\u00e9moire de 3 cm, avec la m\u00eame \u00e9paisseur totale","price":"40","price_type":"flat_fee","image":0,"visibility":true},{"label":"Changement de couleur de la couverture","price":"25","price_type":"flat_fee","image":0,"visibility":true}],"id":1686912989}],"aioseo_notices":[],"spectra_custom_meta":{"_wpml_word_count":["348"],"_backorders":["notify"],"_download_limit":["-1"],"_download_expiry":["-1"],"_downloadable":["no"],"_manage_stock":["yes"],"_sku":["4105"],"_stock_status":["instock"],"_sold_individually":["no"],"_tax_class":[""],"_tax_status":["taxable"],"_virtual":["no"],"_width":["65"],"_height":["10"],"_length":["145"],"total_sales":["109"],"_sale_price":[""],"_sale_price_dates_from":[""],"_sale_price_dates_to":[""],"_wpml_media_duplicate":["1"],"_wpml_media_featured":["0"],"_aviaLayoutBuilder_active":[""],"_low_stock_amount":["0"],"_avia_hide_featured_image":["0"],"_av_el_mgr_version":["1.0"],"_avia_sc_parser_state":["check_only"],"_av_alb_posts_elements_state":["a:0:{}"],"_avia_builder_shortcode_tree":["a:0:{}"],"sidebar":[""],"footer":[""],"header_title_bar":[""],"header_transparency":[""],"layout":[""],"_alp_processed":["1775626431"],"_last_translation_edit_mode":["translation-editor"],"wcml_sync_hash":["a:1:{s:15:\"postmeta_fields\";s:32:\"5dcfbf462808d54a85c0c57809cb164d\";}"],"_purchase_note":[""],"_downloadable_files":["a:0:{}"],"attr_label_translations":["a:0:{}"],"_product_attributes":["a:0:{}"],"_default_attributes":["a:0:{}"],"_children":["a:0:{}"],"_stock":["11"],"_product_image_gallery":["13262,1050,1053,4257,11151,11440,13912"],"_edit_lock":["1712134162:7"],"_edit_last":["9"],"_aioseop_opengraph_settings":["a:0:{}"],"_vtwf_enable_tab":["no"],"_vtwf_tab_title":[""],"_vtwf_hide_title":["no"],"_vtwf_video_content":[""],"_wc_average_rating":["5.00"],"_wc_review_count":["2"],"_product_version":["10.3.5"],"_aviaLayoutBuilderCleanData":[""],"_product_hover":[""],"_aioseop_custom_link":[""],"_aioseop_sitemap_exclude":[""],"_aioseop_disable":[""],"_aioseop_disable_analytics":[""],"_aioseop_noindex":[""],"_aioseop_nofollow":[""],"_related_ids":["a:3:{i:0;i:5938;i:1;i:5437;i:2;i:5503;}"],"_wcml_average_rating":["5.00"],"_wcml_review_count":["2"],"_wp_attachment_metadata":[""],"site-sidebar-layout":["default"],"site-content-layout":["default"],"theme-transparent-header-meta":["default"],"_aioseo_og_article_section":[""],"_aioseo_og_article_tags":[""],"_wpml_media_has_media":["1"],"stick-header-meta":["default"],"_wcml_rating_count":["a:1:{i:5;i:2;}"],"_product_addons_exclude_global":["0"],"_top_nav_excluded":[""],"_cms_nav_minihome":[""],"ast-site-content-layout":["default"],"site-content-style":["default"],"site-sidebar-style":["default"],"_crosssell_ids":["a:1:{i:0;i:9044;}"],"_regular_price":["720"],"_price":["720"],"_thumbnail_id":["13262"],"_weight":["22"],"_upsell_ids":["a:3:{i:0;i:5938;i:1;i:5481;i:2;i:5503;}"],"_aioseop_title":["fourgon am\u00e9nag\u00e9 NV200"],"_aioseop_description":["Lit pour les fourgons Nissan NV200 et Nissan NV200 Evalia. Lit pliant pour fourgon, amovible et tr\u00e8s l\u00e9ger.  "],"_aioseop_keywords":["Lit pour Nissan NV200"],"_aioseo_title":["Structure de lit pour Nissan NV200 | Camporan"],"_aioseo_description":["Structure de lit pliante pour Nissan NV200 et NV200 Evalia. Se d\u00e9monte en quelques secondes, avec rangement sous le lit. Matelas non inclus. \u00c0 partir de 720 \u20ac.   "],"_aioseo_keywords":["Lit pour Nissan NV200"],"_product_addons":["a:1:{i:0;a:20:{s:4:\"name\";s:6:\"Extras\";s:12:\"title_format\";s:5:\"label\";s:18:\"description_enable\";i:1;s:11:\"description\";s:110:\"Ajout d'une option de garniture pour les fourgonnettes avec un renflement de l'air conditionn\u00e9 \u00e0 l'arri\u00e8re.\";s:18:\"placeholder_enable\";i:0;s:11:\"placeholder\";N;s:4:\"type\";s:8:\"checkbox\";s:7:\"display\";s:6:\"select\";s:8:\"position\";i:0;s:8:\"required\";i:0;s:12:\"restrictions\";i:0;s:17:\"restrictions_type\";s:8:\"any_text\";s:12:\"adjust_price\";i:0;s:10:\"price_type\";s:8:\"flat_fee\";s:5:\"price\";s:0:\"\";s:2:\"id\";s:10:\"1699609883\";s:3:\"min\";i:0;s:3:\"max\";i:0;s:7:\"default\";s:0:\"\";s:7:\"options\";a:1:{i:0;a:5:{s:5:\"label\";s:44:\"Trim pour NV200 Evalia avec Air Conditionn\u00e9\";s:5:\"price\";s:2:\"35\";s:5:\"image\";s:0:\"\";s:10:\"price_type\";s:8:\"flat_fee\";s:10:\"visibility\";i:1;}}}}"],"_schema_json":["a:0:{}"],"_schema_json_timestamp":["1777558475"],"_uag_page_assets":["a:9:{s:3:\"css\";s:0:\"\";s:2:\"js\";s:0:\"\";s:18:\"current_block_list\";a:2:{i:0;s:12:\"core\/heading\";i:1;s:14:\"core\/paragraph\";}s:8:\"uag_flag\";b:0;s:11:\"uag_version\";i:1777533256;s:6:\"gfonts\";a:0:{}s:10:\"gfonts_url\";s:0:\"\";s:12:\"gfonts_files\";a:0:{}s:14:\"uag_faq_layout\";b:0;}"],"_wc_rating_count":[{"5":2}]},"uagb_featured_image_src":{"full":["https:\/\/camporan.com\/wp-content\/uploads\/2018\/06\/NV200-EVALIA-bed-Structure-scaled.jpg",1920,1920,false],"thumbnail":["https:\/\/camporan.com\/wp-content\/uploads\/2018\/06\/NV200-EVALIA-bed-Structure-80x80.jpg",80,80,true],"medium":["https:\/\/camporan.com\/wp-content\/uploads\/2018\/06\/NV200-EVALIA-bed-Structure-300x300.jpg",300,300,true],"medium_large":["https:\/\/camporan.com\/wp-content\/uploads\/2018\/06\/NV200-EVALIA-bed-Structure-768x768.jpg",768,768,true],"large":["https:\/\/camporan.com\/wp-content\/uploads\/2018\/06\/NV200-EVALIA-bed-Structure-1030x1030.jpg",1030,1030,true],"1536x1536":["https:\/\/camporan.com\/wp-content\/uploads\/2018\/06\/NV200-EVALIA-bed-Structure-1536x1536.jpg",1536,1536,true],"2048x2048":["https:\/\/camporan.com\/wp-content\/uploads\/2018\/06\/NV200-EVALIA-bed-Structure-2048x2048.jpg",2048,2048,true],"woocommerce_thumbnail":["https:\/\/camporan.com\/wp-content\/uploads\/2018\/06\/NV200-EVALIA-bed-Structure-scaled-600x600.jpg",600,600,true],"woocommerce_single":["https:\/\/camporan.com\/wp-content\/uploads\/2018\/06\/NV200-EVALIA-bed-Structure-scaled-600x600.jpg",600,600,true],"woocommerce_gallery_thumbnail":["https:\/\/camporan.com\/wp-content\/uploads\/2018\/06\/NV200-EVALIA-bed-Structure-scaled-100x100.jpg",100,100,true],"wcpr-photo-reviews":["https:\/\/camporan.com\/wp-content\/uploads\/2018\/06\/NV200-EVALIA-bed-Structure-scaled.jpg",500,500,false]},"uagb_author_info":{"display_name":"David Lamolla","author_link":"https:\/\/camporan.com\/fr\/author\/david_lamolla\/"},"uagb_comment_info":2,"uagb_excerpt":"La structure de lit pour Nissan NV200 qui se monte et se d\u00e9monte en quelques secondes. Con\u00e7ue sur mesure pour les mod\u00e8les NV200, NV200 Evalia et Evalia avec climatisation arri\u00e8re, avec un espace de rangement exploitable sous le lit. Fabriqu\u00e9e en contreplaqu\u00e9 de bouleau marin : l\u00e9g\u00e8re, rigide et con\u00e7ue pour durer. Matelas non inclus,\u2026","_links":{"self":[{"href":"https:\/\/camporan.com\/fr\/wp-json\/wp\/v2\/product\/5497","targetHints":{"allow":["GET"]}}],"collection":[{"href":"https:\/\/camporan.com\/fr\/wp-json\/wp\/v2\/product"}],"about":[{"href":"https:\/\/camporan.com\/fr\/wp-json\/wp\/v2\/types\/product"}],"author":[{"embeddable":true,"href":"https:\/\/camporan.com\/fr\/wp-json\/wp\/v2\/users\/7"}],"replies":[{"embeddable":true,"href":"https:\/\/camporan.com\/fr\/wp-json\/wp\/v2\/comments?post=5497"}],"wp:featuredmedia":[{"embeddable":true,"href":"https:\/\/camporan.com\/fr\/wp-json\/wp\/v2\/media\/13262"}],"wp:attachment":[{"href":"https:\/\/camporan.com\/fr\/wp-json\/wp\/v2\/media?parent=5497"}],"wp:term":[{"taxonomy":"product_brand","embeddable":true,"href":"https:\/\/camporan.com\/fr\/wp-json\/wp\/v2\/product_brand?post=5497"},{"taxonomy":"product_cat","embeddable":true,"href":"https:\/\/camporan.com\/fr\/wp-json\/wp\/v2\/product_cat?post=5497"},{"taxonomy":"product_tag","embeddable":true,"href":"https:\/\/camporan.com\/fr\/wp-json\/wp\/v2\/product_tag?post=5497"}],"curies":[{"name":"wp","href":"https:\/\/api.w.org\/{rel}","templated":true}]}}