{"id":5482,"date":"2018-06-17T12:29:29","date_gmt":"2018-06-17T10:29:29","guid":{"rendered":"http:\/\/www.camporan.com\/producto\/sommier-ford-custom-camper\/"},"modified":"2026-04-08T07:47:18","modified_gmt":"2026-04-08T05:47:18","slug":"cadre-de-lit-ford-sur-mesure","status":"publish","type":"product","link":"https:\/\/camporan.com\/fr\/boutique\/cadre-de-lit-ford-sur-mesure\/","title":{"rendered":"Structure de lit pour Ford Custom"},"content":{"rendered":"<h2>AVEC QUELLES VERSIONS DU FORD CUSTOM EST-ELLE COMPATIBLE ?<\/h2>\n<p>Ford Transit Custom I et II, et Tourneo Custom I (2014-2022)<\/p>\n<p>Attention, dans le nouveau Toureno Custom 2023+, nous montons le sommier <a href=\"https:\/\/camporan.com\/estructura-de-cama-van\/\">VAN.<\/a><\/p>\n<h2>CARACT\u00c9RISTIQUES PRINCIPALES:<\/h2>\n<p>Sp\u00e9cialement con\u00e7u pour s&rsquo;adapter au Ford Transit Custom ou Tourneo Custom, il s&rsquo;adapte parfaitement au p\u00e9rim\u00e8tre du Ford Transit Custom.<\/p>\n<p>En moins de 2 minutes, vous pouvez transformer votre fourgon en un fourgon am\u00e9nag\u00e9 Ford Custom pr\u00eat \u00e0 voyager.<\/p>\n<p>L\u00e9ger et facile \u00e0 transporter, \u00e0 stocker et \u00e0 monter ou d\u00e9monter par une seule personne. L&rsquo;ensemble du compartiment \u00e0 bagages peut \u00eatre utilis\u00e9, car le lit est renforc\u00e9 pour laisser un espace libre sur toute la largeur du compartiment \u00e0 bagages.<\/p>\n<h2>CARACT\u00c9RISTIQUES TECHNIQUES:<\/h2>\n<h3>Mat\u00e9riaux:<\/h3>\n<ul>\n<li>Le mat\u00e9riau de base est un contreplaqu\u00e9 de bouleau de 12 mm\/15 mm\/18 mm (contreplaqu\u00e9 marin), recouvert de r\u00e9sine brune, lisse d&rsquo;un c\u00f4t\u00e9 et antid\u00e9rapant de l&rsquo;autre.<\/li>\n<li>Bords arrondis, et avec feutre adh\u00e9sif dans les zones de contact avec la carrosserie.<\/li>\n<\/ul>\n<h3>Pr\u00e9paration:<\/h3>\n<ul>\n<li>Il ne n\u00e9cessite aucune pr\u00e9paration. Dans le cas d&rsquo;un fourgon 8\/9 places, la derni\u00e8re rang\u00e9e doit \u00eatre supprim\u00e9e. Si vous avez le Tourneo Custom ou le pack climatis\u00e9 arri\u00e8re gauche, veuillez l&rsquo;indiquer lors de la commande.<\/li>\n<\/ul>\n<h3>Montage et d\u00e9montage sans outils :<\/h3>\n<ul>\n<li>Le montage est tr\u00e8s simple et n&rsquo;affecte pas le ch\u00e2ssis du v\u00e9hicule.<\/li>\n<li>Poids: 28kg.<\/li>\n<li>Dimensions du sommier: 164 x 146 cm. (largeur par longueur). Dimensions totales du lit : 200*146cm. Il est possible de commander une troisi\u00e8me partie du sommier, pour la version L2 ou de se passer de la deuxi\u00e8me rang\u00e9e de si\u00e8ges (moyennant un suppl\u00e9ment).<\/li>\n<\/ul>\n<h2 id=\"extracustom\" class=\"_mPS2id-t mPS2id-target mPS2id-target-first\">Planche de soutien suppl\u00e9mentaire<\/h2>\n<p>Vous pouvez \u00e9tendre votre commande en ajoutant une troisi\u00e8me planche de support pour les versions L2 :<\/p>\n<p><img loading=\"lazy\" decoding=\"async\" class=\"alignnone size-medium wp-image-9726\" src=\"https:\/\/camporan.com\/wp-content\/uploads\/2018\/06\/camporan-kit-camper-ford-custom-opcion-2-300x215.jpg\" alt=\"\" width=\"300\" height=\"215\" srcset=\"https:\/\/camporan.com\/wp-content\/uploads\/2018\/06\/camporan-kit-camper-ford-custom-opcion-2-300x215.jpg 300w, https:\/\/camporan.com\/wp-content\/uploads\/2018\/06\/camporan-kit-camper-ford-custom-opcion-2-600x431.jpg 600w, https:\/\/camporan.com\/wp-content\/uploads\/2018\/06\/camporan-kit-camper-ford-custom-opcion-2-1030x739.jpg 1030w, https:\/\/camporan.com\/wp-content\/uploads\/2018\/06\/camporan-kit-camper-ford-custom-opcion-2-768x551.jpg 768w, https:\/\/camporan.com\/wp-content\/uploads\/2018\/06\/camporan-kit-camper-ford-custom-opcion-2.jpg 1200w\" sizes=\"auto, (max-width: 300px) 100vw, 300px\" \/> <img loading=\"lazy\" decoding=\"async\" class=\"alignnone size-medium wp-image-9721\" src=\"https:\/\/camporan.com\/wp-content\/uploads\/2018\/06\/camporan-kit-camper-ford-custom-opcion-1-300x215.jpg\" alt=\"\" width=\"300\" height=\"215\" srcset=\"https:\/\/camporan.com\/wp-content\/uploads\/2018\/06\/camporan-kit-camper-ford-custom-opcion-1-300x215.jpg 300w, https:\/\/camporan.com\/wp-content\/uploads\/2018\/06\/camporan-kit-camper-ford-custom-opcion-1-600x431.jpg 600w, https:\/\/camporan.com\/wp-content\/uploads\/2018\/06\/camporan-kit-camper-ford-custom-opcion-1-1030x739.jpg 1030w, https:\/\/camporan.com\/wp-content\/uploads\/2018\/06\/camporan-kit-camper-ford-custom-opcion-1-768x551.jpg 768w, https:\/\/camporan.com\/wp-content\/uploads\/2018\/06\/camporan-kit-camper-ford-custom-opcion-1.jpg 1200w\" sizes=\"auto, (max-width: 300px) 100vw, 300px\" \/> <img loading=\"lazy\" decoding=\"async\" class=\"alignnone size-medium wp-image-9716\" src=\"https:\/\/camporan.com\/wp-content\/uploads\/2018\/06\/camporan-kit-camper-ford-custom-opcion-3-300x215.jpg\" alt=\"\" width=\"300\" height=\"215\" srcset=\"https:\/\/camporan.com\/wp-content\/uploads\/2018\/06\/camporan-kit-camper-ford-custom-opcion-3-300x215.jpg 300w, https:\/\/camporan.com\/wp-content\/uploads\/2018\/06\/camporan-kit-camper-ford-custom-opcion-3-600x431.jpg 600w, https:\/\/camporan.com\/wp-content\/uploads\/2018\/06\/camporan-kit-camper-ford-custom-opcion-3-1030x739.jpg 1030w, https:\/\/camporan.com\/wp-content\/uploads\/2018\/06\/camporan-kit-camper-ford-custom-opcion-3-768x551.jpg 768w, https:\/\/camporan.com\/wp-content\/uploads\/2018\/06\/camporan-kit-camper-ford-custom-opcion-3.jpg 1200w\" sizes=\"auto, (max-width: 300px) 100vw, 300px\" \/><\/p>\n<h2>Garniture pour le transit avec AA<\/h2>\n<p>Vous pouvez \u00e9tendre votre commande en ajoutant l&rsquo;option de garniture pour votre Ford Tourneo Custom ou Transit Custom avec le pack de climatisation arri\u00e8re :<\/p>\n<p><img loading=\"lazy\" decoding=\"async\" class=\"alignnone size-medium wp-image-9753\" src=\"https:\/\/camporan.com\/wp-content\/uploads\/2018\/06\/camporan-fod-transit-custom-aacc-1-300x300.jpg\" alt=\"\" width=\"300\" height=\"300\" srcset=\"https:\/\/camporan.com\/wp-content\/uploads\/2018\/06\/camporan-fod-transit-custom-aacc-1-300x300.jpg 300w, https:\/\/camporan.com\/wp-content\/uploads\/2018\/06\/camporan-fod-transit-custom-aacc-1-600x600.jpg 600w, https:\/\/camporan.com\/wp-content\/uploads\/2018\/06\/camporan-fod-transit-custom-aacc-1-100x100.jpg 100w, https:\/\/camporan.com\/wp-content\/uploads\/2018\/06\/camporan-fod-transit-custom-aacc-1-80x80.jpg 80w, https:\/\/camporan.com\/wp-content\/uploads\/2018\/06\/camporan-fod-transit-custom-aacc-1-768x768.jpg 768w, https:\/\/camporan.com\/wp-content\/uploads\/2018\/06\/camporan-fod-transit-custom-aacc-1.jpg 800w\" sizes=\"auto, (max-width: 300px) 100vw, 300px\" \/> <img loading=\"lazy\" decoding=\"async\" class=\"alignnone size-medium wp-image-9758\" src=\"https:\/\/camporan.com\/wp-content\/uploads\/2018\/06\/camporan-fod-transit-custom-aacc-2-300x300.jpg\" alt=\"\" width=\"300\" height=\"300\" srcset=\"https:\/\/camporan.com\/wp-content\/uploads\/2018\/06\/camporan-fod-transit-custom-aacc-2-300x300.jpg 300w, https:\/\/camporan.com\/wp-content\/uploads\/2018\/06\/camporan-fod-transit-custom-aacc-2-600x600.jpg 600w, https:\/\/camporan.com\/wp-content\/uploads\/2018\/06\/camporan-fod-transit-custom-aacc-2-100x100.jpg 100w, https:\/\/camporan.com\/wp-content\/uploads\/2018\/06\/camporan-fod-transit-custom-aacc-2-80x80.jpg 80w, https:\/\/camporan.com\/wp-content\/uploads\/2018\/06\/camporan-fod-transit-custom-aacc-2-768x768.jpg 768w, https:\/\/camporan.com\/wp-content\/uploads\/2018\/06\/camporan-fod-transit-custom-aacc-2.jpg 800w\" sizes=\"auto, (max-width: 300px) 100vw, 300px\" \/><\/p>\n","protected":false},"excerpt":{"rendered":"<p>La structure de lit pour Ford Custom Transit et Tourneo s&rsquo;installe et se d\u00e9monte en quelques minutes. Con\u00e7ue sur mesure pour le Ford Transit Custom (mod\u00e8le 2024+) et le Ford Tourneo Custom, elle offre un espace de rangement pratique sous le lit. Fabriqu\u00e9e en contreplaqu\u00e9 de bouleau marin : l\u00e9g\u00e8re, rigide et con\u00e7ue pour durer. Matelas non inclus, \u00e0 associer avec le matelas Camporan pour Custom ou avec le v\u00f4tre. Si vous recherchez le pack complet avec matelas inclus, nous le proposons \u00e9galement.    <\/p>\n<h2>Vous poss\u00e9dez le nouveau Ford Transit Custom 2024+ ?<\/h2>\n<p>Profitez de la r<strong>emise exclusive de lancement de 20 %<\/strong>!<br \/>\nUne occasion unique d&rsquo;\u00e9quiper votre Transit Custom au meilleur prix. <em>.<\/em><\/p>\n","protected":false},"author":7,"featured_media":4077,"comment_status":"open","ping_status":"closed","template":"","meta":{"om_disable_all_campaigns":false,"_uag_custom_page_level_css":"","site-sidebar-layout":"default","site-content-layout":"default","ast-site-content-layout":"default","site-content-style":"default","site-sidebar-style":"default","ast-global-header-display":"","ast-banner-title-visibility":"","ast-main-header-display":"","ast-hfb-above-header-display":"","ast-hfb-below-header-display":"","ast-hfb-mobile-header-display":"","site-post-title":"","ast-breadcrumbs-content":"","ast-featured-img":"","footer-sml-layout":"","ast-disable-related-posts":"","theme-transparent-header-meta":"default","adv-header-id-meta":"","stick-header-meta":"default","header-above-stick-meta":"","header-main-stick-meta":"","header-below-stick-meta":"","astra-migrate-meta-layouts":"default","ast-page-background-enabled":"default","ast-page-background-meta":{"desktop":{"background-color":"","background-image":"","background-repeat":"repeat","background-position":"center center","background-size":"auto","background-attachment":"scroll","background-type":"","background-media":"","overlay-type":"","overlay-color":"","overlay-opacity":"","overlay-gradient":""},"tablet":{"background-color":"","background-image":"","background-repeat":"repeat","background-position":"center center","background-size":"auto","background-attachment":"scroll","background-type":"","background-media":"","overlay-type":"","overlay-color":"","overlay-opacity":"","overlay-gradient":""},"mobile":{"background-color":"","background-image":"","background-repeat":"repeat","background-position":"center center","background-size":"auto","background-attachment":"scroll","background-type":"","background-media":"","overlay-type":"","overlay-color":"","overlay-opacity":"","overlay-gradient":""}},"ast-content-background-meta":{"desktop":{"background-color":"var(--ast-global-color-5)","background-image":"","background-repeat":"repeat","background-position":"center center","background-size":"auto","background-attachment":"scroll","background-type":"","background-media":"","overlay-type":"","overlay-color":"","overlay-opacity":"","overlay-gradient":""},"tablet":{"background-color":"var(--ast-global-color-5)","background-image":"","background-repeat":"repeat","background-position":"center center","background-size":"auto","background-attachment":"scroll","background-type":"","background-media":"","overlay-type":"","overlay-color":"","overlay-opacity":"","overlay-gradient":""},"mobile":{"background-color":"var(--ast-global-color-5)","background-image":"","background-repeat":"repeat","background-position":"center center","background-size":"auto","background-attachment":"scroll","background-type":"","background-media":"","overlay-type":"","overlay-color":"","overlay-opacity":"","overlay-gradient":""}}},"product_brand":[],"product_cat":[224,572,581],"product_tag":[195,290,283,291],"class_list":{"0":"post-5482","1":"product","2":"type-product","3":"status-publish","4":"has-post-thumbnail","6":"product_cat-sommiers","7":"product_cat-tourneo-custom","8":"product_cat-transit-custom","9":"product_tag-custom-fr","10":"product_tag-ford-fr","11":"product_tag-ford-transit-custom-fr","12":"product_tag-transit-fr","13":"desktop-align-center","14":"tablet-align-center","15":"mobile-align-center","16":"ast-product-gallery-layout-horizontal","17":"ast-product-tabs-layout-vertical","19":"first","20":"instock","21":"taxable","22":"shipping-taxable","23":"purchasable","24":"product-type-simple"},"bundled_by":["5901"],"bundle_stock_status":"instock","bundle_stock_quantity":24,"bundle_virtual":false,"bundle_layout":"","bundle_add_to_cart_form_location":"","bundle_editable_in_cart":false,"bundle_sold_individually_context":"","bundle_item_grouping":"","bundle_min_size":"","bundle_max_size":"","bundle_price":[],"bundled_items":[],"bundle_sell_ids":[],"exclude_global_add_ons":false,"addons":[{"name":"Extras","type":"checkbox","position":0,"required":false,"title_format":"label","default":"","description_enable":true,"description":"Ajoutez l'option de la troisi\u00e8me planche de support suppl\u00e9mentaire pour les versions L2 et l'option de garniture pour les versions avec climatisation <a href=\"#extracustom\"> Plus d'informations<\/a>","placeholder_enable":false,"placeholder":null,"display":"select","restrictions_type":"any_text","adjust_price":false,"price":"","price_type":"flat_fee","restrictions":false,"min":"0","max":"0","options":[{"label":"Planche suppl\u00e9mentaire","price":"90","price_type":"flat_fee","image":0,"visibility":true},{"label":"Garniture pour Toureno, ou Transit avec air conditionn\u00e9 arri\u00e8re.","price":"35","price_type":"flat_fee","image":0,"visibility":true}],"id":1713375018},{"name":"Suppl\u00e9ments pour le matelas :","type":"checkbox","position":0,"required":false,"title_format":"label","default":"","description_enable":true,"description":"Des modifications peuvent \u00eatre demand\u00e9es concernant le type de mousse, l'\u00e9paisseur ou la couleur de la couverture. Chacune de ces options suppl\u00e9mentaires implique une fabrication sp\u00e9ciale sur commande, de sorte que le d\u00e9lai de livraison peut augmenter entre 8 et 15 jours, et le droit de r\u00e9tractation est perdu avec le matelas, puisqu'il s'agit d'un produit sur mesure [Loi 1\/ 2007 Art 103 c )]","placeholder_enable":false,"placeholder":"","display":"select","restrictions_type":"any_text","adjust_price":false,"price":"","price_type":"flat_fee","restrictions":false,"min":"0","max":"0","options":[{"label":"Augmentation de l'\u00e9paisseur de 2 cm","price":"40","price_type":"flat_fee","image":0,"visibility":true},{"label":"Densit\u00e9 augment\u00e9e \u00e0 D30 \"dur\"","price":"35","price_type":"flat_fee","image":0,"visibility":true},{"label":"Mousse \u00e0 m\u00e9moire de 3 cm, avec la m\u00eame \u00e9paisseur totale","price":"40","price_type":"flat_fee","image":0,"visibility":true},{"label":"Changement de couleur de la couverture","price":"25","price_type":"flat_fee","image":0,"visibility":true}],"id":1686912989}],"aioseo_notices":[],"spectra_custom_meta":{"_wpml_word_count":["450"],"_backorders":["notify"],"_download_limit":["-1"],"_download_expiry":["-1"],"_downloadable":["no"],"_manage_stock":["yes"],"_sku":["4112"],"_stock_status":["instock"],"_sold_individually":["no"],"_tax_class":[""],"_tax_status":["taxable"],"_virtual":["no"],"total_sales":["66"],"_sale_price":[""],"_sale_price_dates_from":[""],"_sale_price_dates_to":[""],"_wpml_media_duplicate":["1"],"_wpml_media_featured":["0"],"_aviaLayoutBuilder_active":[""],"_low_stock_amount":["0"],"_avia_hide_featured_image":["0"],"_av_el_mgr_version":["1.0"],"_avia_sc_parser_state":["check_only"],"_av_alb_posts_elements_state":["a:0:{}"],"_avia_builder_shortcode_tree":["a:0:{}"],"sidebar":[""],"footer":[""],"header_title_bar":[""],"header_transparency":[""],"layout":[""],"_alp_processed":["1775627238"],"_last_translation_edit_mode":["translation-editor"],"wcml_sync_hash":["a:1:{s:15:\"postmeta_fields\";s:32:\"a8f23cea8db615930efde85c11eb2b2e\";}"],"_purchase_note":[""],"_downloadable_files":["a:0:{}"],"attr_label_translations":["a:0:{}"],"_product_attributes":["a:0:{}"],"_default_attributes":["a:0:{}"],"_children":["a:0:{}"],"_stock":["24"],"_product_image_gallery":["4077,5495,5491,11151,11451,13367"],"_width":["80"],"_height":["12"],"_length":["170"],"_edit_lock":["1678123605:58"],"_edit_last":["58"],"_aioseop_custom_link":[""],"_aioseop_sitemap_exclude":[""],"_aioseop_disable":[""],"_aioseop_disable_analytics":[""],"_aioseop_noindex":[""],"_aioseop_nofollow":[""],"_aioseop_opengraph_settings":["a:0:{}"],"_related_ids":["a:2:{i:0;i:5901;i:1;i:5524;}"],"_vtwf_enable_tab":["no"],"_vtwf_tab_title":[""],"_vtwf_hide_title":["no"],"_vtwf_video_content":[""],"_wc_average_rating":["5.00"],"_wc_review_count":["3"],"_product_version":["10.5.2"],"_aviaLayoutBuilderCleanData":[""],"_product_hover":[""],"_weight":["28"],"_wp_attachment_metadata":[""],"_top_nav_excluded":[""],"_cms_nav_minihome":[""],"site-sidebar-layout":["default"],"site-content-layout":["default"],"theme-transparent-header-meta":["default"],"_aioseo_og_article_section":[""],"_aioseo_og_article_tags":[""],"_wpml_media_has_media":["1"],"stick-header-meta":["default"],"_wcml_average_rating":["5.00"],"_wcml_review_count":["3"],"_wcml_rating_count":["a:1:{i:5;i:3;}"],"_product_meta_id":["0"],"_product_addons_exclude_global":["0"],"ast-site-content-layout":["default"],"site-content-style":["default"],"site-sidebar-style":["default"],"_crosssell_ids":["a:1:{i:0;i:9042;}"],"_wc_rating_count":[{"5":3}],"_thumbnail_id":["4077"],"_regular_price":["740"],"_price":["740"],"_upsell_ids":["a:3:{i:0;i:5524;i:1;i:5901;i:2;i:5499;}"],"_aioseop_title":["Cadre pour camping-car Ford Custom"],"_aioseop_description":["Cadre de lit pour camper le fourgon Ford Custom"],"_aioseop_keywords":["Ford Transit Custom fourgon am\u00e9nag\u00e9"],"_aioseo_title":["Structure de lit pour Ford Custom | Camporan"],"_aioseo_description":["Structure de lit pour Ford Transit Custom, Tourneo et Custom 2024+. Montage sans outils, rangement sous le lit. Matelas non inclus. \u00c0 partir de 740 \u20ac.   "],"_aioseo_keywords":["Ford Transit Custom fourgon am\u00e9nag\u00e9"],"_product_addons":["a:1:{i:0;a:20:{s:4:\"name\";s:6:\"Extras\";s:12:\"title_format\";s:5:\"label\";s:18:\"description_enable\";i:1;s:11:\"description\";s:199:\"Ajoutez l'option de la troisi\u00e8me planche de support suppl\u00e9mentaire pour les versions L2 et l'option de garniture pour les versions avec climatisation <a href=\"#extracustom\"> Plus d'informations<\/a>\";s:18:\"placeholder_enable\";i:0;s:11:\"placeholder\";N;s:4:\"type\";s:8:\"checkbox\";s:7:\"display\";s:6:\"select\";s:8:\"position\";i:0;s:8:\"required\";i:0;s:12:\"restrictions\";i:0;s:17:\"restrictions_type\";s:8:\"any_text\";s:12:\"adjust_price\";i:0;s:10:\"price_type\";s:8:\"flat_fee\";s:5:\"price\";s:0:\"\";s:2:\"id\";s:10:\"1713375018\";s:3:\"min\";i:0;s:3:\"max\";i:0;s:7:\"default\";s:0:\"\";s:7:\"options\";a:2:{i:0;a:5:{s:5:\"label\";s:23:\"Planche suppl\u00e9mentaire\";s:5:\"price\";s:2:\"90\";s:5:\"image\";s:0:\"\";s:10:\"price_type\";s:8:\"flat_fee\";s:10:\"visibility\";i:1;}i:1;a:5:{s:5:\"label\";s:66:\"Garniture pour Toureno, ou Transit avec air conditionn\u00e9 arri\u00e8re.\";s:5:\"price\";s:2:\"35\";s:5:\"image\";s:0:\"\";s:10:\"price_type\";s:8:\"flat_fee\";s:10:\"visibility\";i:1;}}}}"],"_schema_json":["a:0:{}"],"_schema_json_timestamp":["1776428733"],"_uag_page_assets":["a:9:{s:3:\"css\";s:0:\"\";s:2:\"js\";s:0:\"\";s:18:\"current_block_list\";a:2:{i:0;s:12:\"core\/heading\";i:1;s:14:\"core\/paragraph\";}s:8:\"uag_flag\";b:0;s:11:\"uag_version\";s:10:\"1776413831\";s:6:\"gfonts\";a:0:{}s:10:\"gfonts_url\";s:0:\"\";s:12:\"gfonts_files\";a:0:{}s:14:\"uag_faq_layout\";b:0;}"]},"uagb_featured_image_src":{"full":["https:\/\/camporan.com\/wp-content\/uploads\/2018\/06\/Ford-Custom_6954.jpeg",1000,750,false],"thumbnail":["https:\/\/camporan.com\/wp-content\/uploads\/2018\/06\/Ford-Custom_6954-80x80.jpeg",80,80,true],"medium":["https:\/\/camporan.com\/wp-content\/uploads\/2018\/06\/Ford-Custom_6954-300x225.jpeg",300,225,true],"medium_large":["https:\/\/camporan.com\/wp-content\/uploads\/2018\/06\/Ford-Custom_6954-768x576.jpeg",768,576,true],"large":["https:\/\/camporan.com\/wp-content\/uploads\/2018\/06\/Ford-Custom_6954.jpeg",1000,750,false],"1536x1536":["https:\/\/camporan.com\/wp-content\/uploads\/2018\/06\/Ford-Custom_6954.jpeg",1000,750,false],"2048x2048":["https:\/\/camporan.com\/wp-content\/uploads\/2018\/06\/Ford-Custom_6954.jpeg",1000,750,false],"woocommerce_thumbnail":["https:\/\/camporan.com\/wp-content\/uploads\/2018\/06\/Ford-Custom_6954-600x450.jpeg",600,450,true],"woocommerce_single":["https:\/\/camporan.com\/wp-content\/uploads\/2018\/06\/Ford-Custom_6954-600x450.jpeg",600,450,true],"woocommerce_gallery_thumbnail":["https:\/\/camporan.com\/wp-content\/uploads\/2018\/06\/Ford-Custom_6954-100x100.jpeg",100,100,true],"wcpr-photo-reviews":["https:\/\/camporan.com\/wp-content\/uploads\/2018\/06\/Ford-Custom_6954.jpeg",500,375,false]},"uagb_author_info":{"display_name":"David Lamolla","author_link":"https:\/\/camporan.com\/fr\/author\/david_lamolla\/"},"uagb_comment_info":3,"uagb_excerpt":"La structure de lit pour Ford Custom Transit et Tourneo s'installe et se d\u00e9monte en quelques minutes. Con\u00e7ue sur mesure pour le Ford Transit Custom (mod\u00e8le 2024+) et le Ford Tourneo Custom, elle offre un espace de rangement pratique sous le lit. Fabriqu\u00e9e en contreplaqu\u00e9 de bouleau marin : l\u00e9g\u00e8re, rigide et con\u00e7ue pour durer.\u2026","_links":{"self":[{"href":"https:\/\/camporan.com\/fr\/wp-json\/wp\/v2\/product\/5482","targetHints":{"allow":["GET"]}}],"collection":[{"href":"https:\/\/camporan.com\/fr\/wp-json\/wp\/v2\/product"}],"about":[{"href":"https:\/\/camporan.com\/fr\/wp-json\/wp\/v2\/types\/product"}],"author":[{"embeddable":true,"href":"https:\/\/camporan.com\/fr\/wp-json\/wp\/v2\/users\/7"}],"replies":[{"embeddable":true,"href":"https:\/\/camporan.com\/fr\/wp-json\/wp\/v2\/comments?post=5482"}],"wp:featuredmedia":[{"embeddable":true,"href":"https:\/\/camporan.com\/fr\/wp-json\/wp\/v2\/media\/4077"}],"wp:attachment":[{"href":"https:\/\/camporan.com\/fr\/wp-json\/wp\/v2\/media?parent=5482"}],"wp:term":[{"taxonomy":"product_brand","embeddable":true,"href":"https:\/\/camporan.com\/fr\/wp-json\/wp\/v2\/product_brand?post=5482"},{"taxonomy":"product_cat","embeddable":true,"href":"https:\/\/camporan.com\/fr\/wp-json\/wp\/v2\/product_cat?post=5482"},{"taxonomy":"product_tag","embeddable":true,"href":"https:\/\/camporan.com\/fr\/wp-json\/wp\/v2\/product_tag?post=5482"}],"curies":[{"name":"wp","href":"https:\/\/api.w.org\/{rel}","templated":true}]}}