{"id":14466,"date":"2025-12-17T11:54:38","date_gmt":"2025-12-17T10:54:38","guid":{"rendered":"https:\/\/camporan.com\/tapis-de-massage-professionnel-votre-table-de-massage-professionnelle-au-niveau-du-sol\/"},"modified":"2025-12-24T12:33:20","modified_gmt":"2025-12-24T11:33:20","slug":"tapis-de-massage-professionnel-votre-table-de-massage-professionnelle-au-niveau-du-sol","status":"publish","type":"product","link":"https:\/\/camporan.com\/fr\/boutique\/tapis-de-massage-professionnel-votre-table-de-massage-professionnelle-au-niveau-du-sol\/","title":{"rendered":"Matelas de massage ergonomique"},"content":{"rendered":"<h3>Pourquoi les massages dans un lit normal ne fonctionnent-ils pas ?<\/h3>\n<p>Lorsque nous essayons de donner ou de recevoir un massage sur un matelas conventionnel, nous rencontrons deux probl\u00e8mes :<\/p>\n<ol>\n<li>Si vous vous allongez sur le ventre, vous devez tourner le cou pour respirer, ce qui entra\u00eene une tension de la colonne cervicale.<\/li>\n<li>Les bras n&rsquo;ont nulle part o\u00f9 aller, ils sont \u00e0 l&rsquo;\u00e9troit sous le corps ou pendent inconfortablement du lit, ce qui sollicite les trap\u00e8zes et les \u00e9paules.<\/li>\n<\/ol>\n<h3>La solution : l&rsquo;ing\u00e9nierie du repos appliqu\u00e9e au massage<\/h3>\n<p>Il ne s&rsquo;agit pas d&rsquo;un simple topper. Il s&rsquo;agit d&rsquo;une surface technique de bien-\u00eatre d\u00e9velopp\u00e9e apr\u00e8s avoir \u00e9tudi\u00e9 la biom\u00e9canique du corps au repos. <\/p>\n<p><strong>La cl\u00e9 de 8 cm<\/strong>: ce matelas a une hauteur sp\u00e9cifique de 8 cm. Lorsque vous vous allongez sur ce matelas, votre tronc est sur\u00e9lev\u00e9. Quel est l&rsquo;effet de cette sur\u00e9l\u00e9vation ? Vos bras et votre t\u00eate sont align\u00e9s sur un plan inf\u00e9rieur, reposant de mani\u00e8re d\u00e9tendue sur la surface de base (votre lit ou un grand canap\u00e9). Cette posture \u00ab\u00a0d\u00e9sactive\u00a0\u00bb la tension musculaire dans le haut du dos et les \u00e9paules, les pr\u00e9parant \u00e0 recevoir un massage vraiment efficace.    <\/p>\n<p><strong>Trou facial ergonomique<\/strong>: permet de maintenir la colonne cervicale parfaitement droite et align\u00e9e avec le reste du dos, facilitant ainsi la respiration sans qu&rsquo;il soit n\u00e9cessaire de tordre le cou.<\/p>\n<p><strong>Design exclusif et qualit\u00e9 Camporan<\/strong> Ce produit est le r\u00e9sultat d&rsquo;une innovation en mati\u00e8re de repos.<\/p>\n<ul>\n<li><strong>Design de l&rsquo;auteur<\/strong>: D\u00e9velopp\u00e9 par David Lamolla, directeur de Camporan.<\/li>\n<li><strong>Innovation prot\u00e9g\u00e9e<\/strong>: vous acqu\u00e9rez une solution unique sur le march\u00e9.<\/li>\n<\/ul>\n<table data-path-to-node=\"35\">\n<thead>\n<tr>\n<td><strong>Sp\u00e9cification de l&rsquo;appareil<\/strong><\/td>\n<td><strong>D\u00e9tail<\/strong><\/td>\n<\/tr>\n<\/thead>\n<tbody>\n<tr>\n<td><span data-path-to-node=\"35,1,0,0\"><b data-path-to-node=\"35,1,0,0\" data-index-in-node=\"0\">Concept<\/b><\/span><\/td>\n<td><span data-path-to-node=\"35,1,1,0\">Surface de massage ergonomique pour usage domestique\/professionnel<\/span><\/td>\n<\/tr>\n<tr>\n<td><span data-path-to-node=\"35,2,0,0\"><b data-path-to-node=\"35,2,0,0\" data-index-in-node=\"0\">Principaux avantages<\/b><\/span><\/td>\n<td><span data-path-to-node=\"35,2,1,0\">8 cm d&rsquo;\u00e9l\u00e9vation pour d\u00e9tendre les \u00e9paules et les bras<\/span><\/td>\n<\/tr>\n<tr>\n<td><span data-path-to-node=\"35,3,0,0\"><b data-path-to-node=\"35,3,0,0\" data-index-in-node=\"0\">Noyau<\/b><\/span><\/td>\n<td><span data-path-to-node=\"35,3,1,0\">Mousse technique pour un soutien ferme et confortable<\/span><\/td>\n<\/tr>\n<tr>\n<td><span data-path-to-node=\"35,4,0,0\"><b data-path-to-node=\"35,4,0,0\" data-index-in-node=\"0\">Conception<\/b><\/span><\/td>\n<td><span data-path-to-node=\"35,4,1,0\">Avec trou facial pour l&rsquo;alignement cervical<\/span><\/td>\n<\/tr>\n<tr>\n<td><span data-path-to-node=\"35,5,0,0\"><b data-path-to-node=\"35,5,0,0\" data-index-in-node=\"0\">Exp\u00e9dition<\/b><\/span><\/td>\n<td><span data-path-to-node=\"35,5,1,0\">Livr\u00e9 sous vide (reprend sa forme \u00e0 l&rsquo;ouverture)<\/span><\/td>\n<\/tr>\n<tr>\n<td><span data-path-to-node=\"35,6,0,0\"><b data-path-to-node=\"35,6,0,0\" data-index-in-node=\"0\">Utilisation<\/b><\/span><\/td>\n<td><span data-path-to-node=\"35,6,1,0\">Sur le lit, le lit gigogne, le canap\u00e9 long ou le sol<\/span><\/td>\n<\/tr>\n<tr>\n<td><span data-path-to-node=\"35,7,0,0\"><b data-path-to-node=\"35,7,0,0\" data-index-in-node=\"0\">Origine\/Design<\/b><\/span><\/td>\n<td><span data-path-to-node=\"35,7,1,0\">Con\u00e7u en Espagne par David Lamolla (brevet en instance)<\/span><\/td>\n<\/tr>\n<\/tbody>\n<\/table>\n<h3>Foire aux questions (FAQ)<\/h3>\n<p>Nous corrigeons ici les id\u00e9es fausses que le client a mentionn\u00e9es.<\/p>\n<p><strong>Est-ce que cela m&rsquo;aide \u00e0 dormir toutes les nuits ?<\/strong>  Non. Il s&rsquo;agit d&rsquo;une surface technique sp\u00e9cialement con\u00e7ue pour recevoir des th\u00e9rapies et des massages dans une posture correcte. Pour le sommeil quotidien, nous vous recommandons notre ligne de matelas Camporan.  <\/p>\n<p><strong>Peut-on facilement l&rsquo;enrouler et le ranger apr\u00e8s chaque utilisation ?<\/strong>  Le produit est exp\u00e9di\u00e9 sous forme de rouleau sous vide pour faciliter le transport initial. Une fois ouvert, il reprend sa forme plate et ferme de 8 cm d&rsquo;\u00e9paisseur. Il n&rsquo;est pas con\u00e7u pour \u00eatre constamment enroul\u00e9 et d\u00e9roul\u00e9 comme un tapis de yoga. Il est recommand\u00e9 de le ranger \u00e0 plat (sous un lit, derri\u00e8re une porte, etc.).   <\/p>\n<p><strong>O\u00f9 dois-je le placer pour l&rsquo;utiliser ?<\/strong>  Pour tirer parti de sa conception biom\u00e9canique, il convient de le placer sur une surface stable plus grande que le matelas de massage lui-m\u00eame, comme un lit double, un lit gigogne, une grande chaise longue ou directement sur le sol (pour autant qu&rsquo;il soit confortable pour le masseur).<\/p>\n","protected":false},"excerpt":{"rendered":"<h2>Matelas de massage ergonomique Camporan : la posture parfaite pour le bien-\u00eatre \u00e0 domicile<\/h2>\n<p>Les massages au lit ou sur le canap\u00e9 sont-ils inconfortables ? Le probl\u00e8me est li\u00e9 \u00e0 la posture. Le matelas de massage Camporan a \u00e9t\u00e9 sp\u00e9cialement con\u00e7u pour r\u00e9soudre ce probl\u00e8me. Son noyau de 8 cm de haut sur\u00e9l\u00e8ve le tronc et la t\u00eate, ce qui permet aux bras de reposer \u00e0 plat sur les c\u00f4t\u00e9s. Les muscles des \u00e9paules et du dos sont ainsi d\u00e9tendus avant m\u00eame le d\u00e9but du massage, ce qui permet d&rsquo;obtenir une position id\u00e9ale pour le soulagement des cervicales et des lombaires.    <\/p>\n<ul>\n<li><strong>Utilisation id\u00e9ale<\/strong>: priv\u00e9e (\u00e0 la maison) ou professionnelle.<\/li>\n<li><strong>Principal avantage<\/strong>: alignement postural pour un massage efficace.<\/li>\n<li><strong>Caract\u00e9ristiques<\/strong>: Trou facial int\u00e9gr\u00e9 + noyau de soutien.<\/li>\n<\/ul>\n","protected":false},"author":58,"featured_media":14586,"comment_status":"open","ping_status":"closed","template":"","meta":{"om_disable_all_campaigns":false,"_uag_custom_page_level_css":"","site-sidebar-layout":"default","site-content-layout":"","ast-site-content-layout":"default","site-content-style":"default","site-sidebar-style":"default","ast-global-header-display":"","ast-banner-title-visibility":"","ast-main-header-display":"","ast-hfb-above-header-display":"","ast-hfb-below-header-display":"","ast-hfb-mobile-header-display":"","site-post-title":"","ast-breadcrumbs-content":"","ast-featured-img":"","footer-sml-layout":"","ast-disable-related-posts":"","theme-transparent-header-meta":"default","adv-header-id-meta":"","stick-header-meta":"default","header-above-stick-meta":"","header-main-stick-meta":"","header-below-stick-meta":"","astra-migrate-meta-layouts":"default","ast-page-background-enabled":"default","ast-page-background-meta":{"desktop":{"background-color":"","background-image":"","background-repeat":"repeat","background-position":"center center","background-size":"auto","background-attachment":"scroll","background-type":"","background-media":"","overlay-type":"","overlay-color":"","overlay-opacity":"","overlay-gradient":""},"tablet":{"background-color":"","background-image":"","background-repeat":"repeat","background-position":"center center","background-size":"auto","background-attachment":"scroll","background-type":"","background-media":"","overlay-type":"","overlay-color":"","overlay-opacity":"","overlay-gradient":""},"mobile":{"background-color":"","background-image":"","background-repeat":"repeat","background-position":"center center","background-size":"auto","background-attachment":"scroll","background-type":"","background-media":"","overlay-type":"","overlay-color":"","overlay-opacity":"","overlay-gradient":""}},"ast-content-background-meta":{"desktop":{"background-color":"var(--ast-global-color-5)","background-image":"","background-repeat":"repeat","background-position":"center center","background-size":"auto","background-attachment":"scroll","background-type":"","background-media":"","overlay-type":"","overlay-color":"","overlay-opacity":"","overlay-gradient":""},"tablet":{"background-color":"var(--ast-global-color-5)","background-image":"","background-repeat":"repeat","background-position":"center center","background-size":"auto","background-attachment":"scroll","background-type":"","background-media":"","overlay-type":"","overlay-color":"","overlay-opacity":"","overlay-gradient":""},"mobile":{"background-color":"var(--ast-global-color-5)","background-image":"","background-repeat":"repeat","background-position":"center center","background-size":"auto","background-attachment":"scroll","background-type":"","background-media":"","overlay-type":"","overlay-color":"","overlay-opacity":"","overlay-gradient":""}}},"product_brand":[],"product_cat":[909],"product_tag":[],"class_list":{"0":"post-14466","1":"product","2":"type-product","3":"status-publish","4":"has-post-thumbnail","6":"product_cat-accessoires-pour-camping-cars","7":"desktop-align-center","8":"tablet-align-center","9":"mobile-align-center","10":"ast-product-gallery-layout-horizontal","11":"ast-product-tabs-layout-vertical","13":"first","14":"instock","15":"taxable","16":"shipping-taxable","17":"purchasable","18":"product-type-simple"},"bundled_by":[],"bundle_stock_status":"instock","bundle_stock_quantity":null,"bundle_virtual":false,"bundle_layout":"","bundle_add_to_cart_form_location":"","bundle_editable_in_cart":false,"bundle_sold_individually_context":"","bundle_item_grouping":"","bundle_min_size":"","bundle_max_size":"","bundle_price":[],"bundled_items":[],"bundle_sell_ids":[],"exclude_global_add_ons":false,"addons":[{"name":"Huile de massage neutre","type":"checkbox","position":0,"required":false,"title_format":"hide","default":"","description_enable":true,"description":"<img src=\"https:\/\/camporan.com\/wp-content\/uploads\/2025\/12\/camporan-aceite-massage-100.jpg\" alt=\"Huile de massage neutre\">  Huile de massage convenant \u00e0 tous les types de peau. Format solide, sans d\u00e9bordement. Id\u00e9ale pour un usage professionnel et domestique.    \n\n","placeholder_enable":false,"placeholder":null,"display":"select","restrictions_type":"any_text","adjust_price":false,"price":"","price_type":"flat_fee","restrictions":false,"min":"0","max":"0","options":[{"label":"Ajouter l'huile de massage \u00e0 la commande","price":"10","price_type":"flat_fee","image":0,"visibility":true}],"id":1765973168},{"name":"Suppl\u00e9ments pour le matelas :","type":"checkbox","position":0,"required":false,"title_format":"label","default":"","description_enable":true,"description":"Des modifications peuvent \u00eatre demand\u00e9es concernant le type de mousse, l'\u00e9paisseur ou la couleur de la couverture. Chacune de ces options suppl\u00e9mentaires implique une fabrication sp\u00e9ciale sur commande, de sorte que le d\u00e9lai de livraison peut augmenter entre 8 et 15 jours, et le droit de r\u00e9tractation est perdu avec le matelas, puisqu'il s'agit d'un produit sur mesure [Loi 1\/ 2007 Art 103 c )]","placeholder_enable":false,"placeholder":"","display":"select","restrictions_type":"any_text","adjust_price":false,"price":"","price_type":"flat_fee","restrictions":false,"min":"0","max":"0","options":[{"label":"Augmentation de l'\u00e9paisseur de 2 cm","price":"40","price_type":"flat_fee","image":0,"visibility":true},{"label":"Densit\u00e9 augment\u00e9e \u00e0 D30 \"dur\"","price":"35","price_type":"flat_fee","image":0,"visibility":true},{"label":"Mousse \u00e0 m\u00e9moire de 3 cm, avec la m\u00eame \u00e9paisseur totale","price":"40","price_type":"flat_fee","image":0,"visibility":true},{"label":"Changement de couleur de la couverture","price":"25","price_type":"flat_fee","image":0,"visibility":true}],"id":1686912989}],"aioseo_notices":[],"spectra_custom_meta":{"_alp_processed":["1766576000"],"_wcml_average_rating":[null],"_wcml_review_count":[null],"_wcml_rating_count":[null],"_backorders":["no"],"_download_limit":["-1"],"_download_expiry":["-1"],"_downloadable":["no"],"_manage_stock":["no"],"_stock_status":["instock"],"_sold_individually":["no"],"_tax_class":[""],"_tax_status":["taxable"],"_virtual":["no"],"total_sales":["1"],"site-sidebar-layout":["default"],"theme-transparent-header-meta":["default"],"stick-header-meta":["default"],"_product_addons_exclude_global":["0"],"ast-site-content-layout":["default"],"site-content-style":["default"],"site-sidebar-style":["default"],"_top_nav_excluded":[""],"_cms_nav_minihome":[""],"_thumbnail_id":["14586"],"_last_translation_edit_mode":["translation-editor"],"_wpml_word_count":["678"],"_product_image_gallery":["14577,14578,14580,15149,15150"],"_global_unique_id":["8436577642404"],"_aioseo_description":["Transformez votre maison en centre de bien-\u00eatre. Matelas con\u00e7u pour obtenir la position id\u00e9ale pour les massages du dos et de la nuque gr\u00e2ce \u00e0 son \u00e9l\u00e9vation de 8 cm et \u00e0 son trou facial. Design exclusif.  "],"_product_addons":["a:1:{i:0;a:20:{s:4:\"name\";s:23:\"Huile de massage neutre\";s:12:\"title_format\";s:4:\"hide\";s:18:\"description_enable\";i:1;s:11:\"description\";s:267:\"<img src=\"https:\/\/camporan.com\/wp-content\/uploads\/2025\/12\/camporan-aceite-massage-100.jpg\" alt=\"Huile de massage neutre\">  Huile de massage convenant \u00e0 tous les types de peau. Format solide, sans d\u00e9bordement. Id\u00e9ale pour un usage professionnel et domestique.    \n\n\";s:18:\"placeholder_enable\";i:0;s:11:\"placeholder\";N;s:4:\"type\";s:8:\"checkbox\";s:7:\"display\";s:6:\"select\";s:8:\"position\";i:0;s:8:\"required\";i:0;s:12:\"restrictions\";i:0;s:17:\"restrictions_type\";s:8:\"any_text\";s:12:\"adjust_price\";i:0;s:10:\"price_type\";s:8:\"flat_fee\";s:5:\"price\";s:0:\"\";s:2:\"id\";s:10:\"1765973168\";s:3:\"min\";i:0;s:3:\"max\";i:0;s:7:\"default\";s:0:\"\";s:7:\"options\";a:1:{i:0;a:5:{s:5:\"label\";s:41:\"Ajouter l'huile de massage \u00e0 la commande\";s:5:\"price\";s:2:\"10\";s:5:\"image\";s:0:\"\";s:10:\"price_type\";s:8:\"flat_fee\";s:10:\"visibility\";i:1;}}}}"],"_schema_json":["a:0:{}"],"_schema_json_timestamp":["1777554778"],"_regular_price":["59"],"_price":["59"],"_uag_page_assets":["a:9:{s:3:\"css\";s:0:\"\";s:2:\"js\";s:0:\"\";s:18:\"current_block_list\";a:2:{i:0;s:12:\"core\/heading\";i:1;s:14:\"core\/paragraph\";}s:8:\"uag_flag\";b:0;s:11:\"uag_version\";i:1777533256;s:6:\"gfonts\";a:0:{}s:10:\"gfonts_url\";s:0:\"\";s:12:\"gfonts_files\";a:0:{}s:14:\"uag_faq_layout\";b:0;}"],"_wc_rating_count":[""],"_wc_review_count":[""],"_wc_average_rating":[0]},"uagb_featured_image_src":{"full":["https:\/\/camporan.com\/wp-content\/uploads\/2025\/12\/camporan-colchon-masaje-ergonomico-4.jpg",1024,1024,false],"thumbnail":["https:\/\/camporan.com\/wp-content\/uploads\/2025\/12\/camporan-colchon-masaje-ergonomico-4-300x300.jpg",300,300,true],"medium":["https:\/\/camporan.com\/wp-content\/uploads\/2025\/12\/camporan-colchon-masaje-ergonomico-4-300x300.jpg",300,300,true],"medium_large":["https:\/\/camporan.com\/wp-content\/uploads\/2025\/12\/camporan-colchon-masaje-ergonomico-4-768x768.jpg",768,768,true],"large":["https:\/\/camporan.com\/wp-content\/uploads\/2025\/12\/camporan-colchon-masaje-ergonomico-4.jpg",1024,1024,false],"1536x1536":["https:\/\/camporan.com\/wp-content\/uploads\/2025\/12\/camporan-colchon-masaje-ergonomico-4.jpg",1024,1024,false],"2048x2048":["https:\/\/camporan.com\/wp-content\/uploads\/2025\/12\/camporan-colchon-masaje-ergonomico-4.jpg",1024,1024,false],"woocommerce_thumbnail":["https:\/\/camporan.com\/wp-content\/uploads\/2025\/12\/camporan-colchon-masaje-ergonomico-4-600x600.jpg",600,600,true],"woocommerce_single":["https:\/\/camporan.com\/wp-content\/uploads\/2025\/12\/camporan-colchon-masaje-ergonomico-4-600x600.jpg",600,600,true],"woocommerce_gallery_thumbnail":["https:\/\/camporan.com\/wp-content\/uploads\/2025\/12\/camporan-colchon-masaje-ergonomico-4-100x100.jpg",100,100,true],"wcpr-photo-reviews":["https:\/\/camporan.com\/wp-content\/uploads\/2025\/12\/camporan-colchon-masaje-ergonomico-4.jpg",500,500,false]},"uagb_author_info":{"display_name":"Sergio","author_link":"https:\/\/camporan.com\/fr\/author\/empiezapori\/"},"uagb_comment_info":0,"uagb_excerpt":"Matelas de massage ergonomique Camporan : la posture parfaite pour le bien-\u00eatre \u00e0 domicile Les massages au lit ou sur le canap\u00e9 sont-ils inconfortables ? Le probl\u00e8me est li\u00e9 \u00e0 la posture. Le matelas de massage Camporan a \u00e9t\u00e9 sp\u00e9cialement con\u00e7u pour r\u00e9soudre ce probl\u00e8me. Son noyau de 8 cm de haut sur\u00e9l\u00e8ve le tronc\u2026","_links":{"self":[{"href":"https:\/\/camporan.com\/fr\/wp-json\/wp\/v2\/product\/14466","targetHints":{"allow":["GET"]}}],"collection":[{"href":"https:\/\/camporan.com\/fr\/wp-json\/wp\/v2\/product"}],"about":[{"href":"https:\/\/camporan.com\/fr\/wp-json\/wp\/v2\/types\/product"}],"author":[{"embeddable":true,"href":"https:\/\/camporan.com\/fr\/wp-json\/wp\/v2\/users\/58"}],"replies":[{"embeddable":true,"href":"https:\/\/camporan.com\/fr\/wp-json\/wp\/v2\/comments?post=14466"}],"wp:featuredmedia":[{"embeddable":true,"href":"https:\/\/camporan.com\/fr\/wp-json\/wp\/v2\/media\/14586"}],"wp:attachment":[{"href":"https:\/\/camporan.com\/fr\/wp-json\/wp\/v2\/media?parent=14466"}],"wp:term":[{"taxonomy":"product_brand","embeddable":true,"href":"https:\/\/camporan.com\/fr\/wp-json\/wp\/v2\/product_brand?post=14466"},{"taxonomy":"product_cat","embeddable":true,"href":"https:\/\/camporan.com\/fr\/wp-json\/wp\/v2\/product_cat?post=14466"},{"taxonomy":"product_tag","embeddable":true,"href":"https:\/\/camporan.com\/fr\/wp-json\/wp\/v2\/product_tag?post=14466"}],"curies":[{"name":"wp","href":"https:\/\/api.w.org\/{rel}","templated":true}]}}