{"id":10172,"date":"2022-10-17T11:14:13","date_gmt":"2023-03-17T12:51:11","guid":{"rendered":"http:\/\/www.camporan.com\/refrigerateur-portable-30l\/"},"modified":"2023-03-17T13:51:11","modified_gmt":"2023-03-17T12:51:11","slug":"refrigerateur-portable-30l","status":"publish","type":"product","link":"https:\/\/camporan.com\/fr\/boutique\/refrigerateur-portable-30l\/","title":{"rendered":"R\u00e9frig\u00e9rateur portable 30L"},"content":{"rendered":"<ul>\n<li>Contr\u00f4le : \u00e9cran LCD \/ application mobile<\/li>\n<li>Port USB pour le chargement des t\u00e9l\u00e9phones portables<\/li>\n<li>Tension : DC12V\/24V ou AC100-240V<\/li>\n<li>Puissance : 45W<\/li>\n<li>Consommation \u00e9lectrique : 0,2kw.h\/24h<\/li>\n<li>Consommation \u00e9lectrique moyenne : 45w +-5W<\/li>\n<li>Plage de temp\u00e9rature : -20\u00ba ~ 10\u00ba.<\/li>\n<\/ul>\n<h4>FONCTIONNALIT\u00c9S<\/h4>\n<ul>\n<li>Niveau sonore : 38 dB<\/li>\n<li>Capacit\u00e9 : 30L<\/li>\n<li>Poids net : 12,2 kg<\/li>\n<li>Dimensions L * P * H mm : 630 * 378 * 370<\/li>\n<li>Syst\u00e8me de refroidissement : compresseur \u00e0 inverseur LG<\/li>\n<li>Mat\u00e9riau : PP + HDPE<\/li>\n<li>Isolation : Mousse de polyur\u00e9thane<\/li>\n<li>R\u00e9frig\u00e9rant : R134a<\/li>\n<li>Caract\u00e9ristique : 100 % sans CFC\/HFC<\/li>\n<li>Certification : CE\/ROHS\/UL\/C-Tick<\/li>\n<li>Contr\u00f4le de l&rsquo;APP : IOS \/ ANDROID<\/li>\n<\/ul>\n<ul>\n<li style=\"list-style-type: none;\">\n<\/li>\n<\/ul>\n","protected":false},"excerpt":{"rendered":"<h3>R\u00e9frig\u00e9rateur portable pour camping-cars<\/h3>\n<p>R\u00e9frig\u00e9rateur portable de 30 litres avec <em>compresseur LG Inverter<\/em>, connectivit\u00e9 <em>Bluetooth<\/em> via une application pour Android et iPhone. Comprend un adaptateur pour allume-cigare et un adaptateur 220V. Sa poign\u00e9e r\u00e9tractable et ses roues int\u00e9gr\u00e9es facilitent son transport. Faible consommation \u00e9lectrique de 45 watts et poids l\u00e9ger de 12,2 kg.<\/p>\n","protected":false},"author":58,"featured_media":9669,"comment_status":"open","ping_status":"closed","template":"","meta":{"om_disable_all_campaigns":false,"_uag_custom_page_level_css":"","site-sidebar-layout":"default","site-content-layout":"default","ast-site-content-layout":"default","site-content-style":"default","site-sidebar-style":"default","ast-global-header-display":"","ast-banner-title-visibility":"","ast-main-header-display":"","ast-hfb-above-header-display":"","ast-hfb-below-header-display":"","ast-hfb-mobile-header-display":"","site-post-title":"","ast-breadcrumbs-content":"","ast-featured-img":"","footer-sml-layout":"","ast-disable-related-posts":"","theme-transparent-header-meta":"default","adv-header-id-meta":"","stick-header-meta":"default","header-above-stick-meta":"","header-main-stick-meta":"","header-below-stick-meta":"","astra-migrate-meta-layouts":"default","ast-page-background-enabled":"default","ast-page-background-meta":{"desktop":{"background-color":"","background-image":"","background-repeat":"repeat","background-position":"center center","background-size":"auto","background-attachment":"scroll","background-type":"","background-media":"","overlay-type":"","overlay-color":"","overlay-opacity":"","overlay-gradient":""},"tablet":{"background-color":"","background-image":"","background-repeat":"repeat","background-position":"center center","background-size":"auto","background-attachment":"scroll","background-type":"","background-media":"","overlay-type":"","overlay-color":"","overlay-opacity":"","overlay-gradient":""},"mobile":{"background-color":"","background-image":"","background-repeat":"repeat","background-position":"center center","background-size":"auto","background-attachment":"scroll","background-type":"","background-media":"","overlay-type":"","overlay-color":"","overlay-opacity":"","overlay-gradient":""}},"ast-content-background-meta":{"desktop":{"background-color":"var(--ast-global-color-5)","background-image":"","background-repeat":"repeat","background-position":"center center","background-size":"auto","background-attachment":"scroll","background-type":"","background-media":"","overlay-type":"","overlay-color":"","overlay-opacity":"","overlay-gradient":""},"tablet":{"background-color":"var(--ast-global-color-5)","background-image":"","background-repeat":"repeat","background-position":"center center","background-size":"auto","background-attachment":"scroll","background-type":"","background-media":"","overlay-type":"","overlay-color":"","overlay-opacity":"","overlay-gradient":""},"mobile":{"background-color":"var(--ast-global-color-5)","background-image":"","background-repeat":"repeat","background-position":"center center","background-size":"auto","background-attachment":"scroll","background-type":"","background-media":"","overlay-type":"","overlay-color":"","overlay-opacity":"","overlay-gradient":""}}},"product_brand":[],"product_cat":[909],"product_tag":[],"class_list":{"0":"post-10172","1":"product","2":"type-product","3":"status-publish","4":"has-post-thumbnail","6":"product_cat-accessoires-pour-camping-cars","7":"desktop-align-center","8":"tablet-align-center","9":"mobile-align-center","10":"ast-product-gallery-layout-horizontal","11":"ast-product-tabs-layout-vertical","13":"first","14":"instock","15":"taxable","16":"shipping-taxable","17":"purchasable","18":"product-type-simple"},"bundled_by":[],"bundle_stock_status":"instock","bundle_stock_quantity":null,"bundle_virtual":false,"bundle_layout":"","bundle_add_to_cart_form_location":"","bundle_editable_in_cart":false,"bundle_sold_individually_context":"","bundle_item_grouping":"","bundle_min_size":"","bundle_max_size":"","bundle_price":[],"bundled_items":[],"bundle_sell_ids":[],"exclude_global_add_ons":[],"addons":[],"aioseo_notices":[],"spectra_custom_meta":{"_alp_processed":["1679057472"],"_backorders":["no"],"_download_limit":["-1"],"_download_expiry":["-1"],"_downloadable":["no"],"_manage_stock":["no"],"_stock_status":["instock"],"_sold_individually":["no"],"_tax_class":[""],"_tax_status":["taxable"],"_virtual":["no"],"_weight":["12.2"],"total_sales":["2"],"_wpml_media_duplicate":["1"],"_wpml_media_featured":["1"],"site-sidebar-layout":["default"],"site-content-layout":["default"],"theme-transparent-header-meta":["default"],"stick-header-meta":["default"],"_top_nav_excluded":[""],"_cms_nav_minihome":[""],"wcml_sync_hash":["a:1:{s:15:\"postmeta_fields\";s:32:\"5b9dc6d7955ced7472eaca850838dfec\";}"],"_wcml_average_rating":[null],"_wcml_review_count":[null],"_wcml_rating_count":[null],"attr_label_translations":["a:0:{}"],"_product_attributes":["a:0:{}"],"_thumbnail_id":["9669"],"_default_attributes":["a:0:{}"],"_upsell_ids":["a:0:{}"],"_crosssell_ids":["a:0:{}"],"_children":["a:0:{}"],"_product_addons":["a:0:{}"],"_schema_json":["a:0:{}"],"_schema_json_timestamp":["1777537088"],"_product_image_gallery":["9674,9679,9684,9689"],"_regular_price":["295"],"_price":["295"],"_wc_rating_count":[""],"_wc_review_count":[""],"_wc_average_rating":[0]},"uagb_featured_image_src":{"full":["https:\/\/camporan.com\/wp-content\/uploads\/2022\/10\/camporan-nevera-portatil-1.jpg",551,519,false],"thumbnail":["https:\/\/camporan.com\/wp-content\/uploads\/2022\/10\/camporan-nevera-portatil-1-80x80.jpg",80,80,true],"medium":["https:\/\/camporan.com\/wp-content\/uploads\/2022\/10\/camporan-nevera-portatil-1-300x283.jpg",300,283,true],"medium_large":["https:\/\/camporan.com\/wp-content\/uploads\/2022\/10\/camporan-nevera-portatil-1.jpg",551,519,false],"large":["https:\/\/camporan.com\/wp-content\/uploads\/2022\/10\/camporan-nevera-portatil-1.jpg",551,519,false],"1536x1536":["https:\/\/camporan.com\/wp-content\/uploads\/2022\/10\/camporan-nevera-portatil-1.jpg",551,519,false],"2048x2048":["https:\/\/camporan.com\/wp-content\/uploads\/2022\/10\/camporan-nevera-portatil-1.jpg",551,519,false],"woocommerce_thumbnail":["https:\/\/camporan.com\/wp-content\/uploads\/2022\/10\/camporan-nevera-portatil-1.jpg",551,519,false],"woocommerce_single":["https:\/\/camporan.com\/wp-content\/uploads\/2022\/10\/camporan-nevera-portatil-1.jpg",551,519,false],"woocommerce_gallery_thumbnail":["https:\/\/camporan.com\/wp-content\/uploads\/2022\/10\/camporan-nevera-portatil-1-100x100.jpg",100,100,true],"wcpr-photo-reviews":["https:\/\/camporan.com\/wp-content\/uploads\/2022\/10\/camporan-nevera-portatil-1.jpg",500,471,false]},"uagb_author_info":{"display_name":"Sergio","author_link":"https:\/\/camporan.com\/fr\/author\/empiezapori\/"},"uagb_comment_info":0,"uagb_excerpt":"R\u00e9frig\u00e9rateur portable pour camping-cars R\u00e9frig\u00e9rateur portable de 30 litres avec compresseur LG Inverter, connectivit\u00e9 Bluetooth via une application pour Android et iPhone. Comprend un adaptateur pour allume-cigare et un adaptateur 220V. Sa poign\u00e9e r\u00e9tractable et ses roues int\u00e9gr\u00e9es facilitent son transport. Faible consommation \u00e9lectrique de 45 watts et poids l\u00e9ger de 12,2 kg.","_links":{"self":[{"href":"https:\/\/camporan.com\/fr\/wp-json\/wp\/v2\/product\/10172","targetHints":{"allow":["GET"]}}],"collection":[{"href":"https:\/\/camporan.com\/fr\/wp-json\/wp\/v2\/product"}],"about":[{"href":"https:\/\/camporan.com\/fr\/wp-json\/wp\/v2\/types\/product"}],"author":[{"embeddable":true,"href":"https:\/\/camporan.com\/fr\/wp-json\/wp\/v2\/users\/58"}],"replies":[{"embeddable":true,"href":"https:\/\/camporan.com\/fr\/wp-json\/wp\/v2\/comments?post=10172"}],"wp:featuredmedia":[{"embeddable":true,"href":"https:\/\/camporan.com\/fr\/wp-json\/wp\/v2\/media\/9669"}],"wp:attachment":[{"href":"https:\/\/camporan.com\/fr\/wp-json\/wp\/v2\/media?parent=10172"}],"wp:term":[{"taxonomy":"product_brand","embeddable":true,"href":"https:\/\/camporan.com\/fr\/wp-json\/wp\/v2\/product_brand?post=10172"},{"taxonomy":"product_cat","embeddable":true,"href":"https:\/\/camporan.com\/fr\/wp-json\/wp\/v2\/product_cat?post=10172"},{"taxonomy":"product_tag","embeddable":true,"href":"https:\/\/camporan.com\/fr\/wp-json\/wp\/v2\/product_tag?post=10172"}],"curies":[{"name":"wp","href":"https:\/\/api.w.org\/{rel}","templated":true}]}}