{"id":9026,"date":"2022-03-07T11:05:53","date_gmt":"2022-03-07T10:05:53","guid":{"rendered":"http:\/\/www.camporan.com\/aillant-termic-per-a-campers\/"},"modified":"2026-03-18T16:13:25","modified_gmt":"2026-03-18T15:13:25","slug":"aillant-termic-per-a-camper","status":"publish","type":"product","link":"https:\/\/camporan.com\/ca\/botiga\/aillant-termic-per-a-camper\/","title":{"rendered":"A\u00efllant t\u00e8rmic per a campers"},"content":{"rendered":"<p>Tenim l&#8217;a\u00efllant t\u00e8rmic perfecte per camperitzar el teu furgo, oferint no nom\u00e9s a\u00efllament davant del fred i la calor, sin\u00f3 tamb\u00e9 la m\u00e0xima ocultaci\u00f3.<\/p>\n<p>Nuestros parasoles se adaptan perfectamente a tu furgoneta camperizada, ya que<strong> se fabrican a medida para tu modelo concreto.<\/strong><\/p>\n<p>Els Kits a\u00efllant t\u00e8rmic de finestres per a furgonetes camper s&#8217;adapten a totes les marques i models: Citro\u00ebn, Dacia, Fiat, Ford, Mercedes, Nissan, Opel, Peugeot, Renault, Toyota, Volkswagen&#8230; pots consultar l&#8217;equival\u00e8ncia amb el teu model de furgoneta a la taula seg\u00fcent:<\/p>\n<table width=\"506\">\n<tbody>\n<tr>\n<td width=\"80\"><strong>Marca<\/strong><\/td>\n<td width=\"293\"><strong>Vehicle<\/strong><\/td>\n<td width=\"133\"><strong>Model CAMPORAN<\/strong><\/td>\n<\/tr>\n<tr>\n<td width=\"80\">CITROEN<\/td>\n<td>Nemo<\/td>\n<td>MicroVAN<\/td>\n<\/tr>\n<tr>\n<td width=\"80\"><\/td>\n<td width=\"293\">Berlingo<\/td>\n<td width=\"133\">MiniVAN<\/td>\n<\/tr>\n<tr>\n<td width=\"80\"><\/td>\n<td width=\"293\">Jumpy<\/td>\n<td width=\"133\">Medium Van<\/td>\n<\/tr>\n<tr>\n<td width=\"80\"><\/td>\n<td width=\"293\">SpaceTourer<\/td>\n<td width=\"133\">Medium Van<\/td>\n<\/tr>\n<tr>\n<td width=\"80\">DACIA<\/td>\n<td width=\"293\">Dokker<\/td>\n<td width=\"133\">MiniVAN<\/td>\n<\/tr>\n<tr>\n<td><\/td>\n<td width=\"293\">Jogger<\/td>\n<td width=\"133\">MiniVAN<\/td>\n<\/tr>\n<tr>\n<td width=\"80\">FIAT<\/td>\n<td width=\"293\">Dobl\u00f3<\/td>\n<td width=\"133\">MiniVAN<\/td>\n<\/tr>\n<tr>\n<td width=\"80\"><\/td>\n<td width=\"293\">Talent<\/td>\n<td>Large VAN<\/td>\n<\/tr>\n<tr>\n<td width=\"80\">FORD<\/td>\n<td width=\"293\">Tourneo Courier I 2015-2023<\/td>\n<td>MicroVAN<\/td>\n<\/tr>\n<tr>\n<td width=\"80\"><\/td>\n<td width=\"293\">Transit Courier I 2015-2024<\/td>\n<td>MicroVAN<\/td>\n<\/tr>\n<tr>\n<td width=\"80\"><\/td>\n<td width=\"293\">Transit Courier 2023+<\/td>\n<td width=\"133\">MiniVAN<\/td>\n<\/tr>\n<tr>\n<td width=\"80\"><\/td>\n<td width=\"293\">Tourneo Courier II 2023+<\/td>\n<td width=\"133\">MiniVAN<\/td>\n<\/tr>\n<tr>\n<td width=\"80\"><\/td>\n<td width=\"293\">Tourneo Connect<\/td>\n<td width=\"133\">Medium Van<\/td>\n<\/tr>\n<tr>\n<td width=\"80\"><\/td>\n<td width=\"293\">Transit Connect<\/td>\n<td width=\"133\">Medium Van<\/td>\n<\/tr>\n<tr>\n<td width=\"80\"><\/td>\n<td width=\"293\">Tourneo Custom<\/td>\n<td>Large VAN<\/td>\n<\/tr>\n<tr>\n<td width=\"80\"><\/td>\n<td width=\"293\">Transit Custom<\/td>\n<td>Large VAN<\/td>\n<\/tr>\n<tr>\n<td width=\"80\">MERC\u00c8<\/td>\n<td width=\"293\">Citen<\/td>\n<td width=\"133\">MiniVAN<\/td>\n<\/tr>\n<tr>\n<td width=\"80\"><\/td>\n<td width=\"293\">Viano<\/td>\n<td>Large VAN<\/td>\n<\/tr>\n<tr>\n<td width=\"80\"><\/td>\n<td width=\"293\">Vito<\/td>\n<td>Large VAN<\/td>\n<\/tr>\n<tr>\n<td><\/td>\n<td width=\"293\">Clase V<\/td>\n<td>Large VAN<\/td>\n<\/tr>\n<tr>\n<td width=\"80\">NISSAN<\/td>\n<td width=\"293\">TownStar<\/td>\n<td width=\"133\">MiniVAN<\/td>\n<\/tr>\n<tr>\n<td width=\"80\"><\/td>\n<td width=\"293\">NV200 \/ NV200 EVALIA<\/td>\n<td width=\"133\">Medium Van<\/td>\n<\/tr>\n<tr>\n<td width=\"80\"><\/td>\n<td width=\"293\">NV300<\/td>\n<td>Large VAN<\/td>\n<\/tr>\n<tr>\n<td width=\"80\"><\/td>\n<td width=\"293\">Primastar<\/td>\n<td>Large VAN<\/td>\n<\/tr>\n<tr>\n<td width=\"80\">OPEL<\/td>\n<td width=\"293\">Combo<\/td>\n<td width=\"133\">MiniVAN<\/td>\n<\/tr>\n<tr>\n<td width=\"80\"><\/td>\n<td width=\"293\">Vivaro<\/td>\n<td>Large VAN<\/td>\n<\/tr>\n<tr>\n<td width=\"80\"><\/td>\n<td width=\"293\">Zafira Live<\/td>\n<td width=\"133\">Medium Van<\/td>\n<\/tr>\n<tr>\n<td width=\"80\">PEUGEOT<\/td>\n<td>Bipper<\/td>\n<td>MicroVan<\/td>\n<\/tr>\n<tr>\n<td width=\"80\"><\/td>\n<td width=\"293\">Partner II<\/td>\n<td width=\"133\">MiniVAN<\/td>\n<\/tr>\n<tr>\n<td width=\"80\"><\/td>\n<td width=\"293\">Rifter<\/td>\n<td width=\"133\">MiniVAN<\/td>\n<\/tr>\n<tr>\n<td width=\"80\"><\/td>\n<td width=\"293\">Expert<\/td>\n<td width=\"133\">Medium Van<\/td>\n<\/tr>\n<tr>\n<td width=\"80\"><\/td>\n<td width=\"293\">Traveller<\/td>\n<td width=\"133\">Medium Van<\/td>\n<\/tr>\n<tr>\n<td width=\"80\">RENAULT<\/td>\n<td width=\"293\">Kangoo I<\/td>\n<td width=\"133\">MiniVAN<\/td>\n<\/tr>\n<tr>\n<td width=\"80\"><\/td>\n<td width=\"293\">Kangoo II et III<\/td>\n<td width=\"133\">MiniVAN<\/td>\n<\/tr>\n<tr>\n<td width=\"80\"><\/td>\n<td width=\"293\">Trafic<\/td>\n<td>Large VAN<\/td>\n<\/tr>\n<tr>\n<td width=\"80\">TOYOTA<\/td>\n<td width=\"293\">Proace City<\/td>\n<td width=\"133\">MiniVAN<\/td>\n<\/tr>\n<tr>\n<td width=\"80\"><\/td>\n<td width=\"293\">Proace City Verso<\/td>\n<td width=\"133\">MiniVAN<\/td>\n<\/tr>\n<tr>\n<td width=\"80\"><\/td>\n<td width=\"293\">Proace Verso<\/td>\n<td width=\"133\">Medium Van<\/td>\n<\/tr>\n<tr>\n<td width=\"80\"><\/td>\n<td width=\"293\">Proace<\/td>\n<td width=\"133\">Medium Van<\/td>\n<\/tr>\n<tr>\n<td width=\"80\"><\/td>\n<td width=\"293\">Rav4<\/td>\n<td width=\"133\">MiniVAN<\/td>\n<\/tr>\n<tr>\n<td width=\"80\">VW<\/td>\n<td width=\"293\">Caddy<\/td>\n<td width=\"133\">MiniVAN<\/td>\n<\/tr>\n<tr>\n<td><\/td>\n<td width=\"293\">Transporteur T5<\/td>\n<td>Large VAN<\/td>\n<\/tr>\n<tr>\n<td width=\"80\"><\/td>\n<td width=\"293\">Transporter T6<\/td>\n<td>Large VAN<\/td>\n<\/tr>\n<tr>\n<td width=\"80\"><\/td>\n<td width=\"293\">Caravelle T5<\/td>\n<td>Large VAN<\/td>\n<\/tr>\n<tr>\n<td width=\"80\"><\/td>\n<td width=\"293\">Caravelle T6<\/td>\n<td>Large VAN<\/td>\n<\/tr>\n<tr>\n<td width=\"80\"><\/td>\n<td width=\"293\">Id.Buzz<\/td>\n<td width=\"133\">Medium Van<\/td>\n<\/tr>\n<\/tbody>\n<\/table>\n","protected":false},"excerpt":{"rendered":"<p>A\u00efllants T\u00e8rmics Aluminitzats <strong>amb ventoses i enfosquidors interns<\/strong> per a furgonetes campers espec\u00edfics per al teu model de furgoneta.<\/p>\n<ul>\n<li>Teixit de 9 capes. <strong>Joc complet per a totes les finestres<\/strong> (8\/9 unitats, normalment).<\/li>\n<li>Ventoses amb femella de gran succi\u00f3 \u00d850 amb lleng\u00fceta per a f\u00e0cil extracci\u00f3.<\/li>\n<li>Color interior disponible en negre o gris (indicar-ho a fer la comanda).<\/li>\n<li>Ollaos de llaut\u00f3 niquelat \u00d8 interior 6mm.<\/li>\n<li>Funda amb cremallera per desar els a\u00efllants.<\/li>\n<\/ul>\n<p>Termini de fabricaci\u00f3 entre 5 i 10 dies. Enviament gratu\u00eft juntament amb el somier.<br \/>\n<strong>Un cop feta la comanda, et demanarem unes dades m\u00e9s dels vidres de la teva furgoneta, i el color interior desat entre el gris o negre.<br \/>\n<\/strong><\/p>\n<p>Com que es tracta d&#8217;un producte confeccionat a mida, <strong>no s&#8217;admeten devolucions<\/strong>.<\/p>\n","protected":false},"author":7,"featured_media":8970,"comment_status":"open","ping_status":"closed","template":"","meta":{"om_disable_all_campaigns":false,"_uag_custom_page_level_css":"","site-sidebar-layout":"default","site-content-layout":"default","ast-site-content-layout":"default","site-content-style":"default","site-sidebar-style":"default","ast-global-header-display":"","ast-banner-title-visibility":"","ast-main-header-display":"","ast-hfb-above-header-display":"","ast-hfb-below-header-display":"","ast-hfb-mobile-header-display":"","site-post-title":"","ast-breadcrumbs-content":"","ast-featured-img":"","footer-sml-layout":"","ast-disable-related-posts":"","theme-transparent-header-meta":"default","adv-header-id-meta":"","stick-header-meta":"default","header-above-stick-meta":"","header-main-stick-meta":"","header-below-stick-meta":"","astra-migrate-meta-layouts":"default","ast-page-background-enabled":"default","ast-page-background-meta":{"desktop":{"background-color":"","background-image":"","background-repeat":"repeat","background-position":"center center","background-size":"auto","background-attachment":"scroll","background-type":"","background-media":"","overlay-type":"","overlay-color":"","overlay-opacity":"","overlay-gradient":""},"tablet":{"background-color":"","background-image":"","background-repeat":"repeat","background-position":"center center","background-size":"auto","background-attachment":"scroll","background-type":"","background-media":"","overlay-type":"","overlay-color":"","overlay-opacity":"","overlay-gradient":""},"mobile":{"background-color":"","background-image":"","background-repeat":"repeat","background-position":"center center","background-size":"auto","background-attachment":"scroll","background-type":"","background-media":"","overlay-type":"","overlay-color":"","overlay-opacity":"","overlay-gradient":""}},"ast-content-background-meta":{"desktop":{"background-color":"var(--ast-global-color-5)","background-image":"","background-repeat":"repeat","background-position":"center center","background-size":"auto","background-attachment":"scroll","background-type":"","background-media":"","overlay-type":"","overlay-color":"","overlay-opacity":"","overlay-gradient":""},"tablet":{"background-color":"var(--ast-global-color-5)","background-image":"","background-repeat":"repeat","background-position":"center center","background-size":"auto","background-attachment":"scroll","background-type":"","background-media":"","overlay-type":"","overlay-color":"","overlay-opacity":"","overlay-gradient":""},"mobile":{"background-color":"var(--ast-global-color-5)","background-image":"","background-repeat":"repeat","background-position":"center center","background-size":"auto","background-attachment":"scroll","background-type":"","background-media":"","overlay-type":"","overlay-color":"","overlay-opacity":"","overlay-gradient":""}}},"product_brand":[],"product_cat":[907,815],"product_tag":[],"class_list":{"0":"post-9026","1":"product","2":"type-product","3":"status-publish","4":"has-post-thumbnail","6":"product_cat-accessoris-camper","7":"product_cat-camper-ca","8":"desktop-align-center","9":"tablet-align-center","10":"mobile-align-center","11":"ast-product-gallery-layout-horizontal","12":"ast-product-single-variable","13":"ast-product-tabs-layout-vertical","15":"first","16":"instock","17":"taxable","18":"shipping-taxable","19":"purchasable","20":"product-type-variable"},"bundled_by":[],"bundle_stock_status":"instock","bundle_stock_quantity":null,"bundle_virtual":false,"bundle_layout":"","bundle_add_to_cart_form_location":"","bundle_editable_in_cart":false,"bundle_sold_individually_context":"","bundle_item_grouping":"","bundle_min_size":"","bundle_max_size":"","bundle_price":[],"bundled_items":[],"bundle_sell_ids":[],"exclude_global_add_ons":false,"addons":[{"name":"Color interior de l\u00b4a\u00efllant","type":"multiple_choice","position":0,"required":true,"title_format":"label","default":"0","description_enable":false,"description":null,"placeholder_enable":false,"placeholder":null,"display":"images","restrictions_type":"any_text","adjust_price":false,"price":"","price_type":"flat_fee","restrictions":false,"min":"0","max":"0","options":[{"label":"Gris","price":"","price_type":"flat_fee","image":13660,"visibility":true},{"label":"Negre","price":"","price_type":"flat_fee","image":13665,"visibility":true}],"id":1747652698},{"name":"Tipus de porta posterior","type":"multiple_choice","position":1,"required":true,"title_format":"label","default":"","description_enable":true,"description":"Seleccioneu tamb\u00e9 el tipus de porta posterior.","placeholder_enable":false,"placeholder":null,"display":"images","restrictions_type":"any_text","adjust_price":false,"price":"","price_type":"flat_fee","restrictions":false,"min":"0","max":"0","options":[{"label":"Puerta basculante","price":"","price_type":"flat_fee","image":14654,"visibility":true},{"label":"Doble porta","price":"","price_type":"flat_fee","image":14653,"visibility":true},{"label":"Porta basculant amb vidre independent","price":"","price_type":"flat_fee","image":14655,"visibility":true}],"id":1768564351},{"name":"Opcional: a\u00efllant de vidres sostre","type":"checkbox","position":2,"required":false,"title_format":"hide","default":"","description_enable":true,"description":"<img src=\"https:\/\/camporan.com\/wp-content\/uploads\/2022\/03\/Aislantes-de-techo-80x80.jpg\" alt=\"A\u00efllant de sostre +28,00\u20ac\">\n Tamb\u00e9 pots afegir un a\u00efllant de sostre a la teva comanda.","placeholder_enable":false,"placeholder":null,"display":"select","restrictions_type":"any_text","adjust_price":false,"price":"","price_type":"flat_fee","restrictions":false,"min":"0","max":"0","options":[{"label":"A\u00efllant\/enfosquidor de sostre","price":"28","price_type":"flat_fee","image":0,"visibility":true}],"id":1741957123},{"name":"Extres per al matal\u00e0s:","type":"checkbox","position":0,"required":false,"title_format":"label","default":"","description_enable":true,"description":"Es poden demanar canvis respecte del tipus d'escuma, gruix o color de la funda. Qualsevol d'aquestes opcions addicionals impliquen fabricaci\u00f3 especial sota comanda, per la qual cosa el termini de lliurament pot augmentar entre 8 i 15 dies, i es perd amb el matal\u00e0s el dret de desistiment, en tractar-se d'un producte fabricat a mida [Llei 1\/ 2007Art 103 c)]","placeholder_enable":false,"placeholder":"","display":"select","restrictions_type":"any_text","adjust_price":false,"price":"","price_type":"flat_fee","restrictions":false,"min":"0","max":"0","options":[{"label":"Increment de l'espessor en 2cm","price":"40","price_type":"flat_fee","image":0,"visibility":true},{"label":"Augment de la densitat a D30 \"dur\"","price":"35","price_type":"flat_fee","image":0,"visibility":true},{"label":"3 cm de viscoel\u00e0stica, amb el mateix gruix total","price":"40","price_type":"flat_fee","image":0,"visibility":true},{"label":"Canvi de color de la funda","price":"25","price_type":"flat_fee","image":0,"visibility":true}],"id":1686912989}],"aioseo_notices":[],"spectra_custom_meta":{"_alp_processed":["1769799212"],"_backorders":["no"],"_download_limit":["-1"],"_download_expiry":["-1"],"_downloadable":["no"],"_manage_stock":["no"],"_stock_status":["instock"],"_sold_individually":["no"],"_tax_class":[""],"_tax_status":["taxable"],"_virtual":["no"],"_wpml_media_duplicate":["1"],"_wpml_media_featured":["1"],"site-sidebar-layout":["default"],"site-content-layout":["default"],"theme-transparent-header-meta":["default"],"stick-header-meta":["default"],"_top_nav_excluded":[""],"_cms_nav_minihome":[""],"wcml_sync_hash":["a:1:{s:15:\"postmeta_fields\";s:32:\"eec6dcb6e1968f1eae350c61317b072d\";}"],"attr_label_translations":["a:0:{}"],"_product_attributes":["a:1:{s:29:\"pa_modelo-de-aislante-termico\";a:6:{s:4:\"name\";s:29:\"pa_modelo-de-aislante-termico\";s:5:\"value\";s:0:\"\";s:8:\"position\";i:0;s:10:\"is_visible\";i:0;s:12:\"is_variation\";i:1;s:11:\"is_taxonomy\";i:1;}}"],"_thumbnail_id":["8970"],"_crosssell_ids":["a:0:{}"],"_last_translation_edit_mode":["translation-editor"],"_wcml_average_rating":["4.89"],"_wcml_review_count":["18"],"_sku":["4601"],"_product_image_gallery":["11717,11722,12585,11712"],"_weight":["4"],"_width":["60"],"_height":["10"],"_length":["90"],"_stock":[null],"_wc_average_rating":["4.89"],"_wc_review_count":["18"],"_product_version":["10.6.1"],"_wcml_rating_count":["a:2:{i:5;i:17;i:3;i:1;}"],"_wpml_word_count":["397"],"_price":["165","140","158","168","175","178","185"],"_product_addons_exclude_global":["0"],"ast-site-content-layout":["default"],"site-content-style":["default"],"site-sidebar-style":["default"],"total_sales":["487"],"_downloadable_files":[""],"_edit_lock":["1767609309:58"],"_aioseo_description":["A\u00efllant t\u00e8rmic per a camper Camporan: 9 capes aluminitzades amb ventoses, dissenyat a mida per a la teva furgoneta camper. Refor\u00e7a confort i enfosquiment interior "],"_product_addons":["a:3:{i:0;a:20:{s:4:\"name\";s:29:\"Color interior de l\u00b4a\u00efllant\";s:12:\"title_format\";s:5:\"label\";s:18:\"description_enable\";i:0;s:11:\"description\";N;s:18:\"placeholder_enable\";i:0;s:11:\"placeholder\";N;s:4:\"type\";s:15:\"multiple_choice\";s:7:\"display\";s:6:\"images\";s:8:\"position\";i:0;s:8:\"required\";i:1;s:12:\"restrictions\";i:0;s:17:\"restrictions_type\";s:8:\"any_text\";s:12:\"adjust_price\";i:0;s:10:\"price_type\";s:8:\"flat_fee\";s:5:\"price\";s:0:\"\";s:2:\"id\";s:10:\"1747652698\";s:3:\"min\";i:0;s:3:\"max\";i:0;s:7:\"default\";i:0;s:7:\"options\";a:2:{i:0;a:5:{s:5:\"label\";s:4:\"Gris\";s:5:\"price\";s:0:\"\";s:5:\"image\";s:5:\"13660\";s:10:\"price_type\";s:8:\"flat_fee\";s:10:\"visibility\";i:1;}i:1;a:5:{s:5:\"label\";s:5:\"Negre\";s:5:\"price\";s:0:\"\";s:5:\"image\";s:5:\"13665\";s:10:\"price_type\";s:8:\"flat_fee\";s:10:\"visibility\";i:1;}}}i:1;a:20:{s:4:\"name\";s:24:\"Tipus de porta posterior\";s:12:\"title_format\";s:5:\"label\";s:18:\"description_enable\";i:1;s:11:\"description\";s:47:\"Seleccioneu tamb\u00e9 el tipus de porta posterior.\";s:18:\"placeholder_enable\";i:0;s:11:\"placeholder\";N;s:4:\"type\";s:15:\"multiple_choice\";s:7:\"display\";s:6:\"images\";s:8:\"position\";i:1;s:8:\"required\";i:1;s:12:\"restrictions\";i:0;s:17:\"restrictions_type\";s:8:\"any_text\";s:12:\"adjust_price\";i:0;s:10:\"price_type\";s:8:\"flat_fee\";s:5:\"price\";s:0:\"\";s:2:\"id\";s:10:\"1768564351\";s:3:\"min\";i:0;s:3:\"max\";i:0;s:7:\"default\";s:0:\"\";s:7:\"options\";a:3:{i:0;a:5:{s:5:\"label\";s:17:\"Puerta basculante\";s:5:\"price\";s:0:\"\";s:5:\"image\";s:5:\"14654\";s:10:\"price_type\";s:8:\"flat_fee\";s:10:\"visibility\";i:1;}i:1;a:5:{s:5:\"label\";s:11:\"Doble porta\";s:5:\"price\";s:0:\"\";s:5:\"image\";s:5:\"14653\";s:10:\"price_type\";s:8:\"flat_fee\";s:10:\"visibility\";i:1;}i:2;a:5:{s:5:\"label\";s:37:\"Porta basculant amb vidre independent\";s:5:\"price\";s:0:\"\";s:5:\"image\";s:5:\"14655\";s:10:\"price_type\";s:8:\"flat_fee\";s:10:\"visibility\";i:1;}}}i:2;a:20:{s:4:\"name\";s:35:\"Opcional: a\u00efllant de vidres sostre\";s:12:\"title_format\";s:4:\"hide\";s:18:\"description_enable\";i:1;s:11:\"description\";s:184:\"<img src=\"https:\/\/camporan.com\/wp-content\/uploads\/2022\/03\/Aislantes-de-techo-80x80.jpg\" alt=\"A\u00efllant de sostre +28,00\u20ac\">\n Tamb\u00e9 pots afegir un a\u00efllant de sostre a la teva comanda.\";s:18:\"placeholder_enable\";i:0;s:11:\"placeholder\";N;s:4:\"type\";s:8:\"checkbox\";s:7:\"display\";s:6:\"select\";s:8:\"position\";i:2;s:8:\"required\";i:0;s:12:\"restrictions\";i:0;s:17:\"restrictions_type\";s:8:\"any_text\";s:12:\"adjust_price\";i:0;s:10:\"price_type\";s:8:\"flat_fee\";s:5:\"price\";s:0:\"\";s:2:\"id\";s:10:\"1741957123\";s:3:\"min\";i:0;s:3:\"max\";i:0;s:7:\"default\";s:0:\"\";s:7:\"options\";a:1:{i:0;a:5:{s:5:\"label\";s:30:\"A\u00efllant\/enfosquidor de sostre\";s:5:\"price\";s:2:\"28\";s:5:\"image\";s:0:\"\";s:10:\"price_type\";s:8:\"flat_fee\";s:10:\"visibility\";i:1;}}}}"],"_schema_json":["a:0:{}"],"_schema_json_timestamp":["1776452455"],"_uag_page_assets":["a:9:{s:3:\"css\";s:0:\"\";s:2:\"js\";s:0:\"\";s:18:\"current_block_list\";a:2:{i:0;s:12:\"core\/heading\";i:1;s:14:\"core\/paragraph\";}s:8:\"uag_flag\";b:0;s:11:\"uag_version\";i:1776444350;s:6:\"gfonts\";a:0:{}s:10:\"gfonts_url\";s:0:\"\";s:12:\"gfonts_files\";a:0:{}s:14:\"uag_faq_layout\";b:0;}"],"_wc_rating_count":[{"5":17,"3":1}]},"uagb_featured_image_src":{"full":["https:\/\/camporan.com\/wp-content\/uploads\/2022\/02\/camporan-puerta-aislante-caperizar-firgo-2.jpg",538,412,false],"thumbnail":["https:\/\/camporan.com\/wp-content\/uploads\/2022\/02\/camporan-puerta-aislante-caperizar-firgo-2-80x80.jpg",80,80,true],"medium":["https:\/\/camporan.com\/wp-content\/uploads\/2022\/02\/camporan-puerta-aislante-caperizar-firgo-2-300x230.jpg",300,230,true],"medium_large":["https:\/\/camporan.com\/wp-content\/uploads\/2022\/02\/camporan-puerta-aislante-caperizar-firgo-2.jpg",538,412,false],"large":["https:\/\/camporan.com\/wp-content\/uploads\/2022\/02\/camporan-puerta-aislante-caperizar-firgo-2.jpg",538,412,false],"1536x1536":["https:\/\/camporan.com\/wp-content\/uploads\/2022\/02\/camporan-puerta-aislante-caperizar-firgo-2.jpg",538,412,false],"2048x2048":["https:\/\/camporan.com\/wp-content\/uploads\/2022\/02\/camporan-puerta-aislante-caperizar-firgo-2.jpg",538,412,false],"woocommerce_thumbnail":["https:\/\/camporan.com\/wp-content\/uploads\/2022\/02\/camporan-puerta-aislante-caperizar-firgo-2.jpg",538,412,false],"woocommerce_single":["https:\/\/camporan.com\/wp-content\/uploads\/2022\/02\/camporan-puerta-aislante-caperizar-firgo-2.jpg",538,412,false],"woocommerce_gallery_thumbnail":["https:\/\/camporan.com\/wp-content\/uploads\/2022\/02\/camporan-puerta-aislante-caperizar-firgo-2-100x100.jpg",100,100,true],"wcpr-photo-reviews":["https:\/\/camporan.com\/wp-content\/uploads\/2022\/02\/camporan-puerta-aislante-caperizar-firgo-2.jpg",500,383,false]},"uagb_author_info":{"display_name":"David Lamolla","author_link":"https:\/\/camporan.com\/ca\/author\/david_lamolla\/"},"uagb_comment_info":18,"uagb_excerpt":"A\u00efllants T\u00e8rmics Aluminitzats amb ventoses i enfosquidors interns per a furgonetes campers espec\u00edfics per al teu model de furgoneta. Teixit de 9 capes. Joc complet per a totes les finestres (8\/9 unitats, normalment). Ventoses amb femella de gran succi\u00f3 \u00d850 amb lleng\u00fceta per a f\u00e0cil extracci\u00f3. Color interior disponible en negre o gris (indicar-ho a&hellip;","_links":{"self":[{"href":"https:\/\/camporan.com\/ca\/wp-json\/wp\/v2\/product\/9026","targetHints":{"allow":["GET"]}}],"collection":[{"href":"https:\/\/camporan.com\/ca\/wp-json\/wp\/v2\/product"}],"about":[{"href":"https:\/\/camporan.com\/ca\/wp-json\/wp\/v2\/types\/product"}],"author":[{"embeddable":true,"href":"https:\/\/camporan.com\/ca\/wp-json\/wp\/v2\/users\/7"}],"replies":[{"embeddable":true,"href":"https:\/\/camporan.com\/ca\/wp-json\/wp\/v2\/comments?post=9026"}],"wp:featuredmedia":[{"embeddable":true,"href":"https:\/\/camporan.com\/ca\/wp-json\/wp\/v2\/media\/8970"}],"wp:attachment":[{"href":"https:\/\/camporan.com\/ca\/wp-json\/wp\/v2\/media?parent=9026"}],"wp:term":[{"taxonomy":"product_brand","embeddable":true,"href":"https:\/\/camporan.com\/ca\/wp-json\/wp\/v2\/product_brand?post=9026"},{"taxonomy":"product_cat","embeddable":true,"href":"https:\/\/camporan.com\/ca\/wp-json\/wp\/v2\/product_cat?post=9026"},{"taxonomy":"product_tag","embeddable":true,"href":"https:\/\/camporan.com\/ca\/wp-json\/wp\/v2\/product_tag?post=9026"}],"curies":[{"name":"wp","href":"https:\/\/api.w.org\/{rel}","templated":true}]}}