{"id":8029,"date":"2018-06-17T09:29:58","date_gmt":"2018-06-17T07:29:58","guid":{"rendered":"http:\/\/www.camporan.com\/pack-van-estructura-de-cama-colchon-plegable\/"},"modified":"2026-04-10T09:32:25","modified_gmt":"2026-04-10T07:32:25","slug":"pack-furgoneta-van-somier-i-matalas-plegable","status":"publish","type":"product","link":"https:\/\/camporan.com\/ca\/botiga\/pack-furgoneta-van-somier-i-matalas-plegable\/","title":{"rendered":"Kit Camper Furgoneta Van: Estructura de Llit + Matal\u00e0s Plegable per a Furgoneta"},"content":{"rendered":"<h2>PER A QUINES FURGONETES EST\u00c0 DISSENYAT AQUEST KIT CAMPER?<\/h2>\n<p>Renault Trafic II y III Combi \/ Opel Vivaro Combi \/Nissan Primastar + NV300 Combi \/ Jumpy III \/ Expert III \/ Toyota ProAce \/ Fiat Talento II \/ VW T5 y T6 (Caravelle, Transporter) \/ Mercedes Vito y Viano \/ Ford Tourneo Custom II (2023+)<\/p>\n<h2>CARACTER\u00cdSTIQUES PRINCIPALS:<\/h2>\n<p>Kit Camper per a furgoneta mitjana amb llit polivalent que inclou el llit camper i el matal\u00e0s camper.<\/p>\n<p>Lleugera i f\u00e0cil de transportar, emmagatzemar, i muntar o desmuntar. Es pot aprofitar tot el maleter, ja que el llit va refor\u00e7ada per deixar espai lliure a tot el maleter.<\/p>\n<h2>CARACTER\u00cdSTIQUES T\u00c8CNIQUES:<\/h2>\n<h3>Materials:<\/h3>\n<ul>\n<li>El material base \u00e9s tauler de fusta de bedoll de 12mm (tauler mar\u00ed), revestit amb resina marr\u00f3, llisa en una cara i antilliscant en una altra.<\/li>\n<li>Cants arrodonits i segellats en zona de maleter, i amb extensors tipus pota de taula, per ajustar l&#8217;amplada del llit a la carrosseria i que quedi ferma.<\/li>\n<\/ul>\n<h3>Preparaci\u00f3:<\/h3>\n<p>Al rebre el paquet, cal muntar \u00fanicament la primera vegada, i adaptar-lo a la mesura de el vehicle per al qual vagi destinat. Cal ajustar amb cargols les peces d\u02bbajust als laterals de la furgoneta.  Les potes les podem subministrar a l&#8217;al\u00e7ada adequada.<br \/>\nEn cas de Furgoneta amb 8\/9 places, cal treure la darrera fila.<\/p>\n<h3>Muntatge en menys de 2 minuts, sense eines<\/h3>\n<ul>\n<li>El muntatge \u00e9s molt senzill i no afecta el xass\u00eds de el vehicle.<\/li>\n<li>Pes Pack complet: 27+8 kg.<\/li>\n<li>Dimensions Pack complet: 195 x 150 cm.<\/li>\n<\/ul>\n<h2>MATAL\u00c0S:<\/h2>\n<p>Matal\u00e0s de 195 x 150 x 8 cm o 200x160x8cm (a escollir segons furgoneta a camperitzar). Per a la Vito i Viano, 195x152x8cm.<\/p>\n<p>Escuma d&#8217;alta densitat 25Kg\/m3. Funda amb cremalleres de loneta blava fosc. Altres opcions disponibles sota comanda especial (veure opcions).<\/p>\n<h2>ENVIAMENT:<\/h2>\n<p>S&#8217;envia en dos paquets:<\/p>\n<p>Paquet pla 70x150x10cm, 28Kg<\/p>\n<p>Caixa de cartr\u00f3 38x38x80cm, 8Kg.<\/p>\n","protected":false},"excerpt":{"rendered":"<p>Kit Camper per a furgoneta, amb aquesta estructura de llit + matal\u00e0s plegable transforma la teva furgoneta en un dormitori c\u00f2mode, dissenyats a mesura per a vans mitjanes i grans. Compatible amb VW T5\/T6, Mercedes Vito\/*Viano, Renault Trafic, Ford Tourneo Custom i m\u00e9s de 10 models. Fabricada en contraxapat de bedoll mar\u00ed de 9 capes: lleugera, r\u00edgida i duradora. Muntatge i desmuntatge en menys de 2 minuts, sense una sola eina. Quan no la usis, es guarda en el maleter sense ocupar espai. Porta la teva casa amb tu.     <\/p>\n","protected":false},"author":7,"featured_media":14760,"comment_status":"open","ping_status":"closed","template":"","meta":{"om_disable_all_campaigns":false,"_uag_custom_page_level_css":"","site-sidebar-layout":"default","site-content-layout":"default","ast-site-content-layout":"default","site-content-style":"default","site-sidebar-style":"default","ast-global-header-display":"","ast-banner-title-visibility":"","ast-main-header-display":"","ast-hfb-above-header-display":"","ast-hfb-below-header-display":"","ast-hfb-mobile-header-display":"","site-post-title":"","ast-breadcrumbs-content":"","ast-featured-img":"","footer-sml-layout":"","ast-disable-related-posts":"","theme-transparent-header-meta":"default","adv-header-id-meta":"","stick-header-meta":"default","header-above-stick-meta":"","header-main-stick-meta":"","header-below-stick-meta":"","astra-migrate-meta-layouts":"set","ast-page-background-enabled":"default","ast-page-background-meta":{"desktop":{"background-color":"","background-image":"","background-repeat":"repeat","background-position":"center center","background-size":"auto","background-attachment":"scroll","background-type":"","background-media":"","overlay-type":"","overlay-color":"","overlay-opacity":"","overlay-gradient":""},"tablet":{"background-color":"","background-image":"","background-repeat":"repeat","background-position":"center center","background-size":"auto","background-attachment":"scroll","background-type":"","background-media":"","overlay-type":"","overlay-color":"","overlay-opacity":"","overlay-gradient":""},"mobile":{"background-color":"","background-image":"","background-repeat":"repeat","background-position":"center center","background-size":"auto","background-attachment":"scroll","background-type":"","background-media":"","overlay-type":"","overlay-color":"","overlay-opacity":"","overlay-gradient":""}},"ast-content-background-meta":{"desktop":{"background-color":"var(--ast-global-color-5)","background-image":"","background-repeat":"repeat","background-position":"center center","background-size":"auto","background-attachment":"scroll","background-type":"","background-media":"","overlay-type":"","overlay-color":"","overlay-opacity":"","overlay-gradient":""},"tablet":{"background-color":"var(--ast-global-color-5)","background-image":"","background-repeat":"repeat","background-position":"center center","background-size":"auto","background-attachment":"scroll","background-type":"","background-media":"","overlay-type":"","overlay-color":"","overlay-opacity":"","overlay-gradient":""},"mobile":{"background-color":"var(--ast-global-color-5)","background-image":"","background-repeat":"repeat","background-position":"center center","background-size":"auto","background-attachment":"scroll","background-type":"","background-media":"","overlay-type":"","overlay-color":"","overlay-opacity":"","overlay-gradient":""}}},"product_brand":[],"product_cat":[666,669,621,540,600,137,603,651,570,645,672,675,588,612],"product_tag":[158,154,156,149,164,152,153,151,155,150,165,159,950,157],"class_list":{"0":"post-8029","1":"product","2":"type-product","3":"status-publish","4":"has-post-thumbnail","6":"product_cat-caravelle-t5","7":"product_cat-caravelle-t6","8":"product_cat-expert","9":"product_cat-jumpy","10":"product_cat-nv300","11":"product_cat-packs","12":"product_cat-primastar","13":"product_cat-proace","14":"product_cat-tourneo-custom","15":"product_cat-trafic","16":"product_cat-transporter-t5","17":"product_cat-transporter-t6","18":"product_cat-viano","19":"product_cat-vivaro","20":"product_tag-caravelle-ca-2","21":"product_tag-expert-iii-ca","22":"product_tag-fiat-talento-ii-ca","23":"product_tag-furgoneta-mediana-ca","24":"product_tag-jumpyiii-ca","25":"product_tag-nissan-primastar-ca","26":"product_tag-nv300-combi-ca","27":"product_tag-opel-vivaro-combi-ca","28":"product_tag-proace-ca","29":"product_tag-renault-trafic-ii-ca","30":"product_tag-renault-trafic-iii-combi-ca","31":"product_tag-transporter-ca","32":"product_tag-viano-ca","33":"product_tag-vw-t5-ca","34":"desktop-align-center","35":"tablet-align-center","36":"mobile-align-center","37":"ast-product-gallery-layout-horizontal","38":"ast-product-tabs-layout-vertical","40":"first","41":"instock","42":"sale","43":"taxable","44":"shipping-taxable","45":"purchasable","46":"product-type-bundle"},"bundled_by":[],"bundle_stock_status":"instock","bundle_stock_quantity":"","bundle_virtual":false,"bundle_layout":"grid","bundle_add_to_cart_form_location":"default","bundle_editable_in_cart":false,"bundle_sold_individually_context":"product","bundle_item_grouping":"parent","bundle_min_size":"","bundle_max_size":"","bundle_price":{"price":{"min":{"incl_tax":"970","excl_tax":"801.652893"},"max":{"incl_tax":"970","excl_tax":"801.652893"}},"regular_price":{"min":{"incl_tax":"1010","excl_tax":"834.710744"},"max":{"incl_tax":"1010","excl_tax":"834.710744"}}},"bundled_items":[{"bundled_item_id":43,"product_id":1167,"menu_order":0,"quantity_min":1,"quantity_max":1,"quantity_default":1,"priced_individually":false,"shipped_individually":false,"override_title":false,"title":"Matal\u00e0s per a Furgoneta Llit Van","override_description":false,"description":"Matal\u00e0s per a Furgoneta Llit Van","optional":false,"hide_thumbnail":false,"discount":"","override_variations":false,"allowed_variations":[""],"override_default_variation_attributes":false,"default_variation_attributes":[],"single_product_visibility":"hidden","cart_visibility":"visible","order_visibility":"visible","single_product_price_visibility":"visible","cart_price_visibility":"visible","order_price_visibility":"visible","stock_status":"in_stock"},{"bundled_item_id":44,"product_id":5237,"menu_order":1,"quantity_min":1,"quantity_max":1,"quantity_default":1,"priced_individually":false,"shipped_individually":false,"override_title":false,"title":"Estructura de Llit per a Furgoneta CamperVan","override_description":false,"description":"Estructura de Llit per a Furgoneta CamperVan","optional":false,"hide_thumbnail":false,"discount":"","override_variations":false,"allowed_variations":[""],"override_default_variation_attributes":false,"default_variation_attributes":[],"single_product_visibility":"hidden","cart_visibility":"visible","order_visibility":"visible","single_product_price_visibility":"visible","cart_price_visibility":"visible","order_price_visibility":"visible","stock_status":"in_stock"}],"bundle_sell_ids":[],"exclude_global_add_ons":false,"addons":[{"name":"Extres per al matal\u00e0s:","type":"checkbox","position":0,"required":false,"title_format":"label","default":"","description_enable":true,"description":"Es poden demanar canvis pel que fa al tipus d'escuma, gruix o color de la funda. Qualsevol d'aquestes opcions addicionals impliquen fabricaci\u00f3 especial sota comanda, per la qual cosa el termini de lliurament pot augmentar entre 8 i 15 dies, i es perd amb el matal\u00e0s el dret de desistiment, ja que \u00e9s un producte fabricat a mida [Llei 1\/2007Art 103 c)]","placeholder_enable":false,"placeholder":null,"display":"select","restrictions_type":"any_text","adjust_price":false,"price":"","price_type":"flat_fee","restrictions":false,"min":"0","max":"0","options":[{"label":"Increment del gruix en 2cm","price":"35","price_type":"flat_fee","image":0,"visibility":true},{"label":"Augment de la densitat a \"dur\" (HR35)","price":"40","price_type":"flat_fee","image":0,"visibility":true},{"label":"2cm de viscol\u00e0stica, amb el mateix gruix total","price":"35","price_type":"flat_fee","image":0,"visibility":true},{"label":"Canvi de color de la funda","price":"25","price_type":"flat_fee","image":0,"visibility":true}],"id":1715782287},{"name":"Extres per al matal\u00e0s:","type":"checkbox","position":0,"required":false,"title_format":"label","default":"","description_enable":true,"description":"Es poden demanar canvis respecte del tipus d'escuma, gruix o color de la funda. Qualsevol d'aquestes opcions addicionals impliquen fabricaci\u00f3 especial sota comanda, per la qual cosa el termini de lliurament pot augmentar entre 8 i 15 dies, i es perd amb el matal\u00e0s el dret de desistiment, en tractar-se d'un producte fabricat a mida [Llei 1\/ 2007Art 103 c)]","placeholder_enable":false,"placeholder":"","display":"select","restrictions_type":"any_text","adjust_price":false,"price":"","price_type":"flat_fee","restrictions":false,"min":"0","max":"0","options":[{"label":"Increment de l'espessor en 2cm","price":"40","price_type":"flat_fee","image":0,"visibility":true},{"label":"Augment de la densitat a D30 \"dur\"","price":"35","price_type":"flat_fee","image":0,"visibility":true},{"label":"3 cm de viscoel\u00e0stica, amb el mateix gruix total","price":"40","price_type":"flat_fee","image":0,"visibility":true},{"label":"Canvi de color de la funda","price":"25","price_type":"flat_fee","image":0,"visibility":true}],"id":1686912989}],"aioseo_notices":[],"spectra_custom_meta":{"_wpml_word_count":["390"],"_alp_processed":["1775806345"],"_sku":["4502"],"_sale_price_dates_from":[""],"_sale_price_dates_to":[""],"total_sales":["58"],"_tax_status":["taxable"],"_tax_class":[""],"_manage_stock":["yes"],"_backorders":["notify"],"_sold_individually":["no"],"_weight":["36"],"_length":["155"],"_width":["75"],"_height":["12"],"_purchase_note":[""],"_virtual":["no"],"_downloadable":["no"],"_product_image_gallery":["4147,1168,6109,8300,11149,12578,13370"],"_download_limit":["-1"],"_download_expiry":["-1"],"_stock_status":["instock"],"_wc_average_rating":["5.00"],"_wc_review_count":["5"],"_downloadable_files":["a:0:{}"],"_product_version":["10.5.2"],"_wpml_media_duplicate":["1"],"_wpml_media_featured":["1"],"_av_alb_posts_elements_state":["a:0:{}"],"_av_el_mgr_version":["1.0"],"_av_alb_element_mgr_version":["1.0.1"],"_aviaLayoutBuilder_active":[""],"_avia_sc_parser_state":["check_only"],"_avia_builder_shortcode_tree":["a:0:{}"],"layout":[""],"sidebar":[""],"footer":[""],"header_title_bar":[""],"header_transparency":[""],"_product_hover":[""],"_avia_hide_featured_image":["0"],"_wpml_location_migration_done":["1"],"_related_ids":["a:2:{i:0;i:1167;i:1;i:946;}"],"_low_stock_amount":["0"],"_aioseop_opengraph_settings":["a:0:{}"],"_vtwf_enable_tab":["no"],"_vtwf_tab_title":[""],"_vtwf_hide_title":["no"],"_vtwf_video_content":[""],"_aioseop_custom_link":[""],"_aioseop_sitemap_exclude":[""],"_aioseop_disable":[""],"_aioseop_disable_analytics":[""],"_aioseop_noindex":[""],"_aioseop_nofollow":[""],"_aioseo_og_article_section":[""],"_aioseo_og_article_tags":[""],"site-sidebar-layout":["default"],"site-content-layout":["default"],"theme-transparent-header-meta":["default"],"_stock":["4"],"_thumbnail_id":["14760"],"wcml_sync_hash":["a:1:{s:15:\"postmeta_fields\";s:32:\"70eab1517fa55f719c71025db3a33650\";}"],"attr_label_translations":["a:0:{}"],"_product_attributes":["a:0:{}"],"_default_attributes":["a:0:{}"],"_edit_lock":["1700482667:7"],"_edit_last":["7"],"_wp_old_slug":["pack-van-estructura-de-cama-colchon-plegable"],"woosb_disable_auto_price":["on"],"woosb_discount":["5"],"woosb_discount_amount":[""],"woosb_shipping_fee":["whole"],"woosb_optional_products":["off"],"woosb_manage_stock":["off"],"woosb_limit_each_min":[""],"woosb_limit_each_max":[""],"woosb_limit_each_min_default":["off"],"woosb_limit_whole_min":[""],"woosb_limit_whole_max":[""],"stick-header-meta":["default"],"_last_translation_edit_mode":["translation-editor"],"_wpml_media_has_media":["1"],"_product_meta_id":["0"],"_wcml_average_rating":["5.00"],"_wcml_review_count":["5"],"_wcml_rating_count":["a:1:{i:5;i:5;}"],"_wc_pb_edit_in_cart":["no"],"_product_addons_exclude_global":["0"],"_wc_pb_bundled_items_stock_sync_status":["synced"],"_wc_pb_layout_style":["grid"],"_top_nav_excluded":[""],"_cms_nav_minihome":[""],"_wcpb_min_qty_limit":[""],"_wcpb_max_qty_limit":[""],"_wc_pb_virtual_bundle":["no"],"_wc_pb_group_mode":["parent"],"_wc_pb_aggregate_weight":["no"],"_wc_pb_sold_individually_context":["product"],"_wc_pb_add_to_cart_form_location":["default"],"ast-site-content-layout":["default"],"site-content-style":["default"],"site-sidebar-style":["default"],"astra-migrate-meta-layouts":["set"],"_regular_price":["1010"],"_sale_price":["970"],"_price":["970"],"_wc_pb_base_regular_price":["1010"],"_wc_pb_base_sale_price":["970"],"_wc_pb_base_price":["970"],"_wc_sw_max_price":["970"],"_wc_sw_max_regular_price":["1010"],"_crosssell_ids":["a:1:{i:0;i:8968;}"],"_upsell_ids":["a:3:{i:0;i:9026;i:1;i:1167;i:2;i:5237;}"],"_aioseop_title":["Pack furgoneta Van: Matal\u00e0s + estructura llit"],"_aioseop_description":["Pack compost per matal\u00e0s plegable i estructura per a llit de furgoneta mitjana: Renault Trafic II i III Combi \/ Opel Vivaro Combi \/ Nissan Primastar \/ Vito"],"_aioseop_keywords":["camperitzar renault trafic, camperitzar opel vivar, llit per opel vivar, camperar furgoneta opel vivar, camperitzar primastar, camperitzar nissan primastar, camperitzar expert"],"_aioseo_title":["Kit Camper per a Furgoneta | Camporan"],"_aioseo_description":["Kit Camper per a Furgoneta estructura de llit + matal\u00e0s plegable (VW T5\/T6, Vito, Trafic, Tourneo Custom\u2026). Muntatge en 2 minuts. \u2b505\/5. Tria el teu model!   "],"_aioseo_keywords":["camperitzar renault trafic,camperitzar opel vivar,llit per opel vivar,camperitzar furgoneta opel vivar,camperitzar primastar,camperitzar nissan primastar,camperitzar expert"],"_product_addons":["a:1:{i:0;a:20:{s:4:\"name\";s:23:\"Extres per al matal\u00e0s:\";s:12:\"title_format\";s:5:\"label\";s:18:\"description_enable\";i:1;s:11:\"description\";s:354:\"Es poden demanar canvis pel que fa al tipus d'escuma, gruix o color de la funda. Qualsevol d'aquestes opcions addicionals impliquen fabricaci\u00f3 especial sota comanda, per la qual cosa el termini de lliurament pot augmentar entre 8 i 15 dies, i es perd amb el matal\u00e0s el dret de desistiment, ja que \u00e9s un producte fabricat a mida [Llei 1\/2007Art 103 c)]\";s:18:\"placeholder_enable\";i:0;s:11:\"placeholder\";N;s:4:\"type\";s:8:\"checkbox\";s:7:\"display\";s:6:\"select\";s:8:\"position\";i:0;s:8:\"required\";i:0;s:12:\"restrictions\";i:0;s:17:\"restrictions_type\";s:8:\"any_text\";s:12:\"adjust_price\";i:0;s:10:\"price_type\";s:8:\"flat_fee\";s:5:\"price\";s:0:\"\";s:2:\"id\";s:10:\"1715782287\";s:3:\"min\";i:0;s:3:\"max\";i:0;s:7:\"default\";s:0:\"\";s:7:\"options\";a:4:{i:0;a:5:{s:5:\"label\";s:26:\"Increment del gruix en 2cm\";s:5:\"price\";s:2:\"35\";s:5:\"image\";s:0:\"\";s:10:\"price_type\";s:8:\"flat_fee\";s:10:\"visibility\";i:1;}i:1;a:5:{s:5:\"label\";s:37:\"Augment de la densitat a \"dur\" (HR35)\";s:5:\"price\";s:2:\"40\";s:5:\"image\";s:0:\"\";s:10:\"price_type\";s:8:\"flat_fee\";s:10:\"visibility\";i:1;}i:2;a:5:{s:5:\"label\";s:47:\"2cm de viscol\u00e0stica, amb el mateix gruix total\";s:5:\"price\";s:2:\"35\";s:5:\"image\";s:0:\"\";s:10:\"price_type\";s:8:\"flat_fee\";s:10:\"visibility\";i:1;}i:3;a:5:{s:5:\"label\";s:26:\"Canvi de color de la funda\";s:5:\"price\";s:2:\"25\";s:5:\"image\";s:0:\"\";s:10:\"price_type\";s:8:\"flat_fee\";s:10:\"visibility\";i:1;}}}}"],"_schema_json":["a:0:{}"],"_schema_json_timestamp":["1776680746"],"_uag_page_assets":["a:9:{s:3:\"css\";s:0:\"\";s:2:\"js\";s:0:\"\";s:18:\"current_block_list\";a:2:{i:0;s:12:\"core\/heading\";i:1;s:14:\"core\/paragraph\";}s:8:\"uag_flag\";b:0;s:11:\"uag_version\";i:1776672724;s:6:\"gfonts\";a:0:{}s:10:\"gfonts_url\";s:0:\"\";s:12:\"gfonts_files\";a:0:{}s:14:\"uag_faq_layout\";b:0;}"],"_wc_rating_count":[{"5":5}]},"uagb_featured_image_src":{"full":["https:\/\/camporan.com\/wp-content\/uploads\/2018\/06\/Camporan-Pack-Furgoneta-Van-Estructura-de-Cama-Colchon-Plegable.jpg",1200,900,false],"thumbnail":["https:\/\/camporan.com\/wp-content\/uploads\/2018\/06\/Camporan-Pack-Furgoneta-Van-Estructura-de-Cama-Colchon-Plegable-300x300.jpg",300,300,true],"medium":["https:\/\/camporan.com\/wp-content\/uploads\/2018\/06\/Camporan-Pack-Furgoneta-Van-Estructura-de-Cama-Colchon-Plegable-300x225.jpg",300,225,true],"medium_large":["https:\/\/camporan.com\/wp-content\/uploads\/2018\/06\/Camporan-Pack-Furgoneta-Van-Estructura-de-Cama-Colchon-Plegable-768x576.jpg",768,576,true],"large":["https:\/\/camporan.com\/wp-content\/uploads\/2018\/06\/Camporan-Pack-Furgoneta-Van-Estructura-de-Cama-Colchon-Plegable-1030x773.jpg",1030,773,true],"1536x1536":["https:\/\/camporan.com\/wp-content\/uploads\/2018\/06\/Camporan-Pack-Furgoneta-Van-Estructura-de-Cama-Colchon-Plegable.jpg",1200,900,false],"2048x2048":["https:\/\/camporan.com\/wp-content\/uploads\/2018\/06\/Camporan-Pack-Furgoneta-Van-Estructura-de-Cama-Colchon-Plegable.jpg",1200,900,false],"woocommerce_thumbnail":["https:\/\/camporan.com\/wp-content\/uploads\/2018\/06\/Camporan-Pack-Furgoneta-Van-Estructura-de-Cama-Colchon-Plegable-600x450.jpg",600,450,true],"woocommerce_single":["https:\/\/camporan.com\/wp-content\/uploads\/2018\/06\/Camporan-Pack-Furgoneta-Van-Estructura-de-Cama-Colchon-Plegable-600x450.jpg",600,450,true],"woocommerce_gallery_thumbnail":["https:\/\/camporan.com\/wp-content\/uploads\/2018\/06\/Camporan-Pack-Furgoneta-Van-Estructura-de-Cama-Colchon-Plegable-100x100.jpg",100,100,true],"wcpr-photo-reviews":["https:\/\/camporan.com\/wp-content\/uploads\/2018\/06\/Camporan-Pack-Furgoneta-Van-Estructura-de-Cama-Colchon-Plegable.jpg",500,375,false]},"uagb_author_info":{"display_name":"David Lamolla","author_link":"https:\/\/camporan.com\/ca\/author\/david_lamolla\/"},"uagb_comment_info":5,"uagb_excerpt":"Kit Camper per a furgoneta, amb aquesta estructura de llit + matal\u00e0s plegable transforma la teva furgoneta en un dormitori c\u00f2mode, dissenyats a mesura per a vans mitjanes i grans. Compatible amb VW T5\/T6, Mercedes Vito\/*Viano, Renault Trafic, Ford Tourneo Custom i m\u00e9s de 10 models. Fabricada en contraxapat de bedoll mar\u00ed de 9 capes:&hellip;","_links":{"self":[{"href":"https:\/\/camporan.com\/ca\/wp-json\/wp\/v2\/product\/8029","targetHints":{"allow":["GET"]}}],"collection":[{"href":"https:\/\/camporan.com\/ca\/wp-json\/wp\/v2\/product"}],"about":[{"href":"https:\/\/camporan.com\/ca\/wp-json\/wp\/v2\/types\/product"}],"author":[{"embeddable":true,"href":"https:\/\/camporan.com\/ca\/wp-json\/wp\/v2\/users\/7"}],"replies":[{"embeddable":true,"href":"https:\/\/camporan.com\/ca\/wp-json\/wp\/v2\/comments?post=8029"}],"wp:featuredmedia":[{"embeddable":true,"href":"https:\/\/camporan.com\/ca\/wp-json\/wp\/v2\/media\/14760"}],"wp:attachment":[{"href":"https:\/\/camporan.com\/ca\/wp-json\/wp\/v2\/media?parent=8029"}],"wp:term":[{"taxonomy":"product_brand","embeddable":true,"href":"https:\/\/camporan.com\/ca\/wp-json\/wp\/v2\/product_brand?post=8029"},{"taxonomy":"product_cat","embeddable":true,"href":"https:\/\/camporan.com\/ca\/wp-json\/wp\/v2\/product_cat?post=8029"},{"taxonomy":"product_tag","embeddable":true,"href":"https:\/\/camporan.com\/ca\/wp-json\/wp\/v2\/product_tag?post=8029"}],"curies":[{"name":"wp","href":"https:\/\/api.w.org\/{rel}","templated":true}]}}