{"id":5237,"date":"2018-06-17T12:12:59","date_gmt":"2018-06-17T10:12:59","guid":{"rendered":"http:\/\/www.camporan.com\/producto\/somier-camper-van\/"},"modified":"2026-04-08T10:00:33","modified_gmt":"2026-04-08T08:00:33","slug":"somier-camper-van","status":"publish","type":"product","link":"https:\/\/camporan.com\/ca\/botiga\/somier-camper-van\/","title":{"rendered":"Estructura de Llit per a Furgoneta CamperVan"},"content":{"rendered":"<h2>PER A QUINES FURGONETES \u00c9S COMPATIBLE AQUESTA ESTRUCTURA DE LLIT?<\/h2>\n<p>Renault Trafic II i III Combi \/ Opel Vivaro Combi \/ Nissan Primastar + NV300 Combi \/ Jumpy III \/ Expert III \/ ProAce \/ Fiat Talent II \/ VW T5 (Caravelle, Transporter) \/ Mercedes Vito \/ Mercedes Viano \/ Ford Tourneo Custom II (2023+)<\/p>\n<h2>CARACTER\u00cdSTIQUES PRINCIPALS:<\/h2>\n<p>Estructura de llit per a furgoneta polivalent, camperitza la teva furgoneta mitjana.<\/p>\n<p>Lleugera i f\u00e0cil de transportar, emmagatzemar, i muntar o desmuntar. Es pot aprofitar tot el maleter, ja que el llit va refor\u00e7ada per deixar espai lliure a tot el maleter.<\/p>\n<h2>CARACTER\u00cdSTIQUES T\u00c8CNIQUES:<\/h2>\n<h3>Materials:<\/h3>\n<ul>\n<li>El material base \u00e9s tauler de fusta de bedoll de 12mm (tauler mar\u00ed), revestit amb resina marr\u00f3, llisa en una cara i antilliscant en una altra.<\/li>\n<li>Cants arrodonits i segellats en zona de maleter, i amb extensors regulables per tocar amb els costats de la carrosseria.<\/li>\n<\/ul>\n<h3>Preparaci\u00f3:<\/h3>\n<p>En rebre el paquet, cal muntar-lo i adaptar-lo a la mida del vehicle per al qual vagi destinat, nom\u00e9s la primera vegada.<br \/>\nEn cas de Furgoneta amb 8\/9 places, cal treure la darrera fila.<\/p>\n<h3>Muntatge i desmuntatge sense complicacions:<\/h3>\n<ul>\n<li>El muntatge \u00e9s molt senzill i no afecta el xass\u00eds de el vehicle.<\/li>\n<li>Pes: 26 kg.<\/li>\n<li>Dimensions: 195 x 147 x 56 cm.<\/li>\n<\/ul>\n","protected":false},"excerpt":{"rendered":"<p>L&#8217;estructura de llit per a furgoneta m\u00e9s vers\u00e0til del cat\u00e0leg Camporan. Dissenyada sense potes integrades per a aprofitar al m\u00e0xim l&#8217;espai d&#8217;emmagatzematge sota el llit, i inclou corretges estabilitzadores per a major seguretat. Compatible amb les furgonetes mitjanes m\u00e9s venudes d&#8217;Europa: Renault Trafic II\/III, Opel Vivaro, Nissan Primastar\/NV300, Citro\u00ebn Jumpy III, Peugeot Expert III, Toyota ProAce, Fiat Talent II i VW T5 Caravelle\/*Transporter. Sense matal\u00e0s incl\u00f2s \u2014 combina-la amb el matal\u00e0s Camporan per a Van o amb el teu propi.   <\/p>\n","protected":false},"author":7,"featured_media":2142,"comment_status":"open","ping_status":"closed","template":"","meta":{"om_disable_all_campaigns":false,"_uag_custom_page_level_css":"","site-sidebar-layout":"default","site-content-layout":"default","ast-site-content-layout":"default","site-content-style":"default","site-sidebar-style":"default","ast-global-header-display":"","ast-banner-title-visibility":"","ast-main-header-display":"","ast-hfb-above-header-display":"","ast-hfb-below-header-display":"","ast-hfb-mobile-header-display":"","site-post-title":"","ast-breadcrumbs-content":"","ast-featured-img":"","footer-sml-layout":"","ast-disable-related-posts":"","theme-transparent-header-meta":"default","adv-header-id-meta":"","stick-header-meta":"default","header-above-stick-meta":"","header-main-stick-meta":"","header-below-stick-meta":"","astra-migrate-meta-layouts":"default","ast-page-background-enabled":"default","ast-page-background-meta":{"desktop":{"background-color":"","background-image":"","background-repeat":"repeat","background-position":"center center","background-size":"auto","background-attachment":"scroll","background-type":"","background-media":"","overlay-type":"","overlay-color":"","overlay-opacity":"","overlay-gradient":""},"tablet":{"background-color":"","background-image":"","background-repeat":"repeat","background-position":"center center","background-size":"auto","background-attachment":"scroll","background-type":"","background-media":"","overlay-type":"","overlay-color":"","overlay-opacity":"","overlay-gradient":""},"mobile":{"background-color":"","background-image":"","background-repeat":"repeat","background-position":"center center","background-size":"auto","background-attachment":"scroll","background-type":"","background-media":"","overlay-type":"","overlay-color":"","overlay-opacity":"","overlay-gradient":""}},"ast-content-background-meta":{"desktop":{"background-color":"var(--ast-global-color-5)","background-image":"","background-repeat":"repeat","background-position":"center center","background-size":"auto","background-attachment":"scroll","background-type":"","background-media":"","overlay-type":"","overlay-color":"","overlay-opacity":"","overlay-gradient":""},"tablet":{"background-color":"var(--ast-global-color-5)","background-image":"","background-repeat":"repeat","background-position":"center center","background-size":"auto","background-attachment":"scroll","background-type":"","background-media":"","overlay-type":"","overlay-color":"","overlay-opacity":"","overlay-gradient":""},"mobile":{"background-color":"var(--ast-global-color-5)","background-image":"","background-repeat":"repeat","background-position":"center center","background-size":"auto","background-attachment":"scroll","background-type":"","background-media":"","overlay-type":"","overlay-color":"","overlay-opacity":"","overlay-gradient":""}}},"product_brand":[],"product_cat":[666,669,118,621,540,600,603,651,558,570,645,672,675,588,612],"product_tag":[158,154,156,164,152,153,151,155,150,165,159,157],"class_list":{"0":"post-5237","1":"product","2":"type-product","3":"status-publish","4":"has-post-thumbnail","6":"product_cat-caravelle-t5","7":"product_cat-caravelle-t6","8":"product_cat-estructures","9":"product_cat-expert","10":"product_cat-jumpy","11":"product_cat-nv300","12":"product_cat-primastar","13":"product_cat-proace","14":"product_cat-talento-ii","15":"product_cat-tourneo-custom","16":"product_cat-trafic","17":"product_cat-transporter-t5","18":"product_cat-transporter-t6","19":"product_cat-viano","20":"product_cat-vivaro","21":"product_tag-caravelle-ca-2","22":"product_tag-expert-iii-ca","23":"product_tag-fiat-talento-ii-ca","24":"product_tag-jumpyiii-ca","25":"product_tag-nissan-primastar-ca","26":"product_tag-nv300-combi-ca","27":"product_tag-opel-vivaro-combi-ca","28":"product_tag-proace-ca","29":"product_tag-renault-trafic-ii-ca","30":"product_tag-renault-trafic-iii-combi-ca","31":"product_tag-transporter-ca","32":"product_tag-vw-t5-ca","33":"desktop-align-center","34":"tablet-align-center","35":"mobile-align-center","36":"ast-product-gallery-layout-horizontal","37":"ast-product-tabs-layout-vertical","39":"first","40":"instock","41":"taxable","42":"shipping-taxable","43":"purchasable","44":"product-type-simple"},"bundled_by":["8029"],"bundle_stock_status":"instock","bundle_stock_quantity":14,"bundle_virtual":false,"bundle_layout":"","bundle_add_to_cart_form_location":"","bundle_editable_in_cart":false,"bundle_sold_individually_context":"","bundle_item_grouping":"","bundle_min_size":"","bundle_max_size":"","bundle_price":[],"bundled_items":[],"bundle_sell_ids":[],"exclude_global_add_ons":[],"addons":[],"aioseo_notices":[],"spectra_custom_meta":{"_wpml_word_count":["304"],"_backorders":["notify"],"_download_limit":["-1"],"_download_expiry":["-1"],"_downloadable":["no"],"_manage_stock":["yes"],"_sku":["4002"],"_stock_status":["instock"],"_sold_individually":["no"],"_tax_class":[""],"_tax_status":["taxable"],"_virtual":["no"],"_weight":["23"],"_width":["75"],"_height":["30"],"_length":["155"],"total_sales":["84"],"_sale_price":[""],"_sale_price_dates_from":[""],"_sale_price_dates_to":[""],"_wpml_media_duplicate":["1"],"_wpml_media_featured":["0"],"_aviaLayoutBuilder_active":[""],"_low_stock_amount":["0"],"_avia_hide_featured_image":["0"],"_av_el_mgr_version":["1.0"],"_avia_sc_parser_state":["check_only"],"_av_alb_posts_elements_state":["a:0:{}"],"_avia_builder_shortcode_tree":["a:0:{}"],"sidebar":[""],"footer":[""],"header_title_bar":[""],"header_transparency":[""],"layout":[""],"_alp_processed":["1775635234"],"_last_translation_edit_mode":["translation-editor"],"wcml_sync_hash":["a:1:{s:15:\"postmeta_fields\";s:32:\"372888952a595e13a3917ad1de75745f\";}"],"_purchase_note":[""],"_downloadable_files":["a:0:{}"],"attr_label_translations":["a:0:{}"],"_product_attributes":["a:0:{}"],"_default_attributes":["a:0:{}"],"_stock":["14"],"_product_image_gallery":["2142,6109,6113,11454,13370,11149,10697"],"_edit_lock":["1632820100:9"],"_edit_last":["9"],"_aioseop_opengraph_settings":["a:0:{}"],"_related_ids":["a:2:{i:0;i:1167;i:1;i:2141;}"],"_vtwf_enable_tab":["no"],"_vtwf_tab_title":[""],"_vtwf_hide_title":["no"],"_vtwf_video_content":[""],"_wc_average_rating":["4.75"],"_wc_review_count":["8"],"_product_version":["10.0.4"],"_aviaLayoutBuilderCleanData":[""],"_product_hover":[""],"_thumbnail_id":["2142"],"_wcml_average_rating":["4.75"],"_wcml_review_count":["8"],"site-sidebar-layout":["default"],"site-content-layout":["default"],"theme-transparent-header-meta":["default"],"_aioseo_og_article_section":[""],"_aioseo_og_article_tags":[""],"stick-header-meta":["default"],"_wpml_media_has_media":["1"],"_wcml_rating_count":["a:2:{i:5;i:6;i:4;i:2;}"],"_product_addons_exclude_global":["0"],"ast-site-content-layout":["default"],"site-content-style":["default"],"site-sidebar-style":["default"],"_top_nav_excluded":[""],"_cms_nav_minihome":[""],"_crosssell_ids":["a:1:{i:0;i:9032;}"],"_product_addons":["a:0:{}"],"_regular_price":["770"],"_price":["770"],"_upsell_ids":["a:3:{i:0;i:1167;i:1;i:4920;i:2;i:8029;}"],"_aioseop_title":["Somier camper VAN"],"_aioseop_description":["Somier de llit camper plegable per a furgoneta mitjana: Renault Trafic II i III Combi \/ Opel Vivaro Combi \/ Nissan Primastar + NV300 Combi \/ Jumpy III \/ Expert III  "],"_aioseop_keywords":["llit camper renault trafic, camperitzar opel vivar, llit per opel vivar, camperitzar furgoneta opel vivar, camperitzar primastar, camperitzar nissan primastar, camperitzar expert"],"_aioseo_title":["Estructura de Llit per a Furgoneta CamperVan | Camporan"],"_aioseo_description":["Estructura de llit per a furgoneta: Renault Trafic, Opel Vivaro, VW T5, Jumpy, Talent i m\u00e9s. M\u00e9s espai sota el llit. Sense matal\u00e0s. \u2b50 8 valoracions.Des de 770\u20ac.   "],"_aioseo_keywords":["llit camper renault trafic,camperitzar opel vivar,llit per opel vivar,camperitzar furgoneta opel vivar,camperitzar primastar,camperitzar nissan primastar,camperitzar expert"],"_schema_json":["a:0:{}"],"_schema_json_timestamp":["1776682905"],"_uag_page_assets":["a:9:{s:3:\"css\";s:0:\"\";s:2:\"js\";s:0:\"\";s:18:\"current_block_list\";a:2:{i:0;s:12:\"core\/heading\";i:1;s:14:\"core\/paragraph\";}s:8:\"uag_flag\";b:0;s:11:\"uag_version\";i:1776672724;s:6:\"gfonts\";a:0:{}s:10:\"gfonts_url\";s:0:\"\";s:12:\"gfonts_files\";a:0:{}s:14:\"uag_faq_layout\";b:0;}"],"_wc_rating_count":[{"5":6,"4":2}]},"uagb_featured_image_src":{"full":["https:\/\/camporan.com\/wp-content\/uploads\/2018\/06\/VAN-01.jpeg",1000,1333,false],"thumbnail":["https:\/\/camporan.com\/wp-content\/uploads\/2018\/06\/VAN-01-80x80.jpeg",80,80,true],"medium":["https:\/\/camporan.com\/wp-content\/uploads\/2018\/06\/VAN-01-225x300.jpeg",225,300,true],"medium_large":["https:\/\/camporan.com\/wp-content\/uploads\/2018\/06\/VAN-01-768x1024.jpeg",768,1024,true],"large":["https:\/\/camporan.com\/wp-content\/uploads\/2018\/06\/VAN-01-773x1030.jpeg",773,1030,true],"1536x1536":["https:\/\/camporan.com\/wp-content\/uploads\/2018\/06\/VAN-01.jpeg",1000,1333,false],"2048x2048":["https:\/\/camporan.com\/wp-content\/uploads\/2018\/06\/VAN-01.jpeg",1000,1333,false],"woocommerce_thumbnail":["https:\/\/camporan.com\/wp-content\/uploads\/2018\/06\/VAN-01-600x800.jpeg",600,800,true],"woocommerce_single":["https:\/\/camporan.com\/wp-content\/uploads\/2018\/06\/VAN-01-600x800.jpeg",600,800,true],"woocommerce_gallery_thumbnail":["https:\/\/camporan.com\/wp-content\/uploads\/2018\/06\/VAN-01-100x100.jpeg",100,100,true],"wcpr-photo-reviews":["https:\/\/camporan.com\/wp-content\/uploads\/2018\/06\/VAN-01.jpeg",375,500,false]},"uagb_author_info":{"display_name":"David Lamolla","author_link":"https:\/\/camporan.com\/ca\/author\/david_lamolla\/"},"uagb_comment_info":8,"uagb_excerpt":"L'estructura de llit per a furgoneta m\u00e9s vers\u00e0til del cat\u00e0leg Camporan. Dissenyada sense potes integrades per a aprofitar al m\u00e0xim l'espai d'emmagatzematge sota el llit, i inclou corretges estabilitzadores per a major seguretat. Compatible amb les furgonetes mitjanes m\u00e9s venudes d'Europa: Renault Trafic II\/III, Opel Vivaro, Nissan Primastar\/NV300, Citro\u00ebn Jumpy III, Peugeot Expert III, Toyota&hellip;","_links":{"self":[{"href":"https:\/\/camporan.com\/ca\/wp-json\/wp\/v2\/product\/5237","targetHints":{"allow":["GET"]}}],"collection":[{"href":"https:\/\/camporan.com\/ca\/wp-json\/wp\/v2\/product"}],"about":[{"href":"https:\/\/camporan.com\/ca\/wp-json\/wp\/v2\/types\/product"}],"author":[{"embeddable":true,"href":"https:\/\/camporan.com\/ca\/wp-json\/wp\/v2\/users\/7"}],"replies":[{"embeddable":true,"href":"https:\/\/camporan.com\/ca\/wp-json\/wp\/v2\/comments?post=5237"}],"wp:featuredmedia":[{"embeddable":true,"href":"https:\/\/camporan.com\/ca\/wp-json\/wp\/v2\/media\/2142"}],"wp:attachment":[{"href":"https:\/\/camporan.com\/ca\/wp-json\/wp\/v2\/media?parent=5237"}],"wp:term":[{"taxonomy":"product_brand","embeddable":true,"href":"https:\/\/camporan.com\/ca\/wp-json\/wp\/v2\/product_brand?post=5237"},{"taxonomy":"product_cat","embeddable":true,"href":"https:\/\/camporan.com\/ca\/wp-json\/wp\/v2\/product_cat?post=5237"},{"taxonomy":"product_tag","embeddable":true,"href":"https:\/\/camporan.com\/ca\/wp-json\/wp\/v2\/product_tag?post=5237"}],"curies":[{"name":"wp","href":"https:\/\/api.w.org\/{rel}","templated":true}]}}