{"id":4923,"date":"2019-09-05T17:19:15","date_gmt":"2019-09-05T15:19:15","guid":{"rendered":"http:\/\/www.camporan.com\/?post_type=product&#038;p=4923"},"modified":"2026-04-16T16:11:18","modified_gmt":"2026-04-16T14:11:18","slug":"matalas-per-llit-sevel","status":"publish","type":"product","link":"https:\/\/camporan.com\/ca\/botiga\/matalas-per-llit-sevel\/","title":{"rendered":"Matal\u00e0s per a furgoneta SEVEL Traveller, Space Tourer i Proace Vers"},"content":{"rendered":"<h2>PER A QUINES FURGONETES SEVEL \u00c9S COMPATIBLE AQUEST MATAL\u00c0S?<\/h2>\n<p>Peugeot Traveller, Citro\u00ebn Space Tourer, Toyota Proace Verso, i Opel Zafira Live.<\/p>\n<h3>CARACTER\u00cdSTIQUES T\u00c8CNIQUES DEL MATAL\u00c0S<\/h3>\n<p>Matal\u00e0s de 190 x 138 x 8 cm. Escuma d&#8217;alta densitat 25Kg\/m3.<\/p>\n<p>Tres peces plegables en &#8220;ziga-zaga&#8221;, i fundes de loneta blau mar\u00ed, i cremalleres.<\/p>\n<ul>\n<li>Pes: 6 kg.<\/li>\n<li>Dimensions: 190 x 138 x 8cm, plegat 65x138x24cm.<\/li>\n<\/ul>\n","protected":false},"excerpt":{"rendered":"<p><strong>Matal\u00e0s plegable fabricat a mesura per a furgonetes SEVEL<\/strong>: Citro\u00ebn Jumpy, Space Tourer, Peugeot Expert, Traveller, Toyota Proace Vers i Opel Zafira Life. Escuma ferma de 25 kg\/m\u00b3 i 8 cm de gruix per a un descans real en ruta. Funda desenfundable i rentable. Compatible amb l&#8217;estructura de llit Camporan o com a matal\u00e0s independent. Si ja tens l&#8217;estructura, aquest \u00e9s el complement perfecte.    <\/p>\n","protected":false},"author":7,"featured_media":4949,"comment_status":"open","ping_status":"closed","template":"","meta":{"om_disable_all_campaigns":false,"_uag_custom_page_level_css":"","site-sidebar-layout":"default","site-content-layout":"default","ast-site-content-layout":"default","site-content-style":"default","site-sidebar-style":"default","ast-global-header-display":"","ast-banner-title-visibility":"","ast-main-header-display":"","ast-hfb-above-header-display":"","ast-hfb-below-header-display":"","ast-hfb-mobile-header-display":"","site-post-title":"","ast-breadcrumbs-content":"","ast-featured-img":"","footer-sml-layout":"","ast-disable-related-posts":"","theme-transparent-header-meta":"default","adv-header-id-meta":"","stick-header-meta":"default","header-above-stick-meta":"","header-main-stick-meta":"","header-below-stick-meta":"","astra-migrate-meta-layouts":"default","ast-page-background-enabled":"default","ast-page-background-meta":{"desktop":{"background-color":"","background-image":"","background-repeat":"repeat","background-position":"center center","background-size":"auto","background-attachment":"scroll","background-type":"","background-media":"","overlay-type":"","overlay-color":"","overlay-opacity":"","overlay-gradient":""},"tablet":{"background-color":"","background-image":"","background-repeat":"repeat","background-position":"center center","background-size":"auto","background-attachment":"scroll","background-type":"","background-media":"","overlay-type":"","overlay-color":"","overlay-opacity":"","overlay-gradient":""},"mobile":{"background-color":"","background-image":"","background-repeat":"repeat","background-position":"center center","background-size":"auto","background-attachment":"scroll","background-type":"","background-media":"","overlay-type":"","overlay-color":"","overlay-opacity":"","overlay-gradient":""}},"ast-content-background-meta":{"desktop":{"background-color":"var(--ast-global-color-5)","background-image":"","background-repeat":"repeat","background-position":"center center","background-size":"auto","background-attachment":"scroll","background-type":"","background-media":"","overlay-type":"","overlay-color":"","overlay-opacity":"","overlay-gradient":""},"tablet":{"background-color":"var(--ast-global-color-5)","background-image":"","background-repeat":"repeat","background-position":"center center","background-size":"auto","background-attachment":"scroll","background-type":"","background-media":"","overlay-type":"","overlay-color":"","overlay-opacity":"","overlay-gradient":""},"mobile":{"background-color":"var(--ast-global-color-5)","background-image":"","background-repeat":"repeat","background-position":"center center","background-size":"auto","background-attachment":"scroll","background-type":"","background-media":"","overlay-type":"","overlay-color":"","overlay-opacity":"","overlay-gradient":""}}},"product_brand":[],"product_cat":[815],"product_tag":[444,911,449,463],"class_list":{"0":"post-4923","1":"product","2":"type-product","3":"status-publish","4":"has-post-thumbnail","6":"product_cat-camper-ca","7":"product_tag-space-tourer-fr-ca","8":"product_tag-toyota-proace-verso-ca-2","9":"product_tag-traveller-fr-ca","10":"product_tag-zafira-life-ca","11":"desktop-align-center","12":"tablet-align-center","13":"mobile-align-center","14":"ast-product-gallery-layout-horizontal","15":"ast-product-tabs-layout-vertical","17":"first","18":"instock","19":"taxable","20":"shipping-taxable","21":"purchasable","22":"product-type-simple"},"bundled_by":["4916"],"bundle_stock_status":"instock","bundle_stock_quantity":3,"bundle_virtual":false,"bundle_layout":"","bundle_add_to_cart_form_location":"","bundle_editable_in_cart":false,"bundle_sold_individually_context":"","bundle_item_grouping":"","bundle_min_size":"","bundle_max_size":"","bundle_price":[],"bundled_items":[],"bundle_sell_ids":[],"exclude_global_add_ons":false,"addons":[{"name":"Extres per al matal\u00e0s:","type":"checkbox","position":0,"required":false,"title_format":"label","default":"","description_enable":true,"description":"Es poden demanar canvis pel que fa al tipus d'escuma, gruix o color de la funda. Qualsevol d'aquestes opcions addicionals impliquen fabricaci\u00f3 especial sota comanda, per la qual cosa el termini de lliurament pot augmentar entre 8 i 15 dies, i es perd amb el matal\u00e0s el dret de desistiment, ja que \u00e9s un producte fabricat a mida [Llei 1\/2007Art 103 c)]","placeholder_enable":false,"placeholder":null,"display":"select","restrictions_type":"any_text","adjust_price":false,"price":"","price_type":"flat_fee","restrictions":false,"min":"0","max":"0","options":[{"label":"Increment del gruix en 2cm","price":"35","price_type":"flat_fee","image":0,"visibility":true},{"label":"Augment de la densitat a \"dur\" (HR35)","price":"35","price_type":"flat_fee","image":0,"visibility":true},{"label":"2cm de viscol\u00e0stica, amb el mateix gruix total","price":"35","price_type":"flat_fee","image":0,"visibility":true},{"label":"Canvi de color de la funda","price":"25","price_type":"flat_fee","image":0,"visibility":true}],"id":1686917852},{"name":"Extres per al matal\u00e0s:","type":"checkbox","position":0,"required":false,"title_format":"label","default":"","description_enable":true,"description":"Es poden demanar canvis respecte del tipus d'escuma, gruix o color de la funda. Qualsevol d'aquestes opcions addicionals impliquen fabricaci\u00f3 especial sota comanda, per la qual cosa el termini de lliurament pot augmentar entre 8 i 15 dies, i es perd amb el matal\u00e0s el dret de desistiment, en tractar-se d'un producte fabricat a mida [Llei 1\/ 2007Art 103 c)]","placeholder_enable":false,"placeholder":"","display":"select","restrictions_type":"any_text","adjust_price":false,"price":"","price_type":"flat_fee","restrictions":false,"min":"0","max":"0","options":[{"label":"Increment de l'espessor en 2cm","price":"40","price_type":"flat_fee","image":0,"visibility":true},{"label":"Augment de la densitat a D30 \"dur\"","price":"35","price_type":"flat_fee","image":0,"visibility":true},{"label":"3 cm de viscoel\u00e0stica, amb el mateix gruix total","price":"40","price_type":"flat_fee","image":0,"visibility":true},{"label":"Canvi de color de la funda","price":"25","price_type":"flat_fee","image":0,"visibility":true}],"id":1686912989}],"aioseo_notices":[],"spectra_custom_meta":{"_wpml_word_count":["139","139"],"_aioseop_opengraph_settings":["a:0:{}"],"_wpml_media_featured":["1"],"_wpml_media_duplicate":["1","1"],"_alp_processed":["1775576858","1775576858"],"_tax_status":["taxable"],"_tax_class":[""],"_manage_stock":["yes"],"_backorders":["notify"],"_low_stock_amount":["0"],"_sold_individually":["no"],"_width":["70"],"_virtual":["no"],"_downloadable":["no"],"_product_image_gallery":["4957,4961,5659"],"_download_limit":["-1"],"_download_expiry":["-1"],"_stock":["3"],"_stock_status":["instock"],"_wc_average_rating":["4.75"],"_wc_review_count":["4"],"_product_version":["10.7.0"],"_aviaLayoutBuilder_active":[""],"_avia_builder_shortcode_tree":["a:0:{}"],"sidebar":[""],"footer":[""],"header_title_bar":[""],"header_transparency":[""],"layout":[""],"wcml_sync_hash":["a:1:{s:15:\"postmeta_fields\";s:32:\"ee747defe9106415af8a8f2c23442bf9\";}"],"attr_label_translations":["a:0:{}"],"_children":["a:0:{}"],"_av_el_mgr_version":["1.0"],"_av_alb_posts_elements_state":["a:0:{}"],"_wp_attachment_metadata":[""],"_thumbnail_id":["4949"],"_sku":["4207"],"_edit_lock":["1769758615:58"],"_edit_last":["58"],"_last_translation_edit_mode":["translation-editor"],"_avia_sc_parser_state":["check_only"],"_vtwf_enable_tab":["no"],"_vtwf_tab_title":[""],"_vtwf_hide_title":["no"],"_vtwf_video_content":[""],"_aviaLayoutBuilderCleanData":[""],"_product_hover":[""],"total_sales":["156"],"_avia_hide_featured_image":["0"],"_wp_old_slug":["matalas-plegable-per-ford-courier-copia"],"_related_ids":["a:2:{i:0;i:4920;i:1;i:4916;}"],"_weight":["7"],"_height":["40"],"_length":["40"],"_top_nav_excluded":[""],"_cms_nav_minihome":[""],"site-sidebar-layout":["default"],"site-content-layout":["default"],"theme-transparent-header-meta":["default"],"_aioseo_og_article_section":[""],"_aioseo_og_article_tags":[""],"_wpml_media_has_media":["1"],"stick-header-meta":["default"],"_wcml_average_rating":["4.75"],"_wcml_review_count":["4"],"_regular_price":["230"],"_price":["230"],"_wcml_rating_count":["a:2:{i:4;i:1;i:5;i:3;}"],"_product_addons_exclude_global":["0"],"ast-site-content-layout":["default"],"site-content-style":["default"],"site-sidebar-style":["default"],"_downloadable_files":[""],"_crosssell_ids":["a:1:{i:0;i:8983;}"],"_upsell_ids":["a:3:{i:0;i:1167;i:1;i:4920;i:2;i:4916;}"],"_aioseop_title":["Matal\u00e0s per Traveller, Space Tourer i Proace"],"_aioseop_description":["Matal\u00e0s plegable v\u00e0lid per a furgonetes tipus Peugeot Traveller, Citro\u00ebn Space Tourer i Toyoa Proace 3 peces plegables, i forma exacta."],"_aioseop_keywords":["Matal\u00e0s camper Traveller, matal\u00e0s camper Space Tourer"],"_aioseo_title":["Matal\u00e0s per a Furgoneta SEVEL: Jumpy, Expert i Proace | Camporan"],"_aioseo_description":["Matal\u00e0s per a furgoneta SEVEL (Jumpy, Expert, Traveller, Proace Vers, Zafira Life). Escuma ferma 25kg\/m\u00b3, 8 cm, funda rentable. 4,75\/5. En estoc des de 230\u20ac!   "],"_aioseo_keywords":["Matal\u00e0s camper Traveller, Matal\u00e0s camper Space Tourer"],"_product_addons":["a:1:{i:0;a:20:{s:4:\"name\";s:23:\"Extres per al matal\u00e0s:\";s:12:\"title_format\";s:5:\"label\";s:18:\"description_enable\";i:1;s:11:\"description\";s:354:\"Es poden demanar canvis pel que fa al tipus d'escuma, gruix o color de la funda. Qualsevol d'aquestes opcions addicionals impliquen fabricaci\u00f3 especial sota comanda, per la qual cosa el termini de lliurament pot augmentar entre 8 i 15 dies, i es perd amb el matal\u00e0s el dret de desistiment, ja que \u00e9s un producte fabricat a mida [Llei 1\/2007Art 103 c)]\";s:18:\"placeholder_enable\";i:0;s:11:\"placeholder\";N;s:4:\"type\";s:8:\"checkbox\";s:7:\"display\";s:6:\"select\";s:8:\"position\";i:0;s:8:\"required\";i:0;s:12:\"restrictions\";i:0;s:17:\"restrictions_type\";s:8:\"any_text\";s:12:\"adjust_price\";i:0;s:10:\"price_type\";s:8:\"flat_fee\";s:5:\"price\";s:0:\"\";s:2:\"id\";s:10:\"1686917852\";s:3:\"min\";i:0;s:3:\"max\";i:0;s:7:\"default\";s:0:\"\";s:7:\"options\";a:4:{i:0;a:5:{s:5:\"label\";s:26:\"Increment del gruix en 2cm\";s:5:\"price\";s:2:\"35\";s:5:\"image\";s:0:\"\";s:10:\"price_type\";s:8:\"flat_fee\";s:10:\"visibility\";i:1;}i:1;a:5:{s:5:\"label\";s:37:\"Augment de la densitat a \"dur\" (HR35)\";s:5:\"price\";s:2:\"35\";s:5:\"image\";s:0:\"\";s:10:\"price_type\";s:8:\"flat_fee\";s:10:\"visibility\";i:1;}i:2;a:5:{s:5:\"label\";s:47:\"2cm de viscol\u00e0stica, amb el mateix gruix total\";s:5:\"price\";s:2:\"35\";s:5:\"image\";s:0:\"\";s:10:\"price_type\";s:8:\"flat_fee\";s:10:\"visibility\";i:1;}i:3;a:5:{s:5:\"label\";s:26:\"Canvi de color de la funda\";s:5:\"price\";s:2:\"25\";s:5:\"image\";s:0:\"\";s:10:\"price_type\";s:8:\"flat_fee\";s:10:\"visibility\";i:1;}}}}"],"_schema_json":["a:0:{}"],"_schema_json_timestamp":["1776681237"],"_uag_page_assets":["a:9:{s:3:\"css\";s:0:\"\";s:2:\"js\";s:0:\"\";s:18:\"current_block_list\";a:2:{i:0;s:12:\"core\/heading\";i:1;s:14:\"core\/paragraph\";}s:8:\"uag_flag\";b:0;s:11:\"uag_version\";i:1776672724;s:6:\"gfonts\";a:0:{}s:10:\"gfonts_url\";s:0:\"\";s:12:\"gfonts_files\";a:0:{}s:14:\"uag_faq_layout\";b:0;}"],"_wc_rating_count":[{"4":1,"5":3}]},"uagb_featured_image_src":{"full":["https:\/\/camporan.com\/wp-content\/uploads\/2019\/09\/Proace_01.jpg",774,900,false],"thumbnail":["https:\/\/camporan.com\/wp-content\/uploads\/2019\/09\/Proace_01-80x80.jpg",80,80,true],"medium":["https:\/\/camporan.com\/wp-content\/uploads\/2019\/09\/Proace_01-258x300.jpg",258,300,true],"medium_large":["https:\/\/camporan.com\/wp-content\/uploads\/2019\/09\/Proace_01-768x893.jpg",768,893,true],"large":["https:\/\/camporan.com\/wp-content\/uploads\/2019\/09\/Proace_01.jpg",774,900,false],"1536x1536":["https:\/\/camporan.com\/wp-content\/uploads\/2019\/09\/Proace_01.jpg",774,900,false],"2048x2048":["https:\/\/camporan.com\/wp-content\/uploads\/2019\/09\/Proace_01.jpg",774,900,false],"woocommerce_thumbnail":["https:\/\/camporan.com\/wp-content\/uploads\/2019\/09\/Proace_01-600x698.jpg",600,698,true],"woocommerce_single":["https:\/\/camporan.com\/wp-content\/uploads\/2019\/09\/Proace_01-600x698.jpg",600,698,true],"woocommerce_gallery_thumbnail":["https:\/\/camporan.com\/wp-content\/uploads\/2019\/09\/Proace_01-100x100.jpg",100,100,true],"wcpr-photo-reviews":["https:\/\/camporan.com\/wp-content\/uploads\/2019\/09\/Proace_01.jpg",430,500,false]},"uagb_author_info":{"display_name":"David Lamolla","author_link":"https:\/\/camporan.com\/ca\/author\/david_lamolla\/"},"uagb_comment_info":4,"uagb_excerpt":"Matal\u00e0s plegable fabricat a mesura per a furgonetes SEVEL: Citro\u00ebn Jumpy, Space Tourer, Peugeot Expert, Traveller, Toyota Proace Vers i Opel Zafira Life. Escuma ferma de 25 kg\/m\u00b3 i 8 cm de gruix per a un descans real en ruta. Funda desenfundable i rentable. Compatible amb l'estructura de llit Camporan o com a matal\u00e0s independent.&hellip;","_links":{"self":[{"href":"https:\/\/camporan.com\/ca\/wp-json\/wp\/v2\/product\/4923","targetHints":{"allow":["GET"]}}],"collection":[{"href":"https:\/\/camporan.com\/ca\/wp-json\/wp\/v2\/product"}],"about":[{"href":"https:\/\/camporan.com\/ca\/wp-json\/wp\/v2\/types\/product"}],"author":[{"embeddable":true,"href":"https:\/\/camporan.com\/ca\/wp-json\/wp\/v2\/users\/7"}],"replies":[{"embeddable":true,"href":"https:\/\/camporan.com\/ca\/wp-json\/wp\/v2\/comments?post=4923"}],"wp:featuredmedia":[{"embeddable":true,"href":"https:\/\/camporan.com\/ca\/wp-json\/wp\/v2\/media\/4949"}],"wp:attachment":[{"href":"https:\/\/camporan.com\/ca\/wp-json\/wp\/v2\/media?parent=4923"}],"wp:term":[{"taxonomy":"product_brand","embeddable":true,"href":"https:\/\/camporan.com\/ca\/wp-json\/wp\/v2\/product_brand?post=4923"},{"taxonomy":"product_cat","embeddable":true,"href":"https:\/\/camporan.com\/ca\/wp-json\/wp\/v2\/product_cat?post=4923"},{"taxonomy":"product_tag","embeddable":true,"href":"https:\/\/camporan.com\/ca\/wp-json\/wp\/v2\/product_tag?post=4923"}],"curies":[{"name":"wp","href":"https:\/\/api.w.org\/{rel}","templated":true}]}}