{"id":4757,"date":"2018-06-17T09:51:36","date_gmt":"2018-06-17T07:51:36","guid":{"rendered":"http:\/\/www.camporan.com\/producto\/matalas-fugoneta-mini-van\/"},"modified":"2026-04-15T20:30:13","modified_gmt":"2026-04-15T18:30:13","slug":"matalas-fugoneta-mini-van","status":"publish","type":"product","link":"https:\/\/camporan.com\/ca\/botiga\/matalas-fugoneta-mini-van\/","title":{"rendered":"Matal\u00e0s per a Furgoneta petita MiniVan"},"content":{"rendered":"<h2>PER A QUINES FURGONETES PETITES \u00c9S COMPATIBLE?<\/h2>\n<p>Citr\u00f6en Berlingo \/ Peugeot Rifter, Partner \/ Renault Kangoo \/ Mercedes Citan &#8211; Clase T \/ Fiat Dobl\u00f3 \/ Opel Combo \/ VW Caddy \/ Ford Tourneo Connect \/ Ford Tourneo Courier 2023+ \/ Dacia Dokker \/ Toyota Proace CityVerso \/ Nissan Townstar.<\/p>\n<h2>CARACTER\u00cdSTIQUES DEL MATAL\u00c0S<\/h2>\n<p>Matal\u00e0s per a furgoneta camper de 187 x 135 x 8 cm. V\u00e0lid per a l&#8217;Estructura Mini Van. Escuma d\u00b4alta densitat (25Kg\/m\u00b3). Funda amb cremalleres, i teixit de loneta blau mar\u00ed.<\/p>\n<p>Est\u00e0 format per una pe\u00e7a per a la zona del maleter del teu camper, de 71x115cm, i una altra en forma de llibre de 115cm per 130cm d&#8217;amplada. Gruix de 8cm, amb densitat D25 (ferm).<\/p>\n<ul>\n<li>Pes: 6 kg.<\/li>\n<li>Dimensions: 187 x 130 x 8 cm.<\/li>\n<\/ul>\n","protected":false},"excerpt":{"rendered":"<p>El matal\u00e0s plegable a mesura per a la teva furgoneta petita o mini van. Compatible amb Citro\u00ebn Berlingo, Peugeot Partner\/*Rifter, Renault Kangoo, Mercedes Citan, Fiat Dobl\u00f2, Opel Blego, VW Caddy, Dokker, TownStar i Connect. Escuma d&#8217;alta densitat per a un descans real en ruta, amb funda desenfundable i rentable. Compatible amb l&#8217;estructura de llit Camporan o usa-ho nom\u00e9s si ja tens la teva. Des de 195\u20ac, el matal\u00e0s m\u00e9s accessible de tota la gamma.    <\/p>\n","protected":false},"author":7,"featured_media":5232,"comment_status":"open","ping_status":"closed","template":"","meta":{"om_disable_all_campaigns":false,"_uag_custom_page_level_css":"","site-sidebar-layout":"default","site-content-layout":"default","ast-site-content-layout":"default","site-content-style":"default","site-sidebar-style":"default","ast-global-header-display":"","ast-banner-title-visibility":"","ast-main-header-display":"","ast-hfb-above-header-display":"","ast-hfb-below-header-display":"","ast-hfb-mobile-header-display":"","site-post-title":"","ast-breadcrumbs-content":"","ast-featured-img":"","footer-sml-layout":"","ast-disable-related-posts":"","theme-transparent-header-meta":"default","adv-header-id-meta":"","stick-header-meta":"default","header-above-stick-meta":"","header-main-stick-meta":"","header-below-stick-meta":"","astra-migrate-meta-layouts":"set","ast-page-background-enabled":"default","ast-page-background-meta":{"desktop":{"background-color":"","background-image":"","background-repeat":"repeat","background-position":"center center","background-size":"auto","background-attachment":"scroll","background-type":"","background-media":"","overlay-type":"","overlay-color":"","overlay-opacity":"","overlay-gradient":""},"tablet":{"background-color":"","background-image":"","background-repeat":"repeat","background-position":"center center","background-size":"auto","background-attachment":"scroll","background-type":"","background-media":"","overlay-type":"","overlay-color":"","overlay-opacity":"","overlay-gradient":""},"mobile":{"background-color":"","background-image":"","background-repeat":"repeat","background-position":"center center","background-size":"auto","background-attachment":"scroll","background-type":"","background-media":"","overlay-type":"","overlay-color":"","overlay-opacity":"","overlay-gradient":""}},"ast-content-background-meta":{"desktop":{"background-color":"var(--ast-global-color-5)","background-image":"","background-repeat":"repeat","background-position":"center center","background-size":"auto","background-attachment":"scroll","background-type":"","background-media":"","overlay-type":"","overlay-color":"","overlay-opacity":"","overlay-gradient":""},"tablet":{"background-color":"var(--ast-global-color-5)","background-image":"","background-repeat":"repeat","background-position":"center center","background-size":"auto","background-attachment":"scroll","background-type":"","background-media":"","overlay-type":"","overlay-color":"","overlay-opacity":"","overlay-gradient":""},"mobile":{"background-color":"var(--ast-global-color-5)","background-image":"","background-repeat":"repeat","background-position":"center center","background-size":"auto","background-attachment":"scroll","background-type":"","background-media":"","overlay-type":"","overlay-color":"","overlay-opacity":"","overlay-gradient":""}}},"product_brand":[],"product_cat":[537,663,585,609,933,555,928,639,642,136,626,627,654,630,564,942,573],"product_tag":[],"class_list":{"0":"post-4757","1":"product","2":"type-product","3":"status-publish","4":"has-post-thumbnail","6":"product_cat-berlingo","7":"product_cat-cady-iii-2003-2020","8":"product_cat-citan","9":"product_cat-combo","10":"product_cat-courier-ii-ca-2","11":"product_cat-doblo","12":"product_cat-dacia-dokker-ca","13":"product_cat-kangoo-i","14":"product_cat-kangoo-ii","15":"product_cat-matalassos","16":"product_cat-partner-i","17":"product_cat-partner-ii","18":"product_cat-proace-city","19":"product_cat-rifter","20":"product_cat-tourneo-connect","21":"product_cat-townstar-ca","22":"product_cat-transit-connect","23":"desktop-align-center","24":"tablet-align-center","25":"mobile-align-center","26":"ast-product-gallery-layout-horizontal","27":"ast-product-tabs-layout-vertical","29":"first","30":"instock","31":"taxable","32":"shipping-taxable","33":"purchasable","34":"product-type-simple"},"bundled_by":["1181"],"bundle_stock_status":"instock","bundle_stock_quantity":3,"bundle_virtual":false,"bundle_layout":"","bundle_add_to_cart_form_location":"","bundle_editable_in_cart":false,"bundle_sold_individually_context":"","bundle_item_grouping":"","bundle_min_size":"","bundle_max_size":"","bundle_price":[],"bundled_items":[],"bundle_sell_ids":[],"exclude_global_add_ons":false,"addons":[{"name":"Extres per al matal\u00e0s:","type":"checkbox","position":0,"required":false,"title_format":"label","default":"","description_enable":true,"description":"Es poden demanar canvis pel que fa al tipus d'escuma, gruix o color de la funda. Qualsevol d'aquestes opcions addicionals impliquen fabricaci\u00f3 especial sota comanda, per la qual cosa el termini de lliurament pot augmentar entre 10 i 15 dies, i es perd amb el matal\u00e0s el dret de desistiment, en tractar-se d'un producte fabricat a mida [Llei 1\/2007Art 103 c)]","placeholder_enable":false,"placeholder":null,"display":"select","restrictions_type":"any_text","adjust_price":false,"price":"","price_type":"flat_fee","restrictions":false,"min":"0","max":"0","options":[{"label":"Increment del gruix en 2cm","price":"25","price_type":"flat_fee","image":0,"visibility":true},{"label":"Augment de la densitat a \"dur\" (D30)","price":"25","price_type":"flat_fee","image":0,"visibility":true},{"label":"3cm de viscol\u00e0stica, amb el mateix gruix total","price":"30","price_type":"flat_fee","image":0,"visibility":true},{"label":"Canvi de color de la funda","price":"20","price_type":"flat_fee","image":0,"visibility":true}],"id":1715438772},{"name":"Extres per al matal\u00e0s:","type":"checkbox","position":0,"required":false,"title_format":"label","default":"","description_enable":true,"description":"Es poden demanar canvis respecte del tipus d'escuma, gruix o color de la funda. Qualsevol d'aquestes opcions addicionals impliquen fabricaci\u00f3 especial sota comanda, per la qual cosa el termini de lliurament pot augmentar entre 8 i 15 dies, i es perd amb el matal\u00e0s el dret de desistiment, en tractar-se d'un producte fabricat a mida [Llei 1\/ 2007Art 103 c)]","placeholder_enable":false,"placeholder":"","display":"select","restrictions_type":"any_text","adjust_price":false,"price":"","price_type":"flat_fee","restrictions":false,"min":"0","max":"0","options":[{"label":"Increment de l'espessor en 2cm","price":"40","price_type":"flat_fee","image":0,"visibility":true},{"label":"Augment de la densitat a D30 \"dur\"","price":"35","price_type":"flat_fee","image":0,"visibility":true},{"label":"3 cm de viscoel\u00e0stica, amb el mateix gruix total","price":"40","price_type":"flat_fee","image":0,"visibility":true},{"label":"Canvi de color de la funda","price":"25","price_type":"flat_fee","image":0,"visibility":true}],"id":1686912989}],"aioseo_notices":[],"spectra_custom_meta":{"_wpml_word_count":["194"],"_backorders":["notify"],"_download_limit":["-1"],"_download_expiry":["-1"],"_downloadable":["no"],"_manage_stock":["yes"],"_sku":["4201"],"_stock_status":["instock"],"_sold_individually":["no"],"_tax_class":[""],"_tax_status":["taxable"],"_virtual":["no"],"_sale_price":[""],"_sale_price_dates_from":[""],"_sale_price_dates_to":[""],"_wpml_media_duplicate":["1"],"_wpml_media_featured":["0"],"_aviaLayoutBuilder_active":[""],"_low_stock_amount":["0"],"_avia_builder_shortcode_tree":["a:0:{}"],"sidebar":[""],"footer":[""],"header_title_bar":[""],"header_transparency":[""],"layout":[""],"_alp_processed":["1775581815"],"_last_translation_edit_mode":["translation-editor"],"wcml_sync_hash":["a:1:{s:15:\"postmeta_fields\";s:32:\"62ff36592f6ada3b298f099e5c893a90\";}"],"_purchase_note":[""],"attr_label_translations":["a:0:{}"],"_product_attributes":["a:0:{}"],"_default_attributes":["a:0:{}"],"_children":["a:0:{}"],"_stock":["3"],"_wc_average_rating":["5.00"],"_wc_review_count":["4"],"_product_version":["10.7.0"],"_product_image_gallery":["10910,12214,12219,12224,10915,7757"],"_av_el_mgr_version":["1.0"],"_av_alb_posts_elements_state":["a:0:{}"],"total_sales":["338"],"_edit_lock":["1709548858:58"],"_edit_last":["58"],"_avia_sc_parser_state":["check_only"],"_aioseop_opengraph_settings":["a:0:{}"],"_vtwf_enable_tab":["no"],"_vtwf_tab_title":[""],"_vtwf_hide_title":["no"],"_vtwf_video_content":[""],"_aviaLayoutBuilderCleanData":[""],"_product_hover":[""],"_avia_hide_featured_image":["0"],"_related_ids":["a:2:{i:0;i:4042;i:1;i:1181;}"],"_wp_attachment_metadata":[""],"site-sidebar-layout":["default"],"site-content-layout":["default"],"theme-transparent-header-meta":["default"],"_aioseo_og_article_section":[""],"_aioseo_og_article_tags":[""],"stick-header-meta":["default"],"_wcml_average_rating":["5.00"],"_wcml_review_count":["4"],"_wcml_rating_count":["a:1:{i:5;i:4;}"],"_product_addons_exclude_global":["0"],"_top_nav_excluded":[""],"_cms_nav_minihome":[""],"_width":["36"],"_length":["36"],"ast-site-content-layout":["default"],"site-content-style":["default"],"site-sidebar-style":["default"],"astra-migrate-meta-layouts":["set"],"_regular_price":["195"],"_price":["195"],"_weight":["6"],"_height":["78"],"_downloadable_files":[""],"_crosssell_ids":["a:1:{i:0;i:9029;}"],"_thumbnail_id":["5232"],"_upsell_ids":["a:3:{i:0;i:1167;i:1;i:4042;i:2;i:1181;}"],"_aioseop_title":["Matal\u00e0s per a furgoneta MiniVan"],"_aioseop_description":["Matal\u00e0s plegable per camperitzar furgoneta petita: Citr\u00f6en Berlingo \/ Peugeot Partner \/ Kangoo \/ Mercedes Citan \/ Fiat Dobl\u00f3 \/ Combo \/ VW Caddy \/ Dokker"],"_aioseop_keywords":["llit citroen berlingo, llit per citroen berlingo, matal\u00e0s Berlingo, matal\u00e0s Partner, Matal\u00e0s Kangoo, llit berlingo, llit peugeot partner, llit kangoo, llit renault kangoo, renault kangoo llit. camperitzar fiat doble, camperitzar caddy, matal\u00e0s Dokker"],"_aioseo_title":["Matal\u00e0s per a Furgoneta Petita i Mini Van | Camporan"],"_aioseo_description":["Matal\u00e0s per a furgoneta petita i mini van: Berlingo, Kangoo, Caddy, Blego, Dobl\u00f2 i m\u00e9s. Alta densitat, funda rentable. Des de 195\u20ac. Fet a mida per al teu model!   "],"_aioseo_keywords":["llit citroen berlingo, llit per citroen berlingo, matal\u00e0s Berlingo, matal\u00e0s Partner, Matal\u00e0s Kangoo, llit berlingo, llit peugeot partner, llit kangoo, llit renault kangoo, renault kangoo llit. camperitzar fiat doble,camperitzar caddy,matal\u00e0s Dokker"],"_product_addons":["a:1:{i:0;a:20:{s:4:\"name\";s:23:\"Extres per al matal\u00e0s:\";s:12:\"title_format\";s:5:\"label\";s:18:\"description_enable\";i:1;s:11:\"description\";s:360:\"Es poden demanar canvis pel que fa al tipus d'escuma, gruix o color de la funda. Qualsevol d'aquestes opcions addicionals impliquen fabricaci\u00f3 especial sota comanda, per la qual cosa el termini de lliurament pot augmentar entre 10 i 15 dies, i es perd amb el matal\u00e0s el dret de desistiment, en tractar-se d'un producte fabricat a mida [Llei 1\/2007Art 103 c)]\";s:18:\"placeholder_enable\";i:0;s:11:\"placeholder\";N;s:4:\"type\";s:8:\"checkbox\";s:7:\"display\";s:6:\"select\";s:8:\"position\";i:0;s:8:\"required\";i:0;s:12:\"restrictions\";i:0;s:17:\"restrictions_type\";s:8:\"any_text\";s:12:\"adjust_price\";i:0;s:10:\"price_type\";s:8:\"flat_fee\";s:5:\"price\";s:0:\"\";s:2:\"id\";s:10:\"1715438772\";s:3:\"min\";i:0;s:3:\"max\";i:0;s:7:\"default\";s:0:\"\";s:7:\"options\";a:4:{i:0;a:5:{s:5:\"label\";s:26:\"Increment del gruix en 2cm\";s:5:\"price\";s:2:\"25\";s:5:\"image\";s:0:\"\";s:10:\"price_type\";s:8:\"flat_fee\";s:10:\"visibility\";i:1;}i:1;a:5:{s:5:\"label\";s:36:\"Augment de la densitat a \"dur\" (D30)\";s:5:\"price\";s:2:\"25\";s:5:\"image\";s:0:\"\";s:10:\"price_type\";s:8:\"flat_fee\";s:10:\"visibility\";i:1;}i:2;a:5:{s:5:\"label\";s:47:\"3cm de viscol\u00e0stica, amb el mateix gruix total\";s:5:\"price\";s:2:\"30\";s:5:\"image\";s:0:\"\";s:10:\"price_type\";s:8:\"flat_fee\";s:10:\"visibility\";i:1;}i:3;a:5:{s:5:\"label\";s:26:\"Canvi de color de la funda\";s:5:\"price\";s:2:\"20\";s:5:\"image\";s:0:\"\";s:10:\"price_type\";s:8:\"flat_fee\";s:10:\"visibility\";i:1;}}}}"],"_schema_json":["a:0:{}"],"_schema_json_timestamp":["1776680487"],"_uag_page_assets":["a:9:{s:3:\"css\";s:0:\"\";s:2:\"js\";s:0:\"\";s:18:\"current_block_list\";a:2:{i:0;s:12:\"core\/heading\";i:1;s:14:\"core\/paragraph\";}s:8:\"uag_flag\";b:0;s:11:\"uag_version\";i:1776672724;s:6:\"gfonts\";a:0:{}s:10:\"gfonts_url\";s:0:\"\";s:12:\"gfonts_files\";a:0:{}s:14:\"uag_faq_layout\";b:0;}"],"_wc_rating_count":[{"5":4}]},"uagb_featured_image_src":{"full":["https:\/\/camporan.com\/wp-content\/uploads\/2018\/06\/MiniVAN-Dokker.jpg",1200,1200,false],"thumbnail":["https:\/\/camporan.com\/wp-content\/uploads\/2018\/06\/MiniVAN-Dokker-80x80.jpg",80,80,true],"medium":["https:\/\/camporan.com\/wp-content\/uploads\/2018\/06\/MiniVAN-Dokker-300x300.jpg",300,300,true],"medium_large":["https:\/\/camporan.com\/wp-content\/uploads\/2018\/06\/MiniVAN-Dokker-768x768.jpg",768,768,true],"large":["https:\/\/camporan.com\/wp-content\/uploads\/2018\/06\/MiniVAN-Dokker-1030x1030.jpg",1030,1030,true],"1536x1536":["https:\/\/camporan.com\/wp-content\/uploads\/2018\/06\/MiniVAN-Dokker.jpg",1200,1200,false],"2048x2048":["https:\/\/camporan.com\/wp-content\/uploads\/2018\/06\/MiniVAN-Dokker.jpg",1200,1200,false],"woocommerce_thumbnail":["https:\/\/camporan.com\/wp-content\/uploads\/2018\/06\/MiniVAN-Dokker-600x600.jpg",600,600,true],"woocommerce_single":["https:\/\/camporan.com\/wp-content\/uploads\/2018\/06\/MiniVAN-Dokker-600x600.jpg",600,600,true],"woocommerce_gallery_thumbnail":["https:\/\/camporan.com\/wp-content\/uploads\/2018\/06\/MiniVAN-Dokker-100x100.jpg",100,100,true],"wcpr-photo-reviews":["https:\/\/camporan.com\/wp-content\/uploads\/2018\/06\/MiniVAN-Dokker.jpg",500,500,false]},"uagb_author_info":{"display_name":"David Lamolla","author_link":"https:\/\/camporan.com\/ca\/author\/david_lamolla\/"},"uagb_comment_info":4,"uagb_excerpt":"El matal\u00e0s plegable a mesura per a la teva furgoneta petita o mini van. Compatible amb Citro\u00ebn Berlingo, Peugeot Partner\/*Rifter, Renault Kangoo, Mercedes Citan, Fiat Dobl\u00f2, Opel Blego, VW Caddy, Dokker, TownStar i Connect. Escuma d'alta densitat per a un descans real en ruta, amb funda desenfundable i rentable. Compatible amb l'estructura de llit Camporan&hellip;","_links":{"self":[{"href":"https:\/\/camporan.com\/ca\/wp-json\/wp\/v2\/product\/4757","targetHints":{"allow":["GET"]}}],"collection":[{"href":"https:\/\/camporan.com\/ca\/wp-json\/wp\/v2\/product"}],"about":[{"href":"https:\/\/camporan.com\/ca\/wp-json\/wp\/v2\/types\/product"}],"author":[{"embeddable":true,"href":"https:\/\/camporan.com\/ca\/wp-json\/wp\/v2\/users\/7"}],"replies":[{"embeddable":true,"href":"https:\/\/camporan.com\/ca\/wp-json\/wp\/v2\/comments?post=4757"}],"wp:featuredmedia":[{"embeddable":true,"href":"https:\/\/camporan.com\/ca\/wp-json\/wp\/v2\/media\/5232"}],"wp:attachment":[{"href":"https:\/\/camporan.com\/ca\/wp-json\/wp\/v2\/media?parent=4757"}],"wp:term":[{"taxonomy":"product_brand","embeddable":true,"href":"https:\/\/camporan.com\/ca\/wp-json\/wp\/v2\/product_brand?post=4757"},{"taxonomy":"product_cat","embeddable":true,"href":"https:\/\/camporan.com\/ca\/wp-json\/wp\/v2\/product_cat?post=4757"},{"taxonomy":"product_tag","embeddable":true,"href":"https:\/\/camporan.com\/ca\/wp-json\/wp\/v2\/product_tag?post=4757"}],"curies":[{"name":"wp","href":"https:\/\/api.w.org\/{rel}","templated":true}]}}