{"id":4216,"date":"2018-06-17T09:32:05","date_gmt":"2018-06-17T07:32:05","guid":{"rendered":"http:\/\/www.camporan.com\/producto\/pack-ford-courier-estructura-de-cama-colchon-plegable\/"},"modified":"2026-04-10T09:30:07","modified_gmt":"2026-04-10T07:30:07","slug":"pack-ford-courier-estructura-de-llit-matalas-plegable","status":"publish","type":"product","link":"https:\/\/camporan.com\/ca\/botiga\/pack-ford-courier-estructura-de-llit-matalas-plegable\/","title":{"rendered":"Kit Camper Ford Courier: Estructura de Llit + Matal\u00e0s Plegable"},"content":{"rendered":"<h2>PER A QUINS MODELS FORD \u00c9S COMPATIBLEESTE KIT CAMPER?<\/h2>\n<p>Ford Transit Courier \/ Ford Tourneo Courier, 2014-2023<\/p>\n<p>Si tens la nova <strong>Tourneo Courier <\/strong>o <strong>Transit Courier 2023+<\/strong>, aqu\u00ed pots veure el <a href=\"https:\/\/camporan.com\/mini-van-estructura-de-cama-colchon-plegable\/\" target=\"_blank\" rel=\"noopener\">Kit camper per a furgoneta petita<\/a> corresponent.<\/p>\n<h3>Tamb\u00e9 compatible amb Dacia Jogger (novetat!)<\/h3>\n<h2>CARACTER\u00cdSTIQUES PRINCIPALS:<\/h2>\n<p>Aquest kit camper per a Ford Courier t\u00e9 un disseny exclusiu per a camperizar la micro-furgoneta m\u00e9s venuda.<\/p>\n<p>Lleugera i f\u00e0cil de transportar, emmagatzemar, i muntar o desmuntar. Es munta en menys de 2 minuts, i permet aprofitar bona part del maleter, fins i tot amb els matalassos del llit.<br \/>\n No afecta el xass\u00eds del vehicle.<\/p>\n<p>Per la nueva Tourneo Courier y Transit Courier de 2023+, no es compatible; per aquesta furgoneta tenim el Kit MiniVAN.<\/p>\n<h2>CARACTER\u00cdSTIQUES T\u00c8CNIQUES:<\/h2>\n<h3>Materials:<\/h3>\n<ul>\n<li>El material base \u00e9s tauler de fusta de bedoll de 12 mm (Tauler mar\u00ed), revestit amb resina marr\u00f3, antilliscant a la cara superior, i llisa en la inferior.<\/li>\n<li>Cants arrodonits i segellats en zona de maleter, i amb feltre adhesiu en zones de contacte amb la carrosseria<\/li>\n<\/ul>\n<h3>Preparaci\u00f3:<\/h3>\n<ul>\n<li>Les peces ja tenen la mesura de la Courier, sigui la Ford Transit Courier o la Tourneo Courier (cal indicar model a l&#8217;fer la comanda).<\/li>\n<\/ul>\n<h3>Muntatge en menys de 2 minuts.<\/h3>\n<ul>\n<li>El muntatge \u00e9s molt senzill i no afecta el xass\u00eds de el vehicle.<\/li>\n<li>Pes Pack Camperitzat: 31 kg.<\/li>\n<li>Dimensions Llit de furgoneta: 184 x 131 cm.<\/li>\n<\/ul>\n<h2>MATAL\u00c0S:<\/h2>\n<p>Matal\u00e0s de 183 x 128 x 6 cm. Escuma d\u00b4alta densitat 30Kg\/m\u00b3 (dur). Funda de teixit de loneta, amb cremalleres per poder netejar les fundes. 4 escumes, 2 unides i plegables com un llibre.<\/p>\n","protected":false},"excerpt":{"rendered":"<p>Amb aquest kit camper per a Ford Courier, llit + matal\u00e0s plegable, camperiza el teu Ford Transit Courier o Tourneo Courier (2014-2023) estan dissenyats espec\u00edficament per al teu model. Fabricada en contraxapat de bedoll mar\u00ed de 9 capes: lleugera, r\u00edgida i duradora. Muntatge r\u00e0pid i senzill, sense cap eina. Quan no la usis, es plega i cap en el maleter sense ocupar espai. 14 clients ja dormen millor en el seu Courier. I tu?     <\/p>\n<h2>Tens la Dacia Jogger?<\/h2>\n<p>Aprofita el <strong>descompte exclusiu de llan\u00e7ament, d&#8217;un 20%<\/strong> !<br \/>\nOportunitat \u00fanica per <strong>equipar la teva Dacia Jogger<\/strong> al millor preu.  <em>(S&#8217;apliquen condicions).<\/em><\/p>\n<p>&nbsp;<\/p>\n","protected":false},"author":7,"featured_media":4163,"comment_status":"open","ping_status":"closed","template":"","meta":{"om_disable_all_campaigns":false,"_uag_custom_page_level_css":"","site-sidebar-layout":"default","site-content-layout":"default","ast-site-content-layout":"default","site-content-style":"default","site-sidebar-style":"default","ast-global-header-display":"","ast-banner-title-visibility":"","ast-main-header-display":"","ast-hfb-above-header-display":"","ast-hfb-below-header-display":"","ast-hfb-mobile-header-display":"","site-post-title":"","ast-breadcrumbs-content":"","ast-featured-img":"","footer-sml-layout":"","ast-disable-related-posts":"","theme-transparent-header-meta":"default","adv-header-id-meta":"","stick-header-meta":"default","header-above-stick-meta":"","header-main-stick-meta":"","header-below-stick-meta":"","astra-migrate-meta-layouts":"default","ast-page-background-enabled":"default","ast-page-background-meta":{"desktop":{"background-color":"","background-image":"","background-repeat":"repeat","background-position":"center center","background-size":"auto","background-attachment":"scroll","background-type":"","background-media":"","overlay-type":"","overlay-color":"","overlay-opacity":"","overlay-gradient":""},"tablet":{"background-color":"","background-image":"","background-repeat":"repeat","background-position":"center center","background-size":"auto","background-attachment":"scroll","background-type":"","background-media":"","overlay-type":"","overlay-color":"","overlay-opacity":"","overlay-gradient":""},"mobile":{"background-color":"","background-image":"","background-repeat":"repeat","background-position":"center center","background-size":"auto","background-attachment":"scroll","background-type":"","background-media":"","overlay-type":"","overlay-color":"","overlay-opacity":"","overlay-gradient":""}},"ast-content-background-meta":{"desktop":{"background-color":"var(--ast-global-color-5)","background-image":"","background-repeat":"repeat","background-position":"center center","background-size":"auto","background-attachment":"scroll","background-type":"","background-media":"","overlay-type":"","overlay-color":"","overlay-opacity":"","overlay-gradient":""},"tablet":{"background-color":"var(--ast-global-color-5)","background-image":"","background-repeat":"repeat","background-position":"center center","background-size":"auto","background-attachment":"scroll","background-type":"","background-media":"","overlay-type":"","overlay-color":"","overlay-opacity":"","overlay-gradient":""},"mobile":{"background-color":"var(--ast-global-color-5)","background-image":"","background-repeat":"repeat","background-position":"center center","background-size":"auto","background-attachment":"scroll","background-type":"","background-media":"","overlay-type":"","overlay-color":"","overlay-opacity":"","overlay-gradient":""}}},"product_brand":[],"product_cat":[815,137],"product_tag":[167,166,999],"class_list":{"0":"post-4216","1":"product","2":"type-product","3":"status-publish","4":"has-post-thumbnail","6":"product_cat-camper-ca","7":"product_cat-packs","8":"product_tag-ford-tourneo-courier-ca","9":"product_tag-ford-transit-courier-ca","10":"product_tag-microfurgone","11":"desktop-align-center","12":"tablet-align-center","13":"mobile-align-center","14":"ast-product-gallery-layout-horizontal","15":"ast-product-tabs-layout-vertical","17":"first","18":"instock","19":"sale","20":"taxable","21":"shipping-taxable","22":"purchasable","23":"product-type-bundle"},"bundled_by":[],"bundle_stock_status":"instock","bundle_stock_quantity":"","bundle_virtual":false,"bundle_layout":"grid","bundle_add_to_cart_form_location":"default","bundle_editable_in_cart":false,"bundle_sold_individually_context":"product","bundle_item_grouping":"parent","bundle_min_size":"","bundle_max_size":"","bundle_price":{"price":{"min":{"incl_tax":"782","excl_tax":"646.280992"},"max":{"incl_tax":"782","excl_tax":"646.280992"}},"regular_price":{"min":{"incl_tax":"815","excl_tax":"673.553719"},"max":{"incl_tax":"815","excl_tax":"673.553719"}}},"bundled_items":[{"bundled_item_id":3,"product_id":4037,"menu_order":0,"quantity_min":1,"quantity_max":1,"quantity_default":1,"priced_individually":false,"shipped_individually":false,"override_title":false,"title":"Matal\u00e0s per a furgoneta Ford Transit Courier","override_description":false,"description":"Matal\u00e0s per a furgoneta Ford Transit Courier","optional":false,"hide_thumbnail":false,"discount":"","override_variations":false,"allowed_variations":[""],"override_default_variation_attributes":false,"default_variation_attributes":[],"single_product_visibility":"hidden","cart_visibility":"visible","order_visibility":"visible","single_product_price_visibility":"visible","cart_price_visibility":"visible","order_price_visibility":"visible","stock_status":"in_stock"},{"bundled_item_id":4,"product_id":4039,"menu_order":1,"quantity_min":1,"quantity_max":1,"quantity_default":1,"priced_individually":false,"shipped_individually":false,"override_title":false,"title":"Estructura de Llit per a Ford Courier","override_description":false,"description":"Estructura de Llit per a Ford Courier","optional":false,"hide_thumbnail":false,"discount":"","override_variations":false,"allowed_variations":[""],"override_default_variation_attributes":false,"default_variation_attributes":[],"single_product_visibility":"hidden","cart_visibility":"visible","order_visibility":"visible","single_product_price_visibility":"visible","cart_price_visibility":"visible","order_price_visibility":"visible","stock_status":"in_stock"}],"bundle_sell_ids":[],"exclude_global_add_ons":false,"addons":[{"name":"Extres per al matal\u00e0s:","type":"checkbox","position":0,"required":false,"title_format":"label","default":"","description_enable":true,"description":"Es poden demanar canvis pel que fa al tipus d'escuma, gruix o color de la funda. Qualsevol d'aquestes opcions addicionals impliquen fabricaci\u00f3 especial sota comanda, per la qual cosa el termini de lliurament pot augmentar entre 8 i 15 dies, i es perd amb el matal\u00e0s el dret de desistiment, ja que \u00e9s un producte fabricat a mida [Llei 1\/2007Art 103 c)]","placeholder_enable":false,"placeholder":null,"display":"select","restrictions_type":"any_text","adjust_price":false,"price":"","price_type":"flat_fee","restrictions":false,"min":"0","max":"0","options":[{"label":"Increment de l'espessor en 2cm (reducci\u00f3 amplada en 4cm)","price":"40","price_type":"flat_fee","image":0,"visibility":true},{"label":"3cm de viscol\u00e0stica, amb el mateix gruix total (3+3v)","price":"40","price_type":"flat_fee","image":0,"visibility":true},{"label":"Increment gruix +2cm, i escuma D25 \"ferm\" (no D30). Reducci\u00f3 amplada total en 4cm (8cm) ","price":"20","price_type":"flat_fee","image":0,"visibility":true},{"label":"Canvi de color de la funda","price":"20","price_type":"flat_fee","image":0,"visibility":true}],"id":1715772931},{"name":"Extres per a l'estructura:","type":"checkbox","position":1,"required":false,"title_format":"label","default":"","description_enable":false,"description":null,"placeholder_enable":false,"placeholder":null,"display":"select","restrictions_type":"any_text","adjust_price":false,"price":"","price_type":"flat_fee","restrictions":false,"min":"0","max":"0","options":[{"label":"3 potes addicionals per a m\u00e9s riquidesa, recomanable per a persones de pes superior a 80Kg","price":"15","price_type":"flat_fee","image":0,"visibility":true}],"id":1720440743},{"name":"Extres per al matal\u00e0s:","type":"checkbox","position":0,"required":false,"title_format":"label","default":"","description_enable":true,"description":"Es poden demanar canvis respecte del tipus d'escuma, gruix o color de la funda. Qualsevol d'aquestes opcions addicionals impliquen fabricaci\u00f3 especial sota comanda, per la qual cosa el termini de lliurament pot augmentar entre 8 i 15 dies, i es perd amb el matal\u00e0s el dret de desistiment, en tractar-se d'un producte fabricat a mida [Llei 1\/ 2007Art 103 c)]","placeholder_enable":false,"placeholder":"","display":"select","restrictions_type":"any_text","adjust_price":false,"price":"","price_type":"flat_fee","restrictions":false,"min":"0","max":"0","options":[{"label":"Increment de l'espessor en 2cm","price":"40","price_type":"flat_fee","image":0,"visibility":true},{"label":"Augment de la densitat a D30 \"dur\"","price":"35","price_type":"flat_fee","image":0,"visibility":true},{"label":"3 cm de viscoel\u00e0stica, amb el mateix gruix total","price":"40","price_type":"flat_fee","image":0,"visibility":true},{"label":"Canvi de color de la funda","price":"25","price_type":"flat_fee","image":0,"visibility":true}],"id":1686912989}],"aioseo_notices":[],"spectra_custom_meta":{"_wpml_word_count":["366"],"_alp_processed":["1775806208"],"_sku":["4514"],"_sale_price_dates_from":[""],"_sale_price_dates_to":[""],"_tax_status":["taxable"],"_tax_class":[""],"_manage_stock":["yes"],"_backorders":["notify"],"_sold_individually":["no"],"_length":["110"],"_width":["70"],"_purchase_note":[""],"_virtual":["no"],"_downloadable":["no"],"_product_image_gallery":["4041,4038,12566,4170,5170,5174,5178,11149,12572,10400"],"_download_limit":["-1"],"_download_expiry":["-1"],"_stock_status":["instock"],"_wc_average_rating":["5.00"],"_wc_review_count":["14"],"_downloadable_files":["a:0:{}"],"_product_version":["10.6.1"],"_wpml_media_duplicate":["1"],"_wpml_media_featured":["1"],"_av_alb_posts_elements_state":["a:0:{}"],"_av_el_mgr_version":["1.0"],"_av_alb_element_mgr_version":["1.0.1"],"_aviaLayoutBuilder_active":[""],"_avia_sc_parser_state":["check_only"],"_avia_builder_shortcode_tree":["a:0:{}"],"layout":[""],"sidebar":[""],"footer":[""],"header_title_bar":[""],"header_transparency":[""],"_product_hover":[""],"_avia_hide_featured_image":["0"],"_wpml_location_migration_done":["1"],"_related_ids":["a:2:{i:0;i:4039;i:1;i:4037;}"],"_thumbnail_id":["4163"],"wcml_sync_hash":["a:1:{s:15:\"postmeta_fields\";s:32:\"1f374226d9f6fc86d6fd998847125aaa\";}"],"attr_label_translations":["a:0:{}"],"_product_attributes":["a:0:{}"],"_default_attributes":["a:0:{}"],"_children":["a:0:{}"],"_wp_old_slug":["pack-ford-courier-estructura-de-cama-colchon-plegable"],"_height":["40"],"_last_translation_edit_mode":["translation-editor"],"_stock":["1"],"_low_stock_amount":["0"],"_edit_lock":["1677487410:58"],"_edit_last":["58"],"_aioseop_opengraph_settings":["a:0:{}"],"_vtwf_enable_tab":["no"],"_vtwf_tab_title":[""],"_vtwf_hide_title":["no"],"_vtwf_video_content":[""],"_aviaLayoutBuilderCleanData":[""],"_wcml_average_rating":["5.00"],"_wcml_review_count":["14"],"_wp_attachment_metadata":[""],"_top_nav_excluded":[""],"_cms_nav_minihome":[""],"site-sidebar-layout":["default"],"site-content-layout":["default"],"theme-transparent-header-meta":["default"],"woosb_disable_auto_price":["on"],"woosb_discount":["0"],"woosb_discount_amount":["38"],"woosb_shipping_fee":["whole"],"woosb_optional_products":["off"],"woosb_manage_stock":["off"],"woosb_limit_each_min":[""],"woosb_limit_each_max":[""],"woosb_limit_each_min_default":["off"],"woosb_limit_whole_min":[""],"woosb_limit_whole_max":[""],"_aioseo_og_article_section":[""],"_aioseo_og_article_tags":[""],"_wpml_media_has_media":["1"],"stick-header-meta":["default"],"woosb_ids":["4037\/1,4039\/1"],"_wcml_rating_count":["a:1:{i:5;i:14;}"],"_product_meta_id":["0"],"_wc_pb_edit_in_cart":["no"],"_product_addons_exclude_global":["0"],"_wc_pb_bundled_items_stock_sync_status":["synced"],"_wc_pb_layout_style":["grid"],"_wcpb_min_qty_limit":[""],"_wcpb_max_qty_limit":[""],"_wc_pb_virtual_bundle":["no"],"_wc_pb_group_mode":["parent"],"_wc_pb_aggregate_weight":["no"],"_wc_pb_sold_individually_context":["product"],"_wc_pb_add_to_cart_form_location":["default"],"total_sales":["91"],"ast-site-content-layout":["default"],"site-content-style":["default"],"site-sidebar-style":["default"],"_wc_rating_count":[{"5":14}],"_weight":["29"],"_regular_price":["815"],"_sale_price":["782"],"_price":["782"],"_wc_pb_base_regular_price":["815"],"_wc_pb_base_sale_price":["782"],"_wc_pb_base_price":["782"],"_wc_sw_max_price":["782"],"_wc_sw_max_regular_price":["815"],"_crosssell_ids":["a:1:{i:0;i:8968;}"],"_upsell_ids":["a:3:{i:0;i:9026;i:1;i:4037;i:2;i:4039;}"],"_aioseop_title":["Pack Ford Courier: Matal\u00e0s + Estructura llit"],"_aioseop_description":["Pack compost per estructura per llit i matal\u00e0s plegable per a micro-furgoneta: Ford Transit Courier i Ford Tourneo Courier"],"_aioseop_keywords":["camperizar ford Tourneo courier"],"_aioseo_title":["Kit Camper per a Ford Courier | Transit - Tourneo | Camporan"],"_aioseo_description":["Kit Camper per a Ford Courier llit + matal\u00e0s plegable Ford Transit i Tourneo (2014-2023). Sense eines. Tamb\u00e9 v\u00e0lid per a Dacia Jogger. Comrpa ara!   "],"_aioseo_keywords":["camperizar ford Tourneo courier"],"_product_addons":["a:2:{i:0;a:20:{s:4:\"name\";s:23:\"Extres per al matal\u00e0s:\";s:12:\"title_format\";s:5:\"label\";s:18:\"description_enable\";i:1;s:11:\"description\";s:354:\"Es poden demanar canvis pel que fa al tipus d'escuma, gruix o color de la funda. Qualsevol d'aquestes opcions addicionals impliquen fabricaci\u00f3 especial sota comanda, per la qual cosa el termini de lliurament pot augmentar entre 8 i 15 dies, i es perd amb el matal\u00e0s el dret de desistiment, ja que \u00e9s un producte fabricat a mida [Llei 1\/2007Art 103 c)]\";s:18:\"placeholder_enable\";i:0;s:11:\"placeholder\";N;s:4:\"type\";s:8:\"checkbox\";s:7:\"display\";s:6:\"select\";s:8:\"position\";i:0;s:8:\"required\";i:0;s:12:\"restrictions\";i:0;s:17:\"restrictions_type\";s:8:\"any_text\";s:12:\"adjust_price\";i:0;s:10:\"price_type\";s:8:\"flat_fee\";s:5:\"price\";s:0:\"\";s:2:\"id\";s:10:\"1715772931\";s:3:\"min\";i:0;s:3:\"max\";i:0;s:7:\"default\";s:0:\"\";s:7:\"options\";a:4:{i:0;a:5:{s:5:\"label\";s:57:\"Increment de l'espessor en 2cm (reducci\u00f3 amplada en 4cm)\";s:5:\"price\";s:2:\"40\";s:5:\"image\";s:0:\"\";s:10:\"price_type\";s:8:\"flat_fee\";s:10:\"visibility\";i:1;}i:1;a:5:{s:5:\"label\";s:54:\"3cm de viscol\u00e0stica, amb el mateix gruix total (3+3v)\";s:5:\"price\";s:2:\"40\";s:5:\"image\";s:0:\"\";s:10:\"price_type\";s:8:\"flat_fee\";s:10:\"visibility\";i:1;}i:2;a:5:{s:5:\"label\";s:89:\"Increment gruix +2cm, i escuma D25 \"ferm\" (no D30). Reducci\u00f3 amplada total en 4cm (8cm) \";s:5:\"price\";s:2:\"20\";s:5:\"image\";s:0:\"\";s:10:\"price_type\";s:8:\"flat_fee\";s:10:\"visibility\";i:1;}i:3;a:5:{s:5:\"label\";s:26:\"Canvi de color de la funda\";s:5:\"price\";s:2:\"20\";s:5:\"image\";s:0:\"\";s:10:\"price_type\";s:8:\"flat_fee\";s:10:\"visibility\";i:1;}}}i:1;a:20:{s:4:\"name\";s:26:\"Extres per a l'estructura:\";s:12:\"title_format\";s:5:\"label\";s:18:\"description_enable\";i:0;s:11:\"description\";N;s:18:\"placeholder_enable\";i:0;s:11:\"placeholder\";N;s:4:\"type\";s:8:\"checkbox\";s:7:\"display\";s:6:\"select\";s:8:\"position\";i:1;s:8:\"required\";i:0;s:12:\"restrictions\";i:0;s:17:\"restrictions_type\";s:8:\"any_text\";s:12:\"adjust_price\";i:0;s:10:\"price_type\";s:8:\"flat_fee\";s:5:\"price\";s:0:\"\";s:2:\"id\";s:10:\"1720440743\";s:3:\"min\";i:0;s:3:\"max\";i:0;s:7:\"default\";s:0:\"\";s:7:\"options\";a:1:{i:0;a:5:{s:5:\"label\";s:91:\"3 potes addicionals per a m\u00e9s riquidesa, recomanable per a persones de pes superior a 80Kg\";s:5:\"price\";s:2:\"15\";s:5:\"image\";s:0:\"\";s:10:\"price_type\";s:8:\"flat_fee\";s:10:\"visibility\";i:1;}}}}"],"_schema_json":["a:0:{}"],"_schema_json_timestamp":["1777453893"],"_uag_page_assets":["a:9:{s:3:\"css\";s:0:\"\";s:2:\"js\";s:0:\"\";s:18:\"current_block_list\";a:2:{i:0;s:12:\"core\/heading\";i:1;s:14:\"core\/paragraph\";}s:8:\"uag_flag\";b:0;s:11:\"uag_version\";i:1777443538;s:6:\"gfonts\";a:0:{}s:10:\"gfonts_url\";s:0:\"\";s:12:\"gfonts_files\";a:0:{}s:14:\"uag_faq_layout\";b:0;}"]},"uagb_featured_image_src":{"full":["https:\/\/camporan.com\/wp-content\/uploads\/2018\/06\/Ford-Courier_01.jpeg",1000,750,false],"thumbnail":["https:\/\/camporan.com\/wp-content\/uploads\/2018\/06\/Ford-Courier_01-80x80.jpeg",80,80,true],"medium":["https:\/\/camporan.com\/wp-content\/uploads\/2018\/06\/Ford-Courier_01-300x225.jpeg",300,225,true],"medium_large":["https:\/\/camporan.com\/wp-content\/uploads\/2018\/06\/Ford-Courier_01-768x576.jpeg",768,576,true],"large":["https:\/\/camporan.com\/wp-content\/uploads\/2018\/06\/Ford-Courier_01.jpeg",1000,750,false],"1536x1536":["https:\/\/camporan.com\/wp-content\/uploads\/2018\/06\/Ford-Courier_01.jpeg",1000,750,false],"2048x2048":["https:\/\/camporan.com\/wp-content\/uploads\/2018\/06\/Ford-Courier_01.jpeg",1000,750,false],"woocommerce_thumbnail":["https:\/\/camporan.com\/wp-content\/uploads\/2018\/06\/Ford-Courier_01-600x450.jpeg",600,450,true],"woocommerce_single":["https:\/\/camporan.com\/wp-content\/uploads\/2018\/06\/Ford-Courier_01-600x450.jpeg",600,450,true],"woocommerce_gallery_thumbnail":["https:\/\/camporan.com\/wp-content\/uploads\/2018\/06\/Ford-Courier_01-100x100.jpeg",100,100,true],"wcpr-photo-reviews":["https:\/\/camporan.com\/wp-content\/uploads\/2018\/06\/Ford-Courier_01.jpeg",500,375,false]},"uagb_author_info":{"display_name":"David Lamolla","author_link":"https:\/\/camporan.com\/ca\/author\/david_lamolla\/"},"uagb_comment_info":14,"uagb_excerpt":"Amb aquest kit camper per a Ford Courier, llit + matal\u00e0s plegable, camperiza el teu Ford Transit Courier o Tourneo Courier (2014-2023) estan dissenyats espec\u00edficament per al teu model. Fabricada en contraxapat de bedoll mar\u00ed de 9 capes: lleugera, r\u00edgida i duradora. Muntatge r\u00e0pid i senzill, sense cap eina. Quan no la usis, es plega&hellip;","_links":{"self":[{"href":"https:\/\/camporan.com\/ca\/wp-json\/wp\/v2\/product\/4216","targetHints":{"allow":["GET"]}}],"collection":[{"href":"https:\/\/camporan.com\/ca\/wp-json\/wp\/v2\/product"}],"about":[{"href":"https:\/\/camporan.com\/ca\/wp-json\/wp\/v2\/types\/product"}],"author":[{"embeddable":true,"href":"https:\/\/camporan.com\/ca\/wp-json\/wp\/v2\/users\/7"}],"replies":[{"embeddable":true,"href":"https:\/\/camporan.com\/ca\/wp-json\/wp\/v2\/comments?post=4216"}],"wp:featuredmedia":[{"embeddable":true,"href":"https:\/\/camporan.com\/ca\/wp-json\/wp\/v2\/media\/4163"}],"wp:attachment":[{"href":"https:\/\/camporan.com\/ca\/wp-json\/wp\/v2\/media?parent=4216"}],"wp:term":[{"taxonomy":"product_brand","embeddable":true,"href":"https:\/\/camporan.com\/ca\/wp-json\/wp\/v2\/product_brand?post=4216"},{"taxonomy":"product_cat","embeddable":true,"href":"https:\/\/camporan.com\/ca\/wp-json\/wp\/v2\/product_cat?post=4216"},{"taxonomy":"product_tag","embeddable":true,"href":"https:\/\/camporan.com\/ca\/wp-json\/wp\/v2\/product_tag?post=4216"}],"curies":[{"name":"wp","href":"https:\/\/api.w.org\/{rel}","templated":true}]}}