{"id":4042,"date":"2018-06-17T09:43:48","date_gmt":"2018-06-17T07:43:48","guid":{"rendered":"http:\/\/www.camporan.com\/producto\/estructura-de-llit-mini-van\/"},"modified":"2026-04-15T20:30:13","modified_gmt":"2026-04-15T18:30:13","slug":"estructura-de-llit-mini-van","status":"publish","type":"product","link":"https:\/\/camporan.com\/ca\/botiga\/estructura-de-llit-mini-van\/","title":{"rendered":"Estructura de Llit per a Furgoneta Petita MiniVan"},"content":{"rendered":"<h2>PER A QUINES FURGONETES PETITES \u00c9S COMPATIBLE?<\/h2>\n<p>Citr\u00f6en Berlingo \/ Peugeot Partner \/ Rifter \/ Toyota Proace City \/ Renault Kangoo \/ Dacia Dokker \/ Mercedes Citan &#8211; Classe T \/ Fiat Dobl\u00f3 \/ Opel Combo \/ VW Caddy \/ Ford Tourneo Courier (2023+), Nissan TownStar, Ford Connect.<\/p>\n<h2>CARACTER\u00cdSTIQUES T\u00c8CNIQUES:<\/h2>\n<h3>Materials:<\/h3>\n<ul>\n<li>El material base \u00e9s tauler contraxapat de bedoll (Tauler mar\u00ed), revestit amb resina marr\u00f3, llisa en una cara i antilliscant en una altra. \u00c9s de 12mm de gruix a la zona de maleter, i de 12mm + refor\u00e7os, a la davantera.<\/li>\n<li>Al\u00e7ada per defecte: 35cm (d&#8217;ara especials sota comanda).<\/li>\n<li>Cantonadess arrodonides, i amb feltre adhesiu en zones de contacte amb la carrosseria.<\/li>\n<\/ul>\n<h3>Preparaci\u00f3:<\/h3>\n<ul>\n<li>En rebre el paquet, cal ajustar 4 peces per adaptar l&#8217;estructura de llit a l&#8217;amplada del vehicle per al qual vagi destinat, cargolant 4 aquestes peces segons el manual d&#8217;instal\u00b7laci\u00f3. Aquests cargols no caldr\u00e0 tornar-los a ajustar.<\/li>\n<li>Si ens facilites el model, podem preparar nosaltres les potes davanteres.<\/li>\n<\/ul>\n<h3>Muntatge i desmuntatge sense eines:<\/h3>\n<p>El muntatge \u00e9s molt senzill i no afecta el xass\u00eds de el vehicle.<\/p>\n<ul>\n<li>Pes: 28 kg (somier).<\/li>\n<li>Dimensions: 136 x 183 cm.<\/li>\n<\/ul>\n<h2 id=\"extraminivan\">Suport per a furgonetes XL<\/h2>\n<p>Pots ampliar la teva comanda comprant un suport per al somier Mini Van si el teu model de furgoneta \u00e9s Berlingo XL o Rifter XL. No cal comprar-lo, si instal\u00b7les el llit com si fos la furgoneta versi\u00f3 curta: es muntar\u00e0 igual, per\u00f2 deixant m\u00e9s espai lliure a la zona de la porta de maleter.<\/p>\n<p><img loading=\"lazy\" decoding=\"async\" class=\"alignnone wp-image-9659 size-large\" src=\"https:\/\/camporan.com\/wp-content\/uploads\/2018\/06\/MiniVAN-XL-support-1-1030x633.jpg\" alt=\"Suport per a furgonetes XL\" width=\"1030\" height=\"633\" srcset=\"https:\/\/camporan.com\/wp-content\/uploads\/2018\/06\/MiniVAN-XL-support-1-1030x633.jpg 1030w, https:\/\/camporan.com\/wp-content\/uploads\/2018\/06\/MiniVAN-XL-support-1-600x369.jpg 600w, https:\/\/camporan.com\/wp-content\/uploads\/2018\/06\/MiniVAN-XL-support-1-300x184.jpg 300w, https:\/\/camporan.com\/wp-content\/uploads\/2018\/06\/MiniVAN-XL-support-1-768x472.jpg 768w, https:\/\/camporan.com\/wp-content\/uploads\/2018\/06\/MiniVAN-XL-support-1.jpg 1200w\" sizes=\"auto, (max-width: 1030px) 100vw, 1030px\" \/><\/p>\n","protected":false},"excerpt":{"rendered":"<p>L&#8217;estructura de llit per a furgoneta petita m\u00e9s valorada del cat\u00e0leg Camporan. Dissenyada en 3 peces amb punts d&#8217;ancoratge, \u00e9s la soluci\u00f3 m\u00e9s precisa per al segment mini van. Compatible amb Citro\u00ebn Berlingo, Peugeot Partner\/*Rifter, Renault Kangoo, Mercedes Citan, Fiat Dobl\u00f2, Opel Blego, VW Caddy, Ford Tourneo Courier II, Dokker, TownStar i Connect. Fabricada en tauler fen\u00f2lic: lleugera, r\u00edgida i pensada per a espais compactes. Sense matal\u00e0s incl\u00f2s, combina-la amb el matal\u00e0s Camporan per a mini van o amb el teu propi.    <\/p>\n","protected":false},"author":7,"featured_media":4271,"comment_status":"open","ping_status":"closed","template":"","meta":{"om_disable_all_campaigns":false,"_uag_custom_page_level_css":"","site-sidebar-layout":"default","site-content-layout":"default","ast-site-content-layout":"default","site-content-style":"default","site-sidebar-style":"default","ast-global-header-display":"","ast-banner-title-visibility":"","ast-main-header-display":"","ast-hfb-above-header-display":"","ast-hfb-below-header-display":"","ast-hfb-mobile-header-display":"","site-post-title":"","ast-breadcrumbs-content":"","ast-featured-img":"","footer-sml-layout":"","ast-disable-related-posts":"","theme-transparent-header-meta":"default","adv-header-id-meta":"","stick-header-meta":"default","header-above-stick-meta":"","header-main-stick-meta":"","header-below-stick-meta":"","astra-migrate-meta-layouts":"set","ast-page-background-enabled":"default","ast-page-background-meta":{"desktop":{"background-color":"","background-image":"","background-repeat":"repeat","background-position":"center center","background-size":"auto","background-attachment":"scroll","background-type":"","background-media":"","overlay-type":"","overlay-color":"","overlay-opacity":"","overlay-gradient":""},"tablet":{"background-color":"","background-image":"","background-repeat":"repeat","background-position":"center center","background-size":"auto","background-attachment":"scroll","background-type":"","background-media":"","overlay-type":"","overlay-color":"","overlay-opacity":"","overlay-gradient":""},"mobile":{"background-color":"","background-image":"","background-repeat":"repeat","background-position":"center center","background-size":"auto","background-attachment":"scroll","background-type":"","background-media":"","overlay-type":"","overlay-color":"","overlay-opacity":"","overlay-gradient":""}},"ast-content-background-meta":{"desktop":{"background-color":"var(--ast-global-color-5)","background-image":"","background-repeat":"repeat","background-position":"center center","background-size":"auto","background-attachment":"scroll","background-type":"","background-media":"","overlay-type":"","overlay-color":"","overlay-opacity":"","overlay-gradient":""},"tablet":{"background-color":"var(--ast-global-color-5)","background-image":"","background-repeat":"repeat","background-position":"center center","background-size":"auto","background-attachment":"scroll","background-type":"","background-media":"","overlay-type":"","overlay-color":"","overlay-opacity":"","overlay-gradient":""},"mobile":{"background-color":"var(--ast-global-color-5)","background-image":"","background-repeat":"repeat","background-position":"center center","background-size":"auto","background-attachment":"scroll","background-type":"","background-media":"","overlay-type":"","overlay-color":"","overlay-opacity":"","overlay-gradient":""}}},"product_brand":[],"product_cat":[537,663,815,585,609,933,555,118,642,627,630,564,942],"product_tag":[172,176,175,177,380,462,995,174,178],"class_list":{"0":"post-4042","1":"product","2":"type-product","3":"status-publish","4":"has-post-thumbnail","6":"product_cat-berlingo","7":"product_cat-cady-iii-2003-2020","8":"product_cat-camper-ca","9":"product_cat-citan","10":"product_cat-combo","11":"product_cat-courier-ii-ca-2","12":"product_cat-doblo","13":"product_cat-estructures","14":"product_cat-kangoo-ii","15":"product_cat-partner-ii","16":"product_cat-rifter","17":"product_cat-tourneo-connect","18":"product_cat-townstar-ca","19":"product_tag-citroen_berlingo-ca","20":"product_tag-fiat-doblo","21":"product_tag-mercedes-citan","22":"product_tag-opel-combo","23":"product_tag-partner-ca","24":"product_tag-peugeot-rifter-ca","25":"product_tag-piccolo-furgone","26":"product_tag-renault-kangoo","27":"product_tag-vw-caddy","28":"desktop-align-center","29":"tablet-align-center","30":"mobile-align-center","31":"ast-product-gallery-layout-horizontal","32":"ast-product-tabs-layout-vertical","34":"first","35":"instock","36":"taxable","37":"shipping-taxable","38":"purchasable","39":"product-type-simple"},"bundled_by":["1181"],"bundle_stock_status":"instock","bundle_stock_quantity":39,"bundle_virtual":false,"bundle_layout":"","bundle_add_to_cart_form_location":"","bundle_editable_in_cart":false,"bundle_sold_individually_context":"","bundle_item_grouping":"","bundle_min_size":"","bundle_max_size":"","bundle_price":[],"bundled_items":[],"bundle_sell_ids":[],"exclude_global_add_ons":false,"addons":[{"name":"Extras","type":"checkbox","position":0,"required":false,"title_format":"label","default":"","description_enable":true,"description":"Suport per a furgonetes XLModificaci\u00f3 de la xarxa amb suport per a models com Berlingo XL i Rifter XL <a href=\"#extraminivan\">M\u00e9s informaci\u00f3<\/a>","placeholder_enable":false,"placeholder":null,"display":"select","restrictions_type":"any_text","adjust_price":false,"price":"","price_type":"flat_fee","restrictions":false,"min":"0","max":"0","options":[{"label":"Suport XL","price":"45","price_type":"flat_fee","image":0,"visibility":true},{"label":"Al\u00e7ada addicional 2-5cm (consultar)","price":"40","price_type":"flat_fee","image":0,"visibility":true},{"label":"Al\u00e7ada addicional 6-10cm (consultar)","price":"75","price_type":"flat_fee","image":0,"visibility":true}],"id":1711219291},{"name":"Extres per al matal\u00e0s:","type":"checkbox","position":0,"required":false,"title_format":"label","default":"","description_enable":true,"description":"Es poden demanar canvis respecte del tipus d'escuma, gruix o color de la funda. Qualsevol d'aquestes opcions addicionals impliquen fabricaci\u00f3 especial sota comanda, per la qual cosa el termini de lliurament pot augmentar entre 8 i 15 dies, i es perd amb el matal\u00e0s el dret de desistiment, en tractar-se d'un producte fabricat a mida [Llei 1\/ 2007Art 103 c)]","placeholder_enable":false,"placeholder":"","display":"select","restrictions_type":"any_text","adjust_price":false,"price":"","price_type":"flat_fee","restrictions":false,"min":"0","max":"0","options":[{"label":"Increment de l'espessor en 2cm","price":"40","price_type":"flat_fee","image":0,"visibility":true},{"label":"Augment de la densitat a D30 \"dur\"","price":"35","price_type":"flat_fee","image":0,"visibility":true},{"label":"3 cm de viscoel\u00e0stica, amb el mateix gruix total","price":"40","price_type":"flat_fee","image":0,"visibility":true},{"label":"Canvi de color de la funda","price":"25","price_type":"flat_fee","image":0,"visibility":true}],"id":1686912989}],"aioseo_notices":[],"spectra_custom_meta":{"_wpml_word_count":["341"],"_download_limit":["-1"],"_download_expiry":["-1"],"_downloadable":["no"],"_manage_stock":["yes"],"_sku":["4001"],"_stock_status":["instock"],"_sold_individually":["no"],"_tax_class":[""],"_tax_status":["taxable"],"_virtual":["no"],"_width":["75"],"_sale_price":[""],"_sale_price_dates_from":[""],"_sale_price_dates_to":[""],"_wpml_media_duplicate":["1"],"_wpml_media_featured":["0"],"_aviaLayoutBuilder_active":[""],"_avia_builder_shortcode_tree":["a:0:{}"],"sidebar":[""],"footer":[""],"header_title_bar":[""],"header_transparency":[""],"layout":[""],"_alp_processed":["1775639406"],"wcml_sync_hash":["a:1:{s:15:\"postmeta_fields\";s:32:\"2e35bfd328358f1ab2c2f19620bce69d\";}"],"_purchase_note":[""],"attr_label_translations":["a:0:{}"],"_product_attributes":["a:0:{}"],"_default_attributes":["a:0:{}"],"_children":["a:0:{}"],"_product_image_gallery":["131,8351,1045,4275,11459,13360,11149"],"_wc_review_count":["15"],"_wc_rating_count":[{"5":15}],"_wc_average_rating":["5.00"],"_av_el_mgr_version":["1.0"],"_av_alb_posts_elements_state":["a:0:{}"],"_wp_attachment_metadata":[""],"_stock":["39"],"_product_version":["10.7.0"],"total_sales":["355"],"_low_stock_amount":["0"],"_edit_lock":["1770104388:58"],"_edit_last":["58"],"_avia_sc_parser_state":["check_only"],"_aioseop_opengraph_settings":["a:0:{}"],"_vtwf_enable_tab":["yes"],"_vtwf_tab_title":[""],"_vtwf_hide_title":["no"],"_vtwf_video_content":["https:\/\/www.youtube.com\/shorts\/zquTaC5XC0E"],"_aviaLayoutBuilderCleanData":[""],"_product_hover":[""],"_last_translation_edit_mode":["translation-editor"],"_avia_hide_featured_image":["0"],"_thumbnail_id":["4271"],"_related_ids":["a:3:{i:0;i:4757;i:1;i:2141;i:2;i:1181;}"],"_wcml_average_rating":["5.00"],"_wcml_review_count":["15"],"_height":["12"],"_length":["125"],"_top_nav_excluded":["",""],"_cms_nav_minihome":["",""],"site-sidebar-layout":["default"],"site-content-layout":["default"],"theme-transparent-header-meta":["default"],"_aioseo_og_article_section":[""],"_aioseo_og_article_tags":["a:0:{}"],"_wpml_media_has_media":["1"],"stick-header-meta":["default"],"_product_meta_id":["0"],"_wcml_rating_count":["a:1:{i:5;i:15;}"],"_product_addons_exclude_global":["0"],"ast-site-content-layout":["default"],"site-content-style":["default"],"site-sidebar-style":["default"],"_backorders":["no"],"_downloadable_files":[""],"_weight":["24"],"_regular_price":["645"],"_price":["645"],"_aioseo_og_title":[""],"_aioseo_og_description":[""],"_aioseo_twitter_title":[""],"_aioseo_twitter_description":[""],"cmplz_hide_cookiebanner":[""],"om_disable_all_campaigns":[""],"astra-migrate-meta-layouts":["set"],"_oembed_750aef67a7fc3307245a8d0c55104445":["<iframe title=\"MiniVan Bed and Matress, folding and unfolding\" width=\"563\" height=\"1000\" src=\"https:\/\/www.youtube.com\/embed\/zquTaC5XC0E?feature=oembed\" frameborder=\"0\" allow=\"accelerometer; autoplay; clipboard-write; encrypted-media; gyroscope; picture-in-picture; web-share\" referrerpolicy=\"strict-origin-when-cross-origin\" allowfullscreen><\/iframe>"],"_oembed_time_750aef67a7fc3307245a8d0c55104445":["1770104420"],"_upsell_ids":["a:3:{i:0;i:4757;i:1;i:1181;i:2;i:5237;}"],"_aioseop_title":["Estructura de llit minivan"],"_aioseop_description":["Estructura de llit per furgoneta tipus Berlingo \/ Partner \/ Rifter \/ Kangoo \/ Citen \/ Fiat Va doblegar \/ Opel Combo \/ Caddy \/ Dacia Dokker"],"_aioseop_keywords":["camperitzar berlingo, llit partner, llit renault kangoo, llit rifter, llit vw caddy"],"_aioseo_title":["Estructura de Llit per a Furgoneta Petita MiniVan | Camporan"],"_aioseo_description":["Estructura de llit per a furgoneta petita i mini van: Berlingo, Kangoo, Caddy, Citen i m\u00e9s. 15 valoracions 5\/5. Sense matal\u00e0s incl\u00f2s. Des de 645\u20ac. En estoc!    "],"_aioseo_keywords":["camperitzar berlingo,llit partner,llit renault kangoo,llit rifter,llit vw caddy"],"_product_addons":["a:1:{i:0;a:20:{s:4:\"name\";s:6:\"Extras\";s:12:\"title_format\";s:5:\"label\";s:18:\"description_enable\";i:1;s:11:\"description\";s:147:\"Suport per a furgonetes XLModificaci\u00f3 de la xarxa amb suport per a models com Berlingo XL i Rifter XL <a href=\"#extraminivan\">M\u00e9s informaci\u00f3<\/a>\";s:18:\"placeholder_enable\";i:0;s:11:\"placeholder\";N;s:4:\"type\";s:8:\"checkbox\";s:7:\"display\";s:6:\"select\";s:8:\"position\";i:0;s:8:\"required\";i:0;s:12:\"restrictions\";i:0;s:17:\"restrictions_type\";s:8:\"any_text\";s:12:\"adjust_price\";i:0;s:10:\"price_type\";s:8:\"flat_fee\";s:5:\"price\";s:0:\"\";s:2:\"id\";s:10:\"1711219291\";s:3:\"min\";i:0;s:3:\"max\";i:0;s:7:\"default\";s:0:\"\";s:7:\"options\";a:3:{i:0;a:5:{s:5:\"label\";s:9:\"Suport XL\";s:5:\"price\";s:2:\"45\";s:5:\"image\";s:0:\"\";s:10:\"price_type\";s:8:\"flat_fee\";s:10:\"visibility\";i:1;}i:1;a:5:{s:5:\"label\";s:36:\"Al\u00e7ada addicional 2-5cm (consultar)\";s:5:\"price\";s:2:\"40\";s:5:\"image\";s:0:\"\";s:10:\"price_type\";s:8:\"flat_fee\";s:10:\"visibility\";i:1;}i:2;a:5:{s:5:\"label\";s:37:\"Al\u00e7ada addicional 6-10cm (consultar)\";s:5:\"price\";s:2:\"75\";s:5:\"image\";s:0:\"\";s:10:\"price_type\";s:8:\"flat_fee\";s:10:\"visibility\";i:1;}}}}"],"_schema_json":["a:0:{}"],"_schema_json_timestamp":["1776678922"]},"uagb_featured_image_src":{"full":["https:\/\/camporan.com\/wp-content\/uploads\/2018\/06\/Mini-Van-Somier-Furgoneta-lateral.jpg",1000,667,false],"thumbnail":["https:\/\/camporan.com\/wp-content\/uploads\/2018\/06\/Mini-Van-Somier-Furgoneta-lateral-80x80.jpg",80,80,true],"medium":["https:\/\/camporan.com\/wp-content\/uploads\/2018\/06\/Mini-Van-Somier-Furgoneta-lateral-300x200.jpg",300,200,true],"medium_large":["https:\/\/camporan.com\/wp-content\/uploads\/2018\/06\/Mini-Van-Somier-Furgoneta-lateral-768x512.jpg",768,512,true],"large":["https:\/\/camporan.com\/wp-content\/uploads\/2018\/06\/Mini-Van-Somier-Furgoneta-lateral.jpg",1000,667,false],"1536x1536":["https:\/\/camporan.com\/wp-content\/uploads\/2018\/06\/Mini-Van-Somier-Furgoneta-lateral.jpg",1000,667,false],"2048x2048":["https:\/\/camporan.com\/wp-content\/uploads\/2018\/06\/Mini-Van-Somier-Furgoneta-lateral.jpg",1000,667,false],"woocommerce_thumbnail":["https:\/\/camporan.com\/wp-content\/uploads\/2018\/06\/Mini-Van-Somier-Furgoneta-lateral-600x400.jpg",600,400,true],"woocommerce_single":["https:\/\/camporan.com\/wp-content\/uploads\/2018\/06\/Mini-Van-Somier-Furgoneta-lateral-600x400.jpg",600,400,true],"woocommerce_gallery_thumbnail":["https:\/\/camporan.com\/wp-content\/uploads\/2018\/06\/Mini-Van-Somier-Furgoneta-lateral-100x100.jpg",100,100,true],"wcpr-photo-reviews":["https:\/\/camporan.com\/wp-content\/uploads\/2018\/06\/Mini-Van-Somier-Furgoneta-lateral.jpg",500,334,false]},"uagb_author_info":{"display_name":"David Lamolla","author_link":"https:\/\/camporan.com\/ca\/author\/david_lamolla\/"},"uagb_comment_info":15,"uagb_excerpt":"L'estructura de llit per a furgoneta petita m\u00e9s valorada del cat\u00e0leg Camporan. Dissenyada en 3 peces amb punts d'ancoratge, \u00e9s la soluci\u00f3 m\u00e9s precisa per al segment mini van. Compatible amb Citro\u00ebn Berlingo, Peugeot Partner\/*Rifter, Renault Kangoo, Mercedes Citan, Fiat Dobl\u00f2, Opel Blego, VW Caddy, Ford Tourneo Courier II, Dokker, TownStar i Connect. Fabricada en&hellip;","_links":{"self":[{"href":"https:\/\/camporan.com\/ca\/wp-json\/wp\/v2\/product\/4042","targetHints":{"allow":["GET"]}}],"collection":[{"href":"https:\/\/camporan.com\/ca\/wp-json\/wp\/v2\/product"}],"about":[{"href":"https:\/\/camporan.com\/ca\/wp-json\/wp\/v2\/types\/product"}],"author":[{"embeddable":true,"href":"https:\/\/camporan.com\/ca\/wp-json\/wp\/v2\/users\/7"}],"replies":[{"embeddable":true,"href":"https:\/\/camporan.com\/ca\/wp-json\/wp\/v2\/comments?post=4042"}],"wp:featuredmedia":[{"embeddable":true,"href":"https:\/\/camporan.com\/ca\/wp-json\/wp\/v2\/media\/4271"}],"wp:attachment":[{"href":"https:\/\/camporan.com\/ca\/wp-json\/wp\/v2\/media?parent=4042"}],"wp:term":[{"taxonomy":"product_brand","embeddable":true,"href":"https:\/\/camporan.com\/ca\/wp-json\/wp\/v2\/product_brand?post=4042"},{"taxonomy":"product_cat","embeddable":true,"href":"https:\/\/camporan.com\/ca\/wp-json\/wp\/v2\/product_cat?post=4042"},{"taxonomy":"product_tag","embeddable":true,"href":"https:\/\/camporan.com\/ca\/wp-json\/wp\/v2\/product_tag?post=4042"}],"curies":[{"name":"wp","href":"https:\/\/api.w.org\/{rel}","templated":true}]}}