{"id":4039,"date":"2018-06-17T12:27:27","date_gmt":"2018-06-17T10:27:27","guid":{"rendered":"http:\/\/www.camporan.com\/producto\/estructura-de-llit-ford-courier\/"},"modified":"2026-04-08T08:12:28","modified_gmt":"2026-04-08T06:12:28","slug":"estructura-de-llit-ford-courier","status":"publish","type":"product","link":"https:\/\/camporan.com\/ca\/botiga\/estructura-de-llit-ford-courier\/","title":{"rendered":"Estructura de Llit per a Ford Courier"},"content":{"rendered":"<h2>PER A QUINS MODELS FORD COURIER \u00c9S COMPATIBLE?<\/h2>\n<p>Ford Transit Courier \/ Ford Tourneo Courier<\/p>\n<p>Si teniu la nova <strong>Tourneo Courier<\/strong> o <strong>Transit Courier 2023+<\/strong> , l&#8217; <a href=\"https:\/\/camporan.com\/estructura-de-cama-mini-van\/\" target=\"_blank\" rel=\"noopener\">estructura de llit corresponent \u00e9s la MiniVAN<\/a> .<\/p>\n<h2><strong>CARACTER\u00cdSTIQUES PRINCIPALS:<\/strong><\/h2>\n<p>Disseny exclusiu per a la micro-furgoneta de Ford m\u00e9s venuda, que et permet tenir estructura i un llit la Ford Transit Courier i la Ford Tourneo Courier.<\/p>\n<p>Lleuger i f\u00e0cil de transportar, emmagatzemar, i muntar o desmuntar. Es munta en menys de 2 minuts i permet aprofitar bona part del maleter, fins i tot amb els matalassos del llit.<br \/>\n No afecta el xass\u00eds del vehicle.<\/p>\n<h2>CARACTER\u00cdSTIQUES T\u00c8CNIQUES:<\/h2>\n<h3>Materials:<\/h3>\n<ul>\n<li>El material base \u00e9s tauler de fusta de bedoll de 12 mm (Tauler mar\u00ed), revestit amb resina marr\u00f3, llisa en una cara inferior i antilliscant a la cara superior per evitar el lliscament de l&#8217;matal\u00e0s de la furgoneta.<\/li>\n<li>Cantonades arrodonides i segellades en zona de maleter, i amb feltre adhesiu en zones de contacte amb la carrosseria.<\/li>\n<\/ul>\n<h3>Preparaci\u00f3:<\/h3>\n<ul>\n<li>Les peces ja tenen la mesura de la Courier, sigui Transit Courier o Tourneo Courier.<\/li>\n<\/ul>\n<h3>Muntatge i desmuntatge f\u00e0cil i r\u00e0pid:<\/h3>\n<ul>\n<li>El muntatge del llit \u00e9s molt senzill i no afecta el xass\u00eds del teu furgoneta Ford.<\/li>\n<li>Pes: 26 kg.<\/li>\n<li>Dimensions: 185 x 130 cm.<\/li>\n<\/ul>\n","protected":false},"excerpt":{"rendered":"<p>L&#8217;estructura de llit per a Ford Courier \u00e9s la m\u00e9s econ\u00f2mica del cat\u00e0leg Camporan, dissenyada a mesura per al Ford Transit Courier i el Ford Tourneo Courier. Lleugera, compacta i s\u00f2lida, es munta i desmunta en minuts sense cap eina, amb espai aprofitable sota el llit. Sense matal\u00e0s incl\u00f2s, perqu\u00e8 tri\u00efs el teu o ho combinis amb el matal\u00e0s Camporan per a Courier. Construcci\u00f3 de qualitat al preu m\u00e9s accessible de la gamma, des de 620\u20ac.   <\/p>\n","protected":false},"author":7,"featured_media":4041,"comment_status":"open","ping_status":"closed","template":"","meta":{"om_disable_all_campaigns":false,"_uag_custom_page_level_css":"","site-sidebar-layout":"default","site-content-layout":"default","ast-site-content-layout":"default","site-content-style":"default","site-sidebar-style":"default","ast-global-header-display":"","ast-banner-title-visibility":"","ast-main-header-display":"","ast-hfb-above-header-display":"","ast-hfb-below-header-display":"","ast-hfb-mobile-header-display":"","site-post-title":"","ast-breadcrumbs-content":"","ast-featured-img":"","footer-sml-layout":"","ast-disable-related-posts":"","theme-transparent-header-meta":"default","adv-header-id-meta":"","stick-header-meta":"default","header-above-stick-meta":"","header-main-stick-meta":"","header-below-stick-meta":"","astra-migrate-meta-layouts":"default","ast-page-background-enabled":"default","ast-page-background-meta":{"desktop":{"background-color":"","background-image":"","background-repeat":"repeat","background-position":"center center","background-size":"auto","background-attachment":"scroll","background-type":"","background-media":"","overlay-type":"","overlay-color":"","overlay-opacity":"","overlay-gradient":""},"tablet":{"background-color":"","background-image":"","background-repeat":"repeat","background-position":"center center","background-size":"auto","background-attachment":"scroll","background-type":"","background-media":"","overlay-type":"","overlay-color":"","overlay-opacity":"","overlay-gradient":""},"mobile":{"background-color":"","background-image":"","background-repeat":"repeat","background-position":"center center","background-size":"auto","background-attachment":"scroll","background-type":"","background-media":"","overlay-type":"","overlay-color":"","overlay-opacity":"","overlay-gradient":""}},"ast-content-background-meta":{"desktop":{"background-color":"var(--ast-global-color-5)","background-image":"","background-repeat":"repeat","background-position":"center center","background-size":"auto","background-attachment":"scroll","background-type":"","background-media":"","overlay-type":"","overlay-color":"","overlay-opacity":"","overlay-gradient":""},"tablet":{"background-color":"var(--ast-global-color-5)","background-image":"","background-repeat":"repeat","background-position":"center center","background-size":"auto","background-attachment":"scroll","background-type":"","background-media":"","overlay-type":"","overlay-color":"","overlay-opacity":"","overlay-gradient":""},"mobile":{"background-color":"var(--ast-global-color-5)","background-image":"","background-repeat":"repeat","background-position":"center center","background-size":"auto","background-attachment":"scroll","background-type":"","background-media":"","overlay-type":"","overlay-color":"","overlay-opacity":"","overlay-gradient":""}}},"product_brand":[],"product_cat":[118,567,576],"product_tag":[169,145,167,166,168,170,147],"class_list":{"0":"post-4039","1":"product","2":"type-product","3":"status-publish","4":"has-post-thumbnail","6":"product_cat-estructures","7":"product_cat-tourneo-courier","8":"product_cat-transit-courier","9":"product_tag-courier-ca","10":"product_tag-ford-ca","11":"product_tag-ford-tourneo-courier-ca","12":"product_tag-ford-transit-courier-ca","13":"product_tag-micro-furgoneta-ca","14":"product_tag-tourneo-ca","15":"product_tag-transit-ca","16":"desktop-align-center","17":"tablet-align-center","18":"mobile-align-center","19":"ast-product-gallery-layout-horizontal","20":"ast-product-tabs-layout-vertical","22":"first","23":"instock","24":"taxable","25":"shipping-taxable","26":"purchasable","27":"product-type-simple"},"bundled_by":["4216"],"bundle_stock_status":"instock","bundle_stock_quantity":4,"bundle_virtual":false,"bundle_layout":"","bundle_add_to_cart_form_location":"","bundle_editable_in_cart":false,"bundle_sold_individually_context":"","bundle_item_grouping":"","bundle_min_size":"","bundle_max_size":"","bundle_price":[],"bundled_items":[],"bundle_sell_ids":[],"exclude_global_add_ons":false,"addons":[{"name":"Extres per a l'estructura:","type":"checkbox","position":0,"required":false,"title_format":"label","default":"","description_enable":false,"description":"Les opcions addicionals impliquen fabricaci\u00f3 especial sota comanda, per la qual cosa el termini de lliurament pot augmentar entre 8 i 15 dies, i es perd amb el matal\u00e0s el dret de desistiment, ja que \u00e9s un producte fabricat a mida [Ley 1\/2007Art 103 c)]","placeholder_enable":false,"placeholder":null,"display":"select","restrictions_type":"any_text","adjust_price":false,"price":"","price_type":"flat_fee","restrictions":false,"min":"0","max":"0","options":[{"label":"3 potes addicionals per a m\u00e9s riquidesa, recomanable per a persones de pes superior a 80Kg","price":"15","price_type":"flat_fee","image":0,"visibility":true}],"id":1720440522},{"name":"Extres per al matal\u00e0s:","type":"checkbox","position":0,"required":false,"title_format":"label","default":"","description_enable":true,"description":"Es poden demanar canvis respecte del tipus d'escuma, gruix o color de la funda. Qualsevol d'aquestes opcions addicionals impliquen fabricaci\u00f3 especial sota comanda, per la qual cosa el termini de lliurament pot augmentar entre 8 i 15 dies, i es perd amb el matal\u00e0s el dret de desistiment, en tractar-se d'un producte fabricat a mida [Llei 1\/ 2007Art 103 c)]","placeholder_enable":false,"placeholder":"","display":"select","restrictions_type":"any_text","adjust_price":false,"price":"","price_type":"flat_fee","restrictions":false,"min":"0","max":"0","options":[{"label":"Increment de l'espessor en 2cm","price":"40","price_type":"flat_fee","image":0,"visibility":true},{"label":"Augment de la densitat a D30 \"dur\"","price":"35","price_type":"flat_fee","image":0,"visibility":true},{"label":"3 cm de viscoel\u00e0stica, amb el mateix gruix total","price":"40","price_type":"flat_fee","image":0,"visibility":true},{"label":"Canvi de color de la funda","price":"25","price_type":"flat_fee","image":0,"visibility":true}],"id":1686912989}],"aioseo_notices":[],"spectra_custom_meta":{"_wpml_word_count":["284"],"_backorders":["notify"],"_download_limit":["-1"],"_download_expiry":["-1"],"_downloadable":["no"],"_manage_stock":["yes"],"_sku":["4114"],"_stock":["4"],"_stock_status":["instock"],"_sold_individually":["no"],"_tax_class":[""],"_tax_status":["taxable"],"_virtual":["no"],"_width":[""],"_height":[""],"_length":[""],"_sale_price":[""],"_sale_price_dates_from":[""],"_sale_price_dates_to":[""],"_wpml_media_duplicate":["1"],"_wpml_media_featured":["0"],"_aviaLayoutBuilder_active":[""],"_avia_builder_shortcode_tree":["a:0:{}"],"sidebar":[""],"footer":[""],"header_title_bar":[""],"header_transparency":[""],"layout":[""],"_alp_processed":["1775628748"],"wcml_sync_hash":["a:1:{s:15:\"postmeta_fields\";s:32:\"7c40a5814589470beec2b11ba3b1fa7e\";}"],"_purchase_note":[""],"_downloadable_files":["a:0:{}"],"attr_label_translations":["a:0:{}"],"_product_attributes":["a:0:{}"],"_default_attributes":["a:0:{}"],"_children":["a:0:{}"],"_product_image_gallery":["1060,4833,5198,4837,11444,4040,5202,11149,1063"],"_wc_review_count":["4"],"_wc_average_rating":["5.00"],"_av_el_mgr_version":["1.0"],"_av_alb_posts_elements_state":["a:0:{}"],"_wp_attachment_metadata":[""],"_product_version":["10.0.4"],"_low_stock_amount":["0"],"_edit_lock":["1632820075:9"],"_edit_last":["9"],"_avia_sc_parser_state":["check_only"],"_aioseop_opengraph_settings":["a:0:{}"],"_vtwf_enable_tab":["no"],"_vtwf_tab_title":[""],"_vtwf_hide_title":["no"],"_vtwf_video_content":[""],"_aviaLayoutBuilderCleanData":[""],"_product_hover":[""],"_last_translation_edit_mode":["translation-editor"],"_avia_hide_featured_image":["0"],"_wcml_average_rating":["5.00"],"_wcml_review_count":["4"],"_thumbnail_id":["4041"],"_top_nav_excluded":[""],"_cms_nav_minihome":[""],"site-sidebar-layout":["default"],"site-content-layout":["default"],"theme-transparent-header-meta":["default"],"_aioseo_og_article_section":[""],"_aioseo_og_article_tags":[""],"_wpml_media_has_media":["1"],"stick-header-meta":["default"],"_wcml_rating_count":["a:1:{i:5;i:4;}"],"total_sales":["117"],"_product_addons_exclude_global":["0"],"ast-site-content-layout":["default"],"site-content-style":["default"],"site-sidebar-style":["default"],"_crosssell_ids":["a:1:{i:0;i:9027;}"],"_weight":["24"],"_regular_price":["620"],"_price":["620"],"_upsell_ids":["a:3:{i:0;i:4037;i:1;i:4042;i:2;i:4216;}"],"_aioseop_title":["Moble llit per a Ford Courier"],"_aioseop_description":["Moble llit plegable per furgoneta Ford Transit Courier i Ford Torneig Courier."],"_aioseop_keywords":["camperizar ford Tourneo courier, Ford Transit Courier camper"],"_aioseo_title":["Estructura de Llit per a Ford Courier | Camporan"],"_aioseo_description":["Estructura de llit per a Ford Transit Courier i Tourneo Courier. Lleugera, compacta i f\u00e0cil de muntar. Sense matal\u00e0s. Des de 620\u20ac, la m\u00e9s accessible de la gamma.   "],"_aioseo_keywords":["camperitzar ford tourneo courier,Ford Transit Courier camper"],"_product_addons":["a:1:{i:0;a:20:{s:4:\"name\";s:26:\"Extres per a l'estructura:\";s:12:\"title_format\";s:5:\"label\";s:18:\"description_enable\";i:0;s:11:\"description\";s:255:\"Les opcions addicionals impliquen fabricaci\u00f3 especial sota comanda, per la qual cosa el termini de lliurament pot augmentar entre 8 i 15 dies, i es perd amb el matal\u00e0s el dret de desistiment, ja que \u00e9s un producte fabricat a mida [Ley 1\/2007Art 103 c)]\";s:18:\"placeholder_enable\";i:0;s:11:\"placeholder\";N;s:4:\"type\";s:8:\"checkbox\";s:7:\"display\";s:6:\"select\";s:8:\"position\";i:0;s:8:\"required\";i:0;s:12:\"restrictions\";i:0;s:17:\"restrictions_type\";s:8:\"any_text\";s:12:\"adjust_price\";i:0;s:10:\"price_type\";s:8:\"flat_fee\";s:5:\"price\";s:0:\"\";s:2:\"id\";s:10:\"1720440522\";s:3:\"min\";i:0;s:3:\"max\";i:0;s:7:\"default\";s:0:\"\";s:7:\"options\";a:1:{i:0;a:5:{s:5:\"label\";s:91:\"3 potes addicionals per a m\u00e9s riquidesa, recomanable per a persones de pes superior a 80Kg\";s:5:\"price\";s:2:\"15\";s:5:\"image\";s:0:\"\";s:10:\"price_type\";s:8:\"flat_fee\";s:10:\"visibility\";i:1;}}}}"],"_schema_json":["a:0:{}"],"_schema_json_timestamp":["1777553790"],"_wc_rating_count":[{"5":4}]},"uagb_featured_image_src":{"full":["https:\/\/camporan.com\/wp-content\/uploads\/2018\/06\/Ford-Courier-6990.jpeg",1000,1333,false],"thumbnail":["https:\/\/camporan.com\/wp-content\/uploads\/2018\/06\/Ford-Courier-6990-80x80.jpeg",80,80,true],"medium":["https:\/\/camporan.com\/wp-content\/uploads\/2018\/06\/Ford-Courier-6990-225x300.jpeg",225,300,true],"medium_large":["https:\/\/camporan.com\/wp-content\/uploads\/2018\/06\/Ford-Courier-6990-768x1024.jpeg",768,1024,true],"large":["https:\/\/camporan.com\/wp-content\/uploads\/2018\/06\/Ford-Courier-6990-773x1030.jpeg",773,1030,true],"1536x1536":["https:\/\/camporan.com\/wp-content\/uploads\/2018\/06\/Ford-Courier-6990.jpeg",1000,1333,false],"2048x2048":["https:\/\/camporan.com\/wp-content\/uploads\/2018\/06\/Ford-Courier-6990.jpeg",1000,1333,false],"woocommerce_thumbnail":["https:\/\/camporan.com\/wp-content\/uploads\/2018\/06\/Ford-Courier-6990-600x800.jpeg",600,800,true],"woocommerce_single":["https:\/\/camporan.com\/wp-content\/uploads\/2018\/06\/Ford-Courier-6990-600x800.jpeg",600,800,true],"woocommerce_gallery_thumbnail":["https:\/\/camporan.com\/wp-content\/uploads\/2018\/06\/Ford-Courier-6990-100x100.jpeg",100,100,true],"wcpr-photo-reviews":["https:\/\/camporan.com\/wp-content\/uploads\/2018\/06\/Ford-Courier-6990.jpeg",375,500,false]},"uagb_author_info":{"display_name":"David Lamolla","author_link":"https:\/\/camporan.com\/ca\/author\/david_lamolla\/"},"uagb_comment_info":4,"uagb_excerpt":"L'estructura de llit per a Ford Courier \u00e9s la m\u00e9s econ\u00f2mica del cat\u00e0leg Camporan, dissenyada a mesura per al Ford Transit Courier i el Ford Tourneo Courier. Lleugera, compacta i s\u00f2lida, es munta i desmunta en minuts sense cap eina, amb espai aprofitable sota el llit. Sense matal\u00e0s incl\u00f2s, perqu\u00e8 tri\u00efs el teu o ho&hellip;","_links":{"self":[{"href":"https:\/\/camporan.com\/ca\/wp-json\/wp\/v2\/product\/4039","targetHints":{"allow":["GET"]}}],"collection":[{"href":"https:\/\/camporan.com\/ca\/wp-json\/wp\/v2\/product"}],"about":[{"href":"https:\/\/camporan.com\/ca\/wp-json\/wp\/v2\/types\/product"}],"author":[{"embeddable":true,"href":"https:\/\/camporan.com\/ca\/wp-json\/wp\/v2\/users\/7"}],"replies":[{"embeddable":true,"href":"https:\/\/camporan.com\/ca\/wp-json\/wp\/v2\/comments?post=4039"}],"wp:featuredmedia":[{"embeddable":true,"href":"https:\/\/camporan.com\/ca\/wp-json\/wp\/v2\/media\/4041"}],"wp:attachment":[{"href":"https:\/\/camporan.com\/ca\/wp-json\/wp\/v2\/media?parent=4039"}],"wp:term":[{"taxonomy":"product_brand","embeddable":true,"href":"https:\/\/camporan.com\/ca\/wp-json\/wp\/v2\/product_brand?post=4039"},{"taxonomy":"product_cat","embeddable":true,"href":"https:\/\/camporan.com\/ca\/wp-json\/wp\/v2\/product_cat?post=4039"},{"taxonomy":"product_tag","embeddable":true,"href":"https:\/\/camporan.com\/ca\/wp-json\/wp\/v2\/product_tag?post=4039"}],"curies":[{"name":"wp","href":"https:\/\/api.w.org\/{rel}","templated":true}]}}