{"id":4037,"date":"2018-06-17T12:37:47","date_gmt":"2018-06-17T10:37:47","guid":{"rendered":"http:\/\/www.camporan.com\/producto\/matalas-llit-ford-courier\/"},"modified":"2026-04-07T18:04:00","modified_gmt":"2026-04-07T16:04:00","slug":"matalas-per-llit-ford-courier","status":"publish","type":"product","link":"https:\/\/camporan.com\/ca\/botiga\/matalas-per-llit-ford-courier\/","title":{"rendered":"Matal\u00e0s per a furgoneta Ford Transit Courier"},"content":{"rendered":"<h2>PER A QUINS MODELS FORD \u00c9S COMPATIBLE?<\/h2>\n<p>Ford Transit Courier (2014-2023)\/ Ford Tourneo Courier (2014-2023)<\/p>\n<p>Si tens la nova <strong>Tourneo Courier<\/strong> o <strong>Transit Courier 2023+<\/strong> , aqu\u00ed pots veure el <a href=\"https:\/\/camporan.com\/colchon-para-cama-mini-van\/\" target=\"_blank\" rel=\"noopener\">matal\u00e0s<\/a> corresponent.<\/p>\n<h3>CARACTER\u00cdSTIQUES DEL MATAL\u00c0S<\/h3>\n<p>Matal\u00e0s de 183 x 128 x 6 cm. Escuma d\u00b4alta densitat 30Kg\/m3 &#8220;Ferma&#8221;. Funda amb cremalleres de loneta blava fosc. 4 escumes, 2 d&#8217;elles plagables com un llibre.<\/p>\n<ul>\n<li>Pes: 5,8 Kg.<\/li>\n<li>Dimensions: 183 x 128 x 6 cm.<\/li>\n<li>Teixit: Loneta amb cremalleres. 60% cot\u00f3, 40% poliamida.<\/li>\n<\/ul>\n","protected":false},"excerpt":{"rendered":"<p>El matal\u00e0s plegable per a furgonetes Ford que encaixa on ha d&#8217;encaixar. Fabricat a mesura per al Ford Transit Courier i el Ford Tourneo Courier (fins a 2023), amb escuma d&#8217;alta densitat perqu\u00e8 el descans en ruta sigui de veritat. Funda desenfundable i rentable per a mantenir-ho sempre net. Compatible amb l&#8217;estructura de llit Camporan \u2014 o usa-ho nom\u00e9s si ja tens la teva. El complement que li faltava a la teva furgoneta.    <\/p>\n","protected":false},"author":7,"featured_media":1130,"comment_status":"open","ping_status":"closed","template":"","meta":{"om_disable_all_campaigns":false,"_uag_custom_page_level_css":"","site-sidebar-layout":"default","site-content-layout":"default","ast-site-content-layout":"default","site-content-style":"default","site-sidebar-style":"default","ast-global-header-display":"","ast-banner-title-visibility":"","ast-main-header-display":"","ast-hfb-above-header-display":"","ast-hfb-below-header-display":"","ast-hfb-mobile-header-display":"","site-post-title":"","ast-breadcrumbs-content":"","ast-featured-img":"","footer-sml-layout":"","ast-disable-related-posts":"","theme-transparent-header-meta":"default","adv-header-id-meta":"","stick-header-meta":"default","header-above-stick-meta":"","header-main-stick-meta":"","header-below-stick-meta":"","astra-migrate-meta-layouts":"default","ast-page-background-enabled":"default","ast-page-background-meta":{"desktop":{"background-color":"","background-image":"","background-repeat":"repeat","background-position":"center center","background-size":"auto","background-attachment":"scroll","background-type":"","background-media":"","overlay-type":"","overlay-color":"","overlay-opacity":"","overlay-gradient":""},"tablet":{"background-color":"","background-image":"","background-repeat":"repeat","background-position":"center center","background-size":"auto","background-attachment":"scroll","background-type":"","background-media":"","overlay-type":"","overlay-color":"","overlay-opacity":"","overlay-gradient":""},"mobile":{"background-color":"","background-image":"","background-repeat":"repeat","background-position":"center center","background-size":"auto","background-attachment":"scroll","background-type":"","background-media":"","overlay-type":"","overlay-color":"","overlay-opacity":"","overlay-gradient":""}},"ast-content-background-meta":{"desktop":{"background-color":"var(--ast-global-color-5)","background-image":"","background-repeat":"repeat","background-position":"center center","background-size":"auto","background-attachment":"scroll","background-type":"","background-media":"","overlay-type":"","overlay-color":"","overlay-opacity":"","overlay-gradient":""},"tablet":{"background-color":"var(--ast-global-color-5)","background-image":"","background-repeat":"repeat","background-position":"center center","background-size":"auto","background-attachment":"scroll","background-type":"","background-media":"","overlay-type":"","overlay-color":"","overlay-opacity":"","overlay-gradient":""},"mobile":{"background-color":"var(--ast-global-color-5)","background-image":"","background-repeat":"repeat","background-position":"center center","background-size":"auto","background-attachment":"scroll","background-type":"","background-media":"","overlay-type":"","overlay-color":"","overlay-opacity":"","overlay-gradient":""}}},"product_brand":[],"product_cat":[136,567,576],"product_tag":[169,145,167,166,168,170,147],"class_list":{"0":"post-4037","1":"product","2":"type-product","3":"status-publish","4":"has-post-thumbnail","6":"product_cat-matalassos","7":"product_cat-tourneo-courier","8":"product_cat-transit-courier","9":"product_tag-courier-ca","10":"product_tag-ford-ca","11":"product_tag-ford-tourneo-courier-ca","12":"product_tag-ford-transit-courier-ca","13":"product_tag-micro-furgoneta-ca","14":"product_tag-tourneo-ca","15":"product_tag-transit-ca","16":"desktop-align-center","17":"tablet-align-center","18":"mobile-align-center","19":"ast-product-gallery-layout-horizontal","20":"ast-product-tabs-layout-vertical","22":"first","23":"instock","24":"taxable","25":"shipping-taxable","26":"purchasable","27":"product-type-simple"},"bundled_by":["4216"],"bundle_stock_status":"instock","bundle_stock_quantity":3,"bundle_virtual":false,"bundle_layout":"","bundle_add_to_cart_form_location":"","bundle_editable_in_cart":false,"bundle_sold_individually_context":"","bundle_item_grouping":"","bundle_min_size":"","bundle_max_size":"","bundle_price":[],"bundled_items":[],"bundle_sell_ids":[],"exclude_global_add_ons":false,"addons":[{"name":"Extres per al matal\u00e0s:","type":"checkbox","position":0,"required":false,"title_format":"label","default":"","description_enable":true,"description":"Es poden demanar canvis pel que fa al tipus d'escuma, gruix o color de la funda. Qualsevol d'aquestes opcions addicionals impliquen fabricaci\u00f3 especial sota comanda, per la qual cosa el termini de lliurament pot augmentar entre 8 i 15 dies, i es perd amb el matal\u00e0s el dret de desistiment, ja que \u00e9s un producte fabricat a mida [Llei 1\/2007Art 103 c)]\n Canvis en el gruix del matal\u00e0s, impliquen tamb\u00e9 una reducci\u00f3 de 4cm de l'amplada total (perqu\u00e8 entri al maleter)","placeholder_enable":false,"placeholder":null,"display":"select","restrictions_type":"any_text","adjust_price":false,"price":"","price_type":"flat_fee","restrictions":false,"min":"0","max":"0","options":[{"label":"Increment de l'espessor en 2cm i escuma ferma D25","price":"25","price_type":"flat_fee","image":0,"visibility":true},{"label":"8cm total, D25 5cm + 3cm de viscol\u00e0stica.","price":"40","price_type":"flat_fee","image":0,"visibility":true},{"label":"Canvi de color de la funda","price":"25","price_type":"flat_fee","image":0,"visibility":true}],"id":1713476299},{"name":"Extres per al matal\u00e0s:","type":"checkbox","position":0,"required":false,"title_format":"label","default":"","description_enable":true,"description":"Es poden demanar canvis respecte del tipus d'escuma, gruix o color de la funda. Qualsevol d'aquestes opcions addicionals impliquen fabricaci\u00f3 especial sota comanda, per la qual cosa el termini de lliurament pot augmentar entre 8 i 15 dies, i es perd amb el matal\u00e0s el dret de desistiment, en tractar-se d'un producte fabricat a mida [Llei 1\/ 2007Art 103 c)]","placeholder_enable":false,"placeholder":"","display":"select","restrictions_type":"any_text","adjust_price":false,"price":"","price_type":"flat_fee","restrictions":false,"min":"0","max":"0","options":[{"label":"Increment de l'espessor en 2cm","price":"40","price_type":"flat_fee","image":0,"visibility":true},{"label":"Augment de la densitat a D30 \"dur\"","price":"35","price_type":"flat_fee","image":0,"visibility":true},{"label":"3 cm de viscoel\u00e0stica, amb el mateix gruix total","price":"40","price_type":"flat_fee","image":0,"visibility":true},{"label":"Canvi de color de la funda","price":"25","price_type":"flat_fee","image":0,"visibility":true}],"id":1686912989}],"aioseo_notices":[],"spectra_custom_meta":{"_wpml_word_count":["153"],"_backorders":["notify"],"_download_limit":["-1"],"_download_expiry":["-1"],"_downloadable":["no"],"_manage_stock":["yes"],"_sku":["4206"],"_stock_status":["instock"],"_sold_individually":["no"],"_tax_class":[""],"_tax_status":["taxable"],"_virtual":["no"],"_width":["70"],"_height":["2.5"],"_length":["110"],"_sale_price":[""],"_sale_price_dates_from":[""],"_sale_price_dates_to":[""],"_wpml_media_duplicate":["1"],"_wpml_media_featured":["0"],"_aviaLayoutBuilder_active":[""],"_avia_builder_shortcode_tree":["a:0:{}"],"sidebar":[""],"footer":[""],"header_title_bar":[""],"header_transparency":[""],"layout":[""],"_alp_processed":["1775577840"],"wcml_sync_hash":["a:1:{s:15:\"postmeta_fields\";s:32:\"ff8c1e364a469888fc83936c5105b907\";}"],"_purchase_note":[""],"_downloadable_files":["a:0:{}"],"attr_label_translations":["a:0:{}"],"_product_attributes":["a:0:{}"],"_default_attributes":["a:0:{}"],"_children":["a:0:{}"],"_product_image_gallery":["12201,12206,1108,9454"],"_wc_review_count":["0"],"_wc_rating_count":[""],"_wc_average_rating":[0],"_av_el_mgr_version":["1.0"],"_av_alb_posts_elements_state":["a:0:{}"],"_wp_attachment_metadata":[""],"_stock":["3"],"_product_version":["5.7.1"],"_low_stock_amount":["0"],"_edit_lock":["1710921473:58"],"_edit_last":["9"],"_avia_sc_parser_state":["check_only"],"_aioseop_opengraph_settings":["a:0:{}"],"_vtwf_enable_tab":["no"],"_vtwf_tab_title":[""],"_vtwf_hide_title":["no"],"_vtwf_video_content":[""],"_aviaLayoutBuilderCleanData":[""],"_product_hover":[""],"_last_translation_edit_mode":["translation-editor"],"_avia_hide_featured_image":["0"],"_related_ids":["a:2:{i:0;i:4039;i:1;i:4216;}"],"_thumbnail_id":["1130"],"site-sidebar-layout":["default"],"site-content-layout":["default"],"theme-transparent-header-meta":["default"],"_aioseo_og_article_section":[""],"_aioseo_og_article_tags":[""],"_wpml_media_has_media":["1"],"stick-header-meta":["default"],"_aioseo_og_title":[null],"_aioseo_og_description":[null],"_aioseo_twitter_title":[null],"_aioseo_twitter_description":[null],"_wcml_average_rating":[null],"_wcml_review_count":[null],"_wcml_rating_count":[null],"_product_addons_exclude_global":["0"],"_top_nav_excluded":[""],"_cms_nav_minihome":[""],"_weight":["6"],"total_sales":["95"],"ast-site-content-layout":["default"],"site-content-style":["default"],"site-sidebar-style":["default"],"_crosssell_ids":["a:1:{i:0;i:9027;}"],"_regular_price":["195"],"_price":["195"],"_upsell_ids":["a:3:{i:0;i:4757;i:1;i:4039;i:2;i:4216;}"],"_aioseop_title":["Matal\u00e0s per a llit Ford Courier"],"_aioseop_description":["Matal\u00e0s plegable v\u00e0lid per a microfurgoneta: Ford Transit Courier i Ford Torneig Courier"],"_aioseop_keywords":["camperizar ford Tourneo courier"],"_aioseo_title":["Matal\u00e0s per a Ford Transit Courier i Tourneo Courier | Camporan"],"_aioseo_description":["Matal\u00e0s plegable a mesura per a Ford Transit Courier i Tourneo Courier (fins a 2023). Alta densitat, funda rentable. Des de 195\u20ac. Encaixa amb l'estructura Camporan.   "],"_aioseo_keywords":["camperizar ford Tourneo courier"],"_product_addons":["a:1:{i:0;a:20:{s:4:\"name\";s:23:\"Extres per al matal\u00e0s:\";s:12:\"title_format\";s:5:\"label\";s:18:\"description_enable\";i:1;s:11:\"description\";s:472:\"Es poden demanar canvis pel que fa al tipus d'escuma, gruix o color de la funda. Qualsevol d'aquestes opcions addicionals impliquen fabricaci\u00f3 especial sota comanda, per la qual cosa el termini de lliurament pot augmentar entre 8 i 15 dies, i es perd amb el matal\u00e0s el dret de desistiment, ja que \u00e9s un producte fabricat a mida [Llei 1\/2007Art 103 c)]\n Canvis en el gruix del matal\u00e0s, impliquen tamb\u00e9 una reducci\u00f3 de 4cm de l'amplada total (perqu\u00e8 entri al maleter)\";s:18:\"placeholder_enable\";i:0;s:11:\"placeholder\";N;s:4:\"type\";s:8:\"checkbox\";s:7:\"display\";s:6:\"select\";s:8:\"position\";i:0;s:8:\"required\";i:0;s:12:\"restrictions\";i:0;s:17:\"restrictions_type\";s:8:\"any_text\";s:12:\"adjust_price\";i:0;s:10:\"price_type\";s:8:\"flat_fee\";s:5:\"price\";s:0:\"\";s:2:\"id\";s:10:\"1713476299\";s:3:\"min\";i:0;s:3:\"max\";i:0;s:7:\"default\";s:0:\"\";s:7:\"options\";a:3:{i:0;a:5:{s:5:\"label\";s:49:\"Increment de l'espessor en 2cm i escuma ferma D25\";s:5:\"price\";s:2:\"25\";s:5:\"image\";s:0:\"\";s:10:\"price_type\";s:8:\"flat_fee\";s:10:\"visibility\";i:1;}i:1;a:5:{s:5:\"label\";s:42:\"8cm total, D25 5cm + 3cm de viscol\u00e0stica.\";s:5:\"price\";s:2:\"40\";s:5:\"image\";s:0:\"\";s:10:\"price_type\";s:8:\"flat_fee\";s:10:\"visibility\";i:1;}i:2;a:5:{s:5:\"label\";s:26:\"Canvi de color de la funda\";s:5:\"price\";s:2:\"25\";s:5:\"image\";s:0:\"\";s:10:\"price_type\";s:8:\"flat_fee\";s:10:\"visibility\";i:1;}}}}"],"_schema_json":["a:0:{}"],"_schema_json_timestamp":["1778517479"],"_uag_page_assets":["a:9:{s:3:\"css\";s:0:\"\";s:2:\"js\";s:0:\"\";s:18:\"current_block_list\";a:2:{i:0;s:12:\"core\/heading\";i:1;s:14:\"core\/paragraph\";}s:8:\"uag_flag\";b:0;s:11:\"uag_version\";i:1778504966;s:6:\"gfonts\";a:0:{}s:10:\"gfonts_url\";s:0:\"\";s:12:\"gfonts_files\";a:0:{}s:14:\"uag_faq_layout\";b:0;}"]},"uagb_featured_image_src":{"full":["https:\/\/camporan.com\/wp-content\/uploads\/2018\/06\/Ford-Courier-Camper.jpeg",1000,750,false],"thumbnail":["https:\/\/camporan.com\/wp-content\/uploads\/2018\/06\/Ford-Courier-Camper-80x80.jpeg",80,80,true],"medium":["https:\/\/camporan.com\/wp-content\/uploads\/2018\/06\/Ford-Courier-Camper-300x225.jpeg",300,225,true],"medium_large":["https:\/\/camporan.com\/wp-content\/uploads\/2018\/06\/Ford-Courier-Camper-768x576.jpeg",768,576,true],"large":["https:\/\/camporan.com\/wp-content\/uploads\/2018\/06\/Ford-Courier-Camper.jpeg",1000,750,false],"1536x1536":["https:\/\/camporan.com\/wp-content\/uploads\/2018\/06\/Ford-Courier-Camper.jpeg",1000,750,false],"2048x2048":["https:\/\/camporan.com\/wp-content\/uploads\/2018\/06\/Ford-Courier-Camper.jpeg",1000,750,false],"woocommerce_thumbnail":["https:\/\/camporan.com\/wp-content\/uploads\/2018\/06\/Ford-Courier-Camper-600x450.jpeg",600,450,true],"woocommerce_single":["https:\/\/camporan.com\/wp-content\/uploads\/2018\/06\/Ford-Courier-Camper-600x450.jpeg",600,450,true],"woocommerce_gallery_thumbnail":["https:\/\/camporan.com\/wp-content\/uploads\/2018\/06\/Ford-Courier-Camper-100x100.jpeg",100,100,true],"wcpr-photo-reviews":["https:\/\/camporan.com\/wp-content\/uploads\/2018\/06\/Ford-Courier-Camper.jpeg",500,375,false]},"uagb_author_info":{"display_name":"David Lamolla","author_link":"https:\/\/camporan.com\/ca\/author\/david_lamolla\/"},"uagb_comment_info":0,"uagb_excerpt":"El matal\u00e0s plegable per a furgonetes Ford que encaixa on ha d'encaixar. Fabricat a mesura per al Ford Transit Courier i el Ford Tourneo Courier (fins a 2023), amb escuma d'alta densitat perqu\u00e8 el descans en ruta sigui de veritat. Funda desenfundable i rentable per a mantenir-ho sempre net. Compatible amb l'estructura de llit Camporan&hellip;","_links":{"self":[{"href":"https:\/\/camporan.com\/ca\/wp-json\/wp\/v2\/product\/4037","targetHints":{"allow":["GET"]}}],"collection":[{"href":"https:\/\/camporan.com\/ca\/wp-json\/wp\/v2\/product"}],"about":[{"href":"https:\/\/camporan.com\/ca\/wp-json\/wp\/v2\/types\/product"}],"author":[{"embeddable":true,"href":"https:\/\/camporan.com\/ca\/wp-json\/wp\/v2\/users\/7"}],"replies":[{"embeddable":true,"href":"https:\/\/camporan.com\/ca\/wp-json\/wp\/v2\/comments?post=4037"}],"wp:featuredmedia":[{"embeddable":true,"href":"https:\/\/camporan.com\/ca\/wp-json\/wp\/v2\/media\/1130"}],"wp:attachment":[{"href":"https:\/\/camporan.com\/ca\/wp-json\/wp\/v2\/media?parent=4037"}],"wp:term":[{"taxonomy":"product_brand","embeddable":true,"href":"https:\/\/camporan.com\/ca\/wp-json\/wp\/v2\/product_brand?post=4037"},{"taxonomy":"product_cat","embeddable":true,"href":"https:\/\/camporan.com\/ca\/wp-json\/wp\/v2\/product_cat?post=4037"},{"taxonomy":"product_tag","embeddable":true,"href":"https:\/\/camporan.com\/ca\/wp-json\/wp\/v2\/product_tag?post=4037"}],"curies":[{"name":"wp","href":"https:\/\/api.w.org\/{rel}","templated":true}]}}