{"id":14353,"date":"2025-11-12T16:59:24","date_gmt":"2025-11-12T15:59:24","guid":{"rendered":"https:\/\/camporan.com\/botiga-de-sostre-per-a-cotxe-dmg135-gris\/"},"modified":"2026-04-08T11:32:26","modified_gmt":"2026-04-08T09:32:26","slug":"botiga-de-sostre-per-a-cotxe-dmg135-gris","status":"publish","type":"product","link":"https:\/\/camporan.com\/ca\/botiga\/botiga-de-sostre-per-a-cotxe-dmg135-gris\/","title":{"rendered":"Tenda de sostre per a cotxe DMG135 Gris"},"content":{"rendered":"<p><strong>Inclou escala telesc\u00f2pica<\/strong> , detalls premium i acabats pensats per a un \u00fas intensiu. Ideal per als que busquen llibertat, confort i seguretat en rutes, escapades overland i experi\u00e8ncies de c\u00e0mping sense l\u00edmits. <\/p>\n<h2>Caracter\u00edstiques t\u00e8cniques de la tenda DMG135:<\/h2>\n<ul>\n<li>Per a cotxes, campers, furgonetes i SUV<\/li>\n<li><strong>Capacitat<\/strong> : 2 adults i 1 nen<\/li>\n<li>Mides interiors per dormir: 140 \u00d7 240 cm<\/li>\n<li>Material resistent a la intemp\u00e8rie, <strong>impermeable i f\u00e0cil de netejar<\/strong><\/li>\n<li><strong>Matal\u00e0s i escala inclosos<\/strong><\/li>\n<li>Obertura\/plegat en minuts<\/li>\n<li><strong>Compatible amb la majoria de barres portaequipatges<\/strong><\/li>\n<\/ul>\n<h3>Contingut del Paquet:<\/h3>\n<ul>\n<li>Tenda de DMC135<\/li>\n<li>Matal\u00e0s interior<\/li>\n<li>Escala telesc\u00f2pica<\/li>\n<li>Kit de muntatge<\/li>\n<li>Funda de Protectora<\/li>\n<li>8 Varetes tensores<\/li>\n<li>2 Bosses porta sabates.<\/li>\n<\/ul>\n<p>Aquesta tenda permet convertir el teu vehicle en una base d&#8217;operacions segura, c\u00f2moda i pr\u00e0ctica, siguis on siguis. Perfecte per escapades de cap de setmana, vacances a l&#8217;aire lliure i exploracions per qualsevol terreny. <\/p>\n<p><iframe loading=\"lazy\" title=\"YouTube v\u00eddeo player\" src=\"https:\/\/www.youtube.com\/embed\/hgJ-77eg9bM?si=kuSyvpPYodX_bNb1\" width=\"560\" height=\"315\" frameborder=\"0\" allowfullscreen=\"allowfullscreen\"><\/iframe><\/p>\n","protected":false},"excerpt":{"rendered":"<p>Amplia la capacitat del teu cotxe, furgoneta, SUV o camper amb la tenda de sostre DMG135, perfecta per a les teves escapades. <strong>Muntatge senzill, m\u00e0xima comoditat i materials impermeables.<\/strong><\/p>\n<p>La <strong>tenda de sostre per a cotxe DMG135<\/strong> \u00e9s la companya ideal per als teus viatges i aventures a l&#8217;aire lliure. Disseny compacte i lleuger, <strong>adequada per a 2 adults (i un nen)<\/strong> gr\u00e0cies al seu ampli espai interior de 140&#215;240\u202fcm i resistent estructura que s&#8217;instal\u00b7la f\u00e0cilment sobre qualsevol cotxe, 4&#215;4, furgoneta o SUV amb barres transversals. <\/p>\n<p>Fabricada amb <strong>materials<\/strong> d&#8217;alta qualitat <strong>impermeables i a\u00efllants<\/strong> , aquesta tensda suporta qualsevol clima i et garanteix un descans c\u00f2mode gr\u00e0cies al matal\u00e0s incl\u00f2s i sistema de ventilaci\u00f3 amb mosquiteres integrades. <strong>Muntatge i obertura ultrar\u00e0pids<\/strong> perqu\u00e8 aprofitis cada moment de la teva escapada sense complicacions.<\/p>\n<h4>Prepara&#8217;t per a l&#8217;aventura i equipa el teu cotxe amb la DMG135 grisa, la tenda de sostre que t&#8217;ofereix independ\u00e8ncia, comoditat i protecci\u00f3 a cada viatge.<\/h4>\n","protected":false},"author":58,"featured_media":14345,"comment_status":"open","ping_status":"closed","template":"","meta":{"om_disable_all_campaigns":false,"_uag_custom_page_level_css":"","site-sidebar-layout":"default","site-content-layout":"","ast-site-content-layout":"default","site-content-style":"default","site-sidebar-style":"default","ast-global-header-display":"","ast-banner-title-visibility":"","ast-main-header-display":"","ast-hfb-above-header-display":"","ast-hfb-below-header-display":"","ast-hfb-mobile-header-display":"","site-post-title":"","ast-breadcrumbs-content":"","ast-featured-img":"","footer-sml-layout":"","ast-disable-related-posts":"","theme-transparent-header-meta":"default","adv-header-id-meta":"","stick-header-meta":"default","header-above-stick-meta":"","header-main-stick-meta":"","header-below-stick-meta":"","astra-migrate-meta-layouts":"default","ast-page-background-enabled":"default","ast-page-background-meta":{"desktop":{"background-color":"","background-image":"","background-repeat":"repeat","background-position":"center center","background-size":"auto","background-attachment":"scroll","background-type":"","background-media":"","overlay-type":"","overlay-color":"","overlay-opacity":"","overlay-gradient":""},"tablet":{"background-color":"","background-image":"","background-repeat":"repeat","background-position":"center center","background-size":"auto","background-attachment":"scroll","background-type":"","background-media":"","overlay-type":"","overlay-color":"","overlay-opacity":"","overlay-gradient":""},"mobile":{"background-color":"","background-image":"","background-repeat":"repeat","background-position":"center center","background-size":"auto","background-attachment":"scroll","background-type":"","background-media":"","overlay-type":"","overlay-color":"","overlay-opacity":"","overlay-gradient":""}},"ast-content-background-meta":{"desktop":{"background-color":"var(--ast-global-color-5)","background-image":"","background-repeat":"repeat","background-position":"center center","background-size":"auto","background-attachment":"scroll","background-type":"","background-media":"","overlay-type":"","overlay-color":"","overlay-opacity":"","overlay-gradient":""},"tablet":{"background-color":"var(--ast-global-color-5)","background-image":"","background-repeat":"repeat","background-position":"center center","background-size":"auto","background-attachment":"scroll","background-type":"","background-media":"","overlay-type":"","overlay-color":"","overlay-opacity":"","overlay-gradient":""},"mobile":{"background-color":"var(--ast-global-color-5)","background-image":"","background-repeat":"repeat","background-position":"center center","background-size":"auto","background-attachment":"scroll","background-type":"","background-media":"","overlay-type":"","overlay-color":"","overlay-opacity":"","overlay-gradient":""}}},"product_brand":[],"product_cat":[907],"product_tag":[],"class_list":{"0":"post-14353","1":"product","2":"type-product","3":"status-publish","4":"has-post-thumbnail","6":"product_cat-accessoris-camper","7":"desktop-align-center","8":"tablet-align-center","9":"mobile-align-center","10":"ast-product-gallery-layout-horizontal","11":"ast-product-tabs-layout-vertical","13":"first","14":"instock","15":"taxable","16":"shipping-taxable","17":"purchasable","18":"product-type-simple"},"bundled_by":[],"bundle_stock_status":"instock","bundle_stock_quantity":null,"bundle_virtual":false,"bundle_layout":"","bundle_add_to_cart_form_location":"","bundle_editable_in_cart":false,"bundle_sold_individually_context":"","bundle_item_grouping":"","bundle_min_size":"","bundle_max_size":"","bundle_price":[],"bundled_items":[],"bundle_sell_ids":[],"exclude_global_add_ons":[],"addons":[],"aioseo_notices":[],"spectra_custom_meta":{"_alp_processed":["1775640746"],"_wcml_average_rating":[null],"_wcml_review_count":[null],"_wcml_rating_count":[null],"_backorders":["no"],"_download_limit":["-1"],"_download_expiry":["-1"],"_downloadable":["no"],"_manage_stock":["no"],"_stock_status":["instock"],"_sold_individually":["no"],"_tax_class":[""],"_tax_status":["taxable"],"_virtual":["no"],"total_sales":["0"],"_regular_price":["1350"],"_price":["1350"],"site-sidebar-layout":["default"],"theme-transparent-header-meta":["default"],"stick-header-meta":["default"],"_product_addons_exclude_global":["0"],"ast-site-content-layout":["default"],"site-content-style":["default"],"site-sidebar-style":["default"],"_top_nav_excluded":[""],"_cms_nav_minihome":[""],"_thumbnail_id":["14345"],"_last_translation_edit_mode":["translation-editor"],"_product_addons":["a:0:{}"],"_wpml_word_count":["328"],"_product_image_gallery":["14346,14347,14348,14349,14350,14351,14352"],"_aioseo_title":["Tenda de Sostre per a Cotxe DMG135 Gris | Camporan"],"_aioseo_description":["Tenda de sostre per a cotxe DMG135 i SUV: Gris, 2 adults + 1 nen. Matal\u00e0s incl\u00f2s, impermeable, mosquitera integrada. Muntatge sobre barres. 1.350\u20ac. En estoc!    "],"_schema_json":["a:0:{}"],"_schema_json_timestamp":["1776425127"],"_uag_page_assets":["a:9:{s:3:\"css\";s:0:\"\";s:2:\"js\";s:0:\"\";s:18:\"current_block_list\";a:2:{i:0;s:12:\"core\/heading\";i:1;s:14:\"core\/paragraph\";}s:8:\"uag_flag\";b:0;s:11:\"uag_version\";s:10:\"1776413831\";s:6:\"gfonts\";a:0:{}s:10:\"gfonts_url\";s:0:\"\";s:12:\"gfonts_files\";a:0:{}s:14:\"uag_faq_layout\";b:0;}"],"_wc_rating_count":[""],"_wc_review_count":[""],"_wc_average_rating":[0]},"uagb_featured_image_src":{"full":["https:\/\/camporan.com\/wp-content\/uploads\/2025\/11\/camporan-tienda-techo-para-coche-DMG135-Gris7.jpg",790,721,false],"thumbnail":["https:\/\/camporan.com\/wp-content\/uploads\/2025\/11\/camporan-tienda-techo-para-coche-DMG135-Gris7-80x80.jpg",80,80,true],"medium":["https:\/\/camporan.com\/wp-content\/uploads\/2025\/11\/camporan-tienda-techo-para-coche-DMG135-Gris7-300x274.jpg",300,274,true],"medium_large":["https:\/\/camporan.com\/wp-content\/uploads\/2025\/11\/camporan-tienda-techo-para-coche-DMG135-Gris7-768x701.jpg",768,701,true],"large":["https:\/\/camporan.com\/wp-content\/uploads\/2025\/11\/camporan-tienda-techo-para-coche-DMG135-Gris7.jpg",790,721,false],"1536x1536":["https:\/\/camporan.com\/wp-content\/uploads\/2025\/11\/camporan-tienda-techo-para-coche-DMG135-Gris7.jpg",790,721,false],"2048x2048":["https:\/\/camporan.com\/wp-content\/uploads\/2025\/11\/camporan-tienda-techo-para-coche-DMG135-Gris7.jpg",790,721,false],"woocommerce_thumbnail":["https:\/\/camporan.com\/wp-content\/uploads\/2025\/11\/camporan-tienda-techo-para-coche-DMG135-Gris7-600x548.jpg",600,548,true],"woocommerce_single":["https:\/\/camporan.com\/wp-content\/uploads\/2025\/11\/camporan-tienda-techo-para-coche-DMG135-Gris7-600x548.jpg",600,548,true],"woocommerce_gallery_thumbnail":["https:\/\/camporan.com\/wp-content\/uploads\/2025\/11\/camporan-tienda-techo-para-coche-DMG135-Gris7-100x100.jpg",100,100,true],"wcpr-photo-reviews":["https:\/\/camporan.com\/wp-content\/uploads\/2025\/11\/camporan-tienda-techo-para-coche-DMG135-Gris7.jpg",500,456,false]},"uagb_author_info":{"display_name":"Sergio","author_link":"https:\/\/camporan.com\/ca\/author\/empiezapori\/"},"uagb_comment_info":0,"uagb_excerpt":"Amplia la capacitat del teu cotxe, furgoneta, SUV o camper amb la tenda de sostre DMG135, perfecta per a les teves escapades. Muntatge senzill, m\u00e0xima comoditat i materials impermeables. La tenda de sostre per a cotxe DMG135 \u00e9s la companya ideal per als teus viatges i aventures a l'aire lliure. Disseny compacte i lleuger, adequada&hellip;","_links":{"self":[{"href":"https:\/\/camporan.com\/ca\/wp-json\/wp\/v2\/product\/14353","targetHints":{"allow":["GET"]}}],"collection":[{"href":"https:\/\/camporan.com\/ca\/wp-json\/wp\/v2\/product"}],"about":[{"href":"https:\/\/camporan.com\/ca\/wp-json\/wp\/v2\/types\/product"}],"author":[{"embeddable":true,"href":"https:\/\/camporan.com\/ca\/wp-json\/wp\/v2\/users\/58"}],"replies":[{"embeddable":true,"href":"https:\/\/camporan.com\/ca\/wp-json\/wp\/v2\/comments?post=14353"}],"wp:featuredmedia":[{"embeddable":true,"href":"https:\/\/camporan.com\/ca\/wp-json\/wp\/v2\/media\/14345"}],"wp:attachment":[{"href":"https:\/\/camporan.com\/ca\/wp-json\/wp\/v2\/media?parent=14353"}],"wp:term":[{"taxonomy":"product_brand","embeddable":true,"href":"https:\/\/camporan.com\/ca\/wp-json\/wp\/v2\/product_brand?post=14353"},{"taxonomy":"product_cat","embeddable":true,"href":"https:\/\/camporan.com\/ca\/wp-json\/wp\/v2\/product_cat?post=14353"},{"taxonomy":"product_tag","embeddable":true,"href":"https:\/\/camporan.com\/ca\/wp-json\/wp\/v2\/product_tag?post=14353"}],"curies":[{"name":"wp","href":"https:\/\/api.w.org\/{rel}","templated":true}]}}