{"id":1181,"date":"2018-06-05T17:02:16","date_gmt":"2018-06-05T15:02:16","guid":{"rendered":"http:\/\/www.camporan.com\/producto\/mini-van-estructura-de-llit-i-matalas-plegable\/"},"modified":"2026-04-15T20:30:12","modified_gmt":"2026-04-15T18:30:12","slug":"mini-van-estructura-de-llit-matalas-plegable","status":"publish","type":"product","link":"https:\/\/camporan.com\/ca\/botiga\/mini-van-estructura-de-llit-matalas-plegable\/","title":{"rendered":"Kit Camper Mini Van: Estructura de Llit + Matal\u00e0s Plegable per a furgoneta petita"},"content":{"rendered":"<h2>PER A QUINES FURGONETES EST\u00c0 DISSENYAT EL KIT CAMPER?<\/h2>\n<p>Camperitzar Citroen Berlingo \/ Peugeot Partner \/ Rifter \/ Renault Kangoo \/ Dacia Dokker \/ Mercedes Citan &#8211; Classe T \/ Fiat Dobl\u00f3 \/ Opel Combo \/ VW Caddy \/ Ford Tourneo Connect \/ Toyota Proace City Vers \/ Ford Tourneo Courier (2023+) \/ Nissan TownStar<\/p>\n<h2>CARACTER\u00cdSTIQUES PRINCIPALS:<\/h2>\n<p>Moble llit per camperitzar furgoneta petita de forma senzilla i econ\u00f2mica.<\/p>\n<p>Lleuger i f\u00e0cil de transportar, emmagatzemar, i muntar o desmuntar. Es pot aprofitar tot el maleter, ja que el llit va refor\u00e7ada per deixar espai lliure a tot el maleter.<\/p>\n<h2>CARACTER\u00cdSTIQUES T\u00c8CNIQUES:<\/h2>\n<h3>Materials:<\/h3>\n<ul>\n<li>Tauler contraxapat de fusta de bedoll de 12\/15mm (tauler mar\u00ed), acabat marr\u00f3, llis a la cara inferior i antilliscant a la cara superior perqu\u00e8 el matal\u00e0s no llisqui.<\/li>\n<li>Cantonadess arrodonides, i amb feltre adhesiu en zones de contacte amb la carrosseria.<\/li>\n<\/ul>\n<h3>Preparaci\u00f3:<\/h3>\n<p>Al rebre el paquet, cal muntar \u00fanicament la primera vegada, i adaptar-lo a la mesura de el vehicle per al qual vagi destinat. Cal tallar l&#8217;exc\u00e9s de fusta a la zona de maleter, segons manual d&#8217;instal\u00b7laci\u00f3. Tamb\u00e9 es pot demanar ja tallat, segons les mides de la teva furgoneta (tenim mides la Kangoo, Peugeot Rifter, Citroen Berlingo, Dacia Dokker, Proace City, Courier 2023+, i m\u00e9s)<\/p>\n<h3>Muntatge en menys de 2 minuts<\/h3>\n<ul>\n<li>El muntatge \u00e9s molt senzill i no afecta el xass\u00eds de el vehicle.<\/li>\n<li>Pes Pack complet: 28,5kg.<\/li>\n<li>Dimensions Kit complet: 187 x 130 x 44 cm.<\/li>\n<\/ul>\n<h2>MATAL\u00c0S:<\/h2>\n<p>Est\u00e0 format per una pe\u00e7a per a la zona del maleter, de 71x119x8cm, i una altra en forma de llibre de 115cm per 130cm dample; aix\u00ed es pot dormir c\u00f2modament aprofitant l&#8217;amplada m\u00e9s gran d&#8217;aquesta zona de la furgo. Escuma de densitat 25Kg\/m\u00b3 (ferma) i 8cm de gruix. Grossor total en maleter o plegat: 24cm.  <\/p>\n<h3 id=\"extraminivan\">Suport per a furgonetes XL<\/h3>\n<p>Pots ampliar la teva comanda comprant un suport per al somier Mini Van si el teu model de furgoneta \u00e9s XL, i vols que estigui alineat a la porta del maleter. No \u00e9s estrictament necessari, ja que es pot instal\u00b7lar com si es tract\u00e9s d&#8217;una versi\u00f3 curta, per\u00f2 deixant espai lliure als 35-40cm de la porta del maleter. <\/p>\n<p><img loading=\"lazy\" decoding=\"async\" class=\"alignnone wp-image-9659 size-large\" src=\"https:\/\/camporan.com\/wp-content\/uploads\/2018\/06\/MiniVAN-XL-support-1-1030x633.jpg\" alt=\"Suport per a furgonetes XL\" width=\"1030\" height=\"633\" srcset=\"https:\/\/camporan.com\/wp-content\/uploads\/2018\/06\/MiniVAN-XL-support-1-1030x633.jpg 1030w, https:\/\/camporan.com\/wp-content\/uploads\/2018\/06\/MiniVAN-XL-support-1-600x369.jpg 600w, https:\/\/camporan.com\/wp-content\/uploads\/2018\/06\/MiniVAN-XL-support-1-300x184.jpg 300w, https:\/\/camporan.com\/wp-content\/uploads\/2018\/06\/MiniVAN-XL-support-1-768x472.jpg 768w, https:\/\/camporan.com\/wp-content\/uploads\/2018\/06\/MiniVAN-XL-support-1.jpg 1200w\" sizes=\"auto, (max-width: 1030px) 100vw, 1030px\" \/><\/p>\n","protected":false},"excerpt":{"rendered":"<p>Converteix la teva furgoneta petita en un dormitori en segons. Aquest Kit Camper per a furgoneta petita (estructura de llit + matal\u00e0s plegable) est\u00e0 fabricada a mesura per a mini vans com el Berlingo, Kangoo, VW Caddy, Tourneo Courier i m\u00e9s de 10 models compatibles. Constru\u00efda en contraxapat de bedoll mar\u00ed de 9 capes, pes el m\u00ednim i aguanta el m\u00e0xim. Muntatge i desmuntatge en menys de 2 minuts, sense eines. Quan no la usis, cap perfectament en el maleter. M\u00e9s de 41 clients ja dormen millor. El teu ser\u00e0 el seg\u00fcent?      <\/p>\n","protected":false},"author":7,"featured_media":4225,"comment_status":"open","ping_status":"closed","template":"","meta":{"om_disable_all_campaigns":false,"_uag_custom_page_level_css":"","site-sidebar-layout":"default","site-content-layout":"default","ast-site-content-layout":"default","site-content-style":"default","site-sidebar-style":"default","ast-global-header-display":"","ast-banner-title-visibility":"","ast-main-header-display":"","ast-hfb-above-header-display":"","ast-hfb-below-header-display":"","ast-hfb-mobile-header-display":"","site-post-title":"","ast-breadcrumbs-content":"","ast-featured-img":"","footer-sml-layout":"","ast-disable-related-posts":"","theme-transparent-header-meta":"default","adv-header-id-meta":"","stick-header-meta":"default","header-above-stick-meta":"","header-main-stick-meta":"","header-below-stick-meta":"","astra-migrate-meta-layouts":"set","ast-page-background-enabled":"default","ast-page-background-meta":{"desktop":{"background-color":"","background-image":"","background-repeat":"repeat","background-position":"center center","background-size":"auto","background-attachment":"scroll","background-type":"","background-media":"","overlay-type":"","overlay-color":"","overlay-opacity":"","overlay-gradient":""},"tablet":{"background-color":"","background-image":"","background-repeat":"repeat","background-position":"center center","background-size":"auto","background-attachment":"scroll","background-type":"","background-media":"","overlay-type":"","overlay-color":"","overlay-opacity":"","overlay-gradient":""},"mobile":{"background-color":"","background-image":"","background-repeat":"repeat","background-position":"center center","background-size":"auto","background-attachment":"scroll","background-type":"","background-media":"","overlay-type":"","overlay-color":"","overlay-opacity":"","overlay-gradient":""}},"ast-content-background-meta":{"desktop":{"background-color":"var(--ast-global-color-5)","background-image":"","background-repeat":"repeat","background-position":"center center","background-size":"auto","background-attachment":"scroll","background-type":"","background-media":"","overlay-type":"","overlay-color":"","overlay-opacity":"","overlay-gradient":""},"tablet":{"background-color":"var(--ast-global-color-5)","background-image":"","background-repeat":"repeat","background-position":"center center","background-size":"auto","background-attachment":"scroll","background-type":"","background-media":"","overlay-type":"","overlay-color":"","overlay-opacity":"","overlay-gradient":""},"mobile":{"background-color":"var(--ast-global-color-5)","background-image":"","background-repeat":"repeat","background-position":"center center","background-size":"auto","background-attachment":"scroll","background-type":"","background-media":"","overlay-type":"","overlay-color":"","overlay-opacity":"","overlay-gradient":""}}},"product_brand":[],"product_cat":[537,663,585,609,933,555,928,639,642,137,626,627,654,630,564,942,573],"product_tag":[172,1007,176,171,175,177,380,173,462,916,174,1006,178],"class_list":{"0":"post-1181","1":"product","2":"type-product","3":"status-publish","4":"has-post-thumbnail","6":"product_cat-berlingo","7":"product_cat-cady-iii-2003-2020","8":"product_cat-citan","9":"product_cat-combo","10":"product_cat-courier-ii-ca-2","11":"product_cat-doblo","12":"product_cat-dacia-dokker-ca","13":"product_cat-kangoo-i","14":"product_cat-kangoo-ii","15":"product_cat-packs","16":"product_cat-partner-i","17":"product_cat-partner-ii","18":"product_cat-proace-city","19":"product_cat-rifter","20":"product_cat-tourneo-connect","21":"product_cat-townstar-ca","22":"product_cat-transit-connect","23":"product_tag-citroen_berlingo-ca","24":"product_tag-dacia-dokker","25":"product_tag-fiat-doblo","26":"product_tag-furgoneta-petita","27":"product_tag-mercedes-citan","28":"product_tag-opel-combo","29":"product_tag-partner-ca","30":"product_tag-peugeot-partner","31":"product_tag-peugeot-rifter-ca","32":"product_tag-proace-city-ca","33":"product_tag-renault-kangoo","34":"product_tag-tourneo-courier","35":"product_tag-vw-caddy","36":"desktop-align-center","37":"tablet-align-center","38":"mobile-align-center","39":"ast-product-gallery-layout-horizontal","40":"ast-product-tabs-layout-vertical","42":"first","43":"onbackorder","44":"sale","45":"taxable","46":"shipping-taxable","47":"purchasable","48":"product-type-bundle"},"bundled_by":[],"bundle_stock_status":"instock","bundle_stock_quantity":39,"bundle_virtual":false,"bundle_layout":"grid","bundle_add_to_cart_form_location":"default","bundle_editable_in_cart":false,"bundle_sold_individually_context":"product","bundle_item_grouping":"parent","bundle_min_size":"","bundle_max_size":"","bundle_price":{"price":{"min":{"incl_tax":"806","excl_tax":"666.115702"},"max":{"incl_tax":"806","excl_tax":"666.115702"}},"regular_price":{"min":{"incl_tax":"840","excl_tax":"694.214876"},"max":{"incl_tax":"840","excl_tax":"694.214876"}}},"bundled_items":[{"bundled_item_id":53,"product_id":4757,"menu_order":0,"quantity_min":1,"quantity_max":1,"quantity_default":1,"priced_individually":false,"shipped_individually":false,"override_title":false,"title":"Matal\u00e0s per a Furgoneta petita MiniVan","override_description":false,"description":"Matal\u00e0s per a Furgoneta petita MiniVan","optional":false,"hide_thumbnail":false,"discount":"","override_variations":false,"allowed_variations":[""],"override_default_variation_attributes":false,"default_variation_attributes":[],"single_product_visibility":"hidden","cart_visibility":"visible","order_visibility":"visible","single_product_price_visibility":"visible","cart_price_visibility":"visible","order_price_visibility":"visible","stock_status":"in_stock"},{"bundled_item_id":54,"product_id":4042,"menu_order":1,"quantity_min":1,"quantity_max":1,"quantity_default":1,"priced_individually":false,"shipped_individually":false,"override_title":false,"title":"Estructura de Llit per a Furgoneta Petita MiniVan","override_description":false,"description":"Estructura de Llit per a Furgoneta Petita MiniVan","optional":false,"hide_thumbnail":false,"discount":"","override_variations":false,"allowed_variations":[""],"override_default_variation_attributes":false,"default_variation_attributes":[],"single_product_visibility":"hidden","cart_visibility":"visible","order_visibility":"visible","single_product_price_visibility":"visible","cart_price_visibility":"visible","order_price_visibility":"visible","stock_status":"in_stock"}],"bundle_sell_ids":[],"exclude_global_add_ons":false,"addons":[{"name":"Extras","type":"checkbox","position":0,"required":false,"title_format":"label","default":"","description_enable":true,"description":"Suport per a furgonetes XLModificaci\u00f3 de la xarxa amb suport per a models com Berlingo XL i Rifter XL <a href=\"#extraminivan\">M\u00e9s informaci\u00f3<\/a>","placeholder_enable":false,"placeholder":null,"display":"select","restrictions_type":"any_text","adjust_price":false,"price":"","price_type":"flat_fee","restrictions":false,"min":"0","max":"0","options":[{"label":"Suport XL per a alineaci\u00f3 de llit a maleter","price":"60","price_type":"quantity_based","image":0,"visibility":true},{"label":"Al\u00e7ada addicional 2-5cm (consultar)","price":"40","price_type":"flat_fee","image":0,"visibility":true},{"label":"Al\u00e7ada addicional 6-10cm (consultar)","price":"75","price_type":"flat_fee","image":0,"visibility":true}],"id":1715438196},{"name":"Extres per al matal\u00e0s:","type":"checkbox","position":1,"required":false,"title_format":"label","default":"","description_enable":true,"description":"Es poden demanar canvis pel que fa al tipus d'escuma, gruix o color de la funda. Qualsevol d'aquestes opcions addicionals impliquen fabricaci\u00f3 especial sota comanda, per la qual cosa el termini de lliurament pot augmentar entre 8 i 15 dies, i es perd amb el matal\u00e0s el dret de desistiment, ja que \u00e9s un producte fabricat a mida [Llei 1\/2007Art 103 c)]","placeholder_enable":false,"placeholder":null,"display":"select","restrictions_type":"any_text","adjust_price":false,"price":"","price_type":"flat_fee","restrictions":false,"min":"0","max":"0","options":[{"label":"Increment del gruix en 2cm","price":"25","price_type":"flat_fee","image":0,"visibility":true},{"label":"Augment de la densitat a \"dur\" (D30)","price":"25","price_type":"flat_fee","image":0,"visibility":true},{"label":"3cm de viscol\u00e0stica, amb el mateix gruix total","price":"30","price_type":"flat_fee","image":0,"visibility":true},{"label":"Canvi de color de la funda","price":"20","price_type":"flat_fee","image":0,"visibility":true}],"id":1715438197},{"name":"Extres per al matal\u00e0s:","type":"checkbox","position":0,"required":false,"title_format":"label","default":"","description_enable":true,"description":"Es poden demanar canvis respecte del tipus d'escuma, gruix o color de la funda. Qualsevol d'aquestes opcions addicionals impliquen fabricaci\u00f3 especial sota comanda, per la qual cosa el termini de lliurament pot augmentar entre 8 i 15 dies, i es perd amb el matal\u00e0s el dret de desistiment, en tractar-se d'un producte fabricat a mida [Llei 1\/ 2007Art 103 c)]","placeholder_enable":false,"placeholder":"","display":"select","restrictions_type":"any_text","adjust_price":false,"price":"","price_type":"flat_fee","restrictions":false,"min":"0","max":"0","options":[{"label":"Increment de l'espessor en 2cm","price":"40","price_type":"flat_fee","image":0,"visibility":true},{"label":"Augment de la densitat a D30 \"dur\"","price":"35","price_type":"flat_fee","image":0,"visibility":true},{"label":"3 cm de viscoel\u00e0stica, amb el mateix gruix total","price":"40","price_type":"flat_fee","image":0,"visibility":true},{"label":"Canvi de color de la funda","price":"25","price_type":"flat_fee","image":0,"visibility":true}],"id":1686912989}],"aioseo_notices":[],"spectra_custom_meta":{"_wpml_word_count":["443"],"_download_limit":["-1"],"_download_expiry":["-1"],"_downloadable":["no"],"_manage_stock":["yes"],"_sku":["4501"],"_stock_status":["onbackorder"],"_sold_individually":["no"],"_tax_class":[""],"_tax_status":["taxable"],"_virtual":["no"],"_width":["75"],"_length":["120"],"_sale_price_dates_from":[""],"_sale_price_dates_to":[""],"_wpml_media_duplicate":["1"],"_wpml_media_featured":["1"],"_avia_builder_shortcode_tree":["a:0:{}"],"wcml_sync_hash":["a:1:{s:15:\"postmeta_fields\";s:32:\"31db1432a59bc07542acb81a89d2c0e6\";}"],"attr_label_translations":["a:0:{}"],"_product_attributes":["a:0:{}"],"_thumbnail_id":["4225"],"_wc_review_count":["41"],"_wc_average_rating":["5.00"],"_av_el_mgr_version":["1.0"],"_product_image_gallery":["127,131,4027,5794,8008,12305,11149,12310,13360"],"_default_attributes":["a:0:{}"],"_children":["a:0:{}"],"sidebar":[""],"footer":[""],"header_title_bar":[""],"header_transparency":[""],"layout":[""],"_alp_processed":["1775806454"],"_purchase_note":[""],"_wp_attachment_metadata":[""],"_stock":["-16"],"_product_version":["10.7.0"],"_low_stock_amount":["0"],"_edit_lock":["1775028599:58"],"_edit_last":["58"],"_avia_sc_parser_state":["check_only"],"_aioseop_opengraph_settings":["a:0:{}"],"_vtwf_enable_tab":["yes"],"_vtwf_tab_title":[""],"_vtwf_hide_title":["no"],"_vtwf_video_content":["https:\/\/www.youtube.com\/shorts\/zquTaC5XC0E"],"_aviaLayoutBuilderCleanData":[""],"_product_hover":[""],"_last_translation_edit_mode":["translation-editor"],"_wcml_average_rating":["5.00"],"_wcml_review_count":["41"],"_avia_hide_featured_image":["0"],"_av_alb_element_mgr_version":["1.0.1"],"total_sales":["295"],"_related_ids":["a:2:{i:0;i:4042;i:1;i:4757;}"],"_height":["12"],"_aviaLayoutBuilder_active":[""],"_av_alb_posts_elements_state":["a:0:{}"],"_top_nav_excluded":[""],"_cms_nav_minihome":[""],"site-sidebar-layout":["default"],"site-content-layout":["default"],"theme-transparent-header-meta":["default"],"woosb_disable_auto_price":["on"],"woosb_discount":["5"],"woosb_discount_amount":[""],"woosb_shipping_fee":["whole"],"woosb_optional_products":["off"],"woosb_manage_stock":["off"],"woosb_limit_each_min":[""],"woosb_limit_each_max":[""],"woosb_limit_each_min_default":["off"],"woosb_limit_whole_min":[""],"woosb_limit_whole_max":[""],"_aioseo_og_article_section":[""],"_aioseo_og_article_tags":["a:0:{}"],"stick-header-meta":["default"],"woosb_ids":["4757\/1,4042\/1"],"_wc_rating_count":[{"5":41}],"_backorders":["notify"],"_wcml_rating_count":["a:1:{i:5;i:41;}"],"_product_meta_id":["3"],"_wpml_media_has_media":["1"],"_wc_pb_edit_in_cart":["no"],"_product_addons_exclude_global":["0"],"_wc_pb_bundled_items_stock_sync_status":["synced"],"_wcpb_min_qty_limit":[""],"_wcpb_max_qty_limit":[""],"_wc_pb_virtual_bundle":["no"],"_wc_pb_group_mode":["parent"],"_wc_pb_aggregate_weight":["no"],"_wc_pb_sold_individually_context":["product"],"_wc_pb_add_to_cart_form_location":["default"],"_wc_pb_layout_style":["grid"],"ast-site-content-layout":["default"],"site-content-style":["default"],"site-sidebar-style":["default"],"_weight":["33"],"_wc_pb_bundled_items_stock_status":["instock"],"_wc_pb_bundle_stock_quantity":["39"],"_downloadable_files":[""],"_regular_price":["840.00"],"_sale_price":["806"],"_price":["806"],"_wc_pb_base_regular_price":["840.00"],"_wc_pb_base_sale_price":["806"],"_wc_pb_base_price":["806"],"_wc_sw_max_price":["806"],"_wc_sw_max_regular_price":["840.00"],"_aioseo_og_title":[""],"_aioseo_og_description":[""],"_aioseo_twitter_title":[""],"_aioseo_twitter_description":[""],"cmplz_hide_cookiebanner":[""],"om_disable_all_campaigns":[""],"astra-migrate-meta-layouts":["set"],"_oembed_750aef67a7fc3307245a8d0c55104445":["<iframe title=\"MiniVan Bed and Matress, folding and unfolding\" width=\"563\" height=\"1000\" src=\"https:\/\/www.youtube.com\/embed\/zquTaC5XC0E?feature=oembed\" frameborder=\"0\" allow=\"accelerometer; autoplay; clipboard-write; encrypted-media; gyroscope; picture-in-picture; web-share\" referrerpolicy=\"strict-origin-when-cross-origin\" allowfullscreen><\/iframe>"],"_oembed_time_750aef67a7fc3307245a8d0c55104445":["1770121873"],"_crosssell_ids":["a:1:{i:0;i:8968;}"],"_upsell_ids":["a:3:{i:0;i:9026;i:1;i:4757;i:2;i:4042;}"],"_aioseop_title":["Pack Mini Van: Matal\u00e0s + estructura llit"],"_aioseop_description":["Pack format per matal\u00e0s plegable i moble llit per a furgonetes petites: Citroen Berlingo \/ Peugeot Partner \/ Renault Kangoo \/ Citen \/ Dacia Dokker \/ Combo"],"_aioseop_keywords":["camperitzar citroen berlingo, moble llit berlingo, camperitzar Partner, citroen berlingo camper kit, camperitzar peugeot partner, llit per a peugeot partner, kit camper partner, mobles per a peugeot partner, peugeot partner camper kit, llit per a kangoo, kit camper renault kangoo, kit kangoo camper, camperizar mercedes citan, fiat doblo cama, kit camper fiat doblo, camperitzar opel combo, llit per a caddy, kit camper caddy, volkswagen caddy, cama Dacia Dokker"],"_aioseo_title":["Kit Camper per a Furgoneta Petita MiniVan | Camporan"],"_aioseo_description":["Kit Camper per a Furgoneta petita, Estructura de llit + matal\u00e0s plegable, (Berlingo, Kangoo, Caddy\u2026). Muntatge r\u00e0pid en 2 minuts. Consulta compatibilitat!  "],"_aioseo_keywords":["camperitzar citroen berlingo,moble llit berlingo,camperitzar Partner,citroen berlingo camper kit,camperitzar peugeot partner,llit per peugeot partner,kit camper partner,mobles per peugeot partner,peugeot partner camper kit,llit per kangoo,kit camper renault kango camper,camperitzar mercedes citen,fiat doble llit,kit camper fiat doble,camperitzar opel combo,llit per caddy,kit camper caddy,volkswagen caddy,llit Dacia Dokker"],"_product_addons":["a:2:{i:0;a:20:{s:4:\"name\";s:6:\"Extras\";s:12:\"title_format\";s:5:\"label\";s:18:\"description_enable\";i:1;s:11:\"description\";s:147:\"Suport per a furgonetes XLModificaci\u00f3 de la xarxa amb suport per a models com Berlingo XL i Rifter XL <a href=\"#extraminivan\">M\u00e9s informaci\u00f3<\/a>\";s:18:\"placeholder_enable\";i:0;s:11:\"placeholder\";N;s:4:\"type\";s:8:\"checkbox\";s:7:\"display\";s:6:\"select\";s:8:\"position\";i:0;s:8:\"required\";i:0;s:12:\"restrictions\";i:0;s:17:\"restrictions_type\";s:8:\"any_text\";s:12:\"adjust_price\";i:0;s:10:\"price_type\";s:8:\"flat_fee\";s:5:\"price\";s:0:\"\";s:2:\"id\";s:10:\"1715438196\";s:3:\"min\";i:0;s:3:\"max\";i:0;s:7:\"default\";s:0:\"\";s:7:\"options\";a:3:{i:0;a:5:{s:5:\"label\";s:44:\"Suport XL per a alineaci\u00f3 de llit a maleter\";s:5:\"price\";s:2:\"60\";s:5:\"image\";s:0:\"\";s:10:\"price_type\";s:14:\"quantity_based\";s:10:\"visibility\";i:1;}i:1;a:5:{s:5:\"label\";s:36:\"Al\u00e7ada addicional 2-5cm (consultar)\";s:5:\"price\";s:2:\"40\";s:5:\"image\";s:0:\"\";s:10:\"price_type\";s:8:\"flat_fee\";s:10:\"visibility\";i:1;}i:2;a:5:{s:5:\"label\";s:37:\"Al\u00e7ada addicional 6-10cm (consultar)\";s:5:\"price\";s:2:\"75\";s:5:\"image\";s:0:\"\";s:10:\"price_type\";s:8:\"flat_fee\";s:10:\"visibility\";i:1;}}}i:1;a:20:{s:4:\"name\";s:23:\"Extres per al matal\u00e0s:\";s:12:\"title_format\";s:5:\"label\";s:18:\"description_enable\";i:1;s:11:\"description\";s:354:\"Es poden demanar canvis pel que fa al tipus d'escuma, gruix o color de la funda. Qualsevol d'aquestes opcions addicionals impliquen fabricaci\u00f3 especial sota comanda, per la qual cosa el termini de lliurament pot augmentar entre 8 i 15 dies, i es perd amb el matal\u00e0s el dret de desistiment, ja que \u00e9s un producte fabricat a mida [Llei 1\/2007Art 103 c)]\";s:18:\"placeholder_enable\";i:0;s:11:\"placeholder\";N;s:4:\"type\";s:8:\"checkbox\";s:7:\"display\";s:6:\"select\";s:8:\"position\";i:1;s:8:\"required\";i:0;s:12:\"restrictions\";i:0;s:17:\"restrictions_type\";s:8:\"any_text\";s:12:\"adjust_price\";i:0;s:10:\"price_type\";s:8:\"flat_fee\";s:5:\"price\";s:0:\"\";s:2:\"id\";s:10:\"1715438197\";s:3:\"min\";i:0;s:3:\"max\";i:0;s:7:\"default\";s:0:\"\";s:7:\"options\";a:4:{i:0;a:5:{s:5:\"label\";s:26:\"Increment del gruix en 2cm\";s:5:\"price\";s:2:\"25\";s:5:\"image\";s:0:\"\";s:10:\"price_type\";s:8:\"flat_fee\";s:10:\"visibility\";i:1;}i:1;a:5:{s:5:\"label\";s:36:\"Augment de la densitat a \"dur\" (D30)\";s:5:\"price\";s:2:\"25\";s:5:\"image\";s:0:\"\";s:10:\"price_type\";s:8:\"flat_fee\";s:10:\"visibility\";i:1;}i:2;a:5:{s:5:\"label\";s:47:\"3cm de viscol\u00e0stica, amb el mateix gruix total\";s:5:\"price\";s:2:\"30\";s:5:\"image\";s:0:\"\";s:10:\"price_type\";s:8:\"flat_fee\";s:10:\"visibility\";i:1;}i:3;a:5:{s:5:\"label\";s:26:\"Canvi de color de la funda\";s:5:\"price\";s:2:\"20\";s:5:\"image\";s:0:\"\";s:10:\"price_type\";s:8:\"flat_fee\";s:10:\"visibility\";i:1;}}}}"],"_schema_json":["a:0:{}"],"_schema_json_timestamp":["1776468872"],"_wc_gla_isBundle":["yes"],"_uag_page_assets":["a:9:{s:3:\"css\";s:0:\"\";s:2:\"js\";s:0:\"\";s:18:\"current_block_list\";a:2:{i:0;s:12:\"core\/heading\";i:1;s:14:\"core\/paragraph\";}s:8:\"uag_flag\";b:0;s:11:\"uag_version\";i:1776444350;s:6:\"gfonts\";a:0:{}s:10:\"gfonts_url\";s:0:\"\";s:12:\"gfonts_files\";a:0:{}s:14:\"uag_faq_layout\";b:0;}"]},"uagb_featured_image_src":{"full":["https:\/\/camporan.com\/wp-content\/uploads\/2018\/06\/Berlingo-6975-Posterior.jpg",2560,2005,false],"thumbnail":["https:\/\/camporan.com\/wp-content\/uploads\/2018\/06\/Berlingo-6975-Posterior-80x80.jpg",80,80,true],"medium":["https:\/\/camporan.com\/wp-content\/uploads\/2018\/06\/Berlingo-6975-Posterior-300x235.jpg",300,235,true],"medium_large":["https:\/\/camporan.com\/wp-content\/uploads\/2018\/06\/Berlingo-6975-Posterior-768x602.jpg",768,602,true],"large":["https:\/\/camporan.com\/wp-content\/uploads\/2018\/06\/Berlingo-6975-Posterior-1030x807.jpg",1030,807,true],"1536x1536":["https:\/\/camporan.com\/wp-content\/uploads\/2018\/06\/Berlingo-6975-Posterior.jpg",1536,1203,false],"2048x2048":["https:\/\/camporan.com\/wp-content\/uploads\/2018\/06\/Berlingo-6975-Posterior.jpg",2048,1604,false],"woocommerce_thumbnail":["https:\/\/camporan.com\/wp-content\/uploads\/2018\/06\/Berlingo-6975-Posterior-600x470.jpg",600,470,true],"woocommerce_single":["https:\/\/camporan.com\/wp-content\/uploads\/2018\/06\/Berlingo-6975-Posterior-600x470.jpg",600,470,true],"woocommerce_gallery_thumbnail":["https:\/\/camporan.com\/wp-content\/uploads\/2018\/06\/Berlingo-6975-Posterior-100x100.jpg",100,100,true],"wcpr-photo-reviews":["https:\/\/camporan.com\/wp-content\/uploads\/2018\/06\/Berlingo-6975-Posterior.jpg",500,392,false]},"uagb_author_info":{"display_name":"David Lamolla","author_link":"https:\/\/camporan.com\/ca\/author\/david_lamolla\/"},"uagb_comment_info":42,"uagb_excerpt":"Converteix la teva furgoneta petita en un dormitori en segons. Aquest Kit Camper per a furgoneta petita (estructura de llit + matal\u00e0s plegable) est\u00e0 fabricada a mesura per a mini vans com el Berlingo, Kangoo, VW Caddy, Tourneo Courier i m\u00e9s de 10 models compatibles. Constru\u00efda en contraxapat de bedoll mar\u00ed de 9 capes, pes&hellip;","_links":{"self":[{"href":"https:\/\/camporan.com\/ca\/wp-json\/wp\/v2\/product\/1181","targetHints":{"allow":["GET"]}}],"collection":[{"href":"https:\/\/camporan.com\/ca\/wp-json\/wp\/v2\/product"}],"about":[{"href":"https:\/\/camporan.com\/ca\/wp-json\/wp\/v2\/types\/product"}],"author":[{"embeddable":true,"href":"https:\/\/camporan.com\/ca\/wp-json\/wp\/v2\/users\/7"}],"replies":[{"embeddable":true,"href":"https:\/\/camporan.com\/ca\/wp-json\/wp\/v2\/comments?post=1181"}],"wp:featuredmedia":[{"embeddable":true,"href":"https:\/\/camporan.com\/ca\/wp-json\/wp\/v2\/media\/4225"}],"wp:attachment":[{"href":"https:\/\/camporan.com\/ca\/wp-json\/wp\/v2\/media?parent=1181"}],"wp:term":[{"taxonomy":"product_brand","embeddable":true,"href":"https:\/\/camporan.com\/ca\/wp-json\/wp\/v2\/product_brand?post=1181"},{"taxonomy":"product_cat","embeddable":true,"href":"https:\/\/camporan.com\/ca\/wp-json\/wp\/v2\/product_cat?post=1181"},{"taxonomy":"product_tag","embeddable":true,"href":"https:\/\/camporan.com\/ca\/wp-json\/wp\/v2\/product_tag?post=1181"}],"curies":[{"name":"wp","href":"https:\/\/api.w.org\/{rel}","templated":true}]}}