{"id":1167,"date":"2018-06-17T12:31:01","date_gmt":"2018-06-17T10:31:01","guid":{"rendered":"http:\/\/www.camporan.com\/producto\/matalas-per-llit-van\/"},"modified":"2026-05-05T18:48:40","modified_gmt":"2026-05-05T16:48:40","slug":"matalas-per-llit-van","status":"publish","type":"product","link":"https:\/\/camporan.com\/ca\/botiga\/matalas-per-llit-van\/","title":{"rendered":"Matal\u00e0s per a Furgoneta Llit Van"},"content":{"rendered":"<h2>PER A QUINES FURGONETES \u00c9S COMPATIBLE?<\/h2>\n<p>Renault Trafic II i III Combi \/ Opel Vivaro Combi \/ Nissan Primastar + NV300 Combi \/ Jumpy III \/ Expert III \/ ProAce \/ Fiat Talent II \/ VW T5 T6 (Caravelle, Transporter) \/ Mercedes Vito-Viano \/ Ford Tourneo Custom II (2023+).<\/p>\n<h2>CARACTER\u00cdSTIQUES DEL MATAL\u00c0S<\/h2>\n<p>Matal\u00e0s plegable en 3 pices desenfundables unides en forma de &#8220;Z&#8221;.<\/p>\n<p>Escuma ferma de 25Kg\/m\u00b3. Funda amb cremalleres de loneta blava fosc.<\/p>\n<ul>\n<li>Pes: 7 kg.<\/li>\n<li>Dimensions: 200 x 160 x 8 cm, 195x150x8 cm, o 195x142x8 cm, segons mides de la furgoneta a camperitzar.<\/li>\n<\/ul>\n","protected":false},"excerpt":{"rendered":"<p>El matal\u00e0s per a furgoneta m\u00e9s complet del cat\u00e0leg Camporan. Amb 5 cm d&#8217;escuma ferma i 3 cm de viscoel\u00e0stica, \u00e9s l&#8217;\u00fanic de la gamma que cuida de veritat el teu descans en ruta. Fabricat a mesura i compatible amb les furgonetes mitjanes m\u00e9s venudes: VW T5\/T6, Renault Trafic, Opel Vivaro, Nissan Primastar, Citro\u00ebn Jumpy III, Peugeot Expert III, Toyota ProAce i Ford Tourneo Custom 2023+. Funda desenfundable i rentable. Si busques el millor descans per a la teva furgoneta, aquest \u00e9s el teu matal\u00e0s.    <\/p>\n","protected":false},"author":7,"featured_media":4147,"comment_status":"open","ping_status":"closed","template":"","meta":{"om_disable_all_campaigns":false,"_uag_custom_page_level_css":"","site-sidebar-layout":"default","site-content-layout":"default","ast-site-content-layout":"default","site-content-style":"default","site-sidebar-style":"default","ast-global-header-display":"","ast-banner-title-visibility":"","ast-main-header-display":"","ast-hfb-above-header-display":"","ast-hfb-below-header-display":"","ast-hfb-mobile-header-display":"","site-post-title":"","ast-breadcrumbs-content":"","ast-featured-img":"","footer-sml-layout":"","ast-disable-related-posts":"","theme-transparent-header-meta":"default","adv-header-id-meta":"","stick-header-meta":"default","header-above-stick-meta":"","header-main-stick-meta":"","header-below-stick-meta":"","astra-migrate-meta-layouts":"default","ast-page-background-enabled":"default","ast-page-background-meta":{"desktop":{"background-color":"","background-image":"","background-repeat":"repeat","background-position":"center center","background-size":"auto","background-attachment":"scroll","background-type":"","background-media":"","overlay-type":"","overlay-color":"","overlay-opacity":"","overlay-gradient":""},"tablet":{"background-color":"","background-image":"","background-repeat":"repeat","background-position":"center center","background-size":"auto","background-attachment":"scroll","background-type":"","background-media":"","overlay-type":"","overlay-color":"","overlay-opacity":"","overlay-gradient":""},"mobile":{"background-color":"","background-image":"","background-repeat":"repeat","background-position":"center center","background-size":"auto","background-attachment":"scroll","background-type":"","background-media":"","overlay-type":"","overlay-color":"","overlay-opacity":"","overlay-gradient":""}},"ast-content-background-meta":{"desktop":{"background-color":"var(--ast-global-color-5)","background-image":"","background-repeat":"repeat","background-position":"center center","background-size":"auto","background-attachment":"scroll","background-type":"","background-media":"","overlay-type":"","overlay-color":"","overlay-opacity":"","overlay-gradient":""},"tablet":{"background-color":"var(--ast-global-color-5)","background-image":"","background-repeat":"repeat","background-position":"center center","background-size":"auto","background-attachment":"scroll","background-type":"","background-media":"","overlay-type":"","overlay-color":"","overlay-opacity":"","overlay-gradient":""},"mobile":{"background-color":"var(--ast-global-color-5)","background-image":"","background-repeat":"repeat","background-position":"center center","background-size":"auto","background-attachment":"scroll","background-type":"","background-media":"","overlay-type":"","overlay-color":"","overlay-opacity":"","overlay-gradient":""}}},"product_brand":[],"product_cat":[666,669,621,540,136,600,603,651,645,672,675,588,612],"product_tag":[158,163,154,156,149,161,152,153,151,155,150,162,159,160,157],"class_list":{"0":"post-1167","1":"product","2":"type-product","3":"status-publish","4":"has-post-thumbnail","6":"product_cat-caravelle-t5","7":"product_cat-caravelle-t6","8":"product_cat-expert","9":"product_cat-jumpy","10":"product_cat-matalassos","11":"product_cat-nv300","12":"product_cat-primastar","13":"product_cat-proace","14":"product_cat-trafic","15":"product_cat-transporter-t5","16":"product_cat-transporter-t6","17":"product_cat-viano","18":"product_cat-vivaro","19":"product_tag-caravelle-ca-2","20":"product_tag-combi-ca","21":"product_tag-expert-iii-ca","22":"product_tag-fiat-talento-ii-ca","23":"product_tag-furgoneta-mediana-ca","24":"product_tag-jumpy-iii-ca","25":"product_tag-nissan-primastar-ca","26":"product_tag-nv300-combi-ca","27":"product_tag-opel-vivaro-combi-ca","28":"product_tag-proace-ca","29":"product_tag-renault-trafic-ii-ca","30":"product_tag-renault-trafic-iii-ca","31":"product_tag-transporter-ca","32":"product_tag-volkswagen-ca","33":"product_tag-vw-t5-ca","34":"desktop-align-center","35":"tablet-align-center","36":"mobile-align-center","37":"ast-product-gallery-layout-horizontal","38":"ast-product-tabs-layout-vertical","40":"first","41":"instock","42":"taxable","43":"shipping-taxable","44":"purchasable","45":"product-type-simple"},"bundled_by":["8029"],"bundle_stock_status":"instock","bundle_stock_quantity":2,"bundle_virtual":false,"bundle_layout":"","bundle_add_to_cart_form_location":"","bundle_editable_in_cart":false,"bundle_sold_individually_context":"","bundle_item_grouping":"","bundle_min_size":"","bundle_max_size":"","bundle_price":[],"bundled_items":[],"bundle_sell_ids":[],"exclude_global_add_ons":false,"addons":[{"name":"Extres per al matal\u00e0s:","type":"checkbox","position":0,"required":false,"title_format":"label","default":"","description_enable":true,"description":"Es poden demanar canvis pel que fa al tipus d'escuma, gruix o color de la funda. Qualsevol d'aquestes opcions addicionals impliquen fabricaci\u00f3 especial sota comanda, per la qual cosa el termini de lliurament pot augmentar entre 8 i 15 dies, i es perd amb el matal\u00e0s el dret de desistiment, ja que \u00e9s un producte fabricat a mida [Llei 1\/2007Art 103 c)]","placeholder_enable":false,"placeholder":null,"display":"select","restrictions_type":"any_text","adjust_price":false,"price":"","price_type":"flat_fee","restrictions":false,"min":"0","max":"0","options":[{"label":"Increment del gruix en 2cm","price":"35","price_type":"flat_fee","image":0,"visibility":true},{"label":"Augment de la densitat a \"dur\" (HR35)","price":"40","price_type":"flat_fee","image":0,"visibility":true},{"label":"2cm de viscol\u00e0stica, amb el mateix gruix total","price":"35","price_type":"flat_fee","image":0,"visibility":true},{"label":"Canvi de color de la funda","price":"25","price_type":"flat_fee","image":0,"visibility":true}],"id":1686918566},{"name":"Extres per al matal\u00e0s:","type":"checkbox","position":0,"required":false,"title_format":"label","default":"","description_enable":true,"description":"Es poden demanar canvis respecte del tipus d'escuma, gruix o color de la funda. Qualsevol d'aquestes opcions addicionals impliquen fabricaci\u00f3 especial sota comanda, per la qual cosa el termini de lliurament pot augmentar entre 8 i 15 dies, i es perd amb el matal\u00e0s el dret de desistiment, en tractar-se d'un producte fabricat a mida [Llei 1\/ 2007Art 103 c)]","placeholder_enable":false,"placeholder":"","display":"select","restrictions_type":"any_text","adjust_price":false,"price":"","price_type":"flat_fee","restrictions":false,"min":"0","max":"0","options":[{"label":"Increment de l'espessor en 2cm","price":"40","price_type":"flat_fee","image":0,"visibility":true},{"label":"Augment de la densitat a D30 \"dur\"","price":"35","price_type":"flat_fee","image":0,"visibility":true},{"label":"3 cm de viscoel\u00e0stica, amb el mateix gruix total","price":"40","price_type":"flat_fee","image":0,"visibility":true},{"label":"Canvi de color de la funda","price":"25","price_type":"flat_fee","image":0,"visibility":true}],"id":1686912989}],"aioseo_notices":[],"spectra_custom_meta":{"_wpml_word_count":["173"],"_backorders":["notify"],"_download_limit":["-1"],"_download_expiry":["-1"],"_downloadable":["no"],"_manage_stock":["yes"],"_sku":["4204"],"_stock":["2"],"_stock_status":["instock"],"_sold_individually":["no"],"_tax_class":[""],"_tax_status":["taxable"],"_virtual":["no"],"_sale_price":[""],"_sale_price_dates_from":[""],"_sale_price_dates_to":[""],"_wpml_media_duplicate":["1"],"_wpml_media_featured":["0"],"_aviaLayoutBuilder_active":[""],"_avia_builder_shortcode_tree":["a:0:{}"],"_alp_processed":["1775581063"],"wcml_sync_hash":["a:1:{s:15:\"postmeta_fields\";s:32:\"848a574bcb581a0fd23cea0606d7535a\";}"],"_purchase_note":[""],"_downloadable_files":["a:0:{}"],"attr_label_translations":["a:0:{}"],"_product_attributes":["a:0:{}"],"_default_attributes":["a:0:{}"],"_product_image_gallery":["10553,1075,1078,1081,4863,10548"],"_av_el_mgr_version":["1.0"],"_av_alb_posts_elements_state":["a:0:{}"],"_wc_review_count":["2"],"_wc_rating_count":[{"5":2}],"_wc_average_rating":["5.00"],"_wp_attachment_metadata":[""],"sidebar":[""],"footer":[""],"header_title_bar":[""],"header_transparency":[""],"layout":[""],"_wcml_average_rating":["5.00"],"_wcml_review_count":["2"],"_product_version":["10.7.0"],"_low_stock_amount":["0"],"total_sales":["64"],"_edit_lock":["1632820042:9"],"_edit_last":["9"],"_avia_sc_parser_state":["check_only"],"_aioseop_opengraph_settings":["a:0:{}"],"_vtwf_enable_tab":["no"],"_vtwf_tab_title":[""],"_vtwf_hide_title":["no"],"_vtwf_video_content":[""],"_aviaLayoutBuilderCleanData":[""],"_product_hover":[""],"_last_translation_edit_mode":["translation-editor"],"_thumbnail_id":["4147"],"_related_ids":["a:1:{i:0;i:2141;}"],"_avia_hide_featured_image":["0"],"site-sidebar-layout":["default"],"site-content-layout":["default"],"theme-transparent-header-meta":["default"],"_aioseo_og_article_section":[""],"_aioseo_og_article_tags":[""],"stick-header-meta":["default"],"_wpml_media_has_media":["1"],"_weight":["8"],"_wcml_rating_count":["a:1:{i:5;i:2;}"],"_product_addons_exclude_global":["0"],"_top_nav_excluded":[""],"_cms_nav_minihome":[""],"_width":["40"],"_height":["75"],"_length":["40"],"ast-site-content-layout":["default"],"site-content-style":["default"],"site-sidebar-style":["default"],"_crosssell_ids":["a:1:{i:0;i:9032;}"],"_regular_price":["240"],"_price":["240"],"_upsell_ids":["a:3:{i:0;i:4923;i:1;i:8029;i:2;i:5237;}"],"_aioseop_title":["Matal\u00e0s per a furgoneta camper "],"_aioseop_description":["Matal\u00e0s plegable per a furgoneta mitjana: Renault Trafic II i III Combi \/ Opel Vivaro Combi \/ Nissan Primastar + NV300 Combi \/ Jumpy III \/ Expert III \/ ProAce "],"_aioseop_keywords":["camperitzar renault trafic, camperitzar opel vivar, llit per opel vivar, camperar furgoneta opel vivar, camperitzar primastar, camperitzar nissan primastar, camperitzar expert"],"_aioseo_title":["Matal\u00e0s per a Furgoneta Van a a Mesura | Camporan"],"_aioseo_description":["Matal\u00e0s per a furgoneta: 5 cm escumeja + 3 cm viscoel\u00e0stica. Compatible amb VW T5\/T6, Trafic, Vivaro i Tourneo Custom 2023+. Funda rentable. Des de 240\u20ac. En estoc!    "],"_aioseo_keywords":["camperitzar renault trafic,camperitzar opel vivar,llit per opel vivar,camperitzar furgoneta opel vivar,camperitzar primastar,camperitzar nissan primastar,camperitzar expert"],"_product_addons":["a:1:{i:0;a:20:{s:4:\"name\";s:23:\"Extres per al matal\u00e0s:\";s:12:\"title_format\";s:5:\"label\";s:18:\"description_enable\";i:1;s:11:\"description\";s:354:\"Es poden demanar canvis pel que fa al tipus d'escuma, gruix o color de la funda. Qualsevol d'aquestes opcions addicionals impliquen fabricaci\u00f3 especial sota comanda, per la qual cosa el termini de lliurament pot augmentar entre 8 i 15 dies, i es perd amb el matal\u00e0s el dret de desistiment, ja que \u00e9s un producte fabricat a mida [Llei 1\/2007Art 103 c)]\";s:18:\"placeholder_enable\";i:0;s:11:\"placeholder\";N;s:4:\"type\";s:8:\"checkbox\";s:7:\"display\";s:6:\"select\";s:8:\"position\";i:0;s:8:\"required\";i:0;s:12:\"restrictions\";i:0;s:17:\"restrictions_type\";s:8:\"any_text\";s:12:\"adjust_price\";i:0;s:10:\"price_type\";s:8:\"flat_fee\";s:5:\"price\";s:0:\"\";s:2:\"id\";s:10:\"1686918566\";s:3:\"min\";i:0;s:3:\"max\";i:0;s:7:\"default\";s:0:\"\";s:7:\"options\";a:4:{i:0;a:5:{s:5:\"label\";s:26:\"Increment del gruix en 2cm\";s:5:\"price\";s:2:\"35\";s:5:\"image\";s:0:\"\";s:10:\"price_type\";s:8:\"flat_fee\";s:10:\"visibility\";i:1;}i:1;a:5:{s:5:\"label\";s:37:\"Augment de la densitat a \"dur\" (HR35)\";s:5:\"price\";s:2:\"40\";s:5:\"image\";s:0:\"\";s:10:\"price_type\";s:8:\"flat_fee\";s:10:\"visibility\";i:1;}i:2;a:5:{s:5:\"label\";s:47:\"2cm de viscol\u00e0stica, amb el mateix gruix total\";s:5:\"price\";s:2:\"35\";s:5:\"image\";s:0:\"\";s:10:\"price_type\";s:8:\"flat_fee\";s:10:\"visibility\";i:1;}i:3;a:5:{s:5:\"label\";s:26:\"Canvi de color de la funda\";s:5:\"price\";s:2:\"25\";s:5:\"image\";s:0:\"\";s:10:\"price_type\";s:8:\"flat_fee\";s:10:\"visibility\";i:1;}}}}"],"_schema_json":["a:0:{}"],"_schema_json_timestamp":["1778513421"],"_uag_page_assets":["a:9:{s:3:\"css\";s:0:\"\";s:2:\"js\";s:0:\"\";s:18:\"current_block_list\";a:2:{i:0;s:12:\"core\/heading\";i:1;s:14:\"core\/paragraph\";}s:8:\"uag_flag\";b:0;s:11:\"uag_version\";i:1778504966;s:6:\"gfonts\";a:0:{}s:10:\"gfonts_url\";s:0:\"\";s:12:\"gfonts_files\";a:0:{}s:14:\"uag_faq_layout\";b:0;}"]},"uagb_featured_image_src":{"full":["https:\/\/camporan.com\/wp-content\/uploads\/2018\/06\/VAN-03.jpeg",1000,750,false],"thumbnail":["https:\/\/camporan.com\/wp-content\/uploads\/2018\/06\/VAN-03-80x80.jpeg",80,80,true],"medium":["https:\/\/camporan.com\/wp-content\/uploads\/2018\/06\/VAN-03-300x225.jpeg",300,225,true],"medium_large":["https:\/\/camporan.com\/wp-content\/uploads\/2018\/06\/VAN-03-768x576.jpeg",768,576,true],"large":["https:\/\/camporan.com\/wp-content\/uploads\/2018\/06\/VAN-03.jpeg",1000,750,false],"1536x1536":["https:\/\/camporan.com\/wp-content\/uploads\/2018\/06\/VAN-03.jpeg",1000,750,false],"2048x2048":["https:\/\/camporan.com\/wp-content\/uploads\/2018\/06\/VAN-03.jpeg",1000,750,false],"woocommerce_thumbnail":["https:\/\/camporan.com\/wp-content\/uploads\/2018\/06\/VAN-03-600x450.jpeg",600,450,true],"woocommerce_single":["https:\/\/camporan.com\/wp-content\/uploads\/2018\/06\/VAN-03-600x450.jpeg",600,450,true],"woocommerce_gallery_thumbnail":["https:\/\/camporan.com\/wp-content\/uploads\/2018\/06\/VAN-03-100x100.jpeg",100,100,true],"wcpr-photo-reviews":["https:\/\/camporan.com\/wp-content\/uploads\/2018\/06\/VAN-03.jpeg",500,375,false]},"uagb_author_info":{"display_name":"David Lamolla","author_link":"https:\/\/camporan.com\/ca\/author\/david_lamolla\/"},"uagb_comment_info":2,"uagb_excerpt":"El matal\u00e0s per a furgoneta m\u00e9s complet del cat\u00e0leg Camporan. Amb 5 cm d'escuma ferma i 3 cm de viscoel\u00e0stica, \u00e9s l'\u00fanic de la gamma que cuida de veritat el teu descans en ruta. Fabricat a mesura i compatible amb les furgonetes mitjanes m\u00e9s venudes: VW T5\/T6, Renault Trafic, Opel Vivaro, Nissan Primastar, Citro\u00ebn Jumpy&hellip;","_links":{"self":[{"href":"https:\/\/camporan.com\/ca\/wp-json\/wp\/v2\/product\/1167","targetHints":{"allow":["GET"]}}],"collection":[{"href":"https:\/\/camporan.com\/ca\/wp-json\/wp\/v2\/product"}],"about":[{"href":"https:\/\/camporan.com\/ca\/wp-json\/wp\/v2\/types\/product"}],"author":[{"embeddable":true,"href":"https:\/\/camporan.com\/ca\/wp-json\/wp\/v2\/users\/7"}],"replies":[{"embeddable":true,"href":"https:\/\/camporan.com\/ca\/wp-json\/wp\/v2\/comments?post=1167"}],"wp:featuredmedia":[{"embeddable":true,"href":"https:\/\/camporan.com\/ca\/wp-json\/wp\/v2\/media\/4147"}],"wp:attachment":[{"href":"https:\/\/camporan.com\/ca\/wp-json\/wp\/v2\/media?parent=1167"}],"wp:term":[{"taxonomy":"product_brand","embeddable":true,"href":"https:\/\/camporan.com\/ca\/wp-json\/wp\/v2\/product_brand?post=1167"},{"taxonomy":"product_cat","embeddable":true,"href":"https:\/\/camporan.com\/ca\/wp-json\/wp\/v2\/product_cat?post=1167"},{"taxonomy":"product_tag","embeddable":true,"href":"https:\/\/camporan.com\/ca\/wp-json\/wp\/v2\/product_tag?post=1167"}],"curies":[{"name":"wp","href":"https:\/\/api.w.org\/{rel}","templated":true}]}}