{"id":1157,"date":"2018-06-17T12:32:08","date_gmt":"2018-06-17T10:32:08","guid":{"rendered":"http:\/\/www.camporan.com\/producto\/matalas-per-nv200\/"},"modified":"2026-04-07T18:40:45","modified_gmt":"2026-04-07T16:40:45","slug":"matalas-per-llit-nv200","status":"publish","type":"product","link":"https:\/\/camporan.com\/ca\/botiga\/matalas-per-llit-nv200\/","title":{"rendered":"Matal\u00e0s per a Furgoneta Nissan NV200"},"content":{"rendered":"<h2>PER A QUINES VERSIONS DE NISSAN NV200 \u00c9S COMPATIBLE?<\/h2>\n<p>Nissan NV200 \/ Nissan NV200 Evalia \/ Nissan NV200 Evalia<\/p>\n<h2>CARACTER\u00cdSTIQUES DEL MATAL\u00c0S<\/h2>\n<p>Matal\u00e0s de 190 x 140 x 8cm. Escuma d&#8217;alta densitat 25Kg\/m3. Funda amb cremalleres de loneta blava fosc<\/p>\n<ul>\n<li>Pes: 7 kg.<\/li>\n<li>Dimensions: 190 x 140 x 8cm.<\/li>\n<\/ul>\n","protected":false},"excerpt":{"rendered":"<p>El matal\u00e0s plegable que el teu Nissan NV200 estava esperant. Fabricat a mesura per a la NV200, NV200 Evalia i Evalia amb aire condicionat posterior \u2014 incloent la variant m\u00e9s dif\u00edcil de trobar. 140 cm d&#8217;ample per a dormir de veritat en ruta, amb escuma d&#8217;alta densitat i funda desenfundable i rentable. Compatible amb l&#8217;estructura de llit Camporan o com a matal\u00e0s independent si ja tens la teva. El descans que es mereix la teva furgoneta.    <\/p>\n<p>En cas de tenir la versi\u00f3 amb l&#8217;embalum posterior de l&#8217;aire condicionat, cal treure l&#8217;escuma, fer un tall a l&#8217;escuma (demaneu-nos la plantilla). Quedar\u00e0 tela sobrant, per\u00f2 en anar encaixat al xass\u00eds, amb prou feines es nota.<\/p>\n","protected":false},"author":7,"featured_media":4976,"comment_status":"open","ping_status":"closed","template":"","meta":{"om_disable_all_campaigns":false,"_uag_custom_page_level_css":"","site-sidebar-layout":"default","site-content-layout":"default","ast-site-content-layout":"default","site-content-style":"default","site-sidebar-style":"default","ast-global-header-display":"","ast-banner-title-visibility":"","ast-main-header-display":"","ast-hfb-above-header-display":"","ast-hfb-below-header-display":"","ast-hfb-mobile-header-display":"","site-post-title":"","ast-breadcrumbs-content":"","ast-featured-img":"","footer-sml-layout":"","ast-disable-related-posts":"","theme-transparent-header-meta":"default","adv-header-id-meta":"","stick-header-meta":"default","header-above-stick-meta":"","header-main-stick-meta":"","header-below-stick-meta":"","astra-migrate-meta-layouts":"default","ast-page-background-enabled":"default","ast-page-background-meta":{"desktop":{"background-color":"","background-image":"","background-repeat":"repeat","background-position":"center center","background-size":"auto","background-attachment":"scroll","background-type":"","background-media":"","overlay-type":"","overlay-color":"","overlay-opacity":"","overlay-gradient":""},"tablet":{"background-color":"","background-image":"","background-repeat":"repeat","background-position":"center center","background-size":"auto","background-attachment":"scroll","background-type":"","background-media":"","overlay-type":"","overlay-color":"","overlay-opacity":"","overlay-gradient":""},"mobile":{"background-color":"","background-image":"","background-repeat":"repeat","background-position":"center center","background-size":"auto","background-attachment":"scroll","background-type":"","background-media":"","overlay-type":"","overlay-color":"","overlay-opacity":"","overlay-gradient":""}},"ast-content-background-meta":{"desktop":{"background-color":"var(--ast-global-color-5)","background-image":"","background-repeat":"repeat","background-position":"center center","background-size":"auto","background-attachment":"scroll","background-type":"","background-media":"","overlay-type":"","overlay-color":"","overlay-opacity":"","overlay-gradient":""},"tablet":{"background-color":"var(--ast-global-color-5)","background-image":"","background-repeat":"repeat","background-position":"center center","background-size":"auto","background-attachment":"scroll","background-type":"","background-media":"","overlay-type":"","overlay-color":"","overlay-opacity":"","overlay-gradient":""},"mobile":{"background-color":"var(--ast-global-color-5)","background-image":"","background-repeat":"repeat","background-position":"center center","background-size":"auto","background-attachment":"scroll","background-type":"","background-media":"","overlay-type":"","overlay-color":"","overlay-opacity":"","overlay-gradient":""}}},"product_brand":[],"product_cat":[594,136,597],"product_tag":[142,140,120,121,122,143,141],"class_list":{"0":"post-1157","1":"product","2":"type-product","3":"status-publish","4":"has-post-thumbnail","6":"product_cat-evalia","7":"product_cat-matalassos","8":"product_cat-nv200-2","9":"product_tag-evalia-ca","10":"product_tag-nissan-ca","11":"product_tag-nissan-nv200-ca","12":"product_tag-nissan-nv200-evalia-ca","13":"product_tag-nissan-nv200-evalia-con-aire-condicionado-posterior-ca","14":"product_tag-nv-ca","15":"product_tag-nv200-ca","16":"desktop-align-center","17":"tablet-align-center","18":"mobile-align-center","19":"ast-product-gallery-layout-horizontal","20":"ast-product-tabs-layout-vertical","22":"first","23":"instock","24":"taxable","25":"shipping-taxable","26":"purchasable","27":"product-type-simple"},"bundled_by":["4043"],"bundle_stock_status":"instock","bundle_stock_quantity":2,"bundle_virtual":false,"bundle_layout":"","bundle_add_to_cart_form_location":"","bundle_editable_in_cart":false,"bundle_sold_individually_context":"","bundle_item_grouping":"","bundle_min_size":"","bundle_max_size":"","bundle_price":[],"bundled_items":[],"bundle_sell_ids":[],"exclude_global_add_ons":false,"addons":[{"name":"Extres per al matal\u00e0s:","type":"checkbox","position":0,"required":false,"title_format":"label","default":"","description_enable":true,"description":"Es poden demanar canvis pel que fa al tipus d'escuma, gruix o color de la funda. Qualsevol d'aquestes opcions addicionals impliquen fabricaci\u00f3 especial sota comanda, per la qual cosa el termini de lliurament pot augmentar entre 8 i 15 dies, i es perd amb el matal\u00e0s el dret de desistiment, ja que \u00e9s un producte fabricat a mida [Llei 1\/2007Art 103 c)]","placeholder_enable":false,"placeholder":null,"display":"select","restrictions_type":"any_text","adjust_price":false,"price":"","price_type":"flat_fee","restrictions":false,"min":"0","max":"0","options":[{"label":"Increment del gruix en 2cm","price":"30","price_type":"flat_fee","image":0,"visibility":true},{"label":"Augment de la densitat a \"dur\" (HR35)","price":"35","price_type":"flat_fee","image":0,"visibility":true},{"label":"2cm de viscol\u00e0stica, amb el mateix gruix total","price":"35","price_type":"flat_fee","image":0,"visibility":true},{"label":"Canvi de color de la funda","price":"25","price_type":"flat_fee","image":0,"visibility":true},{"label":"Retall especial aire condicionat dret","price":"10","price_type":"flat_fee","image":0,"visibility":true}],"id":1686918407},{"name":"Extres per al matal\u00e0s:","type":"checkbox","position":0,"required":false,"title_format":"label","default":"","description_enable":true,"description":"Es poden demanar canvis respecte del tipus d'escuma, gruix o color de la funda. Qualsevol d'aquestes opcions addicionals impliquen fabricaci\u00f3 especial sota comanda, per la qual cosa el termini de lliurament pot augmentar entre 8 i 15 dies, i es perd amb el matal\u00e0s el dret de desistiment, en tractar-se d'un producte fabricat a mida [Llei 1\/ 2007Art 103 c)]","placeholder_enable":false,"placeholder":"","display":"select","restrictions_type":"any_text","adjust_price":false,"price":"","price_type":"flat_fee","restrictions":false,"min":"0","max":"0","options":[{"label":"Increment de l'espessor en 2cm","price":"40","price_type":"flat_fee","image":0,"visibility":true},{"label":"Augment de la densitat a D30 \"dur\"","price":"35","price_type":"flat_fee","image":0,"visibility":true},{"label":"3 cm de viscoel\u00e0stica, amb el mateix gruix total","price":"40","price_type":"flat_fee","image":0,"visibility":true},{"label":"Canvi de color de la funda","price":"25","price_type":"flat_fee","image":0,"visibility":true}],"id":1686912989}],"aioseo_notices":[],"spectra_custom_meta":{"_wpml_word_count":["157"],"_backorders":["notify"],"_download_limit":["-1"],"_download_expiry":["-1"],"_downloadable":["no"],"_manage_stock":["yes"],"_sku":["4203"],"_stock_status":["instock"],"_sold_individually":["no"],"_tax_class":[""],"_tax_status":["taxable"],"_virtual":["no"],"_sale_price":[""],"_sale_price_dates_from":[""],"_sale_price_dates_to":[""],"_wpml_media_duplicate":["1"],"_wpml_media_featured":["0"],"_aviaLayoutBuilder_active":[""],"_avia_builder_shortcode_tree":["a:0:{}"],"_alp_processed":["1775580045"],"wcml_sync_hash":["a:1:{s:15:\"postmeta_fields\";s:32:\"93c66b6b3d7cc27517889dbb21225341\";}"],"_purchase_note":[""],"_downloadable_files":["a:0:{}"],"attr_label_translations":["a:0:{}"],"_product_attributes":["a:0:{}"],"_default_attributes":["a:0:{}"],"_children":["a:0:{}"],"_product_image_gallery":["1084,1087,1090,10211"],"_wc_review_count":["0"],"_wc_rating_count":[""],"_wc_average_rating":[0],"_av_el_mgr_version":["1.0"],"_av_alb_posts_elements_state":["a:0:{}"],"_wp_attachment_metadata":[""],"sidebar":[""],"footer":[""],"header_title_bar":[""],"header_transparency":[""],"layout":[""],"_product_version":["10.4.3"],"_last_translation_edit_mode":["translation-editor"],"_stock":["2"],"_low_stock_amount":["0"],"total_sales":["99"],"_edit_lock":["1632820026:9"],"_edit_last":["9"],"_avia_sc_parser_state":["check_only"],"_aioseop_opengraph_settings":["a:0:{}"],"_vtwf_enable_tab":["no"],"_vtwf_tab_title":[""],"_vtwf_hide_title":["no"],"_vtwf_video_content":[""],"_aviaLayoutBuilderCleanData":[""],"_product_hover":[""],"_related_ids":["a:2:{i:0;i:1152;i:1;i:4043;}"],"_avia_hide_featured_image":["0"],"_thumbnail_id":["4976"],"site-sidebar-layout":["default"],"site-content-layout":["default"],"theme-transparent-header-meta":["default"],"_aioseo_og_article_section":[""],"_aioseo_og_article_tags":[""],"_wpml_media_has_media":["1"],"stick-header-meta":["default"],"_regular_price":["230"],"_price":["230"],"_weight":["7"],"_width":["40"],"_height":["70"],"_length":["40"],"_product_addons_exclude_global":["0"],"_top_nav_excluded":[""],"_cms_nav_minihome":[""],"ast-site-content-layout":["default"],"site-content-style":["default"],"site-sidebar-style":["default"],"_wcml_average_rating":[null],"_wcml_review_count":[null],"_wcml_rating_count":[null],"_crosssell_ids":["a:1:{i:0;i:8982;}"],"_upsell_ids":["a:3:{i:0;i:4923;i:1;i:1152;i:2;i:4043;}"],"_aioseop_title":["Matal\u00e0s per furgoneta camper Nissan NV200"],"_aioseop_description":["Matal\u00e0s plegable dissenyat per a la Nissan NV200 i Evalia.\n Desenfundable, escuma alta densitat i f\u00e0cil d'instal\u00b7lar."],"_aioseop_keywords":["Matal\u00e0s per a Llit NV200, matal\u00e0s furgoneta Nissan"],"_aioseo_title":["Matal\u00e0s per a Furgoneta Nissan NV200 | Camporan"],"_aioseo_description":["Matal\u00e0s per a furgoneta Nissan NV200, NV200 Evalia i Evalia amb AC posterior. 140 cm d'ample, escuma d'alta densitat, funda rentable. Des de 230\u20ac. En estoc!   "],"_aioseo_keywords":["Matal\u00e0s per a Llit NV200,matal\u00e0s furgoneta Nissan"],"_product_addons":["a:1:{i:0;a:20:{s:4:\"name\";s:23:\"Extres per al matal\u00e0s:\";s:12:\"title_format\";s:5:\"label\";s:18:\"description_enable\";i:1;s:11:\"description\";s:354:\"Es poden demanar canvis pel que fa al tipus d'escuma, gruix o color de la funda. Qualsevol d'aquestes opcions addicionals impliquen fabricaci\u00f3 especial sota comanda, per la qual cosa el termini de lliurament pot augmentar entre 8 i 15 dies, i es perd amb el matal\u00e0s el dret de desistiment, ja que \u00e9s un producte fabricat a mida [Llei 1\/2007Art 103 c)]\";s:18:\"placeholder_enable\";i:0;s:11:\"placeholder\";N;s:4:\"type\";s:8:\"checkbox\";s:7:\"display\";s:6:\"select\";s:8:\"position\";i:0;s:8:\"required\";i:0;s:12:\"restrictions\";i:0;s:17:\"restrictions_type\";s:8:\"any_text\";s:12:\"adjust_price\";i:0;s:10:\"price_type\";s:8:\"flat_fee\";s:5:\"price\";s:0:\"\";s:2:\"id\";s:10:\"1686918407\";s:3:\"min\";i:0;s:3:\"max\";i:0;s:7:\"default\";s:0:\"\";s:7:\"options\";a:5:{i:0;a:5:{s:5:\"label\";s:26:\"Increment del gruix en 2cm\";s:5:\"price\";s:2:\"30\";s:5:\"image\";s:0:\"\";s:10:\"price_type\";s:8:\"flat_fee\";s:10:\"visibility\";i:1;}i:1;a:5:{s:5:\"label\";s:37:\"Augment de la densitat a \"dur\" (HR35)\";s:5:\"price\";s:2:\"35\";s:5:\"image\";s:0:\"\";s:10:\"price_type\";s:8:\"flat_fee\";s:10:\"visibility\";i:1;}i:2;a:5:{s:5:\"label\";s:47:\"2cm de viscol\u00e0stica, amb el mateix gruix total\";s:5:\"price\";s:2:\"35\";s:5:\"image\";s:0:\"\";s:10:\"price_type\";s:8:\"flat_fee\";s:10:\"visibility\";i:1;}i:3;a:5:{s:5:\"label\";s:26:\"Canvi de color de la funda\";s:5:\"price\";s:2:\"25\";s:5:\"image\";s:0:\"\";s:10:\"price_type\";s:8:\"flat_fee\";s:10:\"visibility\";i:1;}i:4;a:5:{s:5:\"label\";s:37:\"Retall especial aire condicionat dret\";s:5:\"price\";s:2:\"10\";s:5:\"image\";s:0:\"\";s:10:\"price_type\";s:8:\"flat_fee\";s:10:\"visibility\";i:1;}}}}"],"_schema_json":["a:0:{}"],"_schema_json_timestamp":["1778517403"],"_uag_page_assets":["a:9:{s:3:\"css\";s:0:\"\";s:2:\"js\";s:0:\"\";s:18:\"current_block_list\";a:2:{i:0;s:12:\"core\/heading\";i:1;s:14:\"core\/paragraph\";}s:8:\"uag_flag\";b:0;s:11:\"uag_version\";i:1778504966;s:6:\"gfonts\";a:0:{}s:10:\"gfonts_url\";s:0:\"\";s:12:\"gfonts_files\";a:0:{}s:14:\"uag_faq_layout\";b:0;}"]},"uagb_featured_image_src":{"full":["https:\/\/camporan.com\/wp-content\/uploads\/2018\/06\/Nv200-camper.jpg",1100,1047,false],"thumbnail":["https:\/\/camporan.com\/wp-content\/uploads\/2018\/06\/Nv200-camper-80x80.jpg",80,80,true],"medium":["https:\/\/camporan.com\/wp-content\/uploads\/2018\/06\/Nv200-camper-300x286.jpg",300,286,true],"medium_large":["https:\/\/camporan.com\/wp-content\/uploads\/2018\/06\/Nv200-camper-768x731.jpg",768,731,true],"large":["https:\/\/camporan.com\/wp-content\/uploads\/2018\/06\/Nv200-camper-1030x980.jpg",1030,980,true],"1536x1536":["https:\/\/camporan.com\/wp-content\/uploads\/2018\/06\/Nv200-camper.jpg",1100,1047,false],"2048x2048":["https:\/\/camporan.com\/wp-content\/uploads\/2018\/06\/Nv200-camper.jpg",1100,1047,false],"woocommerce_thumbnail":["https:\/\/camporan.com\/wp-content\/uploads\/2018\/06\/Nv200-camper-600x571.jpg",600,571,true],"woocommerce_single":["https:\/\/camporan.com\/wp-content\/uploads\/2018\/06\/Nv200-camper-600x571.jpg",600,571,true],"woocommerce_gallery_thumbnail":["https:\/\/camporan.com\/wp-content\/uploads\/2018\/06\/Nv200-camper-100x100.jpg",100,100,true],"wcpr-photo-reviews":["https:\/\/camporan.com\/wp-content\/uploads\/2018\/06\/Nv200-camper.jpg",500,476,false]},"uagb_author_info":{"display_name":"David Lamolla","author_link":"https:\/\/camporan.com\/ca\/author\/david_lamolla\/"},"uagb_comment_info":0,"uagb_excerpt":"El matal\u00e0s plegable que el teu Nissan NV200 estava esperant. Fabricat a mesura per a la NV200, NV200 Evalia i Evalia amb aire condicionat posterior \u2014 incloent la variant m\u00e9s dif\u00edcil de trobar. 140 cm d'ample per a dormir de veritat en ruta, amb escuma d'alta densitat i funda desenfundable i rentable. Compatible amb l'estructura&hellip;","_links":{"self":[{"href":"https:\/\/camporan.com\/ca\/wp-json\/wp\/v2\/product\/1157","targetHints":{"allow":["GET"]}}],"collection":[{"href":"https:\/\/camporan.com\/ca\/wp-json\/wp\/v2\/product"}],"about":[{"href":"https:\/\/camporan.com\/ca\/wp-json\/wp\/v2\/types\/product"}],"author":[{"embeddable":true,"href":"https:\/\/camporan.com\/ca\/wp-json\/wp\/v2\/users\/7"}],"replies":[{"embeddable":true,"href":"https:\/\/camporan.com\/ca\/wp-json\/wp\/v2\/comments?post=1157"}],"wp:featuredmedia":[{"embeddable":true,"href":"https:\/\/camporan.com\/ca\/wp-json\/wp\/v2\/media\/4976"}],"wp:attachment":[{"href":"https:\/\/camporan.com\/ca\/wp-json\/wp\/v2\/media?parent=1157"}],"wp:term":[{"taxonomy":"product_brand","embeddable":true,"href":"https:\/\/camporan.com\/ca\/wp-json\/wp\/v2\/product_brand?post=1157"},{"taxonomy":"product_cat","embeddable":true,"href":"https:\/\/camporan.com\/ca\/wp-json\/wp\/v2\/product_cat?post=1157"},{"taxonomy":"product_tag","embeddable":true,"href":"https:\/\/camporan.com\/ca\/wp-json\/wp\/v2\/product_tag?post=1157"}],"curies":[{"name":"wp","href":"https:\/\/api.w.org\/{rel}","templated":true}]}}