{"id":10170,"date":"2022-10-17T11:14:13","date_gmt":"2023-03-17T12:48:08","guid":{"rendered":"http:\/\/www.camporan.com\/nevera-portatil-30l\/"},"modified":"2023-03-17T13:48:08","modified_gmt":"2023-03-17T12:48:08","slug":"nevera-portatil-30l","status":"publish","type":"product","link":"https:\/\/camporan.com\/ca\/botiga\/nevera-portatil-30l\/","title":{"rendered":"Nevera Port\u00e0til 30L"},"content":{"rendered":"<ul>\n<li>Control: Panell LCD \/ aplicaci\u00f3 m\u00f2bil<\/li>\n<li>Port USB per a c\u00e0rrega m\u00f2bil<\/li>\n<li>Voltatge: DC12V\/24V o AC100-240V<\/li>\n<li>Pot\u00e8ncia: 45W<\/li>\n<li>Consum d&#8217;energia: 0.2kw.h\/24h<\/li>\n<li>Mitjana de consum d&#8217;energia: 45w +-5W<\/li>\n<li>Rang de temperatura: -20 \u00ba ~ 10 \u00ba<\/li>\n<\/ul>\n<h4>CARACTER\u00cdSTIQUES<\/h4>\n<ul>\n<li>Nivell de soroll: 38dB<\/li>\n<li>Capacitat: 30L<\/li>\n<li>Pes Net: 12,2 kg<\/li>\n<li>Dimensions An * Pr * Al mm: 630 * 378 * 370<\/li>\n<li>Sistema de refredament: Compressor inverter LG<\/li>\n<li>Material: PP + HDPE<\/li>\n<li>A\u00efllament: Escuma de poliuret\u00e0<\/li>\n<li>Refrigerant: R134a<\/li>\n<li>Caracter\u00edstica: 100% lliure de CFC\/HFC<\/li>\n<li>Certificaci\u00f3: CE\/ROHS\/UL\/C-Tick<\/li>\n<li>Control APP: IOS \/ ANDROID<\/li>\n<\/ul>\n<ul>\n<li style=\"list-style-type: none;\">\n<\/li>\n<\/ul>\n","protected":false},"excerpt":{"rendered":"<h3>Nevera port\u00e0til per camperitzar furgonetes<\/h3>\n<p>Frigor\u00edfic Port\u00e0til de 30 Litres amb <em>Compressor LG Inverter<\/em> , Connectivitat <em>Bluetooth<\/em> via App per Android i iPhone. Inclou adaptador de bec per a vehicle com a adaptador de 220V. La seva nansa retr\u00e0ctil i les rodes integrades en faciliten el transport. Baix consum d&#8217;energia de 45 watts i un pes lleuger de 12,2 kg.<\/p>\n","protected":false},"author":58,"featured_media":9667,"comment_status":"open","ping_status":"closed","template":"","meta":{"om_disable_all_campaigns":false,"_uag_custom_page_level_css":"","site-sidebar-layout":"default","site-content-layout":"default","ast-site-content-layout":"default","site-content-style":"default","site-sidebar-style":"default","ast-global-header-display":"","ast-banner-title-visibility":"","ast-main-header-display":"","ast-hfb-above-header-display":"","ast-hfb-below-header-display":"","ast-hfb-mobile-header-display":"","site-post-title":"","ast-breadcrumbs-content":"","ast-featured-img":"","footer-sml-layout":"","ast-disable-related-posts":"","theme-transparent-header-meta":"default","adv-header-id-meta":"","stick-header-meta":"default","header-above-stick-meta":"","header-main-stick-meta":"","header-below-stick-meta":"","astra-migrate-meta-layouts":"default","ast-page-background-enabled":"default","ast-page-background-meta":{"desktop":{"background-color":"","background-image":"","background-repeat":"repeat","background-position":"center center","background-size":"auto","background-attachment":"scroll","background-type":"","background-media":"","overlay-type":"","overlay-color":"","overlay-opacity":"","overlay-gradient":""},"tablet":{"background-color":"","background-image":"","background-repeat":"repeat","background-position":"center center","background-size":"auto","background-attachment":"scroll","background-type":"","background-media":"","overlay-type":"","overlay-color":"","overlay-opacity":"","overlay-gradient":""},"mobile":{"background-color":"","background-image":"","background-repeat":"repeat","background-position":"center center","background-size":"auto","background-attachment":"scroll","background-type":"","background-media":"","overlay-type":"","overlay-color":"","overlay-opacity":"","overlay-gradient":""}},"ast-content-background-meta":{"desktop":{"background-color":"var(--ast-global-color-5)","background-image":"","background-repeat":"repeat","background-position":"center center","background-size":"auto","background-attachment":"scroll","background-type":"","background-media":"","overlay-type":"","overlay-color":"","overlay-opacity":"","overlay-gradient":""},"tablet":{"background-color":"var(--ast-global-color-5)","background-image":"","background-repeat":"repeat","background-position":"center center","background-size":"auto","background-attachment":"scroll","background-type":"","background-media":"","overlay-type":"","overlay-color":"","overlay-opacity":"","overlay-gradient":""},"mobile":{"background-color":"var(--ast-global-color-5)","background-image":"","background-repeat":"repeat","background-position":"center center","background-size":"auto","background-attachment":"scroll","background-type":"","background-media":"","overlay-type":"","overlay-color":"","overlay-opacity":"","overlay-gradient":""}}},"product_brand":[],"product_cat":[907],"product_tag":[],"class_list":{"0":"post-10170","1":"product","2":"type-product","3":"status-publish","4":"has-post-thumbnail","6":"product_cat-accessoris-camper","7":"desktop-align-center","8":"tablet-align-center","9":"mobile-align-center","10":"ast-product-gallery-layout-horizontal","11":"ast-product-tabs-layout-vertical","13":"first","14":"instock","15":"taxable","16":"shipping-taxable","17":"purchasable","18":"product-type-simple"},"bundled_by":[],"bundle_stock_status":"instock","bundle_stock_quantity":null,"bundle_virtual":false,"bundle_layout":"","bundle_add_to_cart_form_location":"","bundle_editable_in_cart":false,"bundle_sold_individually_context":"","bundle_item_grouping":"","bundle_min_size":"","bundle_max_size":"","bundle_price":[],"bundled_items":[],"bundle_sell_ids":[],"exclude_global_add_ons":[],"addons":[],"aioseo_notices":[],"spectra_custom_meta":{"_alp_processed":["1679057288"],"_backorders":["no"],"_download_limit":["-1"],"_download_expiry":["-1"],"_downloadable":["no"],"_manage_stock":["no"],"_stock_status":["instock"],"_sold_individually":["no"],"_tax_class":[""],"_tax_status":["taxable"],"_virtual":["no"],"_weight":["12.2"],"total_sales":["2"],"_wpml_media_duplicate":["1"],"_wpml_media_featured":["1"],"site-sidebar-layout":["default"],"site-content-layout":["default"],"theme-transparent-header-meta":["default"],"stick-header-meta":["default"],"_top_nav_excluded":[""],"_cms_nav_minihome":[""],"wcml_sync_hash":["a:1:{s:15:\"postmeta_fields\";s:32:\"5b9dc6d7955ced7472eaca850838dfec\";}"],"_wcml_average_rating":[null],"_wcml_review_count":[null],"_wcml_rating_count":[null],"attr_label_translations":["a:0:{}"],"_product_attributes":["a:0:{}"],"_thumbnail_id":["9667"],"_default_attributes":["a:0:{}"],"_upsell_ids":["a:0:{}"],"_crosssell_ids":["a:0:{}"],"_children":["a:0:{}"],"_product_addons":["a:0:{}"],"_schema_json":["a:0:{}"],"_schema_json_timestamp":["1776999826"],"_product_image_gallery":["9672,9677,9682,9687"],"_regular_price":["295"],"_price":["295"],"_uag_page_assets":["a:9:{s:3:\"css\";s:0:\"\";s:2:\"js\";s:0:\"\";s:18:\"current_block_list\";a:2:{i:0;s:12:\"core\/heading\";i:1;s:14:\"core\/paragraph\";}s:8:\"uag_flag\";b:0;s:11:\"uag_version\";i:1777493203;s:6:\"gfonts\";a:0:{}s:10:\"gfonts_url\";s:0:\"\";s:12:\"gfonts_files\";a:0:{}s:14:\"uag_faq_layout\";b:0;}"],"_wc_rating_count":[""],"_wc_review_count":[""],"_wc_average_rating":[0]},"uagb_featured_image_src":{"full":["https:\/\/camporan.com\/wp-content\/uploads\/2022\/10\/camporan-nevera-portatil-1.jpg",551,519,false],"thumbnail":["https:\/\/camporan.com\/wp-content\/uploads\/2022\/10\/camporan-nevera-portatil-1-80x80.jpg",80,80,true],"medium":["https:\/\/camporan.com\/wp-content\/uploads\/2022\/10\/camporan-nevera-portatil-1-300x283.jpg",300,283,true],"medium_large":["https:\/\/camporan.com\/wp-content\/uploads\/2022\/10\/camporan-nevera-portatil-1.jpg",551,519,false],"large":["https:\/\/camporan.com\/wp-content\/uploads\/2022\/10\/camporan-nevera-portatil-1.jpg",551,519,false],"1536x1536":["https:\/\/camporan.com\/wp-content\/uploads\/2022\/10\/camporan-nevera-portatil-1.jpg",551,519,false],"2048x2048":["https:\/\/camporan.com\/wp-content\/uploads\/2022\/10\/camporan-nevera-portatil-1.jpg",551,519,false],"woocommerce_thumbnail":["https:\/\/camporan.com\/wp-content\/uploads\/2022\/10\/camporan-nevera-portatil-1.jpg",551,519,false],"woocommerce_single":["https:\/\/camporan.com\/wp-content\/uploads\/2022\/10\/camporan-nevera-portatil-1.jpg",551,519,false],"woocommerce_gallery_thumbnail":["https:\/\/camporan.com\/wp-content\/uploads\/2022\/10\/camporan-nevera-portatil-1-100x100.jpg",100,100,true],"wcpr-photo-reviews":["https:\/\/camporan.com\/wp-content\/uploads\/2022\/10\/camporan-nevera-portatil-1.jpg",500,471,false]},"uagb_author_info":{"display_name":"Sergio","author_link":"https:\/\/camporan.com\/ca\/author\/empiezapori\/"},"uagb_comment_info":0,"uagb_excerpt":"Nevera port\u00e0til per camperitzar furgonetes Frigor\u00edfic Port\u00e0til de 30 Litres amb Compressor LG Inverter , Connectivitat Bluetooth via App per Android i iPhone. Inclou adaptador de bec per a vehicle com a adaptador de 220V. La seva nansa retr\u00e0ctil i les rodes integrades en faciliten el transport. Baix consum d'energia de 45 watts i un&hellip;","_links":{"self":[{"href":"https:\/\/camporan.com\/ca\/wp-json\/wp\/v2\/product\/10170","targetHints":{"allow":["GET"]}}],"collection":[{"href":"https:\/\/camporan.com\/ca\/wp-json\/wp\/v2\/product"}],"about":[{"href":"https:\/\/camporan.com\/ca\/wp-json\/wp\/v2\/types\/product"}],"author":[{"embeddable":true,"href":"https:\/\/camporan.com\/ca\/wp-json\/wp\/v2\/users\/58"}],"replies":[{"embeddable":true,"href":"https:\/\/camporan.com\/ca\/wp-json\/wp\/v2\/comments?post=10170"}],"wp:featuredmedia":[{"embeddable":true,"href":"https:\/\/camporan.com\/ca\/wp-json\/wp\/v2\/media\/9667"}],"wp:attachment":[{"href":"https:\/\/camporan.com\/ca\/wp-json\/wp\/v2\/media?parent=10170"}],"wp:term":[{"taxonomy":"product_brand","embeddable":true,"href":"https:\/\/camporan.com\/ca\/wp-json\/wp\/v2\/product_brand?post=10170"},{"taxonomy":"product_cat","embeddable":true,"href":"https:\/\/camporan.com\/ca\/wp-json\/wp\/v2\/product_cat?post=10170"},{"taxonomy":"product_tag","embeddable":true,"href":"https:\/\/camporan.com\/ca\/wp-json\/wp\/v2\/product_tag?post=10170"}],"curies":[{"name":"wp","href":"https:\/\/api.w.org\/{rel}","templated":true}]}}