{"id":10166,"date":"2022-10-17T11:29:28","date_gmt":"2023-03-17T12:45:13","guid":{"rendered":"http:\/\/www.camporan.com\/wc-portatil\/"},"modified":"2025-02-21T11:46:59","modified_gmt":"2025-02-21T10:46:59","slug":"wc-portatil","status":"publish","type":"product","link":"https:\/\/camporan.com\/ca\/botiga\/wc-portatil\/","title":{"rendered":"WC port\u00e0til"},"content":{"rendered":"<p>Desenvolupat pel creador del v\u00e0ter port\u00e0til. Pl\u00e0stic lleuger, durador i de gran qualitat. Selecci\u00f3 de sistemes de desc\u00e0rrega de la cisterna. Buidatge f\u00e0cil i pr\u00e0ctic<\/p>\n<ul>\n<li>Al\u00e7ada del seient: 324 mm<\/li>\n<li>Capacitat de la cisterna daigua: 15 L<\/li>\n<li>Capacitat de la dip\u00f2sit de residus: 12 L<\/li>\n<li>Dimensions (alt x ample x fons): 330 x 383 x 427 mm<\/li>\n<li>Pes net: 3,6 Kg<\/li>\n<li>Sistema de desc\u00e0rrega de la cisterna: Bomba de manxa manual<\/li>\n<\/ul>\n<h3>Com utilitzar el v\u00e0ter port\u00e0til<\/h3>\n<p><iframe loading=\"lazy\" title=\"YouTube v\u00eddeo player\" src=\"https:\/\/www.youtube.com\/embed\/DA4QvSVbl2s\" width=\"560\" height=\"315\" frameborder=\"0\" allowfullscreen=\"allowfullscreen\"><\/iframe><\/p>\n","protected":false},"excerpt":{"rendered":"<h3>Inodor port\u00e0til c\u00e0mping<\/h3>\n<p>Si est\u00e0 buscant un v\u00e0ter port\u00e0til durador, funcional i c\u00f2mode que no requereixi desgu\u00e0s per a la teva furgoneta camper, tenim la soluci\u00f3 perfecta.<\/p>\n<p>Inclou AQUA KEM 2 litres, i THETHFORD AQUA RINSE concentrat 0,75l.<\/p>\n","protected":false},"author":58,"featured_media":9694,"comment_status":"open","ping_status":"closed","template":"","meta":{"om_disable_all_campaigns":false,"_uag_custom_page_level_css":"","site-sidebar-layout":"default","site-content-layout":"default","ast-site-content-layout":"default","site-content-style":"default","site-sidebar-style":"default","ast-global-header-display":"","ast-banner-title-visibility":"","ast-main-header-display":"","ast-hfb-above-header-display":"","ast-hfb-below-header-display":"","ast-hfb-mobile-header-display":"","site-post-title":"","ast-breadcrumbs-content":"","ast-featured-img":"","footer-sml-layout":"","ast-disable-related-posts":"","theme-transparent-header-meta":"default","adv-header-id-meta":"","stick-header-meta":"default","header-above-stick-meta":"","header-main-stick-meta":"","header-below-stick-meta":"","astra-migrate-meta-layouts":"default","ast-page-background-enabled":"default","ast-page-background-meta":{"desktop":{"background-color":"","background-image":"","background-repeat":"repeat","background-position":"center center","background-size":"auto","background-attachment":"scroll","background-type":"","background-media":"","overlay-type":"","overlay-color":"","overlay-opacity":"","overlay-gradient":""},"tablet":{"background-color":"","background-image":"","background-repeat":"repeat","background-position":"center center","background-size":"auto","background-attachment":"scroll","background-type":"","background-media":"","overlay-type":"","overlay-color":"","overlay-opacity":"","overlay-gradient":""},"mobile":{"background-color":"","background-image":"","background-repeat":"repeat","background-position":"center center","background-size":"auto","background-attachment":"scroll","background-type":"","background-media":"","overlay-type":"","overlay-color":"","overlay-opacity":"","overlay-gradient":""}},"ast-content-background-meta":{"desktop":{"background-color":"var(--ast-global-color-5)","background-image":"","background-repeat":"repeat","background-position":"center center","background-size":"auto","background-attachment":"scroll","background-type":"","background-media":"","overlay-type":"","overlay-color":"","overlay-opacity":"","overlay-gradient":""},"tablet":{"background-color":"var(--ast-global-color-5)","background-image":"","background-repeat":"repeat","background-position":"center center","background-size":"auto","background-attachment":"scroll","background-type":"","background-media":"","overlay-type":"","overlay-color":"","overlay-opacity":"","overlay-gradient":""},"mobile":{"background-color":"var(--ast-global-color-5)","background-image":"","background-repeat":"repeat","background-position":"center center","background-size":"auto","background-attachment":"scroll","background-type":"","background-media":"","overlay-type":"","overlay-color":"","overlay-opacity":"","overlay-gradient":""}}},"product_brand":[],"product_cat":[838],"product_tag":[],"class_list":{"0":"post-10166","1":"product","2":"type-product","3":"status-publish","4":"has-post-thumbnail","6":"product_cat-accesorios","7":"desktop-align-center","8":"tablet-align-center","9":"mobile-align-center","10":"ast-product-gallery-layout-horizontal","11":"ast-product-tabs-layout-vertical","13":"first","14":"instock","15":"taxable","16":"shipping-taxable","17":"purchasable","18":"product-type-simple"},"bundled_by":[],"bundle_stock_status":"instock","bundle_stock_quantity":null,"bundle_virtual":false,"bundle_layout":"","bundle_add_to_cart_form_location":"","bundle_editable_in_cart":false,"bundle_sold_individually_context":"","bundle_item_grouping":"","bundle_min_size":"","bundle_max_size":"","bundle_price":[],"bundled_items":[],"bundle_sell_ids":[],"exclude_global_add_ons":[],"addons":[],"aioseo_notices":[],"spectra_custom_meta":{"_alp_processed":["1740134819"],"_backorders":["no"],"_download_limit":["-1"],"_download_expiry":["-1"],"_downloadable":["no"],"_manage_stock":["no"],"_sku":["wc-portatil"],"_stock_status":["instock"],"_sold_individually":["no"],"_tax_class":[""],"_tax_status":["taxable"],"_virtual":["no"],"_weight":["3.6"],"_wpml_media_duplicate":["1"],"_wpml_media_featured":["1"],"site-sidebar-layout":["default"],"site-content-layout":["default"],"theme-transparent-header-meta":["default"],"stick-header-meta":["default"],"_top_nav_excluded":[""],"_cms_nav_minihome":[""],"wcml_sync_hash":["a:1:{s:15:\"postmeta_fields\";s:32:\"1576e95cf02e2742aec16f8fbeedc2ae\";}"],"_wcml_average_rating":[null],"_wcml_review_count":[null],"_wcml_rating_count":[null],"attr_label_translations":["a:0:{}"],"_product_attributes":["a:0:{}"],"_thumbnail_id":["9694"],"_default_attributes":["a:0:{}"],"_upsell_ids":["a:0:{}"],"_crosssell_ids":["a:0:{}"],"_children":["a:0:{}"],"_product_addons":["a:0:{}"],"_regular_price":["109"],"_price":["109"],"_product_addons_exclude_global":["0"],"_product_image_gallery":["9699,9704,9709"],"total_sales":["3"],"ast-site-content-layout":["default"],"site-content-style":["default"],"site-sidebar-style":["default"],"_last_translation_edit_mode":["translation-editor"],"_schema_json":["a:0:{}"],"_schema_json_timestamp":["1777185484"],"_uag_page_assets":["a:9:{s:3:\"css\";s:0:\"\";s:2:\"js\";s:0:\"\";s:18:\"current_block_list\";a:2:{i:0;s:12:\"core\/heading\";i:1;s:14:\"core\/paragraph\";}s:8:\"uag_flag\";b:0;s:11:\"uag_version\";i:1777568607;s:6:\"gfonts\";a:0:{}s:10:\"gfonts_url\";s:0:\"\";s:12:\"gfonts_files\";a:0:{}s:14:\"uag_faq_layout\";b:0;}"],"_wc_rating_count":[""],"_wc_review_count":[""],"_wc_average_rating":[0]},"uagb_featured_image_src":{"full":["https:\/\/camporan.com\/wp-content\/uploads\/2022\/10\/camporan-wc-portatil-camper-1.jpg",1117,1500,false],"thumbnail":["https:\/\/camporan.com\/wp-content\/uploads\/2022\/10\/camporan-wc-portatil-camper-1-80x80.jpg",80,80,true],"medium":["https:\/\/camporan.com\/wp-content\/uploads\/2022\/10\/camporan-wc-portatil-camper-1-223x300.jpg",223,300,true],"medium_large":["https:\/\/camporan.com\/wp-content\/uploads\/2022\/10\/camporan-wc-portatil-camper-1-768x1031.jpg",768,1031,true],"large":["https:\/\/camporan.com\/wp-content\/uploads\/2022\/10\/camporan-wc-portatil-camper-1-767x1030.jpg",767,1030,true],"1536x1536":["https:\/\/camporan.com\/wp-content\/uploads\/2022\/10\/camporan-wc-portatil-camper-1.jpg",1117,1500,false],"2048x2048":["https:\/\/camporan.com\/wp-content\/uploads\/2022\/10\/camporan-wc-portatil-camper-1.jpg",1117,1500,false],"woocommerce_thumbnail":["https:\/\/camporan.com\/wp-content\/uploads\/2022\/10\/camporan-wc-portatil-camper-1-600x806.jpg",600,806,true],"woocommerce_single":["https:\/\/camporan.com\/wp-content\/uploads\/2022\/10\/camporan-wc-portatil-camper-1-600x806.jpg",600,806,true],"woocommerce_gallery_thumbnail":["https:\/\/camporan.com\/wp-content\/uploads\/2022\/10\/camporan-wc-portatil-camper-1-100x100.jpg",100,100,true],"wcpr-photo-reviews":["https:\/\/camporan.com\/wp-content\/uploads\/2022\/10\/camporan-wc-portatil-camper-1.jpg",372,500,false]},"uagb_author_info":{"display_name":"Sergio","author_link":"https:\/\/camporan.com\/ca\/author\/empiezapori\/"},"uagb_comment_info":0,"uagb_excerpt":"Inodor port\u00e0til c\u00e0mping Si est\u00e0 buscant un v\u00e0ter port\u00e0til durador, funcional i c\u00f2mode que no requereixi desgu\u00e0s per a la teva furgoneta camper, tenim la soluci\u00f3 perfecta. Inclou AQUA KEM 2 litres, i THETHFORD AQUA RINSE concentrat 0,75l.","_links":{"self":[{"href":"https:\/\/camporan.com\/ca\/wp-json\/wp\/v2\/product\/10166","targetHints":{"allow":["GET"]}}],"collection":[{"href":"https:\/\/camporan.com\/ca\/wp-json\/wp\/v2\/product"}],"about":[{"href":"https:\/\/camporan.com\/ca\/wp-json\/wp\/v2\/types\/product"}],"author":[{"embeddable":true,"href":"https:\/\/camporan.com\/ca\/wp-json\/wp\/v2\/users\/58"}],"replies":[{"embeddable":true,"href":"https:\/\/camporan.com\/ca\/wp-json\/wp\/v2\/comments?post=10166"}],"wp:featuredmedia":[{"embeddable":true,"href":"https:\/\/camporan.com\/ca\/wp-json\/wp\/v2\/media\/9694"}],"wp:attachment":[{"href":"https:\/\/camporan.com\/ca\/wp-json\/wp\/v2\/media?parent=10166"}],"wp:term":[{"taxonomy":"product_brand","embeddable":true,"href":"https:\/\/camporan.com\/ca\/wp-json\/wp\/v2\/product_brand?post=10166"},{"taxonomy":"product_cat","embeddable":true,"href":"https:\/\/camporan.com\/ca\/wp-json\/wp\/v2\/product_cat?post=10166"},{"taxonomy":"product_tag","embeddable":true,"href":"https:\/\/camporan.com\/ca\/wp-json\/wp\/v2\/product_tag?post=10166"}],"curies":[{"name":"wp","href":"https:\/\/api.w.org\/{rel}","templated":true}]}}